{"id":1167,"date":"2016-06-09T17:16:33","date_gmt":"2016-06-09T17:16:33","guid":{"rendered":"https:\/\/www.mintzglobalscreening.com\/stage\/fr\/?page_id=1167"},"modified":"2024-09-20T17:03:31","modified_gmt":"2024-09-20T17:03:31","slug":"nouvelle-demande-client","status":"publish","type":"page","link":"https:\/\/www.mintzglobalscreening.com\/fr\/contactez-nous\/nouvelle-demande-client\/","title":{"rendered":"Nouvelle demande client"},"content":{"rendered":"\n\n\t<br \/>\n\n\n","protected":false},"excerpt":{"rendered":"<p>int\u00e9ress\u00e9 de travailler avec nous ?<\/p>\n","protected":false},"author":2,"featured_media":3071,"parent":4106,"menu_order":68,"comment_status":"closed","ping_status":"closed","template":"","meta":{"_acf_changed":false,"content-type":"","footnotes":""},"class_list":["post-1167","page","type-page","status-publish","has-post-thumbnail","hentry"],"acf":[],"yoast_head":"<!-- This site is optimized with the Yoast SEO plugin v25.0 - https:\/\/yoast.com\/wordpress\/plugins\/seo\/ -->\n<title>Services de v\u00e9rification d&#039;ant\u00e9c\u00e9dents | Contactez-nous | V\u00e9rifications mondiales Mintz<\/title>\n<meta name=\"description\" content=\"Depuis plus de 90 ans, V\u00e9rifications mondiales Mintz est un chef de file en services de v\u00e9rification d&#039;ant\u00e9c\u00e9dents au Canada. Contactez-nous !\" \/>\n<meta name=\"robots\" content=\"index, follow, max-snippet:-1, max-image-preview:large, max-video-preview:-1\" \/>\n<link rel=\"canonical\" href=\"https:\/\/www.mintzglobalscreening.com\/fr\/contactez-nous\/nouvelle-demande-client\/\" \/>\n<meta property=\"og:locale\" content=\"fr_FR\" \/>\n<meta property=\"og:type\" content=\"article\" \/>\n<meta property=\"og:title\" content=\"Services de v\u00e9rification d&#039;ant\u00e9c\u00e9dents | Contactez-nous | V\u00e9rifications mondiales Mintz\" \/>\n<meta property=\"og:description\" content=\"Depuis plus de 90 ans, V\u00e9rifications mondiales Mintz est un chef de file en services de v\u00e9rification d&#039;ant\u00e9c\u00e9dents au Canada. Contactez-nous !\" \/>\n<meta property=\"og:url\" content=\"https:\/\/www.mintzglobalscreening.com\/fr\/contactez-nous\/nouvelle-demande-client\/\" \/>\n<meta property=\"og:site_name\" content=\"Mintz Global Screening\" \/>\n<meta property=\"article:publisher\" content=\"https:\/\/www.facebook.com\/Mintzglobal\" \/>\n<meta property=\"article:modified_time\" content=\"2024-09-20T17:03:31+00:00\" \/>\n<meta property=\"og:image\" content=\"https:\/\/www.mintzglobalscreening.com\/wp-content\/uploads\/2016\/03\/img_header_01_Services2.jpg\" \/>\n\t<meta property=\"og:image:width\" content=\"2000\" \/>\n\t<meta property=\"og:image:height\" content=\"320\" \/>\n\t<meta property=\"og:image:type\" content=\"image\/jpeg\" \/>\n<meta name=\"twitter:card\" content=\"summary_large_image\" \/>\n<meta name=\"twitter:site\" content=\"@MintzGlobal\" \/>\n<script type=\"application\/ld+json\" class=\"yoast-schema-graph\">{\"@context\":\"https:\/\/schema.org\",\"@graph\":[{\"@type\":\"WebPage\",\"@id\":\"https:\/\/www.mintzglobalscreening.com\/fr\/contactez-nous\/nouvelle-demande-client\/\",\"url\":\"https:\/\/www.mintzglobalscreening.com\/fr\/contactez-nous\/nouvelle-demande-client\/\",\"name\":\"Services de v\u00e9rification d'ant\u00e9c\u00e9dents | Contactez-nous | V\u00e9rifications mondiales Mintz\",\"isPartOf\":{\"@id\":\"https:\/\/www.mintzglobalscreening.com\/fr\/#website\"},\"primaryImageOfPage\":{\"@id\":\"https:\/\/www.mintzglobalscreening.com\/fr\/contactez-nous\/nouvelle-demande-client\/#primaryimage\"},\"image\":{\"@id\":\"https:\/\/www.mintzglobalscreening.com\/fr\/contactez-nous\/nouvelle-demande-client\/#primaryimage\"},\"thumbnailUrl\":\"https:\/\/www.mintzglobalscreening.com\/wp-content\/uploads\/2016\/03\/img_header_01_Services2.jpg\",\"datePublished\":\"2016-06-09T17:16:33+00:00\",\"dateModified\":\"2024-09-20T17:03:31+00:00\",\"description\":\"Depuis plus de 90 ans, V\u00e9rifications mondiales Mintz est un chef de file en services de v\u00e9rification d'ant\u00e9c\u00e9dents au Canada. Contactez-nous !\",\"breadcrumb\":{\"@id\":\"https:\/\/www.mintzglobalscreening.com\/fr\/contactez-nous\/nouvelle-demande-client\/#breadcrumb\"},\"inLanguage\":\"fr-FR\",\"potentialAction\":[{\"@type\":\"ReadAction\",\"target\":[\"https:\/\/www.mintzglobalscreening.com\/fr\/contactez-nous\/nouvelle-demande-client\/\"]}]},{\"@type\":\"ImageObject\",\"inLanguage\":\"fr-FR\",\"@id\":\"https:\/\/www.mintzglobalscreening.com\/fr\/contactez-nous\/nouvelle-demande-client\/#primaryimage\",\"url\":\"https:\/\/www.mintzglobalscreening.com\/wp-content\/uploads\/2016\/03\/img_header_01_Services2.jpg\",\"contentUrl\":\"https:\/\/www.mintzglobalscreening.com\/wp-content\/uploads\/2016\/03\/img_header_01_Services2.jpg\",\"width\":2000,\"height\":320},{\"@type\":\"BreadcrumbList\",\"@id\":\"https:\/\/www.mintzglobalscreening.com\/fr\/contactez-nous\/nouvelle-demande-client\/#breadcrumb\",\"itemListElement\":[{\"@type\":\"ListItem\",\"position\":1,\"name\":\"Home\",\"item\":\"https:\/\/www.mintzglobalscreening.com\/fr\/\"},{\"@type\":\"ListItem\",\"position\":2,\"name\":\"Contactez-nous\",\"item\":\"https:\/\/www.mintzglobalscreening.com\/fr\/contactez-nous\/\"},{\"@type\":\"ListItem\",\"position\":3,\"name\":\"Nouvelle demande client\"}]},{\"@type\":\"WebSite\",\"@id\":\"https:\/\/www.mintzglobalscreening.com\/fr\/#website\",\"url\":\"https:\/\/www.mintzglobalscreening.com\/fr\/\",\"name\":\"Mintz Global Screening\",\"description\":\"Mintz Global Screening\",\"potentialAction\":[{\"@type\":\"SearchAction\",\"target\":{\"@type\":\"EntryPoint\",\"urlTemplate\":\"https:\/\/www.mintzglobalscreening.com\/fr\/?s={search_term_string}\"},\"query-input\":{\"@type\":\"PropertyValueSpecification\",\"valueRequired\":true,\"valueName\":\"search_term_string\"}}],\"inLanguage\":\"fr-FR\"}]}<\/script>\n<!-- \/ Yoast SEO plugin. -->","yoast_head_json":{"title":"Services de v\u00e9rification d'ant\u00e9c\u00e9dents | Contactez-nous | V\u00e9rifications mondiales Mintz","description":"Depuis plus de 90 ans, V\u00e9rifications mondiales Mintz est un chef de file en services de v\u00e9rification d'ant\u00e9c\u00e9dents au Canada. Contactez-nous !","robots":{"index":"index","follow":"follow","max-snippet":"max-snippet:-1","max-image-preview":"max-image-preview:large","max-video-preview":"max-video-preview:-1"},"canonical":"https:\/\/www.mintzglobalscreening.com\/fr\/contactez-nous\/nouvelle-demande-client\/","og_locale":"fr_FR","og_type":"article","og_title":"Services de v\u00e9rification d'ant\u00e9c\u00e9dents | Contactez-nous | V\u00e9rifications mondiales Mintz","og_description":"Depuis plus de 90 ans, V\u00e9rifications mondiales Mintz est un chef de file en services de v\u00e9rification d'ant\u00e9c\u00e9dents au Canada. Contactez-nous !","og_url":"https:\/\/www.mintzglobalscreening.com\/fr\/contactez-nous\/nouvelle-demande-client\/","og_site_name":"Mintz Global Screening","article_publisher":"https:\/\/www.facebook.com\/Mintzglobal","article_modified_time":"2024-09-20T17:03:31+00:00","og_image":[{"width":2000,"height":320,"url":"https:\/\/www.mintzglobalscreening.com\/wp-content\/uploads\/2016\/03\/img_header_01_Services2.jpg","type":"image\/jpeg"}],"twitter_card":"summary_large_image","twitter_site":"@MintzGlobal","schema":{"@context":"https:\/\/schema.org","@graph":[{"@type":"WebPage","@id":"https:\/\/www.mintzglobalscreening.com\/fr\/contactez-nous\/nouvelle-demande-client\/","url":"https:\/\/www.mintzglobalscreening.com\/fr\/contactez-nous\/nouvelle-demande-client\/","name":"Services de v\u00e9rification d'ant\u00e9c\u00e9dents | Contactez-nous | V\u00e9rifications mondiales Mintz","isPartOf":{"@id":"https:\/\/www.mintzglobalscreening.com\/fr\/#website"},"primaryImageOfPage":{"@id":"https:\/\/www.mintzglobalscreening.com\/fr\/contactez-nous\/nouvelle-demande-client\/#primaryimage"},"image":{"@id":"https:\/\/www.mintzglobalscreening.com\/fr\/contactez-nous\/nouvelle-demande-client\/#primaryimage"},"thumbnailUrl":"https:\/\/www.mintzglobalscreening.com\/wp-content\/uploads\/2016\/03\/img_header_01_Services2.jpg","datePublished":"2016-06-09T17:16:33+00:00","dateModified":"2024-09-20T17:03:31+00:00","description":"Depuis plus de 90 ans, V\u00e9rifications mondiales Mintz est un chef de file en services de v\u00e9rification d'ant\u00e9c\u00e9dents au Canada. Contactez-nous !","breadcrumb":{"@id":"https:\/\/www.mintzglobalscreening.com\/fr\/contactez-nous\/nouvelle-demande-client\/#breadcrumb"},"inLanguage":"fr-FR","potentialAction":[{"@type":"ReadAction","target":["https:\/\/www.mintzglobalscreening.com\/fr\/contactez-nous\/nouvelle-demande-client\/"]}]},{"@type":"ImageObject","inLanguage":"fr-FR","@id":"https:\/\/www.mintzglobalscreening.com\/fr\/contactez-nous\/nouvelle-demande-client\/#primaryimage","url":"https:\/\/www.mintzglobalscreening.com\/wp-content\/uploads\/2016\/03\/img_header_01_Services2.jpg","contentUrl":"https:\/\/www.mintzglobalscreening.com\/wp-content\/uploads\/2016\/03\/img_header_01_Services2.jpg","width":2000,"height":320},{"@type":"BreadcrumbList","@id":"https:\/\/www.mintzglobalscreening.com\/fr\/contactez-nous\/nouvelle-demande-client\/#breadcrumb","itemListElement":[{"@type":"ListItem","position":1,"name":"Home","item":"https:\/\/www.mintzglobalscreening.com\/fr\/"},{"@type":"ListItem","position":2,"name":"Contactez-nous","item":"https:\/\/www.mintzglobalscreening.com\/fr\/contactez-nous\/"},{"@type":"ListItem","position":3,"name":"Nouvelle demande client"}]},{"@type":"WebSite","@id":"https:\/\/www.mintzglobalscreening.com\/fr\/#website","url":"https:\/\/www.mintzglobalscreening.com\/fr\/","name":"Mintz Global Screening","description":"Mintz Global Screening","potentialAction":[{"@type":"SearchAction","target":{"@type":"EntryPoint","urlTemplate":"https:\/\/www.mintzglobalscreening.com\/fr\/?s={search_term_string}"},"query-input":{"@type":"PropertyValueSpecification","valueRequired":true,"valueName":"search_term_string"}}],"inLanguage":"fr-FR"}]}},"_links":{"self":[{"href":"https:\/\/www.mintzglobalscreening.com\/fr\/wp-json\/wp\/v2\/pages\/1167","targetHints":{"allow":["GET"]}}],"collection":[{"href":"https:\/\/www.mintzglobalscreening.com\/fr\/wp-json\/wp\/v2\/pages"}],"about":[{"href":"https:\/\/www.mintzglobalscreening.com\/fr\/wp-json\/wp\/v2\/types\/page"}],"author":[{"embeddable":true,"href":"https:\/\/www.mintzglobalscreening.com\/fr\/wp-json\/wp\/v2\/users\/2"}],"replies":[{"embeddable":true,"href":"https:\/\/www.mintzglobalscreening.com\/fr\/wp-json\/wp\/v2\/comments?post=1167"}],"version-history":[{"count":10,"href":"https:\/\/www.mintzglobalscreening.com\/fr\/wp-json\/wp\/v2\/pages\/1167\/revisions"}],"predecessor-version":[{"id":5163,"href":"https:\/\/www.mintzglobalscreening.com\/fr\/wp-json\/wp\/v2\/pages\/1167\/revisions\/5163"}],"up":[{"embeddable":true,"href":"https:\/\/www.mintzglobalscreening.com\/fr\/wp-json\/wp\/v2\/pages\/4106"}],"wp:featuredmedia":[{"embeddable":true,"href":"https:\/\/www.mintzglobalscreening.com\/fr\/wp-json\/wp\/v2\/media\/3071"}],"wp:attachment":[{"href":"https:\/\/www.mintzglobalscreening.com\/fr\/wp-json\/wp\/v2\/media?parent=1167"}],"curies":[{"name":"wp","href":"https:\/\/api.w.org\/{rel}","templated":true}]}}