{"id":1252,"date":"2016-07-26T10:01:00","date_gmt":"2016-07-26T10:01:00","guid":{"rendered":"https:\/\/www.mintzglobalscreening.com\/stage\/fr\/services\/"},"modified":"2023-07-26T15:57:12","modified_gmt":"2023-07-26T15:57:12","slug":"services","status":"publish","type":"page","link":"https:\/\/www.mintzglobalscreening.com\/fr\/services\/","title":{"rendered":"Services"},"content":{"rendered":"\r\n<p>Notre vaste gamme de services nous permet de vous offrir des solutions sur mesure. Quel que soit\u00a0vos besoin en v\u00e9rification d&rsquo;ant\u00e9c\u00e9dents, nous pouvons\u00a0rassembler un ensemble de services qui seront livr\u00e9s selon vos conditions.<\/p>\r\n","protected":false},"excerpt":{"rendered":"<p>Notre vaste gamme de services nous permet de vous offrir des solutions sur mesure. Quel que soit\u00a0vos besoin en v\u00e9rification d&rsquo;ant\u00e9c\u00e9dents, nous pouvons\u00a0rassembler un ensemble de services qui seront livr\u00e9s selon vos conditions.<\/p>\n","protected":false},"author":2,"featured_media":3056,"parent":0,"menu_order":111,"comment_status":"closed","ping_status":"closed","template":"services.php","meta":{"_acf_changed":false,"content-type":"","footnotes":""},"class_list":["post-1252","page","type-page","status-publish","has-post-thumbnail","hentry"],"acf":[],"yoast_head":"<!-- This site is optimized with the Yoast SEO plugin v25.0 - https:\/\/yoast.com\/wordpress\/plugins\/seo\/ -->\n<title>Services de V\u00e9rification Personnalis\u00e9s | V\u00e9rifications Mondiales Mintz<\/title>\n<meta name=\"description\" content=\"Depuis 90 ans, V\u00e9rifications mondiales Mintz est un chef de file en mati\u00e8re de services de v\u00e9rification d&#039;ant\u00e9c\u00e9dents. D\u00e9couvrez nos diff\u00e9rentes solutions de v\u00e9rification personnalisables.\" \/>\n<meta name=\"robots\" content=\"index, follow, max-snippet:-1, max-image-preview:large, max-video-preview:-1\" \/>\n<link rel=\"canonical\" href=\"https:\/\/www.mintzglobalscreening.com\/fr\/services\/\" \/>\n<meta property=\"og:locale\" content=\"fr_FR\" \/>\n<meta property=\"og:type\" content=\"article\" \/>\n<meta property=\"og:title\" content=\"Services de V\u00e9rification Personnalis\u00e9s | V\u00e9rifications Mondiales Mintz\" \/>\n<meta property=\"og:description\" content=\"Depuis 90 ans, V\u00e9rifications mondiales Mintz est un chef de file en mati\u00e8re de services de v\u00e9rification d&#039;ant\u00e9c\u00e9dents. D\u00e9couvrez nos diff\u00e9rentes solutions de v\u00e9rification personnalisables.\" \/>\n<meta property=\"og:url\" content=\"https:\/\/www.mintzglobalscreening.com\/fr\/services\/\" \/>\n<meta property=\"og:site_name\" content=\"Mintz Global Screening\" \/>\n<meta property=\"article:publisher\" content=\"https:\/\/www.facebook.com\/Mintzglobal\" \/>\n<meta property=\"article:modified_time\" content=\"2023-07-26T15:57:12+00:00\" \/>\n<meta property=\"og:image\" content=\"https:\/\/www.mintzglobalscreening.com\/wp-content\/uploads\/2017\/02\/MintzGlobalScreening-275px.png\" \/>\n\t<meta property=\"og:image:width\" content=\"275\" \/>\n\t<meta property=\"og:image:height\" content=\"126\" \/>\n\t<meta property=\"og:image:type\" content=\"image\/png\" \/>\n<meta name=\"twitter:card\" content=\"summary_large_image\" \/>\n<meta name=\"twitter:site\" content=\"@MintzGlobal\" \/>\n<script type=\"application\/ld+json\" class=\"yoast-schema-graph\">{\"@context\":\"https:\/\/schema.org\",\"@graph\":[{\"@type\":\"WebPage\",\"@id\":\"https:\/\/www.mintzglobalscreening.com\/fr\/services\/\",\"url\":\"https:\/\/www.mintzglobalscreening.com\/fr\/services\/\",\"name\":\"Services de V\u00e9rification Personnalis\u00e9s | V\u00e9rifications Mondiales Mintz\",\"isPartOf\":{\"@id\":\"https:\/\/www.mintzglobalscreening.com\/fr\/#website\"},\"primaryImageOfPage\":{\"@id\":\"https:\/\/www.mintzglobalscreening.com\/fr\/services\/#primaryimage\"},\"image\":{\"@id\":\"https:\/\/www.mintzglobalscreening.com\/fr\/services\/#primaryimage\"},\"thumbnailUrl\":\"https:\/\/www.mintzglobalscreening.com\/wp-content\/uploads\/2016\/03\/img_header_01_Services1.jpg\",\"datePublished\":\"2016-07-26T10:01:00+00:00\",\"dateModified\":\"2023-07-26T15:57:12+00:00\",\"description\":\"Depuis 90 ans, V\u00e9rifications mondiales Mintz est un chef de file en mati\u00e8re de services de v\u00e9rification d'ant\u00e9c\u00e9dents. D\u00e9couvrez nos diff\u00e9rentes solutions de v\u00e9rification personnalisables.\",\"breadcrumb\":{\"@id\":\"https:\/\/www.mintzglobalscreening.com\/fr\/services\/#breadcrumb\"},\"inLanguage\":\"fr-FR\",\"potentialAction\":[{\"@type\":\"ReadAction\",\"target\":[\"https:\/\/www.mintzglobalscreening.com\/fr\/services\/\"]}]},{\"@type\":\"ImageObject\",\"inLanguage\":\"fr-FR\",\"@id\":\"https:\/\/www.mintzglobalscreening.com\/fr\/services\/#primaryimage\",\"url\":\"https:\/\/www.mintzglobalscreening.com\/wp-content\/uploads\/2016\/03\/img_header_01_Services1.jpg\",\"contentUrl\":\"https:\/\/www.mintzglobalscreening.com\/wp-content\/uploads\/2016\/03\/img_header_01_Services1.jpg\",\"width\":2000,\"height\":320},{\"@type\":\"BreadcrumbList\",\"@id\":\"https:\/\/www.mintzglobalscreening.com\/fr\/services\/#breadcrumb\",\"itemListElement\":[{\"@type\":\"ListItem\",\"position\":1,\"name\":\"Home\",\"item\":\"https:\/\/www.mintzglobalscreening.com\/fr\/\"},{\"@type\":\"ListItem\",\"position\":2,\"name\":\"Services\"}]},{\"@type\":\"WebSite\",\"@id\":\"https:\/\/www.mintzglobalscreening.com\/fr\/#website\",\"url\":\"https:\/\/www.mintzglobalscreening.com\/fr\/\",\"name\":\"Mintz Global Screening\",\"description\":\"Mintz Global Screening\",\"potentialAction\":[{\"@type\":\"SearchAction\",\"target\":{\"@type\":\"EntryPoint\",\"urlTemplate\":\"https:\/\/www.mintzglobalscreening.com\/fr\/?s={search_term_string}\"},\"query-input\":{\"@type\":\"PropertyValueSpecification\",\"valueRequired\":true,\"valueName\":\"search_term_string\"}}],\"inLanguage\":\"fr-FR\"}]}<\/script>\n<!-- \/ Yoast SEO plugin. -->","yoast_head_json":{"title":"Services de V\u00e9rification Personnalis\u00e9s | V\u00e9rifications Mondiales Mintz","description":"Depuis 90 ans, V\u00e9rifications mondiales Mintz est un chef de file en mati\u00e8re de services de v\u00e9rification d'ant\u00e9c\u00e9dents. D\u00e9couvrez nos diff\u00e9rentes solutions de v\u00e9rification personnalisables.","robots":{"index":"index","follow":"follow","max-snippet":"max-snippet:-1","max-image-preview":"max-image-preview:large","max-video-preview":"max-video-preview:-1"},"canonical":"https:\/\/www.mintzglobalscreening.com\/fr\/services\/","og_locale":"fr_FR","og_type":"article","og_title":"Services de V\u00e9rification Personnalis\u00e9s | V\u00e9rifications Mondiales Mintz","og_description":"Depuis 90 ans, V\u00e9rifications mondiales Mintz est un chef de file en mati\u00e8re de services de v\u00e9rification d'ant\u00e9c\u00e9dents. D\u00e9couvrez nos diff\u00e9rentes solutions de v\u00e9rification personnalisables.","og_url":"https:\/\/www.mintzglobalscreening.com\/fr\/services\/","og_site_name":"Mintz Global Screening","article_publisher":"https:\/\/www.facebook.com\/Mintzglobal","article_modified_time":"2023-07-26T15:57:12+00:00","og_image":[{"width":275,"height":126,"url":"https:\/\/www.mintzglobalscreening.com\/wp-content\/uploads\/2017\/02\/MintzGlobalScreening-275px.png","type":"image\/png"}],"twitter_card":"summary_large_image","twitter_site":"@MintzGlobal","schema":{"@context":"https:\/\/schema.org","@graph":[{"@type":"WebPage","@id":"https:\/\/www.mintzglobalscreening.com\/fr\/services\/","url":"https:\/\/www.mintzglobalscreening.com\/fr\/services\/","name":"Services de V\u00e9rification Personnalis\u00e9s | V\u00e9rifications Mondiales Mintz","isPartOf":{"@id":"https:\/\/www.mintzglobalscreening.com\/fr\/#website"},"primaryImageOfPage":{"@id":"https:\/\/www.mintzglobalscreening.com\/fr\/services\/#primaryimage"},"image":{"@id":"https:\/\/www.mintzglobalscreening.com\/fr\/services\/#primaryimage"},"thumbnailUrl":"https:\/\/www.mintzglobalscreening.com\/wp-content\/uploads\/2016\/03\/img_header_01_Services1.jpg","datePublished":"2016-07-26T10:01:00+00:00","dateModified":"2023-07-26T15:57:12+00:00","description":"Depuis 90 ans, V\u00e9rifications mondiales Mintz est un chef de file en mati\u00e8re de services de v\u00e9rification d'ant\u00e9c\u00e9dents. D\u00e9couvrez nos diff\u00e9rentes solutions de v\u00e9rification personnalisables.","breadcrumb":{"@id":"https:\/\/www.mintzglobalscreening.com\/fr\/services\/#breadcrumb"},"inLanguage":"fr-FR","potentialAction":[{"@type":"ReadAction","target":["https:\/\/www.mintzglobalscreening.com\/fr\/services\/"]}]},{"@type":"ImageObject","inLanguage":"fr-FR","@id":"https:\/\/www.mintzglobalscreening.com\/fr\/services\/#primaryimage","url":"https:\/\/www.mintzglobalscreening.com\/wp-content\/uploads\/2016\/03\/img_header_01_Services1.jpg","contentUrl":"https:\/\/www.mintzglobalscreening.com\/wp-content\/uploads\/2016\/03\/img_header_01_Services1.jpg","width":2000,"height":320},{"@type":"BreadcrumbList","@id":"https:\/\/www.mintzglobalscreening.com\/fr\/services\/#breadcrumb","itemListElement":[{"@type":"ListItem","position":1,"name":"Home","item":"https:\/\/www.mintzglobalscreening.com\/fr\/"},{"@type":"ListItem","position":2,"name":"Services"}]},{"@type":"WebSite","@id":"https:\/\/www.mintzglobalscreening.com\/fr\/#website","url":"https:\/\/www.mintzglobalscreening.com\/fr\/","name":"Mintz Global Screening","description":"Mintz Global Screening","potentialAction":[{"@type":"SearchAction","target":{"@type":"EntryPoint","urlTemplate":"https:\/\/www.mintzglobalscreening.com\/fr\/?s={search_term_string}"},"query-input":{"@type":"PropertyValueSpecification","valueRequired":true,"valueName":"search_term_string"}}],"inLanguage":"fr-FR"}]}},"_links":{"self":[{"href":"https:\/\/www.mintzglobalscreening.com\/fr\/wp-json\/wp\/v2\/pages\/1252","targetHints":{"allow":["GET"]}}],"collection":[{"href":"https:\/\/www.mintzglobalscreening.com\/fr\/wp-json\/wp\/v2\/pages"}],"about":[{"href":"https:\/\/www.mintzglobalscreening.com\/fr\/wp-json\/wp\/v2\/types\/page"}],"author":[{"embeddable":true,"href":"https:\/\/www.mintzglobalscreening.com\/fr\/wp-json\/wp\/v2\/users\/2"}],"replies":[{"embeddable":true,"href":"https:\/\/www.mintzglobalscreening.com\/fr\/wp-json\/wp\/v2\/comments?post=1252"}],"version-history":[{"count":11,"href":"https:\/\/www.mintzglobalscreening.com\/fr\/wp-json\/wp\/v2\/pages\/1252\/revisions"}],"predecessor-version":[{"id":4495,"href":"https:\/\/www.mintzglobalscreening.com\/fr\/wp-json\/wp\/v2\/pages\/1252\/revisions\/4495"}],"wp:featuredmedia":[{"embeddable":true,"href":"https:\/\/www.mintzglobalscreening.com\/fr\/wp-json\/wp\/v2\/media\/3056"}],"wp:attachment":[{"href":"https:\/\/www.mintzglobalscreening.com\/fr\/wp-json\/wp\/v2\/media?parent=1252"}],"curies":[{"name":"wp","href":"https:\/\/api.w.org\/{rel}","templated":true}]}}