{"id":204,"date":"2015-04-14T10:25:44","date_gmt":"2015-04-14T10:25:44","guid":{"rendered":"https:\/\/www.mintzglobalscreening.com\/stage\/fr\/?page_id=204"},"modified":"2025-09-17T13:50:34","modified_gmt":"2025-09-17T17:50:34","slug":"clarte-dans-un-monde-complexe","status":"publish","type":"page","link":"https:\/\/www.mintzglobalscreening.com\/fr\/","title":{"rendered":"CLART\u00c9 DANS UN MONDE COMPLEXE"},"content":{"rendered":"\r\n<h1>V\u00e9rifications mondiales Mintz :<br \/>le sp\u00e9cialiste de la v\u00e9rification d&rsquo;ant\u00e9c\u00e9dents<\/h1>\r\n<p>Apr\u00e8s plus de 100 ans dans l&rsquo;industrie, V\u00e9rifications mondiales Mintz est reconnu comme le fournisseur canadien de v\u00e9rifications d&rsquo;ant\u00e9c\u00e9dents le plus important et le plus fiable sur le march\u00e9. Nos clients peuvent se fier \u00e0 nos \u00e9quipes de professionnels pour obtenir l&rsquo;information dont ils ont besoin pour \u00e9valuer ad\u00e9quatement la fiabilit\u00e9 et le risque pr\u00e9sent\u00e9 par un candidat. Nos sp\u00e9cialistes bilingues suivent une formation rigoureuse faisant d&rsquo;eux des experts dans la recherche d&rsquo;information pour mitiger le risque et pr\u00e9venir les pertes. Vous pouvez compter sur notre approche consultative pour obtenir une solution de v\u00e9rification con\u00e7ue sur mesure selon vos besoins d&rsquo;affaires.<\/p>\r\n<p><a role=\"button\" href=\"https:\/\/www.mintzglobalscreening.com\/fr\/a-propos\/the-mgs-difference-fr\/\" target=\"_self\" rel=\"noopener\"> Qui est V\u00e9rifications mondiales mintz? <\/a><\/p>\r\n<h2><strong>DES SERVICES DE V\u00c9RIFICATION ADAPT\u00c9S \u00c0 VOS BESOINS<\/strong><\/h2>\r\n<p>Que vous soyez un particulier ou une entreprise, vous pouvez vous fier \u00e0 V\u00e9rifications mondiales Mintz pour vous offrir des solutions sur mesure en mati\u00e8re de v\u00e9rification d&rsquo;ant\u00e9c\u00e9dents.<\/p>\r\n<p>En choisissant <a href=\"https:\/\/www.mintzglobalscreening.com\/fr\/services\/\">nos services<\/a>, vous pourrez avoir acc\u00e8s \u00e0 un maximum d&rsquo;informations pertinentes concernant le pass\u00e9 d&rsquo;un individu, pouvant vous aider \u00e0 prendre des d\u00e9cisions \u00e9clair\u00e9es.<\/p>\r\n<h3><strong>Dossier Criminel<\/strong><\/h3>\r\n<p>Assurez-vous que vos candidats soient dignes de confiance en confirmant que leur casier judiciaire soit vierge.<\/p>\r\n<p><a href=\"https:\/\/www.mintzglobalscreening.com\/fr\/services\/casier-judiciaire-national\/\">En savoir plus<\/a><\/p>\r\n<h3><strong>Historique d&#8217;emploi<\/strong><\/h3>\r\n<p>Gr\u00e2ce \u00e0 la v\u00e9rification d&#8217;emploi, confirmez les exp\u00e9riences professionnelles d&rsquo;une personne, les dates d&#8217;emploi, les positions occup\u00e9es ainsi que la raison du d\u00e9part et l&rsquo;\u00e9ligibilit\u00e9 \u00e0 la r\u00e9embauche.<\/p>\r\n<p><a href=\"https:\/\/www.mintzglobalscreening.com\/fr\/services\/historique-emploi\/\">En savoir plus<\/a><\/p>\r\n<h3><strong>Formation scolaire<\/strong><\/h3>\r\n<p>Validez l&rsquo;authenticit\u00e9 d&rsquo;un dipl\u00f4me ou d&rsquo;un certificat d&rsquo;\u00e9tudes d&rsquo;une personne qui d\u00e9pose sa candidature pour un emploi.<\/p>\r\n<p><a href=\"https:\/\/www.mintzglobalscreening.com\/fr\/services\/formation-scolaire\/\">En savoir plus<\/a><\/p>\r\n<h3><strong>Autres services<\/strong><\/h3>\r\n<p>La gamme de services offerts par V\u00e9rifications mondiales Mintz ne s&rsquo;arr\u00eate pas l\u00e0. Quelles que soient les informations dont vous avez besoin, nous vous les fournirons.<\/p>\r\n<p><a href=\"https:\/\/www.mintzglobalscreening.com\/fr\/services\/\">Voir tous nos services<\/a><\/p>\r\n<h2>UNE ENTREPRISE DE V\u00c9RIFICATIONS AVEC UNE PORT\u00c9E MONDIALE<\/h2>\r\n<p>V\u00e9rifications mondiales Mintz connait le march\u00e9 canadien mieux que n&rsquo;importe quelle autre entreprise de v\u00e9rification d&rsquo;ant\u00e9c\u00e9dents. Elle est d&rsquo;ailleurs implant\u00e9e en Am\u00e9rique du Nord depuis des d\u00e9cennies.<\/p>\r\n<p>N\u00e9anmoins, notre rayon d&rsquo;action d\u00e9passe aujourd&rsquo;hui les fronti\u00e8res, pour s&rsquo;\u00e9tendre \u00e0 la grandeur du globe, couvrant pratiquement toutes les <a href=\"https:\/\/www.mintzglobalscreening.com\/fr\/regions-fr\/amerique-du-nord\/\">r\u00e9gions<\/a> des 5 continents.<\/p>\r\n<p>Les march\u00e9s et les opportunit\u00e9s d&rsquo;affaires peuvent provenir de n&rsquo;importe o\u00f9 dans le monde, laissez notre \u00e9quipe de v\u00e9rificateurs contribuer \u00e0 votre succ\u00e8s.<\/p>\r\n<h2>UNE \u00c9QUIPE DIGNE DE CONFIANCE<\/h2>\r\n<p>Comme plusieurs entreprises nous confient le mandat de valider la cr\u00e9dibilit\u00e9 de leurs candidats, il est \u00e9vident que nous sommes d&rsquo;autant plus exigeants au moment d&#8217;embaucher nos propres employ\u00e9s.<\/p>\r\n<p>D&rsquo;autre part, si vous \u00eates int\u00e9ress\u00e9 par une carri\u00e8re en v\u00e9rification au sein d&rsquo;une \u00e9quipe dont la rigueur et la communication sont au c\u0153ur des activit\u00e9s, <a href=\"https:\/\/www.mintzglobalscreening.com\/fr\/carrieres\/offres-demploi\/\">consultez nos offres d&#8217;emploi<\/a>.<\/p>\r\n<h2>V\u00c9RIFICATIONS MONDIALES MINTZ SE D\u00c9MARQUE<\/h2>\r\n<p><img loading=\"lazy\" decoding=\"async\" title=\"FoundingMemberLogo_transparent white\" src=\"https:\/\/www.mintzglobalscreening.com\/wp-content\/uploads\/2019\/10\/Founding20Member20Logo_transparent-white-300x206.png\" alt=\"FoundingMemberLogo_transparent white\" width=\"300\" height=\"206\" \/><\/p>\r\n<p>&nbsp;<\/p>\r\n<ul>\r\n<li>Exp\u00e9rience<\/li>\r\n<li>Flexibilit\u00e9 \/ Services Personalis\u00e9s<\/li>\r\n<li>Service \u00e0 la Clientele Exceptionnel<\/li>\r\n<li>Service Bilingue<\/li>\r\n<li>Technologie Avanc\u00e9e et S\u00e9curis\u00e9e<\/li>\r\n<\/ul>\r\n","protected":false},"excerpt":{"rendered":"<p>V\u00e9rifications mondiales Mintz :le sp\u00e9cialiste de la v\u00e9rification d&rsquo;ant\u00e9c\u00e9dents Apr\u00e8s plus de 100 ans dans l&rsquo;industrie, V\u00e9rifications mondiales Mintz est reconnu comme le fournisseur canadien de v\u00e9rifications d&rsquo;ant\u00e9c\u00e9dents le plus important et le plus fiable sur le march\u00e9. Nos clients peuvent se fier \u00e0 nos \u00e9quipes de professionnels pour obtenir l&rsquo;information dont ils ont besoin pour \u00e9valuer ad\u00e9quatement la fiabilit\u00e9 et le risque pr\u00e9sent\u00e9 par un candidat. Nos sp\u00e9cialistes bilingues&#8230;<\/p>\n","protected":false},"author":2,"featured_media":0,"parent":0,"menu_order":31,"comment_status":"open","ping_status":"open","template":"templates\/template-home.php","meta":{"_acf_changed":false,"content-type":"","footnotes":""},"class_list":["post-204","page","type-page","status-publish","hentry"],"acf":[],"yoast_head":"<!-- This site is optimized with the Yoast SEO plugin v25.0 - https:\/\/yoast.com\/wordpress\/plugins\/seo\/ -->\n<title>V\u00e9rifications Mondiales Mintz | Sp\u00e9cialiste V\u00e9rification d&#039;Ant\u00e9c\u00e9dents<\/title>\n<meta name=\"description\" content=\"Mintz V\u00e9rifications Mondiales est le leader en solutions de v\u00e9rification d\u2019ant\u00e9c\u00e9dents. Am\u00e9liorez la qualit\u00e9 de vos embauches et maximisez la s\u00e9curit\u00e9 de votre entreprise!\" \/>\n<meta name=\"robots\" content=\"index, follow, max-snippet:-1, max-image-preview:large, max-video-preview:-1\" \/>\n<link rel=\"canonical\" href=\"https:\/\/www.mintzglobalscreening.com\/fr\/\" \/>\n<meta property=\"og:locale\" content=\"fr_FR\" \/>\n<meta property=\"og:type\" content=\"article\" \/>\n<meta property=\"og:title\" content=\"V\u00e9rifications Mondiales Mintz | Sp\u00e9cialiste V\u00e9rification d&#039;Ant\u00e9c\u00e9dents\" \/>\n<meta property=\"og:description\" content=\"Mintz V\u00e9rifications Mondiales est le leader en solutions de v\u00e9rification d\u2019ant\u00e9c\u00e9dents. Am\u00e9liorez la qualit\u00e9 de vos embauches et maximisez la s\u00e9curit\u00e9 de votre entreprise!\" \/>\n<meta property=\"og:url\" content=\"https:\/\/www.mintzglobalscreening.com\/fr\/\" \/>\n<meta property=\"og:site_name\" content=\"Mintz Global Screening\" \/>\n<meta property=\"article:publisher\" content=\"https:\/\/www.facebook.com\/Mintzglobal\" \/>\n<meta property=\"article:modified_time\" content=\"2025-09-17T17:50:34+00:00\" \/>\n<meta property=\"og:image\" content=\"https:\/\/www.mintzglobalscreening.com\/wp-content\/uploads\/2019\/10\/Founding20Member20Logo_transparent-white-300x206.png\" \/>\n<meta name=\"twitter:card\" content=\"summary_large_image\" \/>\n<meta name=\"twitter:site\" content=\"@MintzGlobal\" \/>\n<meta name=\"twitter:label1\" content=\"Dur\u00e9e de lecture estim\u00e9e\" \/>\n\t<meta name=\"twitter:data1\" content=\"3 minutes\" \/>\n<script type=\"application\/ld+json\" class=\"yoast-schema-graph\">{\"@context\":\"https:\/\/schema.org\",\"@graph\":[{\"@type\":\"WebPage\",\"@id\":\"https:\/\/www.mintzglobalscreening.com\/fr\/\",\"url\":\"https:\/\/www.mintzglobalscreening.com\/fr\/\",\"name\":\"V\u00e9rifications Mondiales Mintz | Sp\u00e9cialiste V\u00e9rification d'Ant\u00e9c\u00e9dents\",\"isPartOf\":{\"@id\":\"https:\/\/www.mintzglobalscreening.com\/fr\/#website\"},\"primaryImageOfPage\":{\"@id\":\"https:\/\/www.mintzglobalscreening.com\/fr\/#primaryimage\"},\"image\":{\"@id\":\"https:\/\/www.mintzglobalscreening.com\/fr\/#primaryimage\"},\"thumbnailUrl\":\"https:\/\/www.mintzglobalscreening.com\/wp-content\/uploads\/2019\/10\/Founding20Member20Logo_transparent-white-300x206.png\",\"datePublished\":\"2015-04-14T10:25:44+00:00\",\"dateModified\":\"2025-09-17T17:50:34+00:00\",\"description\":\"Mintz V\u00e9rifications Mondiales est le leader en solutions de v\u00e9rification d\u2019ant\u00e9c\u00e9dents. Am\u00e9liorez la qualit\u00e9 de vos embauches et maximisez la s\u00e9curit\u00e9 de votre entreprise!\",\"breadcrumb\":{\"@id\":\"https:\/\/www.mintzglobalscreening.com\/fr\/#breadcrumb\"},\"inLanguage\":\"fr-FR\",\"potentialAction\":[{\"@type\":\"ReadAction\",\"target\":[\"https:\/\/www.mintzglobalscreening.com\/fr\/\"]}]},{\"@type\":\"ImageObject\",\"inLanguage\":\"fr-FR\",\"@id\":\"https:\/\/www.mintzglobalscreening.com\/fr\/#primaryimage\",\"url\":\"https:\/\/www.mintzglobalscreening.com\/wp-content\/uploads\/2019\/10\/Founding20Member20Logo_transparent-white-300x206.png\",\"contentUrl\":\"https:\/\/www.mintzglobalscreening.com\/wp-content\/uploads\/2019\/10\/Founding20Member20Logo_transparent-white-300x206.png\"},{\"@type\":\"BreadcrumbList\",\"@id\":\"https:\/\/www.mintzglobalscreening.com\/fr\/#breadcrumb\",\"itemListElement\":[{\"@type\":\"ListItem\",\"position\":1,\"name\":\"Home\",\"item\":\"https:\/\/www.mintzglobalscreening.com\/fr\/\"},{\"@type\":\"ListItem\",\"position\":2,\"name\":\"CLART\u00c9 DANS UN MONDE COMPLEXE\"}]},{\"@type\":\"WebSite\",\"@id\":\"https:\/\/www.mintzglobalscreening.com\/fr\/#website\",\"url\":\"https:\/\/www.mintzglobalscreening.com\/fr\/\",\"name\":\"Mintz Global Screening\",\"description\":\"Mintz Global Screening\",\"potentialAction\":[{\"@type\":\"SearchAction\",\"target\":{\"@type\":\"EntryPoint\",\"urlTemplate\":\"https:\/\/www.mintzglobalscreening.com\/fr\/?s={search_term_string}\"},\"query-input\":{\"@type\":\"PropertyValueSpecification\",\"valueRequired\":true,\"valueName\":\"search_term_string\"}}],\"inLanguage\":\"fr-FR\"}]}<\/script>\n<!-- \/ Yoast SEO plugin. -->","yoast_head_json":{"title":"V\u00e9rifications Mondiales Mintz | Sp\u00e9cialiste V\u00e9rification d'Ant\u00e9c\u00e9dents","description":"Mintz V\u00e9rifications Mondiales est le leader en solutions de v\u00e9rification d\u2019ant\u00e9c\u00e9dents. Am\u00e9liorez la qualit\u00e9 de vos embauches et maximisez la s\u00e9curit\u00e9 de votre entreprise!","robots":{"index":"index","follow":"follow","max-snippet":"max-snippet:-1","max-image-preview":"max-image-preview:large","max-video-preview":"max-video-preview:-1"},"canonical":"https:\/\/www.mintzglobalscreening.com\/fr\/","og_locale":"fr_FR","og_type":"article","og_title":"V\u00e9rifications Mondiales Mintz | Sp\u00e9cialiste V\u00e9rification d'Ant\u00e9c\u00e9dents","og_description":"Mintz V\u00e9rifications Mondiales est le leader en solutions de v\u00e9rification d\u2019ant\u00e9c\u00e9dents. Am\u00e9liorez la qualit\u00e9 de vos embauches et maximisez la s\u00e9curit\u00e9 de votre entreprise!","og_url":"https:\/\/www.mintzglobalscreening.com\/fr\/","og_site_name":"Mintz Global Screening","article_publisher":"https:\/\/www.facebook.com\/Mintzglobal","article_modified_time":"2025-09-17T17:50:34+00:00","og_image":[{"url":"https:\/\/www.mintzglobalscreening.com\/wp-content\/uploads\/2019\/10\/Founding20Member20Logo_transparent-white-300x206.png","type":"","width":"","height":""}],"twitter_card":"summary_large_image","twitter_site":"@MintzGlobal","twitter_misc":{"Dur\u00e9e de lecture estim\u00e9e":"3 minutes"},"schema":{"@context":"https:\/\/schema.org","@graph":[{"@type":"WebPage","@id":"https:\/\/www.mintzglobalscreening.com\/fr\/","url":"https:\/\/www.mintzglobalscreening.com\/fr\/","name":"V\u00e9rifications Mondiales Mintz | Sp\u00e9cialiste V\u00e9rification d'Ant\u00e9c\u00e9dents","isPartOf":{"@id":"https:\/\/www.mintzglobalscreening.com\/fr\/#website"},"primaryImageOfPage":{"@id":"https:\/\/www.mintzglobalscreening.com\/fr\/#primaryimage"},"image":{"@id":"https:\/\/www.mintzglobalscreening.com\/fr\/#primaryimage"},"thumbnailUrl":"https:\/\/www.mintzglobalscreening.com\/wp-content\/uploads\/2019\/10\/Founding20Member20Logo_transparent-white-300x206.png","datePublished":"2015-04-14T10:25:44+00:00","dateModified":"2025-09-17T17:50:34+00:00","description":"Mintz V\u00e9rifications Mondiales est le leader en solutions de v\u00e9rification d\u2019ant\u00e9c\u00e9dents. Am\u00e9liorez la qualit\u00e9 de vos embauches et maximisez la s\u00e9curit\u00e9 de votre entreprise!","breadcrumb":{"@id":"https:\/\/www.mintzglobalscreening.com\/fr\/#breadcrumb"},"inLanguage":"fr-FR","potentialAction":[{"@type":"ReadAction","target":["https:\/\/www.mintzglobalscreening.com\/fr\/"]}]},{"@type":"ImageObject","inLanguage":"fr-FR","@id":"https:\/\/www.mintzglobalscreening.com\/fr\/#primaryimage","url":"https:\/\/www.mintzglobalscreening.com\/wp-content\/uploads\/2019\/10\/Founding20Member20Logo_transparent-white-300x206.png","contentUrl":"https:\/\/www.mintzglobalscreening.com\/wp-content\/uploads\/2019\/10\/Founding20Member20Logo_transparent-white-300x206.png"},{"@type":"BreadcrumbList","@id":"https:\/\/www.mintzglobalscreening.com\/fr\/#breadcrumb","itemListElement":[{"@type":"ListItem","position":1,"name":"Home","item":"https:\/\/www.mintzglobalscreening.com\/fr\/"},{"@type":"ListItem","position":2,"name":"CLART\u00c9 DANS UN MONDE COMPLEXE"}]},{"@type":"WebSite","@id":"https:\/\/www.mintzglobalscreening.com\/fr\/#website","url":"https:\/\/www.mintzglobalscreening.com\/fr\/","name":"Mintz Global Screening","description":"Mintz Global Screening","potentialAction":[{"@type":"SearchAction","target":{"@type":"EntryPoint","urlTemplate":"https:\/\/www.mintzglobalscreening.com\/fr\/?s={search_term_string}"},"query-input":{"@type":"PropertyValueSpecification","valueRequired":true,"valueName":"search_term_string"}}],"inLanguage":"fr-FR"}]}},"_links":{"self":[{"href":"https:\/\/www.mintzglobalscreening.com\/fr\/wp-json\/wp\/v2\/pages\/204","targetHints":{"allow":["GET"]}}],"collection":[{"href":"https:\/\/www.mintzglobalscreening.com\/fr\/wp-json\/wp\/v2\/pages"}],"about":[{"href":"https:\/\/www.mintzglobalscreening.com\/fr\/wp-json\/wp\/v2\/types\/page"}],"author":[{"embeddable":true,"href":"https:\/\/www.mintzglobalscreening.com\/fr\/wp-json\/wp\/v2\/users\/2"}],"replies":[{"embeddable":true,"href":"https:\/\/www.mintzglobalscreening.com\/fr\/wp-json\/wp\/v2\/comments?post=204"}],"version-history":[{"count":100,"href":"https:\/\/www.mintzglobalscreening.com\/fr\/wp-json\/wp\/v2\/pages\/204\/revisions"}],"predecessor-version":[{"id":5276,"href":"https:\/\/www.mintzglobalscreening.com\/fr\/wp-json\/wp\/v2\/pages\/204\/revisions\/5276"}],"wp:attachment":[{"href":"https:\/\/www.mintzglobalscreening.com\/fr\/wp-json\/wp\/v2\/media?parent=204"}],"curies":[{"name":"wp","href":"https:\/\/api.w.org\/{rel}","templated":true}]}}