{"id":2540,"date":"2018-11-23T15:31:19","date_gmt":"2018-11-23T15:31:19","guid":{"rendered":"https:\/\/www.mintzglobalscreening.com\/stage\/?page_id=2540\/"},"modified":"2024-01-12T07:36:00","modified_gmt":"2024-01-12T07:36:00","slug":"casier-judiciaire-national","status":"publish","type":"page","link":"https:\/\/www.mintzglobalscreening.com\/fr\/services\/casier-judiciaire-national\/","title":{"rendered":"Service de v\u00e9rification de casier judiciaire national"},"content":{"rendered":"\n\n\t<p><a href=\"https:\/\/www.mintzglobalscreening.com\/fr\/media-category\/qui-est-verifications-mondiales-mintz\/\">V\u00e9rifications mondiales Mintz<\/a> vous propose de proc\u00e9der \u00e0 une v\u00e9rification de casier judiciaire \u00e0 l&rsquo;\u00e9chelle nationale, afin de vous donner un maximum d&rsquo;informations concernant le dossier criminel d&rsquo;une personne.<\/p>\n<p>Forts d&rsquo;une grande exp\u00e9rience en mati\u00e8re de v\u00e9rification d&rsquo;ant\u00e9c\u00e9dents criminels, V\u00e9rifications mondiales Mintz travaille de concert avec des partenaires jouissant d&rsquo;une grande r\u00e9putation de fiabilit\u00e9, ce qui vous garantit des informations cr\u00e9dibles, qui vous aideront \u00e0 prendre les meilleures d\u00e9cisions possibles.<\/p>\n\t\t\t\t<img loading=\"lazy\" decoding=\"async\" src=\"https:\/\/www.mintzglobalscreening.com\/wp-content\/uploads\/2018\/11\/icon-proteger-reputation-entreprise.png\" alt=\"icon-proteger-reputation-entreprise\" itemprop=\"image\" height=\"60\" width=\"60\" title=\"icon-proteger-reputation-entreprise\" onerror=\"this.style.display='none'\"  \/>\n\t<p>Prot\u00e9gez la r\u00e9putation de votre entreprise, ainsi que la s\u00e9curit\u00e9 de vos employ\u00e9s et de vos clients<\/p>\n\t\t\t\t<img loading=\"lazy\" decoding=\"async\" src=\"https:\/\/www.mintzglobalscreening.com\/wp-content\/uploads\/2018\/11\/icon-verifier-casier.png\" alt=\"icon-verifier-casier\" itemprop=\"image\" height=\"60\" width=\"60\" title=\"icon-verifier-casier\" onerror=\"this.style.display='none'\"  \/>\n\t<p>V\u00e9rifiez si une personne poss\u00e8de un casier judiciaire et la nature des accusations port\u00e9es contre elle<\/p>\n\t\t\t\t<img loading=\"lazy\" decoding=\"async\" src=\"https:\/\/www.mintzglobalscreening.com\/wp-content\/uploads\/2018\/11\/icon-choix-eclaires.png\" alt=\"icon-choix-eclaires\" itemprop=\"image\" height=\"60\" width=\"60\" title=\"icon-choix-eclaires\" onerror=\"this.style.display='none'\"  \/>\n\t<p>Prenez d&rsquo;importantes d\u00e9cisions d&rsquo;affaires en toute connaissance de cause et faites des choix \u00e9clair\u00e9s<\/p>\n\tFaites appel \u00e0 nos sp\u00e9cialistes en v\u00e9rification d&rsquo;ant\u00e9c\u00e9dents\n\t\t\t<a href=\"https:\/\/www.mintzglobalscreening.com\/fr\/contactez-nous\/\" target=\"_self\" role=\"button\" rel=\"noopener\">\n\t\t\t\t\t\t\tContactez-nous\n\t\t\t\t\t<\/a>\n\t<h2>Comment fonctionne notre service de v\u00e9rification d&rsquo;ant\u00e9c\u00e9dents judiciaires?<\/h2>\n<p>En fonction de vos besoins, la v\u00e9rification d&rsquo;ant\u00e9c\u00e9dents criminels peut s&rsquo;effectuer de diff\u00e9rentes fa\u00e7ons. V\u00e9rifications mondiales Mintz s&rsquo;engage \u00e0 prendre tous les moyens \u00e0 sa disposition pour rassembler toutes les informations pertinentes qui pourront vous servir.<\/p>\n<h3>Recherche au niveau national<\/h3>\n<p>Dans la plupart des cas, la recherche s&rsquo;amorce au niveau national. Une prospection est effectu\u00e9e dans la base de donn\u00e9es du Centre d&rsquo;information de la police canadienne, afin de mettre la main sur les informations relatives aux ant\u00e9c\u00e9dents criminels d&rsquo;un individu. En r\u00e9sultera une recherche \u00ab\u00a0n\u00e9gative\u00a0\u00bb ou \u00ab\u00a0non concluante\u00a0\u00bb en conformit\u00e9 avec les r\u00e9gulations fix\u00e9es par la GRC.<\/p>\n<h3>Dans le cas d&rsquo;une v\u00e9rification approfondie<\/h3>\n<p>Pour une v\u00e9rification plus en profondeur, nous offrons aussi la v\u00e9rification du casier judiciaire \u00e9largie, la prise d&#8217;empreintes digitales et la v\u00e9rification de casier judiciaire provincial en compl\u00e9ment d&rsquo;une v\u00e9rification nationale. Nous pouvons \u00e9galement vous proposer un service complet de v\u00e9rification d&rsquo;ant\u00e9c\u00e9dents criminels aux \u00c9tats-Unis et \u00e0 l&rsquo;international (lorsque permis par la loi).<\/p>\n\t<h2>Dans quelles situations avoir recours \u00e0 notre service de v\u00e9rification de casier judiciaire?<\/h2>\n<p>Voici quelques exemples qui d\u00e9montrent la pertinence d&rsquo;avoir acc\u00e8s aux informations concernant le pass\u00e9 criminel d&rsquo;une personne.<\/p>\n<h3>Assurez-vous que votre candidat est qualifi\u00e9 pour le r\u00f4le auquel il a appliqu\u00e9<\/h3>\n<p>Si votre candidat a appliqu\u00e9 pour une position \u00e0 responsabilit\u00e9, qui requiert le contact au public ou l&rsquo;acc\u00e8s aux actifs de votre soci\u00e9t\u00e9, il est n\u00e9cessaire de faire preuve d&rsquo;une grande prudence lors du processus d&#8217;embauche.<\/p>\n<p>Dans de tels cas, les comportements pass\u00e9s sont le meilleur indicateur de la performance future et afin de prot\u00e9ger vos clients, employ\u00e9s et actifs, il faudra vous assurer d&rsquo;avoir une confiance in\u00e9branlable en vos futurs employ\u00e9s.<\/p>\n<h3>Vous travaillez avec des donn\u00e9es sensibles<\/h3>\n<p>De plus en plus d&#8217;employ\u00e9s dans de nombreux secteurs d&rsquo;activit\u00e9s ont acc\u00e8s \u00e0 des informations personnelles et confidentielles. Il revient \u00e0 l&rsquo;entreprise pour laquelle ils travaillent de s&rsquo;assurer que leur personnel fait le n\u00e9cessaire pour prot\u00e9ger ces donn\u00e9es sensibles.<\/p>\n<p>En choisissant de faire appel \u00e0 notre service de v\u00e9rification des ant\u00e9c\u00e9dents judiciaires, ayez l&rsquo;assurance que vos <a href=\"https:\/\/www.mintzglobalscreening.com\/fr\/media-category\/comment-verifiez-les-antecedents-de-vos-candidats\/\">candidats<\/a> poss\u00e8dent un dossier vierge en mati\u00e8re de fraude ou d&rsquo;autres crimes qui pourraient compromettre leurs capacit\u00e9s \u00e0 prot\u00e9ger du mat\u00e9riel ou des donn\u00e9es sensibles.<\/p>\n\t<h2>Vous d\u00e9sirez en savoir plus sur notre service de v\u00e9rification de casier judiciaire national?<\/h2>\n<p>Si vous d\u00e9sirez en apprendre davantage sur nos m\u00e9thodes d&rsquo;investigation et de recherche d&rsquo;informations, n&rsquo;h\u00e9sitez pas \u00e0 <a href=\"https:\/\/www.mintzglobalscreening.com\/fr\/contactez-nous\/\">contacter notre \u00e9quipe<\/a>!<\/p>\n\n","protected":false},"excerpt":{"rendered":"<p>V\u00e9rifications mondiales Mintz vous propose de proc\u00e9der \u00e0 une v\u00e9rification de casier judiciaire \u00e0 l&rsquo;\u00e9chelle nationale, afin de vous donner un maximum d&rsquo;informations concernant le dossier criminel d&rsquo;une personne. Forts d&rsquo;une grande exp\u00e9rience en mati\u00e8re de v\u00e9rification d&rsquo;ant\u00e9c\u00e9dents criminels, V\u00e9rifications mondiales Mintz travaille de concert avec des partenaires jouissant d&rsquo;une grande r\u00e9putation de fiabilit\u00e9, ce qui vous garantit des informations cr\u00e9dibles, qui vous aideront \u00e0 prendre les meilleures d\u00e9cisions possibles&#8230;.<\/p>\n","protected":false},"author":7,"featured_media":2543,"parent":1252,"menu_order":99,"comment_status":"closed","ping_status":"closed","template":"","meta":{"_acf_changed":false,"content-type":"","footnotes":""},"class_list":["post-2540","page","type-page","status-publish","has-post-thumbnail","hentry"],"acf":[],"yoast_head":"<!-- This site is optimized with the Yoast SEO plugin v25.0 - https:\/\/yoast.com\/wordpress\/plugins\/seo\/ -->\n<title>V\u00e9rification de Casier Judiciaire National | \u00c9tude Dossier Criminel<\/title>\n<meta name=\"description\" content=\"V\u00e9rifications Mondiales Mintz vous propose un service de v\u00e9rification de casier judiciaire \u00e0 l\u2019\u00e9chelle nationale, afin que vous puissiez disposer d&#039;un maximum d\u2019informations concernant le dossier criminel d\u2019un candidat.\" \/>\n<meta name=\"robots\" content=\"index, follow, max-snippet:-1, max-image-preview:large, max-video-preview:-1\" \/>\n<link rel=\"canonical\" href=\"https:\/\/www.mintzglobalscreening.com\/fr\/services\/casier-judiciaire-national\/\" \/>\n<meta property=\"og:locale\" content=\"fr_FR\" \/>\n<meta property=\"og:type\" content=\"article\" \/>\n<meta property=\"og:title\" content=\"V\u00e9rification de Casier Judiciaire National | \u00c9tude Dossier Criminel\" \/>\n<meta property=\"og:description\" content=\"V\u00e9rifications Mondiales Mintz vous propose un service de v\u00e9rification de casier judiciaire \u00e0 l\u2019\u00e9chelle nationale, afin que vous puissiez disposer d&#039;un maximum d\u2019informations concernant le dossier criminel d\u2019un candidat.\" \/>\n<meta property=\"og:url\" content=\"https:\/\/www.mintzglobalscreening.com\/fr\/services\/casier-judiciaire-national\/\" \/>\n<meta property=\"og:site_name\" content=\"Mintz Global Screening\" \/>\n<meta property=\"article:publisher\" content=\"https:\/\/www.facebook.com\/Mintzglobal\" \/>\n<meta property=\"article:modified_time\" content=\"2024-01-12T07:36:00+00:00\" \/>\n<meta property=\"og:image\" content=\"https:\/\/www.mintzglobalscreening.com\/wp-content\/uploads\/2018\/11\/img_header-casier-judiciaire-national.jpg\" \/>\n\t<meta property=\"og:image:width\" content=\"1920\" \/>\n\t<meta property=\"og:image:height\" content=\"320\" \/>\n\t<meta property=\"og:image:type\" content=\"image\/jpeg\" \/>\n<meta name=\"twitter:card\" content=\"summary_large_image\" \/>\n<meta name=\"twitter:site\" content=\"@MintzGlobal\" \/>\n<meta name=\"twitter:label1\" content=\"Dur\u00e9e de lecture estim\u00e9e\" \/>\n\t<meta name=\"twitter:data1\" content=\"3 minutes\" \/>\n<script type=\"application\/ld+json\" class=\"yoast-schema-graph\">{\"@context\":\"https:\/\/schema.org\",\"@graph\":[{\"@type\":\"WebPage\",\"@id\":\"https:\/\/www.mintzglobalscreening.com\/fr\/services\/casier-judiciaire-national\/\",\"url\":\"https:\/\/www.mintzglobalscreening.com\/fr\/services\/casier-judiciaire-national\/\",\"name\":\"V\u00e9rification de Casier Judiciaire National | \u00c9tude Dossier Criminel\",\"isPartOf\":{\"@id\":\"https:\/\/www.mintzglobalscreening.com\/fr\/#website\"},\"primaryImageOfPage\":{\"@id\":\"https:\/\/www.mintzglobalscreening.com\/fr\/services\/casier-judiciaire-national\/#primaryimage\"},\"image\":{\"@id\":\"https:\/\/www.mintzglobalscreening.com\/fr\/services\/casier-judiciaire-national\/#primaryimage\"},\"thumbnailUrl\":\"https:\/\/www.mintzglobalscreening.com\/wp-content\/uploads\/2018\/11\/img_header-casier-judiciaire-national.jpg\",\"datePublished\":\"2018-11-23T15:31:19+00:00\",\"dateModified\":\"2024-01-12T07:36:00+00:00\",\"description\":\"V\u00e9rifications Mondiales Mintz vous propose un service de v\u00e9rification de casier judiciaire \u00e0 l\u2019\u00e9chelle nationale, afin que vous puissiez disposer d'un maximum d\u2019informations concernant le dossier criminel d\u2019un candidat.\",\"breadcrumb\":{\"@id\":\"https:\/\/www.mintzglobalscreening.com\/fr\/services\/casier-judiciaire-national\/#breadcrumb\"},\"inLanguage\":\"fr-FR\",\"potentialAction\":[{\"@type\":\"ReadAction\",\"target\":[\"https:\/\/www.mintzglobalscreening.com\/fr\/services\/casier-judiciaire-national\/\"]}]},{\"@type\":\"ImageObject\",\"inLanguage\":\"fr-FR\",\"@id\":\"https:\/\/www.mintzglobalscreening.com\/fr\/services\/casier-judiciaire-national\/#primaryimage\",\"url\":\"https:\/\/www.mintzglobalscreening.com\/wp-content\/uploads\/2018\/11\/img_header-casier-judiciaire-national.jpg\",\"contentUrl\":\"https:\/\/www.mintzglobalscreening.com\/wp-content\/uploads\/2018\/11\/img_header-casier-judiciaire-national.jpg\",\"width\":1920,\"height\":320},{\"@type\":\"BreadcrumbList\",\"@id\":\"https:\/\/www.mintzglobalscreening.com\/fr\/services\/casier-judiciaire-national\/#breadcrumb\",\"itemListElement\":[{\"@type\":\"ListItem\",\"position\":1,\"name\":\"Home\",\"item\":\"https:\/\/www.mintzglobalscreening.com\/fr\/\"},{\"@type\":\"ListItem\",\"position\":2,\"name\":\"Services\",\"item\":\"https:\/\/www.mintzglobalscreening.com\/fr\/services\/\"},{\"@type\":\"ListItem\",\"position\":3,\"name\":\"Service de v\u00e9rification de casier judiciaire national\"}]},{\"@type\":\"WebSite\",\"@id\":\"https:\/\/www.mintzglobalscreening.com\/fr\/#website\",\"url\":\"https:\/\/www.mintzglobalscreening.com\/fr\/\",\"name\":\"Mintz Global Screening\",\"description\":\"Mintz Global Screening\",\"potentialAction\":[{\"@type\":\"SearchAction\",\"target\":{\"@type\":\"EntryPoint\",\"urlTemplate\":\"https:\/\/www.mintzglobalscreening.com\/fr\/?s={search_term_string}\"},\"query-input\":{\"@type\":\"PropertyValueSpecification\",\"valueRequired\":true,\"valueName\":\"search_term_string\"}}],\"inLanguage\":\"fr-FR\"}]}<\/script>\n<!-- \/ Yoast SEO plugin. -->","yoast_head_json":{"title":"V\u00e9rification de Casier Judiciaire National | \u00c9tude Dossier Criminel","description":"V\u00e9rifications Mondiales Mintz vous propose un service de v\u00e9rification de casier judiciaire \u00e0 l\u2019\u00e9chelle nationale, afin que vous puissiez disposer d'un maximum d\u2019informations concernant le dossier criminel d\u2019un candidat.","robots":{"index":"index","follow":"follow","max-snippet":"max-snippet:-1","max-image-preview":"max-image-preview:large","max-video-preview":"max-video-preview:-1"},"canonical":"https:\/\/www.mintzglobalscreening.com\/fr\/services\/casier-judiciaire-national\/","og_locale":"fr_FR","og_type":"article","og_title":"V\u00e9rification de Casier Judiciaire National | \u00c9tude Dossier Criminel","og_description":"V\u00e9rifications Mondiales Mintz vous propose un service de v\u00e9rification de casier judiciaire \u00e0 l\u2019\u00e9chelle nationale, afin que vous puissiez disposer d'un maximum d\u2019informations concernant le dossier criminel d\u2019un candidat.","og_url":"https:\/\/www.mintzglobalscreening.com\/fr\/services\/casier-judiciaire-national\/","og_site_name":"Mintz Global Screening","article_publisher":"https:\/\/www.facebook.com\/Mintzglobal","article_modified_time":"2024-01-12T07:36:00+00:00","og_image":[{"width":1920,"height":320,"url":"https:\/\/www.mintzglobalscreening.com\/wp-content\/uploads\/2018\/11\/img_header-casier-judiciaire-national.jpg","type":"image\/jpeg"}],"twitter_card":"summary_large_image","twitter_site":"@MintzGlobal","twitter_misc":{"Dur\u00e9e de lecture estim\u00e9e":"3 minutes"},"schema":{"@context":"https:\/\/schema.org","@graph":[{"@type":"WebPage","@id":"https:\/\/www.mintzglobalscreening.com\/fr\/services\/casier-judiciaire-national\/","url":"https:\/\/www.mintzglobalscreening.com\/fr\/services\/casier-judiciaire-national\/","name":"V\u00e9rification de Casier Judiciaire National | \u00c9tude Dossier Criminel","isPartOf":{"@id":"https:\/\/www.mintzglobalscreening.com\/fr\/#website"},"primaryImageOfPage":{"@id":"https:\/\/www.mintzglobalscreening.com\/fr\/services\/casier-judiciaire-national\/#primaryimage"},"image":{"@id":"https:\/\/www.mintzglobalscreening.com\/fr\/services\/casier-judiciaire-national\/#primaryimage"},"thumbnailUrl":"https:\/\/www.mintzglobalscreening.com\/wp-content\/uploads\/2018\/11\/img_header-casier-judiciaire-national.jpg","datePublished":"2018-11-23T15:31:19+00:00","dateModified":"2024-01-12T07:36:00+00:00","description":"V\u00e9rifications Mondiales Mintz vous propose un service de v\u00e9rification de casier judiciaire \u00e0 l\u2019\u00e9chelle nationale, afin que vous puissiez disposer d'un maximum d\u2019informations concernant le dossier criminel d\u2019un candidat.","breadcrumb":{"@id":"https:\/\/www.mintzglobalscreening.com\/fr\/services\/casier-judiciaire-national\/#breadcrumb"},"inLanguage":"fr-FR","potentialAction":[{"@type":"ReadAction","target":["https:\/\/www.mintzglobalscreening.com\/fr\/services\/casier-judiciaire-national\/"]}]},{"@type":"ImageObject","inLanguage":"fr-FR","@id":"https:\/\/www.mintzglobalscreening.com\/fr\/services\/casier-judiciaire-national\/#primaryimage","url":"https:\/\/www.mintzglobalscreening.com\/wp-content\/uploads\/2018\/11\/img_header-casier-judiciaire-national.jpg","contentUrl":"https:\/\/www.mintzglobalscreening.com\/wp-content\/uploads\/2018\/11\/img_header-casier-judiciaire-national.jpg","width":1920,"height":320},{"@type":"BreadcrumbList","@id":"https:\/\/www.mintzglobalscreening.com\/fr\/services\/casier-judiciaire-national\/#breadcrumb","itemListElement":[{"@type":"ListItem","position":1,"name":"Home","item":"https:\/\/www.mintzglobalscreening.com\/fr\/"},{"@type":"ListItem","position":2,"name":"Services","item":"https:\/\/www.mintzglobalscreening.com\/fr\/services\/"},{"@type":"ListItem","position":3,"name":"Service de v\u00e9rification de casier judiciaire national"}]},{"@type":"WebSite","@id":"https:\/\/www.mintzglobalscreening.com\/fr\/#website","url":"https:\/\/www.mintzglobalscreening.com\/fr\/","name":"Mintz Global Screening","description":"Mintz Global Screening","potentialAction":[{"@type":"SearchAction","target":{"@type":"EntryPoint","urlTemplate":"https:\/\/www.mintzglobalscreening.com\/fr\/?s={search_term_string}"},"query-input":{"@type":"PropertyValueSpecification","valueRequired":true,"valueName":"search_term_string"}}],"inLanguage":"fr-FR"}]}},"_links":{"self":[{"href":"https:\/\/www.mintzglobalscreening.com\/fr\/wp-json\/wp\/v2\/pages\/2540","targetHints":{"allow":["GET"]}}],"collection":[{"href":"https:\/\/www.mintzglobalscreening.com\/fr\/wp-json\/wp\/v2\/pages"}],"about":[{"href":"https:\/\/www.mintzglobalscreening.com\/fr\/wp-json\/wp\/v2\/types\/page"}],"author":[{"embeddable":true,"href":"https:\/\/www.mintzglobalscreening.com\/fr\/wp-json\/wp\/v2\/users\/7"}],"replies":[{"embeddable":true,"href":"https:\/\/www.mintzglobalscreening.com\/fr\/wp-json\/wp\/v2\/comments?post=2540"}],"version-history":[{"count":38,"href":"https:\/\/www.mintzglobalscreening.com\/fr\/wp-json\/wp\/v2\/pages\/2540\/revisions"}],"predecessor-version":[{"id":4929,"href":"https:\/\/www.mintzglobalscreening.com\/fr\/wp-json\/wp\/v2\/pages\/2540\/revisions\/4929"}],"up":[{"embeddable":true,"href":"https:\/\/www.mintzglobalscreening.com\/fr\/wp-json\/wp\/v2\/pages\/1252"}],"wp:featuredmedia":[{"embeddable":true,"href":"https:\/\/www.mintzglobalscreening.com\/fr\/wp-json\/wp\/v2\/media\/2543"}],"wp:attachment":[{"href":"https:\/\/www.mintzglobalscreening.com\/fr\/wp-json\/wp\/v2\/media?parent=2540"}],"curies":[{"name":"wp","href":"https:\/\/api.w.org\/{rel}","templated":true}]}}