{"id":2607,"date":"2018-12-07T16:44:12","date_gmt":"2018-12-07T16:44:12","guid":{"rendered":"https:\/\/www.mintzglobalscreening.com\/stage\/?page_id=2607\/"},"modified":"2024-01-12T07:55:40","modified_gmt":"2024-01-12T07:55:40","slug":"fiche-de-credit","status":"publish","type":"page","link":"https:\/\/www.mintzglobalscreening.com\/fr\/services\/fiche-de-credit\/","title":{"rendered":"Service de v\u00e9rification de fiche de cr\u00e9dit"},"content":{"rendered":"\n\n\t<p><a href=\"https:\/\/www.mintzglobalscreening.com\/fr\/media-category\/qui-est-verifications-mondiales-mintz\/\">V\u00e9rifications mondiales Mintz<\/a> vous propose une offre compl\u00e8te de v\u00e9rifications de fiche de cr\u00e9dit, vous permettant d&rsquo;obtenir des informations pertinentes sur la cote de cr\u00e9dit, les emprunts et les comptes en recouvrement d&rsquo;un individu.<\/p>\n\nForts d&rsquo;une grande exp\u00e9rience en mati\u00e8re de v\u00e9rification de dossier de cr\u00e9dit, V\u00e9rifications mondiales Mintz travaille avec des partenaires fiables, ce qui vous garantit des informations cr\u00e9dibles, qui vous aideront \u00e0 prendre les meilleures d\u00e9cisions possibles.\n\t\t\t\t<img loading=\"lazy\" decoding=\"async\" src=\"https:\/\/www.mintzglobalscreening.com\/wp-content\/uploads\/2018\/12\/icon-fiche-credit.png\" alt=\"icon-fiche-credit\" itemprop=\"image\" height=\"60\" width=\"60\" title=\"icon-fiche-credit\" onerror=\"this.style.display='none'\"  \/>\n\t<p>Pour un poste exigeant assurez-vous que vous faites affaire avec des individus dont le dossier de cr\u00e9dit est exemplaire<\/p>\n\t\t\t\t<img loading=\"lazy\" decoding=\"async\" src=\"https:\/\/www.mintzglobalscreening.com\/wp-content\/uploads\/2018\/12\/icon-qualification.png\" alt=\"icon-qualification\" itemprop=\"image\" height=\"60\" width=\"60\" title=\"icon-qualification\" onerror=\"this.style.display='none'\"  \/>\n\t<p>Embauchez des candidats dont la fiche de cr\u00e9dit prouve leur comp\u00e9tence en mati\u00e8re de gestion<\/p>\n\t\t\t\t<img loading=\"lazy\" decoding=\"async\" src=\"https:\/\/www.mintzglobalscreening.com\/wp-content\/uploads\/2018\/11\/icon-choix-eclaires.png\" alt=\"icon-choix-eclaires\" itemprop=\"image\" height=\"60\" width=\"60\" title=\"icon-choix-eclaires\" onerror=\"this.style.display='none'\"  \/>\n\t<p>Prenez des d\u00e9cisions d&rsquo;affaires \u00e9clair\u00e9es en disposant d&rsquo;un maximum d&rsquo;informations pertinentes<\/p>\n\tFaites appel \u00e0 nos sp\u00e9cialistes en v\u00e9rification d&rsquo;ant\u00e9c\u00e9dents\n\t\t\t<a href=\"https:\/\/www.mintzglobalscreening.com\/fr\/contactez-nous\/\" target=\"_self\" role=\"button\" rel=\"noopener\">\n\t\t\t\t\t\t\tContactez-nous\n\t\t\t\t\t<\/a>\n\t<h2>Pourquoi avoir recours \u00e0 notre service de v\u00e9rification de fiche de cr\u00e9dit?<\/h2>\n<p><strong>Environ 37\u00a0% des vols et actes frauduleux sont commis par des employ\u00e9s.<\/strong><\/p>\n<p>Les responsabilit\u00e9s financi\u00e8res peuvent prendre plusieurs formes au sein de votre entreprise : g\u00e9rer la petite caisse, g\u00e9rer la comptabilit\u00e9, travailler en informatique, etc. Tous ces r\u00f4les impliquent un haut niveau de responsabilit\u00e9 de la part des employ\u00e9s, afin de ne pas mettre votre organisation en p\u00e9ril.<\/p>\n<p>Une v\u00e9rification de cr\u00e9dit fournit tous les renseignements n\u00e9cessaires dont vous avez besoin pour \u00e9valuer et g\u00e9rer ad\u00e9quatement le risque au sein de votre entreprise. Vous recevrez un rapport d\u00e9taill\u00e9 qui vous fournira les cotes de cr\u00e9dit de votre candidat, le d\u00e9tail de ses cr\u00e9ances et de ses comptes en recouvrement ainsi qu&rsquo;une confirmation de ses renseignements personnels.<\/p>\n<p>\u00c0 titre de source externe de renseignements personnels (identit\u00e9 et <a href=\"https:\/\/www.mintzglobalscreening.com\/fr\/media-category\/la-detection-des-fraudes-de-curriculum-vitae-coute-de-plus-en-plus-cher\/\">historique d&#8217;emploi<\/a>), la fiche de cr\u00e9dit est \u00e9galement un outil pr\u00e9cieux pour aider les entreprises \u00e0 pr\u00e9venir le risque que des candidats fraudent le processus de v\u00e9rification d&rsquo;ant\u00e9c\u00e9dents en fournissant de faux renseignements sur leur identit\u00e9.<\/p>\n<p>&nbsp;<\/p>\n\t<h2>Pourquoi choisir notre service de v\u00e9rification de fiche de cr\u00e9dit?<\/h2>\n<p>Forte d&rsquo;une exp\u00e9rience de plus de 100 ans dans le domaine de la v\u00e9rification d&rsquo;ant\u00e9c\u00e9dents, notre \u00e9quipe de v\u00e9rificateurs est la mieux outill\u00e9e pour vous partager l&rsquo;information dont vous avez besoin pour \u00e9valuer ad\u00e9quatement la fiabilit\u00e9 et le risque pr\u00e9sent\u00e9 par un candidat.<\/p>\n<p>En choisissant nos services de v\u00e9rification de dossier de cr\u00e9dit, vous profitez de caract\u00e9ristiques uniques\u00a0:<\/p>\n<ul>\n<li>Partenariat de longue date avec l&rsquo;une des agences de cr\u00e9dit majeures en Am\u00e9rique du Nord<\/li>\n<li>\u00c9quipe de conformit\u00e9 experte \u00e0 veiller \u00e0 l&rsquo;exactitude des donn\u00e9es<\/li>\n<li>Capacit\u00e9 de validation du num\u00e9ro d&rsquo;assurance sociale (NAS)<\/li>\n<li>Diff\u00e9rentes options de cotes de cr\u00e9dit (cote de cr\u00e9dit, risque de faillite, fraude d&rsquo;identit\u00e9)<\/li>\n<li>R\u00e9sultats disponibles en temps r\u00e9el sur notre site web s\u00e9curis\u00e9<\/li>\n<li>Processus flexible, matrices de r\u00e9sultats personnalisables<\/li>\n<li>Capacit\u00e9 de v\u00e9rification mondiale (partout o\u00f9 la loi le permet)<\/li>\n<li>Donn\u00e9es conserv\u00e9es dans des bases de donn\u00e9es canadiennes<\/li>\n<\/ul>\n<p>&nbsp;<\/p>\n\t<h2>Vous d\u00e9sirez en savoir plus sur notre service de v\u00e9rification de fiche de cr\u00e9dit?<\/h2>\n<p>Si vous d\u00e9sirez en apprendre davantage sur nos m\u00e9thodes d&rsquo;investigation et de recherche d&rsquo;informations concernant le dossier de cr\u00e9dit de vos candidats, n&rsquo;h\u00e9sitez pas \u00e0 <a href=\"https:\/\/www.mintzglobalscreening.com\/fr\/contactez-nous\/\">contacter notre \u00e9quipe<\/a>!<\/p>\n\n","protected":false},"excerpt":{"rendered":"<p>V\u00e9rifications mondiales Mintz vous propose une offre compl\u00e8te de v\u00e9rifications de fiche de cr\u00e9dit, vous permettant d&rsquo;obtenir des informations pertinentes sur la cote de cr\u00e9dit, les emprunts et les comptes en recouvrement d&rsquo;un individu. Forts d&rsquo;une grande exp\u00e9rience en mati\u00e8re de v\u00e9rification de dossier de cr\u00e9dit, V\u00e9rifications mondiales Mintz travaille avec des partenaires fiables, ce qui vous garantit des informations cr\u00e9dibles, qui vous aideront \u00e0 prendre les meilleures d\u00e9cisions possibles&#8230;.<\/p>\n","protected":false},"author":7,"featured_media":2614,"parent":1252,"menu_order":100,"comment_status":"closed","ping_status":"closed","template":"","meta":{"_acf_changed":false,"content-type":"","footnotes":""},"class_list":["post-2607","page","type-page","status-publish","has-post-thumbnail","hentry"],"acf":[],"yoast_head":"<!-- This site is optimized with the Yoast SEO plugin v25.0 - https:\/\/yoast.com\/wordpress\/plugins\/seo\/ -->\n<title>V\u00e9rification de Fiche de Cr\u00e9dit | \u00c9tude des Ant\u00e9c\u00e9dents de Cr\u00e9dit<\/title>\n<meta name=\"description\" content=\"V\u00e9rifications mondiales Mintz vous propose un service de v\u00e9rification de fiche de cr\u00e9dit vous permettant d\u2019obtenir des informations pertinentes sur la cote de cr\u00e9dit, les emprunts et les comptes en recouvrement d\u2019un candidat que vous envisagez embaucher.\" \/>\n<meta name=\"robots\" content=\"index, follow, max-snippet:-1, max-image-preview:large, max-video-preview:-1\" \/>\n<link rel=\"canonical\" href=\"https:\/\/www.mintzglobalscreening.com\/fr\/services\/fiche-de-credit\/\" \/>\n<meta property=\"og:locale\" content=\"fr_FR\" \/>\n<meta property=\"og:type\" content=\"article\" \/>\n<meta property=\"og:title\" content=\"V\u00e9rification de Fiche de Cr\u00e9dit | \u00c9tude des Ant\u00e9c\u00e9dents de Cr\u00e9dit\" \/>\n<meta property=\"og:description\" content=\"V\u00e9rifications mondiales Mintz vous propose un service de v\u00e9rification de fiche de cr\u00e9dit vous permettant d\u2019obtenir des informations pertinentes sur la cote de cr\u00e9dit, les emprunts et les comptes en recouvrement d\u2019un candidat que vous envisagez embaucher.\" \/>\n<meta property=\"og:url\" content=\"https:\/\/www.mintzglobalscreening.com\/fr\/services\/fiche-de-credit\/\" \/>\n<meta property=\"og:site_name\" content=\"Mintz Global Screening\" \/>\n<meta property=\"article:publisher\" content=\"https:\/\/www.facebook.com\/Mintzglobal\" \/>\n<meta property=\"article:modified_time\" content=\"2024-01-12T07:55:40+00:00\" \/>\n<meta property=\"og:image\" content=\"https:\/\/www.mintzglobalscreening.com\/wp-content\/uploads\/2018\/12\/img_header-fiche-credit.jpg\" \/>\n\t<meta property=\"og:image:width\" content=\"1920\" \/>\n\t<meta property=\"og:image:height\" content=\"320\" \/>\n\t<meta property=\"og:image:type\" content=\"image\/jpeg\" \/>\n<meta name=\"twitter:card\" content=\"summary_large_image\" \/>\n<meta name=\"twitter:site\" content=\"@MintzGlobal\" \/>\n<meta name=\"twitter:label1\" content=\"Dur\u00e9e de lecture estim\u00e9e\" \/>\n\t<meta name=\"twitter:data1\" content=\"3 minutes\" \/>\n<script type=\"application\/ld+json\" class=\"yoast-schema-graph\">{\"@context\":\"https:\/\/schema.org\",\"@graph\":[{\"@type\":\"WebPage\",\"@id\":\"https:\/\/www.mintzglobalscreening.com\/fr\/services\/fiche-de-credit\/\",\"url\":\"https:\/\/www.mintzglobalscreening.com\/fr\/services\/fiche-de-credit\/\",\"name\":\"V\u00e9rification de Fiche de Cr\u00e9dit | \u00c9tude des Ant\u00e9c\u00e9dents de Cr\u00e9dit\",\"isPartOf\":{\"@id\":\"https:\/\/www.mintzglobalscreening.com\/fr\/#website\"},\"primaryImageOfPage\":{\"@id\":\"https:\/\/www.mintzglobalscreening.com\/fr\/services\/fiche-de-credit\/#primaryimage\"},\"image\":{\"@id\":\"https:\/\/www.mintzglobalscreening.com\/fr\/services\/fiche-de-credit\/#primaryimage\"},\"thumbnailUrl\":\"https:\/\/www.mintzglobalscreening.com\/wp-content\/uploads\/2018\/12\/img_header-fiche-credit.jpg\",\"datePublished\":\"2018-12-07T16:44:12+00:00\",\"dateModified\":\"2024-01-12T07:55:40+00:00\",\"description\":\"V\u00e9rifications mondiales Mintz vous propose un service de v\u00e9rification de fiche de cr\u00e9dit vous permettant d\u2019obtenir des informations pertinentes sur la cote de cr\u00e9dit, les emprunts et les comptes en recouvrement d\u2019un candidat que vous envisagez embaucher.\",\"breadcrumb\":{\"@id\":\"https:\/\/www.mintzglobalscreening.com\/fr\/services\/fiche-de-credit\/#breadcrumb\"},\"inLanguage\":\"fr-FR\",\"potentialAction\":[{\"@type\":\"ReadAction\",\"target\":[\"https:\/\/www.mintzglobalscreening.com\/fr\/services\/fiche-de-credit\/\"]}]},{\"@type\":\"ImageObject\",\"inLanguage\":\"fr-FR\",\"@id\":\"https:\/\/www.mintzglobalscreening.com\/fr\/services\/fiche-de-credit\/#primaryimage\",\"url\":\"https:\/\/www.mintzglobalscreening.com\/wp-content\/uploads\/2018\/12\/img_header-fiche-credit.jpg\",\"contentUrl\":\"https:\/\/www.mintzglobalscreening.com\/wp-content\/uploads\/2018\/12\/img_header-fiche-credit.jpg\",\"width\":1920,\"height\":320},{\"@type\":\"BreadcrumbList\",\"@id\":\"https:\/\/www.mintzglobalscreening.com\/fr\/services\/fiche-de-credit\/#breadcrumb\",\"itemListElement\":[{\"@type\":\"ListItem\",\"position\":1,\"name\":\"Home\",\"item\":\"https:\/\/www.mintzglobalscreening.com\/fr\/\"},{\"@type\":\"ListItem\",\"position\":2,\"name\":\"Services\",\"item\":\"https:\/\/www.mintzglobalscreening.com\/fr\/services\/\"},{\"@type\":\"ListItem\",\"position\":3,\"name\":\"Service de v\u00e9rification de fiche de cr\u00e9dit\"}]},{\"@type\":\"WebSite\",\"@id\":\"https:\/\/www.mintzglobalscreening.com\/fr\/#website\",\"url\":\"https:\/\/www.mintzglobalscreening.com\/fr\/\",\"name\":\"Mintz Global Screening\",\"description\":\"Mintz Global Screening\",\"potentialAction\":[{\"@type\":\"SearchAction\",\"target\":{\"@type\":\"EntryPoint\",\"urlTemplate\":\"https:\/\/www.mintzglobalscreening.com\/fr\/?s={search_term_string}\"},\"query-input\":{\"@type\":\"PropertyValueSpecification\",\"valueRequired\":true,\"valueName\":\"search_term_string\"}}],\"inLanguage\":\"fr-FR\"}]}<\/script>\n<!-- \/ Yoast SEO plugin. -->","yoast_head_json":{"title":"V\u00e9rification de Fiche de Cr\u00e9dit | \u00c9tude des Ant\u00e9c\u00e9dents de Cr\u00e9dit","description":"V\u00e9rifications mondiales Mintz vous propose un service de v\u00e9rification de fiche de cr\u00e9dit vous permettant d\u2019obtenir des informations pertinentes sur la cote de cr\u00e9dit, les emprunts et les comptes en recouvrement d\u2019un candidat que vous envisagez embaucher.","robots":{"index":"index","follow":"follow","max-snippet":"max-snippet:-1","max-image-preview":"max-image-preview:large","max-video-preview":"max-video-preview:-1"},"canonical":"https:\/\/www.mintzglobalscreening.com\/fr\/services\/fiche-de-credit\/","og_locale":"fr_FR","og_type":"article","og_title":"V\u00e9rification de Fiche de Cr\u00e9dit | \u00c9tude des Ant\u00e9c\u00e9dents de Cr\u00e9dit","og_description":"V\u00e9rifications mondiales Mintz vous propose un service de v\u00e9rification de fiche de cr\u00e9dit vous permettant d\u2019obtenir des informations pertinentes sur la cote de cr\u00e9dit, les emprunts et les comptes en recouvrement d\u2019un candidat que vous envisagez embaucher.","og_url":"https:\/\/www.mintzglobalscreening.com\/fr\/services\/fiche-de-credit\/","og_site_name":"Mintz Global Screening","article_publisher":"https:\/\/www.facebook.com\/Mintzglobal","article_modified_time":"2024-01-12T07:55:40+00:00","og_image":[{"width":1920,"height":320,"url":"https:\/\/www.mintzglobalscreening.com\/wp-content\/uploads\/2018\/12\/img_header-fiche-credit.jpg","type":"image\/jpeg"}],"twitter_card":"summary_large_image","twitter_site":"@MintzGlobal","twitter_misc":{"Dur\u00e9e de lecture estim\u00e9e":"3 minutes"},"schema":{"@context":"https:\/\/schema.org","@graph":[{"@type":"WebPage","@id":"https:\/\/www.mintzglobalscreening.com\/fr\/services\/fiche-de-credit\/","url":"https:\/\/www.mintzglobalscreening.com\/fr\/services\/fiche-de-credit\/","name":"V\u00e9rification de Fiche de Cr\u00e9dit | \u00c9tude des Ant\u00e9c\u00e9dents de Cr\u00e9dit","isPartOf":{"@id":"https:\/\/www.mintzglobalscreening.com\/fr\/#website"},"primaryImageOfPage":{"@id":"https:\/\/www.mintzglobalscreening.com\/fr\/services\/fiche-de-credit\/#primaryimage"},"image":{"@id":"https:\/\/www.mintzglobalscreening.com\/fr\/services\/fiche-de-credit\/#primaryimage"},"thumbnailUrl":"https:\/\/www.mintzglobalscreening.com\/wp-content\/uploads\/2018\/12\/img_header-fiche-credit.jpg","datePublished":"2018-12-07T16:44:12+00:00","dateModified":"2024-01-12T07:55:40+00:00","description":"V\u00e9rifications mondiales Mintz vous propose un service de v\u00e9rification de fiche de cr\u00e9dit vous permettant d\u2019obtenir des informations pertinentes sur la cote de cr\u00e9dit, les emprunts et les comptes en recouvrement d\u2019un candidat que vous envisagez embaucher.","breadcrumb":{"@id":"https:\/\/www.mintzglobalscreening.com\/fr\/services\/fiche-de-credit\/#breadcrumb"},"inLanguage":"fr-FR","potentialAction":[{"@type":"ReadAction","target":["https:\/\/www.mintzglobalscreening.com\/fr\/services\/fiche-de-credit\/"]}]},{"@type":"ImageObject","inLanguage":"fr-FR","@id":"https:\/\/www.mintzglobalscreening.com\/fr\/services\/fiche-de-credit\/#primaryimage","url":"https:\/\/www.mintzglobalscreening.com\/wp-content\/uploads\/2018\/12\/img_header-fiche-credit.jpg","contentUrl":"https:\/\/www.mintzglobalscreening.com\/wp-content\/uploads\/2018\/12\/img_header-fiche-credit.jpg","width":1920,"height":320},{"@type":"BreadcrumbList","@id":"https:\/\/www.mintzglobalscreening.com\/fr\/services\/fiche-de-credit\/#breadcrumb","itemListElement":[{"@type":"ListItem","position":1,"name":"Home","item":"https:\/\/www.mintzglobalscreening.com\/fr\/"},{"@type":"ListItem","position":2,"name":"Services","item":"https:\/\/www.mintzglobalscreening.com\/fr\/services\/"},{"@type":"ListItem","position":3,"name":"Service de v\u00e9rification de fiche de cr\u00e9dit"}]},{"@type":"WebSite","@id":"https:\/\/www.mintzglobalscreening.com\/fr\/#website","url":"https:\/\/www.mintzglobalscreening.com\/fr\/","name":"Mintz Global Screening","description":"Mintz Global Screening","potentialAction":[{"@type":"SearchAction","target":{"@type":"EntryPoint","urlTemplate":"https:\/\/www.mintzglobalscreening.com\/fr\/?s={search_term_string}"},"query-input":{"@type":"PropertyValueSpecification","valueRequired":true,"valueName":"search_term_string"}}],"inLanguage":"fr-FR"}]}},"_links":{"self":[{"href":"https:\/\/www.mintzglobalscreening.com\/fr\/wp-json\/wp\/v2\/pages\/2607","targetHints":{"allow":["GET"]}}],"collection":[{"href":"https:\/\/www.mintzglobalscreening.com\/fr\/wp-json\/wp\/v2\/pages"}],"about":[{"href":"https:\/\/www.mintzglobalscreening.com\/fr\/wp-json\/wp\/v2\/types\/page"}],"author":[{"embeddable":true,"href":"https:\/\/www.mintzglobalscreening.com\/fr\/wp-json\/wp\/v2\/users\/7"}],"replies":[{"embeddable":true,"href":"https:\/\/www.mintzglobalscreening.com\/fr\/wp-json\/wp\/v2\/comments?post=2607"}],"version-history":[{"count":8,"href":"https:\/\/www.mintzglobalscreening.com\/fr\/wp-json\/wp\/v2\/pages\/2607\/revisions"}],"predecessor-version":[{"id":4941,"href":"https:\/\/www.mintzglobalscreening.com\/fr\/wp-json\/wp\/v2\/pages\/2607\/revisions\/4941"}],"up":[{"embeddable":true,"href":"https:\/\/www.mintzglobalscreening.com\/fr\/wp-json\/wp\/v2\/pages\/1252"}],"wp:featuredmedia":[{"embeddable":true,"href":"https:\/\/www.mintzglobalscreening.com\/fr\/wp-json\/wp\/v2\/media\/2614"}],"wp:attachment":[{"href":"https:\/\/www.mintzglobalscreening.com\/fr\/wp-json\/wp\/v2\/media?parent=2607"}],"curies":[{"name":"wp","href":"https:\/\/api.w.org\/{rel}","templated":true}]}}