{"id":2635,"date":"2018-12-07T17:22:04","date_gmt":"2018-12-07T17:22:04","guid":{"rendered":"https:\/\/www.mintzglobalscreening.com\/stage\/?page_id=2635\/"},"modified":"2024-01-12T07:57:13","modified_gmt":"2024-01-12T07:57:13","slug":"historique-emploi","status":"publish","type":"page","link":"https:\/\/www.mintzglobalscreening.com\/fr\/services\/historique-emploi\/","title":{"rendered":"Service de v\u00e9rification d\u2019historique d\u2019emploi"},"content":{"rendered":"\n\n\t<p><a href=\"https:\/\/www.mintzglobalscreening.com\/fr\/media-category\/qui-est-verifications-mondiales-mintz\/\">V\u00e9rifications mondiales Mintz<\/a> vous propose de proc\u00e9der \u00e0 une v\u00e9rification de l&rsquo;historique d&#8217;emploi d&rsquo;un candidat, vous permettant ainsi de valider les informations contenues dans son CV. Une telle pr\u00e9caution est vitale pour vous assurer de la r\u00e9elle capacit\u00e9 d&rsquo;un postulant \u00e0 effectuer un travail conform\u00e9ment aux exigences.<\/p>\n<p>Forte d&rsquo;une grande exp\u00e9rience en mati\u00e8re de v\u00e9rification d&rsquo;identit\u00e9, V\u00e9rifications mondiales Mintz vous garantit des renseignements v\u00e9ridiques, qui vous aideront \u00e0 prendre des d\u00e9cisions \u00e9clair\u00e9es en mati\u00e8re de <a href=\"https:\/\/www.mintzglobalscreening.com\/fr\/media-category\/comment-renforcer-votre-processus-de-recrutement-2\/\">recrutement<\/a>.<\/p>\n\t\t\t\t<img loading=\"lazy\" decoding=\"async\" src=\"https:\/\/www.mintzglobalscreening.com\/wp-content\/uploads\/2018\/12\/icon-obtenez-renseignement.png\" alt=\"icon-obtenez-renseignement\" itemprop=\"image\" height=\"60\" width=\"60\" title=\"icon-obtenez-renseignement\" onerror=\"this.style.display='none'\"  \/>\n\t<p>Obtenez les renseignements souhait\u00e9s gr\u00e2ce \u00e0 un processus flexible et des r\u00e9sultats personnalisables<\/p>\n\t\t\t\t<img loading=\"lazy\" decoding=\"async\" src=\"https:\/\/www.mintzglobalscreening.com\/wp-content\/uploads\/2018\/12\/icon-ptdevu-tiers.png\" alt=\"icon-ptdevu-tiers\" itemprop=\"image\" height=\"60\" width=\"60\" title=\"icon-ptdevu-tiers\" onerror=\"this.style.display='none'\"  \/>\n\t<p>Fiez-vous au point de vue d&rsquo;un tiers. Ne soyez pas affect\u00e9 par un pr\u00e9jug\u00e9 \u00e9gocentrique du postulant<\/p>\n\t\t\t\t<img loading=\"lazy\" decoding=\"async\" src=\"https:\/\/www.mintzglobalscreening.com\/wp-content\/uploads\/2018\/12\/icon-qualification.png\" alt=\"icon-qualification\" itemprop=\"image\" height=\"60\" width=\"60\" title=\"icon-qualification\" onerror=\"this.style.display='none'\"  \/>\n\t<p>Assurez-vous d&#8217;embaucher un candidat qui poss\u00e8de r\u00e9ellement les qualifications n\u00e9cessaires<\/p>\n\tFaites appel \u00e0 nos sp\u00e9cialistes en v\u00e9rification d&rsquo;ant\u00e9c\u00e9dents\n\t\t\t<a href=\"https:\/\/www.mintzglobalscreening.com\/fr\/contactez-nous\/\" target=\"_self\" role=\"button\" rel=\"noopener\">\n\t\t\t\t\t\t\tContactez-nous\n\t\t\t\t\t<\/a>\n\t<h2>Pourquoi avoir recours \u00e0 notre service de confirmation d&#8217;emploi?<\/h2>\n<p><strong>Aucune relation durable ne commence par un mensonge. <\/strong><\/p>\n<p>Malheureusement, trop de candidats n&rsquo;h\u00e9sitent pas \u00e0 embellir la v\u00e9rit\u00e9 pour faire reluire leur candidature : au moins 22% des postulants font de <a href=\"https:\/\/www.mintzglobalscreening.com\/fr\/media-category\/la-detection-des-fraudes-de-curriculum-vitae-coute-de-plus-en-plus-cher\/\">fausses d\u00e9clarations dans leur CV<\/a>. Cependant, comme employeur, vous vous fiez aux exp\u00e9riences ant\u00e9rieures d&rsquo;un individu pour \u00e9valuer sa capacit\u00e9 \u00e0 r\u00e9ussir dans le r\u00f4le que vous lui proposez. Un \u00ab pieux mensonge \u00bb dans un curriculum vitae peut facilement entra\u00eener des cons\u00e9quences graves au sein de votre entreprise.<\/p>\n<p>La v\u00e9rification d&rsquo;historique d&#8217;emploi est la recherche d\u00e9sign\u00e9e pour v\u00e9rifier le CV d&rsquo;une personne et ses exp\u00e9riences ant\u00e9rieures. Les v\u00e9rifications sont effectu\u00e9es directement aupr\u00e8s du d\u00e9partement des ressources humaines de l&#8217;employeur du candidat, garantissant ainsi que l&rsquo;information est objective et exacte.<\/p>\n<p>La v\u00e9rification d&rsquo;historique d&#8217;emploi est aussi un compl\u00e9ment incontournable \u00e0 toute v\u00e9rification de r\u00e9f\u00e9rence. En confirmant les donn\u00e9es d&#8217;emploi du candidat, cette recherche permet de confirmer que les d\u00e9clarations du candidat sont v\u00e9ridiques et de pr\u00e9venir le risque que de fausses r\u00e9f\u00e9rences vous soient fournies par des amis du candidat ou m\u00eame un service professionnel de fraude.<\/p>\n\t<h2>Pourquoi choisir le service de v\u00e9rification d&rsquo;historique d&#8217;emploi de Mintz?<\/h2>\n<p>Poss\u00e9dant une expertise qui s&rsquo;est forg\u00e9e sur pr\u00e8s d&rsquo;un si\u00e8cle dans le domaine de la v\u00e9rification d&rsquo;ant\u00e9c\u00e9dents, notre \u00e9quipe de v\u00e9rificateurs est bien outill\u00e9e pour vous fournir toutes les informations dont vous avez besoin lors d&rsquo;un processus d&#8217;embauche.<\/p>\n<p>En choisissant notre service de v\u00e9rification d&rsquo;historique d&#8217;emploi, vous profitez de caract\u00e9ristiques uniques\u00a0:<\/p>\n<ul>\n<li>V\u00e9rifications effectu\u00e9es aupr\u00e8s des RH pour garantir l&rsquo;objectivit\u00e9<\/li>\n<li>V\u00e9rifications automatis\u00e9es lorsque disponible<\/li>\n<li>Rendement v\u00e9rifiable gr\u00e2ce \u00e0 nos taux de succ\u00e8s mesur\u00e9s<\/li>\n<li>\u00c9quipe enti\u00e8rement bilingue<\/li>\n<li>Processus flexible et r\u00e9sultats personnalisables<\/li>\n<li>Donn\u00e9es conserv\u00e9es dans des bases de donn\u00e9es canadiennes<\/li>\n<li>R\u00e9sultats disponibles en temps r\u00e9el sur notre site web s\u00e9curis\u00e9<\/li>\n<\/ul>\n\t<h2>Vous d\u00e9sirez en apprendre davantage sur notre service de v\u00e9rification d&rsquo;historique d&#8217;emploi?<\/h2>\n<p>Si vous voulez en savoir plus sur les m\u00e9thodes d&rsquo;investigation et de recherche que nous utilisons pour effectuer une v\u00e9rification de la validit\u00e9 des informations que contiennent les CV de vos candidats, n&rsquo;h\u00e9sitez pas \u00e0 <a href=\"https:\/\/www.mintzglobalscreening.com\/fr\/contactez-nous\/\">contacter notre \u00e9quipe<\/a>!<\/p>\n\n","protected":false},"excerpt":{"rendered":"<p>V\u00e9rifications mondiales Mintz vous propose de proc\u00e9der \u00e0 une v\u00e9rification de l&rsquo;historique d&#8217;emploi d&rsquo;un candidat, vous permettant ainsi de valider les informations contenues dans son CV. Une telle pr\u00e9caution est vitale pour vous assurer de la r\u00e9elle capacit\u00e9 d&rsquo;un postulant \u00e0 effectuer un travail conform\u00e9ment aux exigences. Forte d&rsquo;une grande exp\u00e9rience en mati\u00e8re de v\u00e9rification d&rsquo;identit\u00e9, V\u00e9rifications mondiales Mintz vous garantit des renseignements v\u00e9ridiques, qui vous aideront \u00e0 prendre des&#8230;<\/p>\n","protected":false},"author":7,"featured_media":2636,"parent":1252,"menu_order":98,"comment_status":"closed","ping_status":"closed","template":"","meta":{"_acf_changed":false,"content-type":"","footnotes":""},"class_list":["post-2635","page","type-page","status-publish","has-post-thumbnail","hentry"],"acf":[],"yoast_head":"<!-- This site is optimized with the Yoast SEO plugin v25.0 - https:\/\/yoast.com\/wordpress\/plugins\/seo\/ -->\n<title>V\u00e9rification d&#039;Historique d&#039;Emploi | Validez le CV d&#039;un Candidat<\/title>\n<meta name=\"description\" content=\"V\u00e9rifications mondiales Mintz vous propose un service de v\u00e9rification d\u2019historique d\u2019emploi permettant de valider les informations contenues dans un CV\" \/>\n<meta name=\"robots\" content=\"index, follow, max-snippet:-1, max-image-preview:large, max-video-preview:-1\" \/>\n<link rel=\"canonical\" href=\"https:\/\/www.mintzglobalscreening.com\/fr\/services\/historique-emploi\/\" \/>\n<meta property=\"og:locale\" content=\"fr_FR\" \/>\n<meta property=\"og:type\" content=\"article\" \/>\n<meta property=\"og:title\" content=\"V\u00e9rification d&#039;Historique d&#039;Emploi | Validez le CV d&#039;un Candidat\" \/>\n<meta property=\"og:description\" content=\"V\u00e9rifications mondiales Mintz vous propose un service de v\u00e9rification d\u2019historique d\u2019emploi permettant de valider les informations contenues dans un CV\" \/>\n<meta property=\"og:url\" content=\"https:\/\/www.mintzglobalscreening.com\/fr\/services\/historique-emploi\/\" \/>\n<meta property=\"og:site_name\" content=\"Mintz Global Screening\" \/>\n<meta property=\"article:publisher\" content=\"https:\/\/www.facebook.com\/Mintzglobal\" \/>\n<meta property=\"article:modified_time\" content=\"2024-01-12T07:57:13+00:00\" \/>\n<meta property=\"og:image\" content=\"https:\/\/www.mintzglobalscreening.com\/wp-content\/uploads\/2018\/12\/img_header-historique-emploi.jpg\" \/>\n\t<meta property=\"og:image:width\" content=\"1920\" \/>\n\t<meta property=\"og:image:height\" content=\"320\" \/>\n\t<meta property=\"og:image:type\" content=\"image\/jpeg\" \/>\n<meta name=\"twitter:card\" content=\"summary_large_image\" \/>\n<meta name=\"twitter:site\" content=\"@MintzGlobal\" \/>\n<meta name=\"twitter:label1\" content=\"Dur\u00e9e de lecture estim\u00e9e\" \/>\n\t<meta name=\"twitter:data1\" content=\"3 minutes\" \/>\n<script type=\"application\/ld+json\" class=\"yoast-schema-graph\">{\"@context\":\"https:\/\/schema.org\",\"@graph\":[{\"@type\":\"WebPage\",\"@id\":\"https:\/\/www.mintzglobalscreening.com\/fr\/services\/historique-emploi\/\",\"url\":\"https:\/\/www.mintzglobalscreening.com\/fr\/services\/historique-emploi\/\",\"name\":\"V\u00e9rification d'Historique d'Emploi | Validez le CV d'un Candidat\",\"isPartOf\":{\"@id\":\"https:\/\/www.mintzglobalscreening.com\/fr\/#website\"},\"primaryImageOfPage\":{\"@id\":\"https:\/\/www.mintzglobalscreening.com\/fr\/services\/historique-emploi\/#primaryimage\"},\"image\":{\"@id\":\"https:\/\/www.mintzglobalscreening.com\/fr\/services\/historique-emploi\/#primaryimage\"},\"thumbnailUrl\":\"https:\/\/www.mintzglobalscreening.com\/wp-content\/uploads\/2018\/12\/img_header-historique-emploi.jpg\",\"datePublished\":\"2018-12-07T17:22:04+00:00\",\"dateModified\":\"2024-01-12T07:57:13+00:00\",\"description\":\"V\u00e9rifications mondiales Mintz vous propose un service de v\u00e9rification d\u2019historique d\u2019emploi permettant de valider les informations contenues dans un CV\",\"breadcrumb\":{\"@id\":\"https:\/\/www.mintzglobalscreening.com\/fr\/services\/historique-emploi\/#breadcrumb\"},\"inLanguage\":\"fr-FR\",\"potentialAction\":[{\"@type\":\"ReadAction\",\"target\":[\"https:\/\/www.mintzglobalscreening.com\/fr\/services\/historique-emploi\/\"]}]},{\"@type\":\"ImageObject\",\"inLanguage\":\"fr-FR\",\"@id\":\"https:\/\/www.mintzglobalscreening.com\/fr\/services\/historique-emploi\/#primaryimage\",\"url\":\"https:\/\/www.mintzglobalscreening.com\/wp-content\/uploads\/2018\/12\/img_header-historique-emploi.jpg\",\"contentUrl\":\"https:\/\/www.mintzglobalscreening.com\/wp-content\/uploads\/2018\/12\/img_header-historique-emploi.jpg\",\"width\":1920,\"height\":320},{\"@type\":\"BreadcrumbList\",\"@id\":\"https:\/\/www.mintzglobalscreening.com\/fr\/services\/historique-emploi\/#breadcrumb\",\"itemListElement\":[{\"@type\":\"ListItem\",\"position\":1,\"name\":\"Home\",\"item\":\"https:\/\/www.mintzglobalscreening.com\/fr\/\"},{\"@type\":\"ListItem\",\"position\":2,\"name\":\"Services\",\"item\":\"https:\/\/www.mintzglobalscreening.com\/fr\/services\/\"},{\"@type\":\"ListItem\",\"position\":3,\"name\":\"Service de v\u00e9rification d\u2019historique d\u2019emploi\"}]},{\"@type\":\"WebSite\",\"@id\":\"https:\/\/www.mintzglobalscreening.com\/fr\/#website\",\"url\":\"https:\/\/www.mintzglobalscreening.com\/fr\/\",\"name\":\"Mintz Global Screening\",\"description\":\"Mintz Global Screening\",\"potentialAction\":[{\"@type\":\"SearchAction\",\"target\":{\"@type\":\"EntryPoint\",\"urlTemplate\":\"https:\/\/www.mintzglobalscreening.com\/fr\/?s={search_term_string}\"},\"query-input\":{\"@type\":\"PropertyValueSpecification\",\"valueRequired\":true,\"valueName\":\"search_term_string\"}}],\"inLanguage\":\"fr-FR\"}]}<\/script>\n<!-- \/ Yoast SEO plugin. -->","yoast_head_json":{"title":"V\u00e9rification d'Historique d'Emploi | Validez le CV d'un Candidat","description":"V\u00e9rifications mondiales Mintz vous propose un service de v\u00e9rification d\u2019historique d\u2019emploi permettant de valider les informations contenues dans un CV","robots":{"index":"index","follow":"follow","max-snippet":"max-snippet:-1","max-image-preview":"max-image-preview:large","max-video-preview":"max-video-preview:-1"},"canonical":"https:\/\/www.mintzglobalscreening.com\/fr\/services\/historique-emploi\/","og_locale":"fr_FR","og_type":"article","og_title":"V\u00e9rification d'Historique d'Emploi | Validez le CV d'un Candidat","og_description":"V\u00e9rifications mondiales Mintz vous propose un service de v\u00e9rification d\u2019historique d\u2019emploi permettant de valider les informations contenues dans un CV","og_url":"https:\/\/www.mintzglobalscreening.com\/fr\/services\/historique-emploi\/","og_site_name":"Mintz Global Screening","article_publisher":"https:\/\/www.facebook.com\/Mintzglobal","article_modified_time":"2024-01-12T07:57:13+00:00","og_image":[{"width":1920,"height":320,"url":"https:\/\/www.mintzglobalscreening.com\/wp-content\/uploads\/2018\/12\/img_header-historique-emploi.jpg","type":"image\/jpeg"}],"twitter_card":"summary_large_image","twitter_site":"@MintzGlobal","twitter_misc":{"Dur\u00e9e de lecture estim\u00e9e":"3 minutes"},"schema":{"@context":"https:\/\/schema.org","@graph":[{"@type":"WebPage","@id":"https:\/\/www.mintzglobalscreening.com\/fr\/services\/historique-emploi\/","url":"https:\/\/www.mintzglobalscreening.com\/fr\/services\/historique-emploi\/","name":"V\u00e9rification d'Historique d'Emploi | Validez le CV d'un Candidat","isPartOf":{"@id":"https:\/\/www.mintzglobalscreening.com\/fr\/#website"},"primaryImageOfPage":{"@id":"https:\/\/www.mintzglobalscreening.com\/fr\/services\/historique-emploi\/#primaryimage"},"image":{"@id":"https:\/\/www.mintzglobalscreening.com\/fr\/services\/historique-emploi\/#primaryimage"},"thumbnailUrl":"https:\/\/www.mintzglobalscreening.com\/wp-content\/uploads\/2018\/12\/img_header-historique-emploi.jpg","datePublished":"2018-12-07T17:22:04+00:00","dateModified":"2024-01-12T07:57:13+00:00","description":"V\u00e9rifications mondiales Mintz vous propose un service de v\u00e9rification d\u2019historique d\u2019emploi permettant de valider les informations contenues dans un CV","breadcrumb":{"@id":"https:\/\/www.mintzglobalscreening.com\/fr\/services\/historique-emploi\/#breadcrumb"},"inLanguage":"fr-FR","potentialAction":[{"@type":"ReadAction","target":["https:\/\/www.mintzglobalscreening.com\/fr\/services\/historique-emploi\/"]}]},{"@type":"ImageObject","inLanguage":"fr-FR","@id":"https:\/\/www.mintzglobalscreening.com\/fr\/services\/historique-emploi\/#primaryimage","url":"https:\/\/www.mintzglobalscreening.com\/wp-content\/uploads\/2018\/12\/img_header-historique-emploi.jpg","contentUrl":"https:\/\/www.mintzglobalscreening.com\/wp-content\/uploads\/2018\/12\/img_header-historique-emploi.jpg","width":1920,"height":320},{"@type":"BreadcrumbList","@id":"https:\/\/www.mintzglobalscreening.com\/fr\/services\/historique-emploi\/#breadcrumb","itemListElement":[{"@type":"ListItem","position":1,"name":"Home","item":"https:\/\/www.mintzglobalscreening.com\/fr\/"},{"@type":"ListItem","position":2,"name":"Services","item":"https:\/\/www.mintzglobalscreening.com\/fr\/services\/"},{"@type":"ListItem","position":3,"name":"Service de v\u00e9rification d\u2019historique d\u2019emploi"}]},{"@type":"WebSite","@id":"https:\/\/www.mintzglobalscreening.com\/fr\/#website","url":"https:\/\/www.mintzglobalscreening.com\/fr\/","name":"Mintz Global Screening","description":"Mintz Global Screening","potentialAction":[{"@type":"SearchAction","target":{"@type":"EntryPoint","urlTemplate":"https:\/\/www.mintzglobalscreening.com\/fr\/?s={search_term_string}"},"query-input":{"@type":"PropertyValueSpecification","valueRequired":true,"valueName":"search_term_string"}}],"inLanguage":"fr-FR"}]}},"_links":{"self":[{"href":"https:\/\/www.mintzglobalscreening.com\/fr\/wp-json\/wp\/v2\/pages\/2635","targetHints":{"allow":["GET"]}}],"collection":[{"href":"https:\/\/www.mintzglobalscreening.com\/fr\/wp-json\/wp\/v2\/pages"}],"about":[{"href":"https:\/\/www.mintzglobalscreening.com\/fr\/wp-json\/wp\/v2\/types\/page"}],"author":[{"embeddable":true,"href":"https:\/\/www.mintzglobalscreening.com\/fr\/wp-json\/wp\/v2\/users\/7"}],"replies":[{"embeddable":true,"href":"https:\/\/www.mintzglobalscreening.com\/fr\/wp-json\/wp\/v2\/comments?post=2635"}],"version-history":[{"count":7,"href":"https:\/\/www.mintzglobalscreening.com\/fr\/wp-json\/wp\/v2\/pages\/2635\/revisions"}],"predecessor-version":[{"id":4944,"href":"https:\/\/www.mintzglobalscreening.com\/fr\/wp-json\/wp\/v2\/pages\/2635\/revisions\/4944"}],"up":[{"embeddable":true,"href":"https:\/\/www.mintzglobalscreening.com\/fr\/wp-json\/wp\/v2\/pages\/1252"}],"wp:featuredmedia":[{"embeddable":true,"href":"https:\/\/www.mintzglobalscreening.com\/fr\/wp-json\/wp\/v2\/media\/2636"}],"wp:attachment":[{"href":"https:\/\/www.mintzglobalscreening.com\/fr\/wp-json\/wp\/v2\/media?parent=2635"}],"curies":[{"name":"wp","href":"https:\/\/api.w.org\/{rel}","templated":true}]}}