{"id":2649,"date":"2018-12-07T17:31:38","date_gmt":"2018-12-07T17:31:38","guid":{"rendered":"https:\/\/www.mintzglobalscreening.com\/stage\/?page_id=2649\/"},"modified":"2024-01-12T07:37:29","modified_gmt":"2024-01-12T07:37:29","slug":"e-reference","status":"publish","type":"page","link":"https:\/\/www.mintzglobalscreening.com\/fr\/services\/e-reference\/","title":{"rendered":"Service de v\u00e9rification des r\u00e9f\u00e9rences en ligne eR\u00e9f\u00e9rence"},"content":{"rendered":"\n\n\t<p><a href=\"https:\/\/www.mintzglobalscreening.com\/fr\/media-category\/qui-est-verifications-mondiales-mintz\/\">V\u00e9rifications mondiales Mintz<\/a> vous propose de proc\u00e9der de mani\u00e8re rapide et pratique \u00e0 une v\u00e9rification en ligne des r\u00e9f\u00e9rences d&rsquo;un candidat gr\u00e2ce \u00e0 sa plateforme eR\u00e9f\u00e9rence. Cet outil novateur a le potentiel de vous faire gagner un temps pr\u00e9cieux lors d&rsquo;un processus d&#8217;embauche rigoureux.<\/p>\n\t\t\t\t<img loading=\"lazy\" decoding=\"async\" src=\"https:\/\/www.mintzglobalscreening.com\/wp-content\/uploads\/2018\/12\/icon-processus-rapide.png\" alt=\"icon-processus-rapide\" itemprop=\"image\" height=\"60\" width=\"60\" title=\"icon-processus-rapide\" onerror=\"this.style.display='none'\"  \/>\n\t<p>Obtenez les r\u00e9f\u00e9rences souhait\u00e9es rapidement gr\u00e2ce \u00e0 un processus rapide et flexible.<\/p>\n\t\t\t\t<img loading=\"lazy\" decoding=\"async\" src=\"https:\/\/www.mintzglobalscreening.com\/wp-content\/uploads\/2018\/12\/icon-processus-verif.png\" alt=\"icon-processus-verif\" itemprop=\"image\" height=\"60\" width=\"60\" title=\"icon-processus-verif\" onerror=\"this.style.display='none'\"  \/>\n\t<p>Initiez un processus de v\u00e9rifications &amp; acc\u00e9dez aux r\u00e9f\u00e9rences de vos candidats, peu importe o\u00f9 vous vous trouvez.<\/p>\n\t\t\t\t<img loading=\"lazy\" decoding=\"async\" src=\"https:\/\/www.mintzglobalscreening.com\/wp-content\/uploads\/2018\/12\/icon-embaucher-competence.png\" alt=\"icon-embaucher-competence\" itemprop=\"image\" height=\"60\" width=\"60\" title=\"icon-embaucher-competence\" onerror=\"this.style.display='none'\"  \/>\n\t<p>Assurez-vous d&#8217;embaucher un candidat qui poss\u00e8de r\u00e9ellement les comp\u00e9tences requises pour le poste \u00e0 combler.<\/p>\n\tFaites appel \u00e0 nos sp\u00e9cialistes en v\u00e9rification d&rsquo;ant\u00e9c\u00e9dents\n\t\t\t<a href=\"https:\/\/www.mintzglobalscreening.com\/fr\/contactez-nous\/\" target=\"_self\" role=\"button\" rel=\"noopener\">\n\t\t\t\t\t\t\tContactez-nous\n\t\t\t\t\t<\/a>\n\t<h2>Pourquoi avoir recours \u00e0 notre service de contr\u00f4le des r\u00e9f\u00e9rences en ligne?<\/h2>\n<p><strong>Finie l&rsquo;\u00e9poque o\u00f9 le meilleur moyen de joindre une r\u00e9f\u00e9rence \u00e9tait de l&rsquo;appeler au bureau entre 9 et 5. <\/strong><\/p>\n<p>Au rythme effr\u00e9n\u00e9 o\u00f9 \u00e9volue aujourd&rsquo;hui le monde des affaires, il devient de plus en plus difficile de planifier un entretien de r\u00e9f\u00e9rence avec un gestionnaire. Cette probl\u00e9matique peut parfois entra\u00eener des jours de d\u00e9lais inutiles dans le traitement d&rsquo;une v\u00e9rification d&rsquo;ant\u00e9c\u00e9dents.<\/p>\n<p>Misant sur l&rsquo;innovation technologique, V\u00e9rifications mondiales Mintz a d\u00e9velopp\u00e9 l&rsquo;outil d&rsquo;eR\u00e9f\u00e9rence pour r\u00e9pondre \u00e0 un besoin criant de l&rsquo;industrie : trouver une fa\u00e7on plus rapide et flexible de v\u00e9rifier des r\u00e9f\u00e9rences.<\/p>\n<p>L&rsquo;eR\u00e9f\u00e9rence est une plateforme en ligne qui permet la r\u00e9colte \u00e9lectronique de r\u00e9f\u00e9rences. Facile \u00e0 utiliser partout et en tout temps, cet outil offre aux r\u00e9pondants une flexibilit\u00e9 in\u00e9gal\u00e9e pour fournir les r\u00e9f\u00e9rences de votre candidat d\u00e8s qu&rsquo;elles sont disponibles, \u00e0 l&rsquo;aide de n&rsquo;importe quel appareil.<\/p>\n\t<h2>Pourquoi choisir le service eR\u00e9f\u00e9rence de V\u00e9rifications mondiales Mintz?<\/h2>\n<p>Forte d&rsquo;une exp\u00e9rience de plus d&rsquo;un si\u00e8cle dans le domaine de la v\u00e9rification d&rsquo;ant\u00e9c\u00e9dents, notre \u00e9quipe de v\u00e9rificateurs poss\u00e8de toute l&rsquo;expertise n\u00e9cessaire pour pouvoir vous fournir rapidement des renseignements fiables concernant vos candidats.<\/p>\n<p>En choisissant notre service exclusif eR\u00e9f\u00e9rence, vous profitez de caract\u00e9ristiques uniques :<\/p>\n<ul>\n<li>Plateforme accessible \u00e0 partir de presque n&rsquo;importe quel appareil.<\/li>\n<li>Disponible 24 heures sur 24 dans des dizaines de langues.<\/li>\n<li>Questionnaires personnalisables.<\/li>\n<li>Nombre illimit\u00e9 de r\u00e9f\u00e9rences par candidat.<\/li>\n<li>Capture de donn\u00e9es d&rsquo;identification pour veiller \u00e0 la s\u00e9curit\u00e9 et fiabilit\u00e9 des donn\u00e9es.<\/li>\n<li>Notifications courriel et SMS.<\/li>\n<li>R\u00e9f\u00e9rences lanc\u00e9es automatiquement \u00e0 la r\u00e9ception de la demande.<\/li>\n<li>R\u00e9sultats disponibles instantan\u00e9ment sur notre site web s\u00e9curis\u00e9.<\/li>\n<\/ul>\n\t<h2>Vous d\u00e9sirez en apprendre davantage sur notre service de v\u00e9rifications des r\u00e9f\u00e9rences en ligne?<\/h2>\n<p>Si vous voulez en savoir plus sur les m\u00e9thodes d&rsquo;investigation et de recherche que nous utilisons pour effectuer une v\u00e9rification de r\u00e9f\u00e9rences de candidats, n&rsquo;h\u00e9sitez pas \u00e0 <a href=\"https:\/\/www.mintzglobalscreening.com\/fr\/contactez-nous\/\">contacter notre \u00e9quipe!<\/a><\/p>\n\n","protected":false},"excerpt":{"rendered":"<p>V\u00e9rifications mondiales Mintz vous propose de proc\u00e9der de mani\u00e8re rapide et pratique \u00e0 une v\u00e9rification en ligne des r\u00e9f\u00e9rences d&rsquo;un candidat gr\u00e2ce \u00e0 sa plateforme eR\u00e9f\u00e9rence. Cet outil novateur a le potentiel de vous faire gagner un temps pr\u00e9cieux lors d&rsquo;un processus d&#8217;embauche rigoureux. Obtenez les r\u00e9f\u00e9rences souhait\u00e9es rapidement gr\u00e2ce \u00e0 un processus rapide et flexible. Initiez un processus de v\u00e9rifications &amp; acc\u00e9dez aux r\u00e9f\u00e9rences de vos candidats, peu importe&#8230;<\/p>\n","protected":false},"author":7,"featured_media":2650,"parent":1252,"menu_order":106,"comment_status":"closed","ping_status":"closed","template":"","meta":{"_acf_changed":false,"content-type":"","footnotes":""},"class_list":["post-2649","page","type-page","status-publish","has-post-thumbnail","hentry"],"acf":[],"yoast_head":"<!-- This site is optimized with the Yoast SEO plugin v25.0 - https:\/\/yoast.com\/wordpress\/plugins\/seo\/ -->\n<title>V\u00e9rification des R\u00e9f\u00e9rences de Candidats en Ligne | Service eR\u00e9f\u00e9rence<\/title>\n<meta name=\"description\" content=\"V\u00e9rifications mondiales Mintz vous propose un service de contr\u00f4le des r\u00e9f\u00e9rences de candidats en ligne. B\u00e9n\u00e9ficiez d&#039;un outil rapide, fiable et flexible.\" \/>\n<meta name=\"robots\" content=\"index, follow, max-snippet:-1, max-image-preview:large, max-video-preview:-1\" \/>\n<link rel=\"canonical\" href=\"https:\/\/www.mintzglobalscreening.com\/fr\/services\/e-reference\/\" \/>\n<meta property=\"og:locale\" content=\"fr_FR\" \/>\n<meta property=\"og:type\" content=\"article\" \/>\n<meta property=\"og:title\" content=\"V\u00e9rification des R\u00e9f\u00e9rences de Candidats en Ligne | Service eR\u00e9f\u00e9rence\" \/>\n<meta property=\"og:description\" content=\"V\u00e9rifications mondiales Mintz vous propose un service de contr\u00f4le des r\u00e9f\u00e9rences de candidats en ligne. B\u00e9n\u00e9ficiez d&#039;un outil rapide, fiable et flexible.\" \/>\n<meta property=\"og:url\" content=\"https:\/\/www.mintzglobalscreening.com\/fr\/services\/e-reference\/\" \/>\n<meta property=\"og:site_name\" content=\"Mintz Global Screening\" \/>\n<meta property=\"article:publisher\" content=\"https:\/\/www.facebook.com\/Mintzglobal\" \/>\n<meta property=\"article:modified_time\" content=\"2024-01-12T07:37:29+00:00\" \/>\n<meta property=\"og:image\" content=\"https:\/\/www.mintzglobalscreening.com\/wp-content\/uploads\/2018\/12\/img_header-e-reference.jpg\" \/>\n\t<meta property=\"og:image:width\" content=\"1920\" \/>\n\t<meta property=\"og:image:height\" content=\"320\" \/>\n\t<meta property=\"og:image:type\" content=\"image\/jpeg\" \/>\n<meta name=\"twitter:card\" content=\"summary_large_image\" \/>\n<meta name=\"twitter:site\" content=\"@MintzGlobal\" \/>\n<meta name=\"twitter:label1\" content=\"Dur\u00e9e de lecture estim\u00e9e\" \/>\n\t<meta name=\"twitter:data1\" content=\"2 minutes\" \/>\n<script type=\"application\/ld+json\" class=\"yoast-schema-graph\">{\"@context\":\"https:\/\/schema.org\",\"@graph\":[{\"@type\":\"WebPage\",\"@id\":\"https:\/\/www.mintzglobalscreening.com\/fr\/services\/e-reference\/\",\"url\":\"https:\/\/www.mintzglobalscreening.com\/fr\/services\/e-reference\/\",\"name\":\"V\u00e9rification des R\u00e9f\u00e9rences de Candidats en Ligne | Service eR\u00e9f\u00e9rence\",\"isPartOf\":{\"@id\":\"https:\/\/www.mintzglobalscreening.com\/fr\/#website\"},\"primaryImageOfPage\":{\"@id\":\"https:\/\/www.mintzglobalscreening.com\/fr\/services\/e-reference\/#primaryimage\"},\"image\":{\"@id\":\"https:\/\/www.mintzglobalscreening.com\/fr\/services\/e-reference\/#primaryimage\"},\"thumbnailUrl\":\"https:\/\/www.mintzglobalscreening.com\/wp-content\/uploads\/2018\/12\/img_header-e-reference.jpg\",\"datePublished\":\"2018-12-07T17:31:38+00:00\",\"dateModified\":\"2024-01-12T07:37:29+00:00\",\"description\":\"V\u00e9rifications mondiales Mintz vous propose un service de contr\u00f4le des r\u00e9f\u00e9rences de candidats en ligne. B\u00e9n\u00e9ficiez d'un outil rapide, fiable et flexible.\",\"breadcrumb\":{\"@id\":\"https:\/\/www.mintzglobalscreening.com\/fr\/services\/e-reference\/#breadcrumb\"},\"inLanguage\":\"fr-FR\",\"potentialAction\":[{\"@type\":\"ReadAction\",\"target\":[\"https:\/\/www.mintzglobalscreening.com\/fr\/services\/e-reference\/\"]}]},{\"@type\":\"ImageObject\",\"inLanguage\":\"fr-FR\",\"@id\":\"https:\/\/www.mintzglobalscreening.com\/fr\/services\/e-reference\/#primaryimage\",\"url\":\"https:\/\/www.mintzglobalscreening.com\/wp-content\/uploads\/2018\/12\/img_header-e-reference.jpg\",\"contentUrl\":\"https:\/\/www.mintzglobalscreening.com\/wp-content\/uploads\/2018\/12\/img_header-e-reference.jpg\",\"width\":1920,\"height\":320},{\"@type\":\"BreadcrumbList\",\"@id\":\"https:\/\/www.mintzglobalscreening.com\/fr\/services\/e-reference\/#breadcrumb\",\"itemListElement\":[{\"@type\":\"ListItem\",\"position\":1,\"name\":\"Home\",\"item\":\"https:\/\/www.mintzglobalscreening.com\/fr\/\"},{\"@type\":\"ListItem\",\"position\":2,\"name\":\"Services\",\"item\":\"https:\/\/www.mintzglobalscreening.com\/fr\/services\/\"},{\"@type\":\"ListItem\",\"position\":3,\"name\":\"Service de v\u00e9rification des r\u00e9f\u00e9rences en ligne eR\u00e9f\u00e9rence\"}]},{\"@type\":\"WebSite\",\"@id\":\"https:\/\/www.mintzglobalscreening.com\/fr\/#website\",\"url\":\"https:\/\/www.mintzglobalscreening.com\/fr\/\",\"name\":\"Mintz Global Screening\",\"description\":\"Mintz Global Screening\",\"potentialAction\":[{\"@type\":\"SearchAction\",\"target\":{\"@type\":\"EntryPoint\",\"urlTemplate\":\"https:\/\/www.mintzglobalscreening.com\/fr\/?s={search_term_string}\"},\"query-input\":{\"@type\":\"PropertyValueSpecification\",\"valueRequired\":true,\"valueName\":\"search_term_string\"}}],\"inLanguage\":\"fr-FR\"}]}<\/script>\n<!-- \/ Yoast SEO plugin. -->","yoast_head_json":{"title":"V\u00e9rification des R\u00e9f\u00e9rences de Candidats en Ligne | Service eR\u00e9f\u00e9rence","description":"V\u00e9rifications mondiales Mintz vous propose un service de contr\u00f4le des r\u00e9f\u00e9rences de candidats en ligne. B\u00e9n\u00e9ficiez d'un outil rapide, fiable et flexible.","robots":{"index":"index","follow":"follow","max-snippet":"max-snippet:-1","max-image-preview":"max-image-preview:large","max-video-preview":"max-video-preview:-1"},"canonical":"https:\/\/www.mintzglobalscreening.com\/fr\/services\/e-reference\/","og_locale":"fr_FR","og_type":"article","og_title":"V\u00e9rification des R\u00e9f\u00e9rences de Candidats en Ligne | Service eR\u00e9f\u00e9rence","og_description":"V\u00e9rifications mondiales Mintz vous propose un service de contr\u00f4le des r\u00e9f\u00e9rences de candidats en ligne. B\u00e9n\u00e9ficiez d'un outil rapide, fiable et flexible.","og_url":"https:\/\/www.mintzglobalscreening.com\/fr\/services\/e-reference\/","og_site_name":"Mintz Global Screening","article_publisher":"https:\/\/www.facebook.com\/Mintzglobal","article_modified_time":"2024-01-12T07:37:29+00:00","og_image":[{"width":1920,"height":320,"url":"https:\/\/www.mintzglobalscreening.com\/wp-content\/uploads\/2018\/12\/img_header-e-reference.jpg","type":"image\/jpeg"}],"twitter_card":"summary_large_image","twitter_site":"@MintzGlobal","twitter_misc":{"Dur\u00e9e de lecture estim\u00e9e":"2 minutes"},"schema":{"@context":"https:\/\/schema.org","@graph":[{"@type":"WebPage","@id":"https:\/\/www.mintzglobalscreening.com\/fr\/services\/e-reference\/","url":"https:\/\/www.mintzglobalscreening.com\/fr\/services\/e-reference\/","name":"V\u00e9rification des R\u00e9f\u00e9rences de Candidats en Ligne | Service eR\u00e9f\u00e9rence","isPartOf":{"@id":"https:\/\/www.mintzglobalscreening.com\/fr\/#website"},"primaryImageOfPage":{"@id":"https:\/\/www.mintzglobalscreening.com\/fr\/services\/e-reference\/#primaryimage"},"image":{"@id":"https:\/\/www.mintzglobalscreening.com\/fr\/services\/e-reference\/#primaryimage"},"thumbnailUrl":"https:\/\/www.mintzglobalscreening.com\/wp-content\/uploads\/2018\/12\/img_header-e-reference.jpg","datePublished":"2018-12-07T17:31:38+00:00","dateModified":"2024-01-12T07:37:29+00:00","description":"V\u00e9rifications mondiales Mintz vous propose un service de contr\u00f4le des r\u00e9f\u00e9rences de candidats en ligne. B\u00e9n\u00e9ficiez d'un outil rapide, fiable et flexible.","breadcrumb":{"@id":"https:\/\/www.mintzglobalscreening.com\/fr\/services\/e-reference\/#breadcrumb"},"inLanguage":"fr-FR","potentialAction":[{"@type":"ReadAction","target":["https:\/\/www.mintzglobalscreening.com\/fr\/services\/e-reference\/"]}]},{"@type":"ImageObject","inLanguage":"fr-FR","@id":"https:\/\/www.mintzglobalscreening.com\/fr\/services\/e-reference\/#primaryimage","url":"https:\/\/www.mintzglobalscreening.com\/wp-content\/uploads\/2018\/12\/img_header-e-reference.jpg","contentUrl":"https:\/\/www.mintzglobalscreening.com\/wp-content\/uploads\/2018\/12\/img_header-e-reference.jpg","width":1920,"height":320},{"@type":"BreadcrumbList","@id":"https:\/\/www.mintzglobalscreening.com\/fr\/services\/e-reference\/#breadcrumb","itemListElement":[{"@type":"ListItem","position":1,"name":"Home","item":"https:\/\/www.mintzglobalscreening.com\/fr\/"},{"@type":"ListItem","position":2,"name":"Services","item":"https:\/\/www.mintzglobalscreening.com\/fr\/services\/"},{"@type":"ListItem","position":3,"name":"Service de v\u00e9rification des r\u00e9f\u00e9rences en ligne eR\u00e9f\u00e9rence"}]},{"@type":"WebSite","@id":"https:\/\/www.mintzglobalscreening.com\/fr\/#website","url":"https:\/\/www.mintzglobalscreening.com\/fr\/","name":"Mintz Global Screening","description":"Mintz Global Screening","potentialAction":[{"@type":"SearchAction","target":{"@type":"EntryPoint","urlTemplate":"https:\/\/www.mintzglobalscreening.com\/fr\/?s={search_term_string}"},"query-input":{"@type":"PropertyValueSpecification","valueRequired":true,"valueName":"search_term_string"}}],"inLanguage":"fr-FR"}]}},"_links":{"self":[{"href":"https:\/\/www.mintzglobalscreening.com\/fr\/wp-json\/wp\/v2\/pages\/2649","targetHints":{"allow":["GET"]}}],"collection":[{"href":"https:\/\/www.mintzglobalscreening.com\/fr\/wp-json\/wp\/v2\/pages"}],"about":[{"href":"https:\/\/www.mintzglobalscreening.com\/fr\/wp-json\/wp\/v2\/types\/page"}],"author":[{"embeddable":true,"href":"https:\/\/www.mintzglobalscreening.com\/fr\/wp-json\/wp\/v2\/users\/7"}],"replies":[{"embeddable":true,"href":"https:\/\/www.mintzglobalscreening.com\/fr\/wp-json\/wp\/v2\/comments?post=2649"}],"version-history":[{"count":6,"href":"https:\/\/www.mintzglobalscreening.com\/fr\/wp-json\/wp\/v2\/pages\/2649\/revisions"}],"predecessor-version":[{"id":4930,"href":"https:\/\/www.mintzglobalscreening.com\/fr\/wp-json\/wp\/v2\/pages\/2649\/revisions\/4930"}],"up":[{"embeddable":true,"href":"https:\/\/www.mintzglobalscreening.com\/fr\/wp-json\/wp\/v2\/pages\/1252"}],"wp:featuredmedia":[{"embeddable":true,"href":"https:\/\/www.mintzglobalscreening.com\/fr\/wp-json\/wp\/v2\/media\/2650"}],"wp:attachment":[{"href":"https:\/\/www.mintzglobalscreening.com\/fr\/wp-json\/wp\/v2\/media?parent=2649"}],"curies":[{"name":"wp","href":"https:\/\/api.w.org\/{rel}","templated":true}]}}