{"id":2661,"date":"2018-12-07T18:21:10","date_gmt":"2018-12-07T18:21:10","guid":{"rendered":"https:\/\/www.mintzglobalscreening.com\/stage\/?page_id=2661\/"},"modified":"2024-01-29T16:20:08","modified_gmt":"2024-01-29T16:20:08","slug":"reference","status":"publish","type":"page","link":"https:\/\/www.mintzglobalscreening.com\/fr\/services\/reference\/","title":{"rendered":"Service de v\u00e9rification des r\u00e9f\u00e9rences d\u2019un candidat"},"content":{"rendered":"\n\n\t<p><a href=\"https:\/\/www.mintzglobalscreening.com\/fr\/media-category\/qui-est-verifications-mondiales-mintz\/\">V\u00e9rifications mondiales Mintz<\/a> vous propose un accompagnement dans votre processus de recrutement de nouveaux employ\u00e9s en vous fournissant des rapports d\u00e9taill\u00e9s sur l&rsquo;exp\u00e9rience professionnelle de vos candidats. Ainsi, vous conna\u00eetrez la v\u00e9ritable valeur d&rsquo;un postulant, en vous fiant aux observations de ses anciens sup\u00e9rieurs.<\/p>\n<p>En plus de vous offrir un \u00e9clairage nouveau sur le potentiel r\u00e9el d&rsquo;un candidat, laisser cette d\u00e9marche au soin de notre \u00e9quipe de v\u00e9rificateurs vous assure \u00e9galement de b\u00e9n\u00e9ficier d&rsquo;informations justes, qui vous permettront de <a href=\"https:\/\/www.mintzglobalscreening.com\/fr\/media-category\/conseils-lors-de-lentrevue\/\">faire la meilleure embauche possible<\/a>, plus rapidement.<\/p>\n\t\t\t\t<img loading=\"lazy\" decoding=\"async\" src=\"https:\/\/www.mintzglobalscreening.com\/wp-content\/uploads\/2018\/12\/icon-objectivite\u0301.png\" alt=\"icon-objectivite\u0301\" itemprop=\"image\" height=\"60\" width=\"60\" title=\"icon-objectivite\u0301\" onerror=\"this.style.display='none'\"  \/>\n\t<p>Garantissez l&rsquo;objectivit\u00e9 de vos r\u00e9f\u00e9rences.<\/p>\n\t\t\t\t<img loading=\"lazy\" decoding=\"async\" src=\"https:\/\/www.mintzglobalscreening.com\/wp-content\/uploads\/2018\/12\/icon-reduisez-cout.png\" alt=\"icon-reduisez-cout\" itemprop=\"image\" height=\"60\" width=\"60\" title=\"icon-reduisez-cout\" onerror=\"this.style.display='none'\"  \/>\n\t<p>R\u00e9duisez les co\u00fbts de votre processus d&#8217;embauche.<\/p>\n\t\t\t\t<img loading=\"lazy\" decoding=\"async\" src=\"https:\/\/www.mintzglobalscreening.com\/wp-content\/uploads\/2018\/12\/icon-liberez-equipe-ressource-humaine.png\" alt=\"icon-liberez-equipe-ressource-humaine\" itemprop=\"image\" height=\"60\" width=\"60\" title=\"icon-liberez-equipe-ressource-humaine\" onerror=\"this.style.display='none'\"  \/>\n\t<p>Lib\u00e9rez votre \u00e9quipe des ressources humaines.<\/p>\n\tFaites appel \u00e0 nos sp\u00e9cialistes en v\u00e9rification d&rsquo;ant\u00e9c\u00e9dents\n\t\t\t<a href=\"https:\/\/www.mintzglobalscreening.com\/fr\/contact-fr\/\" target=\"_self\" role=\"button\" rel=\"noopener\">\n\t\t\t\t\t\t\tContactez-nous\n\t\t\t\t\t<\/a>\n\t<h2>Pourquoi avoir recours \u00e0 notre service de v\u00e9rification des r\u00e9f\u00e9rences?<\/h2>\n<p><strong>Lib\u00e9rez votre \u00e9quipe RH en laissant \u00e0 des professionnels le soin de v\u00e9rifier les r\u00e9f\u00e9rences de vos candidats.<\/strong><\/p>\n<p>Une bonne v\u00e9rification des r\u00e9f\u00e9rences d&rsquo;un candidat prend du temps. Cependant, les \u00e9quipes de ressources humaines d&rsquo;aujourd&rsquo;hui sont si occup\u00e9es que chacune de leurs minutes est compt\u00e9e. C&rsquo;est d&rsquo;ailleurs pourquoi de plus en plus d&rsquo;entreprises font appel \u00e0 des experts en <a href=\"https:\/\/www.mintzglobalscreening.com\/fr\/media-category\/comment-verifiez-les-antecedents-de-vos-candidats\/\">v\u00e9rification d&rsquo;ant\u00e9c\u00e9dents<\/a> pour traiter ces recherches \u00e0 leur place.<\/p>\n<p>Une v\u00e9rification professionnelle de r\u00e9f\u00e9rences faite par notre \u00e9quipe vous fournit un rapport d\u00e9taill\u00e9 sur l&rsquo;exp\u00e9rience d&#8217;emploi de votre candidat, y compris ses t\u00e2ches, sa formation professionnelle, son rendement, ses caract\u00e9ristiques principales, son comportement, ses points \u00e0 am\u00e9liorer, ses habilet\u00e9s de communication et son leadership.<\/p>\n<p>Bref, vous pourrez rapidement savoir si un candidat a vraiment le profil pour int\u00e9grer votre entreprise et les comp\u00e9tences n\u00e9cessaires pour s&rsquo;acquitter sans probl\u00e8me des t\u00e2ches qui lui seront demand\u00e9es.<\/p>\n\t<h2>Pourquoi choisir le service de v\u00e9rifications de r\u00e9f\u00e9rences Mintz?<\/h2>\n<p>Lorsqu&rsquo;une entreprise poss\u00e8de plus de 100 ans d&rsquo;exp\u00e9rience dans son secteur d&rsquo;activit\u00e9s, vous pouvez \u00eatre certain qu&rsquo;elle offre des services d&rsquo;une qualit\u00e9 irr\u00e9prochable. Dans le cas de V\u00e9rifications mondiales Mintz, la rigueur des proc\u00e9d\u00e9s d&rsquo;investigation d\u00e9velopp\u00e9s au fil des ann\u00e9es, ainsi qu&rsquo;une approche consultative ont fait de cette entreprise un leader en v\u00e9rification d&rsquo;ant\u00e9c\u00e9dents.<\/p>\n<p>En choisissant notre service de v\u00e9rification des r\u00e9f\u00e9rences, vous profitez d&rsquo;ailleurs d&rsquo;avantages uniques :<\/p>\n<ul>\n<li>M\u00e9thodologie document\u00e9e pour veiller au respect des meilleurs d\u00e9lais de traitement et au plus haut niveau de conformit\u00e9.<\/li>\n<li>Agents form\u00e9s \u00e0 approfondir l&rsquo;entretien pour obtenir de l&rsquo;information utile et compl\u00e8te.<\/li>\n<li>Remplacement de r\u00e9f\u00e9rence gratuit quand la premi\u00e8re source fournie n&rsquo;est pas disponible.<\/li>\n<li>Possibilit\u00e9 d&rsquo;autoriser le contact au candidat pour r\u00e9gler tout probl\u00e8me au cours de la v\u00e9rification.<\/li>\n<li>Couverture compl\u00e8te de 8h00 \u00e0 20h00 (Heure de l&rsquo;Est).<\/li>\n<li>\u00c9quipe enti\u00e8rement bilingue.<\/li>\n<li>Service \u00e0 la client\u00e8le exceptionnel.<\/li>\n<li>V\u00e9rifications pouvant \u00eatre effectu\u00e9es par notre \u00e9quipe dans plus de 14 langues.<\/li>\n<li>Rapports disponibles en fran\u00e7ais ou anglais.<\/li>\n<li>R\u00e9sultats disponibles en temps r\u00e9el sur notre site web s\u00e9curis\u00e9.<\/li>\n<li>Contr\u00f4le de la qualit\u00e9 pour tous les r\u00e9sultats obtenus.<\/li>\n<\/ul>\n\t<h2>Vous d\u00e9sirez en apprendre davantage sur notre service de v\u00e9rification des r\u00e9f\u00e9rences de candidats?<\/h2>\n<p>Si vous voulez en savoir plus sur la fa\u00e7on dont nos v\u00e9rificateurs chevronn\u00e9s peuvent vous fournir des r\u00e9f\u00e9rences fiables et vous assister dans la recherche des meilleurs candidats pour votre organisation, n&rsquo;h\u00e9sitez pas \u00e0 <a href=\"https:\/\/www.mintzglobalscreening.com\/fr\/contactez-nous\/nouvelle-demande-client\/\">contacter notre \u00e9quipe <\/a>!<\/p>\n\n","protected":false},"excerpt":{"rendered":"<p>V\u00e9rifications mondiales Mintz vous propose un accompagnement dans votre processus de recrutement de nouveaux employ\u00e9s en vous fournissant des rapports d\u00e9taill\u00e9s sur l&rsquo;exp\u00e9rience professionnelle de vos candidats. Ainsi, vous conna\u00eetrez la v\u00e9ritable valeur d&rsquo;un postulant, en vous fiant aux observations de ses anciens sup\u00e9rieurs. En plus de vous offrir un \u00e9clairage nouveau sur le potentiel r\u00e9el d&rsquo;un candidat, laisser cette d\u00e9marche au soin de notre \u00e9quipe de v\u00e9rificateurs vous assure&#8230;<\/p>\n","protected":false},"author":7,"featured_media":2662,"parent":1252,"menu_order":105,"comment_status":"closed","ping_status":"closed","template":"","meta":{"_acf_changed":false,"content-type":"","footnotes":""},"class_list":["post-2661","page","type-page","status-publish","has-post-thumbnail","hentry"],"acf":[],"yoast_head":"<!-- This site is optimized with the Yoast SEO plugin v25.0 - https:\/\/yoast.com\/wordpress\/plugins\/seo\/ -->\n<title>Service Professionnel de V\u00e9rification des R\u00e9f\u00e9rences de Candidats<\/title>\n<meta name=\"description\" content=\"V\u00e9rifications mondiales Mintz vous propose un service professionnel de v\u00e9rification des r\u00e9f\u00e9rences de candidats. Obtenez des rapports d\u00e9taill\u00e9s sur leur exp\u00e9rience professionnelle.\" \/>\n<meta name=\"robots\" content=\"index, follow, max-snippet:-1, max-image-preview:large, max-video-preview:-1\" \/>\n<link rel=\"canonical\" href=\"https:\/\/www.mintzglobalscreening.com\/fr\/services\/reference\/\" \/>\n<meta property=\"og:locale\" content=\"fr_FR\" \/>\n<meta property=\"og:type\" content=\"article\" \/>\n<meta property=\"og:title\" content=\"Service Professionnel de V\u00e9rification des R\u00e9f\u00e9rences de Candidats\" \/>\n<meta property=\"og:description\" content=\"V\u00e9rifications mondiales Mintz vous propose un service professionnel de v\u00e9rification des r\u00e9f\u00e9rences de candidats. Obtenez des rapports d\u00e9taill\u00e9s sur leur exp\u00e9rience professionnelle.\" \/>\n<meta property=\"og:url\" content=\"https:\/\/www.mintzglobalscreening.com\/fr\/services\/reference\/\" \/>\n<meta property=\"og:site_name\" content=\"Mintz Global Screening\" \/>\n<meta property=\"article:publisher\" content=\"https:\/\/www.facebook.com\/Mintzglobal\" \/>\n<meta property=\"article:modified_time\" content=\"2024-01-29T16:20:08+00:00\" \/>\n<meta property=\"og:image\" content=\"https:\/\/www.mintzglobalscreening.com\/wp-content\/uploads\/2018\/12\/img_header-reference.jpg\" \/>\n\t<meta property=\"og:image:width\" content=\"1920\" \/>\n\t<meta property=\"og:image:height\" content=\"320\" \/>\n\t<meta property=\"og:image:type\" content=\"image\/jpeg\" \/>\n<meta name=\"twitter:card\" content=\"summary_large_image\" \/>\n<meta name=\"twitter:site\" content=\"@MintzGlobal\" \/>\n<meta name=\"twitter:label1\" content=\"Dur\u00e9e de lecture estim\u00e9e\" \/>\n\t<meta name=\"twitter:data1\" content=\"3 minutes\" \/>\n<script type=\"application\/ld+json\" class=\"yoast-schema-graph\">{\"@context\":\"https:\/\/schema.org\",\"@graph\":[{\"@type\":\"WebPage\",\"@id\":\"https:\/\/www.mintzglobalscreening.com\/fr\/services\/reference\/\",\"url\":\"https:\/\/www.mintzglobalscreening.com\/fr\/services\/reference\/\",\"name\":\"Service Professionnel de V\u00e9rification des R\u00e9f\u00e9rences de Candidats\",\"isPartOf\":{\"@id\":\"https:\/\/www.mintzglobalscreening.com\/fr\/#website\"},\"primaryImageOfPage\":{\"@id\":\"https:\/\/www.mintzglobalscreening.com\/fr\/services\/reference\/#primaryimage\"},\"image\":{\"@id\":\"https:\/\/www.mintzglobalscreening.com\/fr\/services\/reference\/#primaryimage\"},\"thumbnailUrl\":\"https:\/\/www.mintzglobalscreening.com\/wp-content\/uploads\/2018\/12\/img_header-reference.jpg\",\"datePublished\":\"2018-12-07T18:21:10+00:00\",\"dateModified\":\"2024-01-29T16:20:08+00:00\",\"description\":\"V\u00e9rifications mondiales Mintz vous propose un service professionnel de v\u00e9rification des r\u00e9f\u00e9rences de candidats. Obtenez des rapports d\u00e9taill\u00e9s sur leur exp\u00e9rience professionnelle.\",\"breadcrumb\":{\"@id\":\"https:\/\/www.mintzglobalscreening.com\/fr\/services\/reference\/#breadcrumb\"},\"inLanguage\":\"fr-FR\",\"potentialAction\":[{\"@type\":\"ReadAction\",\"target\":[\"https:\/\/www.mintzglobalscreening.com\/fr\/services\/reference\/\"]}]},{\"@type\":\"ImageObject\",\"inLanguage\":\"fr-FR\",\"@id\":\"https:\/\/www.mintzglobalscreening.com\/fr\/services\/reference\/#primaryimage\",\"url\":\"https:\/\/www.mintzglobalscreening.com\/wp-content\/uploads\/2018\/12\/img_header-reference.jpg\",\"contentUrl\":\"https:\/\/www.mintzglobalscreening.com\/wp-content\/uploads\/2018\/12\/img_header-reference.jpg\",\"width\":1920,\"height\":320},{\"@type\":\"BreadcrumbList\",\"@id\":\"https:\/\/www.mintzglobalscreening.com\/fr\/services\/reference\/#breadcrumb\",\"itemListElement\":[{\"@type\":\"ListItem\",\"position\":1,\"name\":\"Home\",\"item\":\"https:\/\/www.mintzglobalscreening.com\/fr\/\"},{\"@type\":\"ListItem\",\"position\":2,\"name\":\"Services\",\"item\":\"https:\/\/www.mintzglobalscreening.com\/fr\/services\/\"},{\"@type\":\"ListItem\",\"position\":3,\"name\":\"Service de v\u00e9rification des r\u00e9f\u00e9rences d\u2019un candidat\"}]},{\"@type\":\"WebSite\",\"@id\":\"https:\/\/www.mintzglobalscreening.com\/fr\/#website\",\"url\":\"https:\/\/www.mintzglobalscreening.com\/fr\/\",\"name\":\"Mintz Global Screening\",\"description\":\"Mintz Global Screening\",\"potentialAction\":[{\"@type\":\"SearchAction\",\"target\":{\"@type\":\"EntryPoint\",\"urlTemplate\":\"https:\/\/www.mintzglobalscreening.com\/fr\/?s={search_term_string}\"},\"query-input\":{\"@type\":\"PropertyValueSpecification\",\"valueRequired\":true,\"valueName\":\"search_term_string\"}}],\"inLanguage\":\"fr-FR\"}]}<\/script>\n<!-- \/ Yoast SEO plugin. -->","yoast_head_json":{"title":"Service Professionnel de V\u00e9rification des R\u00e9f\u00e9rences de Candidats","description":"V\u00e9rifications mondiales Mintz vous propose un service professionnel de v\u00e9rification des r\u00e9f\u00e9rences de candidats. Obtenez des rapports d\u00e9taill\u00e9s sur leur exp\u00e9rience professionnelle.","robots":{"index":"index","follow":"follow","max-snippet":"max-snippet:-1","max-image-preview":"max-image-preview:large","max-video-preview":"max-video-preview:-1"},"canonical":"https:\/\/www.mintzglobalscreening.com\/fr\/services\/reference\/","og_locale":"fr_FR","og_type":"article","og_title":"Service Professionnel de V\u00e9rification des R\u00e9f\u00e9rences de Candidats","og_description":"V\u00e9rifications mondiales Mintz vous propose un service professionnel de v\u00e9rification des r\u00e9f\u00e9rences de candidats. Obtenez des rapports d\u00e9taill\u00e9s sur leur exp\u00e9rience professionnelle.","og_url":"https:\/\/www.mintzglobalscreening.com\/fr\/services\/reference\/","og_site_name":"Mintz Global Screening","article_publisher":"https:\/\/www.facebook.com\/Mintzglobal","article_modified_time":"2024-01-29T16:20:08+00:00","og_image":[{"width":1920,"height":320,"url":"https:\/\/www.mintzglobalscreening.com\/wp-content\/uploads\/2018\/12\/img_header-reference.jpg","type":"image\/jpeg"}],"twitter_card":"summary_large_image","twitter_site":"@MintzGlobal","twitter_misc":{"Dur\u00e9e de lecture estim\u00e9e":"3 minutes"},"schema":{"@context":"https:\/\/schema.org","@graph":[{"@type":"WebPage","@id":"https:\/\/www.mintzglobalscreening.com\/fr\/services\/reference\/","url":"https:\/\/www.mintzglobalscreening.com\/fr\/services\/reference\/","name":"Service Professionnel de V\u00e9rification des R\u00e9f\u00e9rences de Candidats","isPartOf":{"@id":"https:\/\/www.mintzglobalscreening.com\/fr\/#website"},"primaryImageOfPage":{"@id":"https:\/\/www.mintzglobalscreening.com\/fr\/services\/reference\/#primaryimage"},"image":{"@id":"https:\/\/www.mintzglobalscreening.com\/fr\/services\/reference\/#primaryimage"},"thumbnailUrl":"https:\/\/www.mintzglobalscreening.com\/wp-content\/uploads\/2018\/12\/img_header-reference.jpg","datePublished":"2018-12-07T18:21:10+00:00","dateModified":"2024-01-29T16:20:08+00:00","description":"V\u00e9rifications mondiales Mintz vous propose un service professionnel de v\u00e9rification des r\u00e9f\u00e9rences de candidats. Obtenez des rapports d\u00e9taill\u00e9s sur leur exp\u00e9rience professionnelle.","breadcrumb":{"@id":"https:\/\/www.mintzglobalscreening.com\/fr\/services\/reference\/#breadcrumb"},"inLanguage":"fr-FR","potentialAction":[{"@type":"ReadAction","target":["https:\/\/www.mintzglobalscreening.com\/fr\/services\/reference\/"]}]},{"@type":"ImageObject","inLanguage":"fr-FR","@id":"https:\/\/www.mintzglobalscreening.com\/fr\/services\/reference\/#primaryimage","url":"https:\/\/www.mintzglobalscreening.com\/wp-content\/uploads\/2018\/12\/img_header-reference.jpg","contentUrl":"https:\/\/www.mintzglobalscreening.com\/wp-content\/uploads\/2018\/12\/img_header-reference.jpg","width":1920,"height":320},{"@type":"BreadcrumbList","@id":"https:\/\/www.mintzglobalscreening.com\/fr\/services\/reference\/#breadcrumb","itemListElement":[{"@type":"ListItem","position":1,"name":"Home","item":"https:\/\/www.mintzglobalscreening.com\/fr\/"},{"@type":"ListItem","position":2,"name":"Services","item":"https:\/\/www.mintzglobalscreening.com\/fr\/services\/"},{"@type":"ListItem","position":3,"name":"Service de v\u00e9rification des r\u00e9f\u00e9rences d\u2019un candidat"}]},{"@type":"WebSite","@id":"https:\/\/www.mintzglobalscreening.com\/fr\/#website","url":"https:\/\/www.mintzglobalscreening.com\/fr\/","name":"Mintz Global Screening","description":"Mintz Global Screening","potentialAction":[{"@type":"SearchAction","target":{"@type":"EntryPoint","urlTemplate":"https:\/\/www.mintzglobalscreening.com\/fr\/?s={search_term_string}"},"query-input":{"@type":"PropertyValueSpecification","valueRequired":true,"valueName":"search_term_string"}}],"inLanguage":"fr-FR"}]}},"_links":{"self":[{"href":"https:\/\/www.mintzglobalscreening.com\/fr\/wp-json\/wp\/v2\/pages\/2661","targetHints":{"allow":["GET"]}}],"collection":[{"href":"https:\/\/www.mintzglobalscreening.com\/fr\/wp-json\/wp\/v2\/pages"}],"about":[{"href":"https:\/\/www.mintzglobalscreening.com\/fr\/wp-json\/wp\/v2\/types\/page"}],"author":[{"embeddable":true,"href":"https:\/\/www.mintzglobalscreening.com\/fr\/wp-json\/wp\/v2\/users\/7"}],"replies":[{"embeddable":true,"href":"https:\/\/www.mintzglobalscreening.com\/fr\/wp-json\/wp\/v2\/comments?post=2661"}],"version-history":[{"count":9,"href":"https:\/\/www.mintzglobalscreening.com\/fr\/wp-json\/wp\/v2\/pages\/2661\/revisions"}],"predecessor-version":[{"id":4954,"href":"https:\/\/www.mintzglobalscreening.com\/fr\/wp-json\/wp\/v2\/pages\/2661\/revisions\/4954"}],"up":[{"embeddable":true,"href":"https:\/\/www.mintzglobalscreening.com\/fr\/wp-json\/wp\/v2\/pages\/1252"}],"wp:featuredmedia":[{"embeddable":true,"href":"https:\/\/www.mintzglobalscreening.com\/fr\/wp-json\/wp\/v2\/media\/2662"}],"wp:attachment":[{"href":"https:\/\/www.mintzglobalscreening.com\/fr\/wp-json\/wp\/v2\/media?parent=2661"}],"curies":[{"name":"wp","href":"https:\/\/api.w.org\/{rel}","templated":true}]}}