{"id":2674,"date":"2018-12-07T18:30:03","date_gmt":"2018-12-07T18:30:03","guid":{"rendered":"https:\/\/www.mintzglobalscreening.com\/stage\/?page_id=2674\/"},"modified":"2024-01-12T07:39:35","modified_gmt":"2024-01-12T07:39:35","slug":"formation-scolaire","status":"publish","type":"page","link":"https:\/\/www.mintzglobalscreening.com\/fr\/services\/formation-scolaire\/","title":{"rendered":"Service de v\u00e9rification de la formation scolaire"},"content":{"rendered":"\n\n\t<p><a href=\"https:\/\/www.mintzglobalscreening.com\/fr\/media-category\/qui-est-verifications-mondiales-mintz\/\">V\u00e9rifications mondiales Mintz<\/a> vous offre un accompagnement personnalis\u00e9 dans votre processus d&#8217;embauche de nouveaux employ\u00e9s en vous fournissant des rapports d\u00e9taill\u00e9s sur le parcours acad\u00e9mique de vos candidats. Ainsi, vous pourrez \u00eatre assur\u00e9 que vos prospects les plus int\u00e9ressants poss\u00e8dent v\u00e9ritablement les dipl\u00f4mes et qualifications dont ils font mention dans leur CV.<\/p>\n<p>En plus de vous fournir un \u00e9clairage nouveau sur le potentiel r\u00e9el d&rsquo;un postulant, laisser cette d\u00e9marche aux soins de nos v\u00e9rificateurs vous assure \u00e9galement de b\u00e9n\u00e9ficier d&rsquo;informations fiables, qui vous permettront de <a href=\"https:\/\/www.mintzglobalscreening.com\/fr\/media-category\/pourquoi-faire-appel-service-verification-antecedents-avant-embaucher-employe\/\">recruter les meilleurs talents disponibles<\/a>, et ce, plus rapidement.<\/p>\n\t\t\t\t<img loading=\"lazy\" decoding=\"async\" src=\"https:\/\/www.mintzglobalscreening.com\/wp-content\/uploads\/2018\/12\/embauche-travailleur-qualifie.png\" alt=\"embauche-travailleur-qualifie\" itemprop=\"image\" height=\"60\" width=\"60\" title=\"embauche-travailleur-qualifie\" onerror=\"this.style.display='none'\"  \/>\n\t<p>Embauchez des travailleurs r\u00e9ellement qualifi\u00e9s pour le poste \u00e0 occuper<\/p>\n\t\t\t\t<img loading=\"lazy\" decoding=\"async\" src=\"https:\/\/www.mintzglobalscreening.com\/wp-content\/uploads\/2018\/12\/icon-reduisez-cout.png\" alt=\"icon-reduisez-cout\" itemprop=\"image\" height=\"60\" width=\"60\" title=\"icon-reduisez-cout\" onerror=\"this.style.display='none'\"  \/>\n\t<p>R\u00e9duisez les co\u00fbts et les d\u00e9lais de votre processus d&#8217;embauche.<\/p>\n\t\t\t\t<img loading=\"lazy\" decoding=\"async\" src=\"https:\/\/www.mintzglobalscreening.com\/wp-content\/uploads\/2018\/12\/travailler-de-concert.png\" alt=\"travailler-de-concert\" itemprop=\"image\" height=\"60\" width=\"60\" title=\"travailler-de-concert\" onerror=\"this.style.display='none'\"  \/>\n\t<p>Travaillez de concert avec des v\u00e9rificateurs qui vous fourniront des informations fiables<\/p>\n\tFaites appel \u00e0 nos sp\u00e9cialistes en v\u00e9rification d&rsquo;ant\u00e9c\u00e9dents\n\t\t\t<a href=\"https:\/\/www.mintzglobalscreening.com\/fr\/contactez-nous\/\" target=\"_self\" role=\"button\" rel=\"noopener\">\n\t\t\t\t\t\t\tContactez-nous\n\t\t\t\t\t<\/a>\n\t<h2>Pourquoi avoir recours \u00e0 notre service de v\u00e9rification de dipl\u00f4me?<\/h2>\n<p><strong>En 2018, 9,76\u00a0% des v\u00e9rifications de dipl\u00f4me que nous avons effectu\u00e9es ont r\u00e9v\u00e9l\u00e9 des irr\u00e9gularit\u00e9s.\u00a0\u00a0\u00a0 <\/strong><\/p>\n<p>D\u00e9plorables, mais vraies, ces statistiques sont maintenant la norme. La plupart des recruteurs s&rsquo;entendent d&rsquo;ailleurs pour dire qu&rsquo;environ 10\u00a0% des gens mentent sur les dipl\u00f4mes qu&rsquo;ils ont obtenus dans leur CV, que ce soit en d\u00e9clarant un programme qu&rsquo;ils n&rsquo;ont pas termin\u00e9, en indiquant un dipl\u00f4me obtenu d&rsquo;une \u00ab usine \u00e0 dipl\u00f4me \u00bb ou en s&rsquo;inventant tout simplement un dipl\u00f4me d&rsquo;une \u00e9cole qu&rsquo;ils n&rsquo;ont pourtant jamais fr\u00e9quent\u00e9e.<\/p>\n<p>En r\u00e9ponse \u00e0 cette probl\u00e9matique,\u00a0la v\u00e9rification de dipl\u00f4me permet de confirmer l&rsquo;authenticit\u00e9 du dipl\u00f4me obtenu par le candidat, la date \u00e0 laquelle il a \u00e9t\u00e9 conf\u00e9r\u00e9, la l\u00e9gitimit\u00e9 de l&rsquo;institution qui l&rsquo;a \u00e9mis, et identifie les \u00ab usines \u00e0 dipl\u00f4mes \u00bb. Toutes les v\u00e9rifications sont effectu\u00e9es par nos \u00e9quipes d&rsquo;experts chevronn\u00e9s, garantissant ainsi des r\u00e9sultats fiables, dans les meilleurs d\u00e9lais possible.<\/p>\n<p>Bref, vous pourrez rapidement savoir si un candidat a r\u00e9ellement acquis les comp\u00e9tences requises pour un emploi au cours de son parcours acad\u00e9mique.<\/p>\n\t<h2>Pourquoi choisir le service de v\u00e9rification de formation scolaire Mintz?<\/h2>\n<p>Lorsqu&rsquo;une entreprise poss\u00e8de plus de 100 ans d&rsquo;exp\u00e9rience dans son domaine, vous pouvez \u00eatre certain qu&rsquo;elle offre des services d&rsquo;une grande qualit\u00e9 et qu&rsquo;elle traite ses clients avec \u00e9gard. Dans le cas de V\u00e9rifications mondiales Mintz, la rigueur des m\u00e9thodes d&rsquo;investigation ainsi qu&rsquo;une approche consultative ont permis \u00e0 cette firme de se positionner comme un leader en v\u00e9rification d&rsquo;ant\u00e9c\u00e9dents.<\/p>\n<p>En choisissant notre service de v\u00e9rification des ant\u00e9c\u00e9dents scolaires, vous profitez d&rsquo;ailleurs d&rsquo;avantages uniques :<\/p>\n<ul>\n<li>V\u00e9rifications automatis\u00e9es partout o\u00f9 il est possible de le faire<\/li>\n<li>R\u00e9seau de contacts dans des institutions scolaires partout dans le monde<\/li>\n<li>Partenaires locaux pour effectuer rapidement les v\u00e9rifications internationales<\/li>\n<li>Liste noire d&rsquo;\u00e9coles non-accr\u00e9dit\u00e9es et \u00ab d&rsquo;usines \u00e0 dipl\u00f4me \u00bb<\/li>\n<li>M\u00e9thodologie document\u00e9e pour v\u00e9rifier la l\u00e9gitimit\u00e9 des institutions inconnues<\/li>\n<li>Donn\u00e9es conserv\u00e9es dans des bases de donn\u00e9es canadiennes<\/li>\n<li>R\u00e9sultats disponibles en temps r\u00e9el sur notre site web s\u00e9curis\u00e9<\/li>\n<\/ul>\n\t<h2>Vous d\u00e9sirez en apprendre davantage sur notre service de v\u00e9rification des ant\u00e9c\u00e9dents scolaires?<\/h2>\n<p>Si vous voulez en savoir plus sur la fa\u00e7on dont notre \u00e9quipe de v\u00e9rificateurs peut vous fournir des renseignements fiables sur le parcours acad\u00e9mique de vos candidats et vous assister dans la recherche des meilleurs talents pour votre organisation, n&rsquo;h\u00e9sitez pas \u00e0 <a href=\"https:\/\/www.mintzglobalscreening.com\/fr\/contactez-nous\/\">nous contacter<\/a>!<\/p>\n\n","protected":false},"excerpt":{"rendered":"<p>V\u00e9rifications mondiales Mintz vous offre un accompagnement personnalis\u00e9 dans votre processus d&#8217;embauche de nouveaux employ\u00e9s en vous fournissant des rapports d\u00e9taill\u00e9s sur le parcours acad\u00e9mique de vos candidats. Ainsi, vous pourrez \u00eatre assur\u00e9 que vos prospects les plus int\u00e9ressants poss\u00e8dent v\u00e9ritablement les dipl\u00f4mes et qualifications dont ils font mention dans leur CV. En plus de vous fournir un \u00e9clairage nouveau sur le potentiel r\u00e9el d&rsquo;un postulant, laisser cette d\u00e9marche aux&#8230;<\/p>\n","protected":false},"author":7,"featured_media":2675,"parent":1252,"menu_order":102,"comment_status":"closed","ping_status":"closed","template":"","meta":{"_acf_changed":false,"content-type":"","footnotes":""},"class_list":["post-2674","page","type-page","status-publish","has-post-thumbnail","hentry"],"acf":[],"yoast_head":"<!-- This site is optimized with the Yoast SEO plugin v25.0 - https:\/\/yoast.com\/wordpress\/plugins\/seo\/ -->\n<title>Service de V\u00e9rification Formation Scolaire | V\u00e9rification des Dipl\u00f4mes<\/title>\n<meta name=\"description\" content=\"V\u00e9rifications mondiales Mintz vous propose un service professionnel de v\u00e9rification des ant\u00e9c\u00e9dents scolaires de candidats. Obtenez des rapports d\u00e9taill\u00e9s sur leurs dipl\u00f4mes et parcours d\u2019\u00e9tudes.\" \/>\n<meta name=\"robots\" content=\"index, follow, max-snippet:-1, max-image-preview:large, max-video-preview:-1\" \/>\n<link rel=\"canonical\" href=\"https:\/\/www.mintzglobalscreening.com\/fr\/services\/formation-scolaire\/\" \/>\n<meta property=\"og:locale\" content=\"fr_FR\" \/>\n<meta property=\"og:type\" content=\"article\" \/>\n<meta property=\"og:title\" content=\"Service de V\u00e9rification Formation Scolaire | V\u00e9rification des Dipl\u00f4mes\" \/>\n<meta property=\"og:description\" content=\"V\u00e9rifications mondiales Mintz vous propose un service professionnel de v\u00e9rification des ant\u00e9c\u00e9dents scolaires de candidats. Obtenez des rapports d\u00e9taill\u00e9s sur leurs dipl\u00f4mes et parcours d\u2019\u00e9tudes.\" \/>\n<meta property=\"og:url\" content=\"https:\/\/www.mintzglobalscreening.com\/fr\/services\/formation-scolaire\/\" \/>\n<meta property=\"og:site_name\" content=\"Mintz Global Screening\" \/>\n<meta property=\"article:publisher\" content=\"https:\/\/www.facebook.com\/Mintzglobal\" \/>\n<meta property=\"article:modified_time\" content=\"2024-01-12T07:39:35+00:00\" \/>\n<meta property=\"og:image\" content=\"https:\/\/www.mintzglobalscreening.com\/wp-content\/uploads\/2018\/12\/img_header-formation-scolaire.jpg\" \/>\n\t<meta property=\"og:image:width\" content=\"1920\" \/>\n\t<meta property=\"og:image:height\" content=\"320\" \/>\n\t<meta property=\"og:image:type\" content=\"image\/jpeg\" \/>\n<meta name=\"twitter:card\" content=\"summary_large_image\" \/>\n<meta name=\"twitter:site\" content=\"@MintzGlobal\" \/>\n<meta name=\"twitter:label1\" content=\"Dur\u00e9e de lecture estim\u00e9e\" \/>\n\t<meta name=\"twitter:data1\" content=\"3 minutes\" \/>\n<script type=\"application\/ld+json\" class=\"yoast-schema-graph\">{\"@context\":\"https:\/\/schema.org\",\"@graph\":[{\"@type\":\"WebPage\",\"@id\":\"https:\/\/www.mintzglobalscreening.com\/fr\/services\/formation-scolaire\/\",\"url\":\"https:\/\/www.mintzglobalscreening.com\/fr\/services\/formation-scolaire\/\",\"name\":\"Service de V\u00e9rification Formation Scolaire | V\u00e9rification des Dipl\u00f4mes\",\"isPartOf\":{\"@id\":\"https:\/\/www.mintzglobalscreening.com\/fr\/#website\"},\"primaryImageOfPage\":{\"@id\":\"https:\/\/www.mintzglobalscreening.com\/fr\/services\/formation-scolaire\/#primaryimage\"},\"image\":{\"@id\":\"https:\/\/www.mintzglobalscreening.com\/fr\/services\/formation-scolaire\/#primaryimage\"},\"thumbnailUrl\":\"https:\/\/www.mintzglobalscreening.com\/wp-content\/uploads\/2018\/12\/img_header-formation-scolaire.jpg\",\"datePublished\":\"2018-12-07T18:30:03+00:00\",\"dateModified\":\"2024-01-12T07:39:35+00:00\",\"description\":\"V\u00e9rifications mondiales Mintz vous propose un service professionnel de v\u00e9rification des ant\u00e9c\u00e9dents scolaires de candidats. Obtenez des rapports d\u00e9taill\u00e9s sur leurs dipl\u00f4mes et parcours d\u2019\u00e9tudes.\",\"breadcrumb\":{\"@id\":\"https:\/\/www.mintzglobalscreening.com\/fr\/services\/formation-scolaire\/#breadcrumb\"},\"inLanguage\":\"fr-FR\",\"potentialAction\":[{\"@type\":\"ReadAction\",\"target\":[\"https:\/\/www.mintzglobalscreening.com\/fr\/services\/formation-scolaire\/\"]}]},{\"@type\":\"ImageObject\",\"inLanguage\":\"fr-FR\",\"@id\":\"https:\/\/www.mintzglobalscreening.com\/fr\/services\/formation-scolaire\/#primaryimage\",\"url\":\"https:\/\/www.mintzglobalscreening.com\/wp-content\/uploads\/2018\/12\/img_header-formation-scolaire.jpg\",\"contentUrl\":\"https:\/\/www.mintzglobalscreening.com\/wp-content\/uploads\/2018\/12\/img_header-formation-scolaire.jpg\",\"width\":1920,\"height\":320},{\"@type\":\"BreadcrumbList\",\"@id\":\"https:\/\/www.mintzglobalscreening.com\/fr\/services\/formation-scolaire\/#breadcrumb\",\"itemListElement\":[{\"@type\":\"ListItem\",\"position\":1,\"name\":\"Home\",\"item\":\"https:\/\/www.mintzglobalscreening.com\/fr\/\"},{\"@type\":\"ListItem\",\"position\":2,\"name\":\"Services\",\"item\":\"https:\/\/www.mintzglobalscreening.com\/fr\/services\/\"},{\"@type\":\"ListItem\",\"position\":3,\"name\":\"Service de v\u00e9rification de la formation scolaire\"}]},{\"@type\":\"WebSite\",\"@id\":\"https:\/\/www.mintzglobalscreening.com\/fr\/#website\",\"url\":\"https:\/\/www.mintzglobalscreening.com\/fr\/\",\"name\":\"Mintz Global Screening\",\"description\":\"Mintz Global Screening\",\"potentialAction\":[{\"@type\":\"SearchAction\",\"target\":{\"@type\":\"EntryPoint\",\"urlTemplate\":\"https:\/\/www.mintzglobalscreening.com\/fr\/?s={search_term_string}\"},\"query-input\":{\"@type\":\"PropertyValueSpecification\",\"valueRequired\":true,\"valueName\":\"search_term_string\"}}],\"inLanguage\":\"fr-FR\"}]}<\/script>\n<!-- \/ Yoast SEO plugin. -->","yoast_head_json":{"title":"Service de V\u00e9rification Formation Scolaire | V\u00e9rification des Dipl\u00f4mes","description":"V\u00e9rifications mondiales Mintz vous propose un service professionnel de v\u00e9rification des ant\u00e9c\u00e9dents scolaires de candidats. Obtenez des rapports d\u00e9taill\u00e9s sur leurs dipl\u00f4mes et parcours d\u2019\u00e9tudes.","robots":{"index":"index","follow":"follow","max-snippet":"max-snippet:-1","max-image-preview":"max-image-preview:large","max-video-preview":"max-video-preview:-1"},"canonical":"https:\/\/www.mintzglobalscreening.com\/fr\/services\/formation-scolaire\/","og_locale":"fr_FR","og_type":"article","og_title":"Service de V\u00e9rification Formation Scolaire | V\u00e9rification des Dipl\u00f4mes","og_description":"V\u00e9rifications mondiales Mintz vous propose un service professionnel de v\u00e9rification des ant\u00e9c\u00e9dents scolaires de candidats. Obtenez des rapports d\u00e9taill\u00e9s sur leurs dipl\u00f4mes et parcours d\u2019\u00e9tudes.","og_url":"https:\/\/www.mintzglobalscreening.com\/fr\/services\/formation-scolaire\/","og_site_name":"Mintz Global Screening","article_publisher":"https:\/\/www.facebook.com\/Mintzglobal","article_modified_time":"2024-01-12T07:39:35+00:00","og_image":[{"width":1920,"height":320,"url":"https:\/\/www.mintzglobalscreening.com\/wp-content\/uploads\/2018\/12\/img_header-formation-scolaire.jpg","type":"image\/jpeg"}],"twitter_card":"summary_large_image","twitter_site":"@MintzGlobal","twitter_misc":{"Dur\u00e9e de lecture estim\u00e9e":"3 minutes"},"schema":{"@context":"https:\/\/schema.org","@graph":[{"@type":"WebPage","@id":"https:\/\/www.mintzglobalscreening.com\/fr\/services\/formation-scolaire\/","url":"https:\/\/www.mintzglobalscreening.com\/fr\/services\/formation-scolaire\/","name":"Service de V\u00e9rification Formation Scolaire | V\u00e9rification des Dipl\u00f4mes","isPartOf":{"@id":"https:\/\/www.mintzglobalscreening.com\/fr\/#website"},"primaryImageOfPage":{"@id":"https:\/\/www.mintzglobalscreening.com\/fr\/services\/formation-scolaire\/#primaryimage"},"image":{"@id":"https:\/\/www.mintzglobalscreening.com\/fr\/services\/formation-scolaire\/#primaryimage"},"thumbnailUrl":"https:\/\/www.mintzglobalscreening.com\/wp-content\/uploads\/2018\/12\/img_header-formation-scolaire.jpg","datePublished":"2018-12-07T18:30:03+00:00","dateModified":"2024-01-12T07:39:35+00:00","description":"V\u00e9rifications mondiales Mintz vous propose un service professionnel de v\u00e9rification des ant\u00e9c\u00e9dents scolaires de candidats. Obtenez des rapports d\u00e9taill\u00e9s sur leurs dipl\u00f4mes et parcours d\u2019\u00e9tudes.","breadcrumb":{"@id":"https:\/\/www.mintzglobalscreening.com\/fr\/services\/formation-scolaire\/#breadcrumb"},"inLanguage":"fr-FR","potentialAction":[{"@type":"ReadAction","target":["https:\/\/www.mintzglobalscreening.com\/fr\/services\/formation-scolaire\/"]}]},{"@type":"ImageObject","inLanguage":"fr-FR","@id":"https:\/\/www.mintzglobalscreening.com\/fr\/services\/formation-scolaire\/#primaryimage","url":"https:\/\/www.mintzglobalscreening.com\/wp-content\/uploads\/2018\/12\/img_header-formation-scolaire.jpg","contentUrl":"https:\/\/www.mintzglobalscreening.com\/wp-content\/uploads\/2018\/12\/img_header-formation-scolaire.jpg","width":1920,"height":320},{"@type":"BreadcrumbList","@id":"https:\/\/www.mintzglobalscreening.com\/fr\/services\/formation-scolaire\/#breadcrumb","itemListElement":[{"@type":"ListItem","position":1,"name":"Home","item":"https:\/\/www.mintzglobalscreening.com\/fr\/"},{"@type":"ListItem","position":2,"name":"Services","item":"https:\/\/www.mintzglobalscreening.com\/fr\/services\/"},{"@type":"ListItem","position":3,"name":"Service de v\u00e9rification de la formation scolaire"}]},{"@type":"WebSite","@id":"https:\/\/www.mintzglobalscreening.com\/fr\/#website","url":"https:\/\/www.mintzglobalscreening.com\/fr\/","name":"Mintz Global Screening","description":"Mintz Global Screening","potentialAction":[{"@type":"SearchAction","target":{"@type":"EntryPoint","urlTemplate":"https:\/\/www.mintzglobalscreening.com\/fr\/?s={search_term_string}"},"query-input":{"@type":"PropertyValueSpecification","valueRequired":true,"valueName":"search_term_string"}}],"inLanguage":"fr-FR"}]}},"_links":{"self":[{"href":"https:\/\/www.mintzglobalscreening.com\/fr\/wp-json\/wp\/v2\/pages\/2674","targetHints":{"allow":["GET"]}}],"collection":[{"href":"https:\/\/www.mintzglobalscreening.com\/fr\/wp-json\/wp\/v2\/pages"}],"about":[{"href":"https:\/\/www.mintzglobalscreening.com\/fr\/wp-json\/wp\/v2\/types\/page"}],"author":[{"embeddable":true,"href":"https:\/\/www.mintzglobalscreening.com\/fr\/wp-json\/wp\/v2\/users\/7"}],"replies":[{"embeddable":true,"href":"https:\/\/www.mintzglobalscreening.com\/fr\/wp-json\/wp\/v2\/comments?post=2674"}],"version-history":[{"count":6,"href":"https:\/\/www.mintzglobalscreening.com\/fr\/wp-json\/wp\/v2\/pages\/2674\/revisions"}],"predecessor-version":[{"id":4932,"href":"https:\/\/www.mintzglobalscreening.com\/fr\/wp-json\/wp\/v2\/pages\/2674\/revisions\/4932"}],"up":[{"embeddable":true,"href":"https:\/\/www.mintzglobalscreening.com\/fr\/wp-json\/wp\/v2\/pages\/1252"}],"wp:featuredmedia":[{"embeddable":true,"href":"https:\/\/www.mintzglobalscreening.com\/fr\/wp-json\/wp\/v2\/media\/2675"}],"wp:attachment":[{"href":"https:\/\/www.mintzglobalscreening.com\/fr\/wp-json\/wp\/v2\/media?parent=2674"}],"curies":[{"name":"wp","href":"https:\/\/api.w.org\/{rel}","templated":true}]}}