{"id":2686,"date":"2018-12-07T18:58:38","date_gmt":"2018-12-07T18:58:38","guid":{"rendered":"https:\/\/www.mintzglobalscreening.com\/stage\/?page_id=2686\/"},"modified":"2024-01-12T07:56:20","modified_gmt":"2024-01-12T07:56:20","slug":"associations-titres-professionnels","status":"publish","type":"page","link":"https:\/\/www.mintzglobalscreening.com\/fr\/services\/associations-titres-professionnels\/","title":{"rendered":"Service de v\u00e9rification des accr\u00e9ditations et titres professionnels"},"content":{"rendered":"\n\n\t<p><a href=\"https:\/\/www.mintzglobalscreening.com\/fr\/media-category\/qui-est-verifications-mondiales-mintz\/\">V\u00e9rifications mondiales Mintz<\/a> vous propose de valider l&rsquo;\u00e9tat et la cr\u00e9dibilit\u00e9 d&rsquo;un titre ou d&rsquo;une accr\u00e9ditation professionnelle ainsi que l&rsquo;appartenance d&rsquo;un candidat \u00e0 un ordre ou une association. Ce service de v\u00e9rification des ant\u00e9c\u00e9dents peut \u00e9galement inclure une liste de mesures disciplinaires.<\/p>\n<p>En plus de vous fournir des informations cr\u00e9dibles sur le profil r\u00e9el d&rsquo;un postulant, laisser cette d\u00e9marche au soin de nos v\u00e9rificateurs vous assure \u00e9galement de b\u00e9n\u00e9ficier d&rsquo;un service rapide et personnalis\u00e9, ax\u00e9 sur les v\u00e9ritables besoins de votre organisation. Vous pourrez ainsi <a href=\"https:\/\/www.mintzglobalscreening.com\/fr\/media-category\/pourquoi-faire-appel-service-verification-antecedents-avant-embaucher-employe\/\">recruter des individus qualifi\u00e9s<\/a>, et ce, plus rapidement.<\/p>\n\t\t\t\t<img loading=\"lazy\" decoding=\"async\" src=\"https:\/\/www.mintzglobalscreening.com\/wp-content\/uploads\/2018\/12\/embauche-travailleur-qualifie.png\" alt=\"embauche-travailleur-qualifie\" itemprop=\"image\" height=\"60\" width=\"60\" title=\"embauche-travailleur-qualifie\" onerror=\"this.style.display='none'\"  \/>\n\t<p>Embauchez des travailleurs r\u00e9ellement qualifi\u00e9s pour le poste \u00e0 occuper<\/p>\n\t\t\t\t<img loading=\"lazy\" decoding=\"async\" src=\"https:\/\/www.mintzglobalscreening.com\/wp-content\/uploads\/2018\/12\/eviter-ecoper-amende.png\" alt=\"eviter-ecoper-amende\" itemprop=\"image\" height=\"60\" width=\"60\" title=\"eviter-ecoper-amende\" onerror=\"this.style.display='none'\"  \/>\n\t<p>\u00c9vitez d&rsquo;\u00e9coper d&rsquo;amendes ou d&rsquo;entacher votre r\u00e9putation professionnelle<\/p>\n\t\t\t\t<img loading=\"lazy\" decoding=\"async\" src=\"https:\/\/www.mintzglobalscreening.com\/wp-content\/uploads\/2018\/12\/travailler-de-concert.png\" alt=\"travailler-de-concert\" itemprop=\"image\" height=\"60\" width=\"60\" title=\"travailler-de-concert\" onerror=\"this.style.display='none'\"  \/>\n\t<p>Travaillez de concert avec des v\u00e9rificateurs qui vous fourniront des informations fiables<\/p>\n\tFaites appel \u00e0 nos sp\u00e9cialistes en v\u00e9rification d&rsquo;ant\u00e9c\u00e9dents\n\t\t\t<a href=\"https:\/\/www.mintzglobalscreening.com\/fr\/contactez-nous\/\" target=\"_self\" role=\"button\" rel=\"noopener\">\n\t\t\t\t\t\t\tContactez-nous\n\t\t\t\t\t<\/a>\n\t<h2>Pourquoi avoir recours \u00e0 notre service de v\u00e9rification des titres professionnels et des accr\u00e9ditations?<\/h2>\n<p><strong>Amendes, accidents de travail, fraude&#8230; on paie cher l&#8217;embauche d&rsquo;une personne non accr\u00e9dit\u00e9e. <\/strong><\/p>\n<p>Chaque ann\u00e9e, nombre d&rsquo;entreprises doivent faire face \u00e0 des amendes sal\u00e9es, \u00e0 des actes frauduleux pouvant ruiner leur r\u00e9putation ou \u00e0 des accidents de travail tragiques dus \u00e0 l&#8217;embauche de personnes qui ne d\u00e9tenaient pas les certifications qu&rsquo;elles pr\u00e9tendaient avoir.<\/p>\n<p>V\u00e9rifier les accr\u00e9ditations et titres professionnels est une fa\u00e7on rapide et abordable de prot\u00e9ger votre entreprise de toute responsabilit\u00e9 relative \u00e0 l&#8217;embauche d&rsquo;une personne non accr\u00e9dit\u00e9e et, surtout, d&rsquo;\u00e9viter d&rsquo;engager une personne qui n&rsquo;est tout simplement pas qualifi\u00e9e pour votre poste \u00e0 pourvoir.<\/p>\n<p>V\u00e9rifications mondiales Mintz poss\u00e8de un r\u00e9seau \u00e9tendu de contacts dans des associations professionnelles partout \u00e0 travers le monde. De tels partenariats permettent de v\u00e9rifier rapidement la l\u00e9gitimit\u00e9 d&rsquo;une organisation et le statut d&rsquo;un candidat.<\/p>\n<p>Bref, en faisant appel \u00e0 leurs v\u00e9rificateurs chevronn\u00e9s, vous pourrez rapidement savoir si un candidat poss\u00e8de r\u00e9ellement les titres et accr\u00e9ditations qu&rsquo;il affirme poss\u00e9der.<\/p>\n\t<h2>Pourquoi choisir nos services pour valider qu&rsquo;un candidat est v\u00e9ritablement membre d&rsquo;une association professionnelle?<\/h2>\n<p>Avec plus de 100 ans d&rsquo;exp\u00e9rience dans son domaine d&rsquo;activit\u00e9, V\u00e9rifications mondiales Mintz poss\u00e8de incontestablement un savoir-faire unique dans son secteur ainsi que des m\u00e9thodes de travail fiables et efficaces. Cette expertise se traduit d&rsquo;ailleurs par une grande rigueur dans ses m\u00e9thodes d&rsquo;investigation. De plus, son approche consultative lui a permis de gagner la confiance de nombreux clients et partenaires qui font r\u00e9guli\u00e8rement appel \u00e0 ses <a href=\"https:\/\/www.mintzglobalscreening.com\/fr\/services\/\">services de v\u00e9rification d&rsquo;ant\u00e9c\u00e9dents<\/a>.<\/p>\n<p>En choisissant notre service de v\u00e9rification des titres professionnels ou de validation de l&rsquo;appartenance \u00e0 une association ou ordre professionnel, vous profitez d&rsquo;avantages uniques :<\/p>\n<ul>\n<li>R\u00e9seau de contacts dans des associations professionnelles partout dans le monde<\/li>\n<li>Mesures disciplinaires et sanctions optionnellement incluses dans les r\u00e9sultats<\/li>\n<li>Court temps de traitement<\/li>\n<li>R\u00e9sultats disponibles en temps r\u00e9el sur notre site web s\u00e9curis\u00e9<\/li>\n<\/ul>\n\t<h2>Vous d\u00e9sirez en apprendre davantage sur notre service de v\u00e9rification d&rsquo;accr\u00e9ditations et de titres professionnels?<\/h2>\n<p>Si vous voulez en savoir plus sur la fa\u00e7on dont nos v\u00e9rificateurs peuvent vous aider \u00e0 rassembler des informations fiables sur vos candidats et vous assister dans la recherche des meilleurs talents pour votre organisation, n&rsquo;h\u00e9sitez pas \u00e0 <a href=\"https:\/\/www.mintzglobalscreening.com\/fr\/contactez-nous\/\">nous contacter<\/a>!<\/p>\n\n","protected":false},"excerpt":{"rendered":"<p>V\u00e9rifications mondiales Mintz vous propose de valider l&rsquo;\u00e9tat et la cr\u00e9dibilit\u00e9 d&rsquo;un titre ou d&rsquo;une accr\u00e9ditation professionnelle ainsi que l&rsquo;appartenance d&rsquo;un candidat \u00e0 un ordre ou une association. Ce service de v\u00e9rification des ant\u00e9c\u00e9dents peut \u00e9galement inclure une liste de mesures disciplinaires. En plus de vous fournir des informations cr\u00e9dibles sur le profil r\u00e9el d&rsquo;un postulant, laisser cette d\u00e9marche au soin de nos v\u00e9rificateurs vous assure \u00e9galement de b\u00e9n\u00e9ficier d&rsquo;un&#8230;<\/p>\n","protected":false},"author":7,"featured_media":2687,"parent":1252,"menu_order":104,"comment_status":"closed","ping_status":"closed","template":"","meta":{"_acf_changed":false,"content-type":"","footnotes":""},"class_list":["post-2686","page","type-page","status-publish","has-post-thumbnail","hentry"],"acf":[],"yoast_head":"<!-- This site is optimized with the Yoast SEO plugin v25.0 - https:\/\/yoast.com\/wordpress\/plugins\/seo\/ -->\n<title>Service de V\u00e9rification des Accr\u00e9ditations et Titres Professionnels<\/title>\n<meta name=\"description\" content=\"V\u00e9rifications mondiales Mintz vous propose un service fiable de v\u00e9rification des ant\u00e9c\u00e9dents permettant de savoir si un candidat est v\u00e9ritablement membre d\u2019une association ou d\u2019un ordre professionnel.\" \/>\n<meta name=\"robots\" content=\"index, follow, max-snippet:-1, max-image-preview:large, max-video-preview:-1\" \/>\n<link rel=\"canonical\" href=\"https:\/\/www.mintzglobalscreening.com\/fr\/services\/associations-titres-professionnels\/\" \/>\n<meta property=\"og:locale\" content=\"fr_FR\" \/>\n<meta property=\"og:type\" content=\"article\" \/>\n<meta property=\"og:title\" content=\"Service de V\u00e9rification des Accr\u00e9ditations et Titres Professionnels\" \/>\n<meta property=\"og:description\" content=\"V\u00e9rifications mondiales Mintz vous propose un service fiable de v\u00e9rification des ant\u00e9c\u00e9dents permettant de savoir si un candidat est v\u00e9ritablement membre d\u2019une association ou d\u2019un ordre professionnel.\" \/>\n<meta property=\"og:url\" content=\"https:\/\/www.mintzglobalscreening.com\/fr\/services\/associations-titres-professionnels\/\" \/>\n<meta property=\"og:site_name\" content=\"Mintz Global Screening\" \/>\n<meta property=\"article:publisher\" content=\"https:\/\/www.facebook.com\/Mintzglobal\" \/>\n<meta property=\"article:modified_time\" content=\"2024-01-12T07:56:20+00:00\" \/>\n<meta property=\"og:image\" content=\"https:\/\/www.mintzglobalscreening.com\/wp-content\/uploads\/2018\/12\/img_header-associations-titres-professionnels.jpg\" \/>\n\t<meta property=\"og:image:width\" content=\"1920\" \/>\n\t<meta property=\"og:image:height\" content=\"320\" \/>\n\t<meta property=\"og:image:type\" content=\"image\/jpeg\" \/>\n<meta name=\"twitter:card\" content=\"summary_large_image\" \/>\n<meta name=\"twitter:site\" content=\"@MintzGlobal\" \/>\n<meta name=\"twitter:label1\" content=\"Dur\u00e9e de lecture estim\u00e9e\" \/>\n\t<meta name=\"twitter:data1\" content=\"3 minutes\" \/>\n<script type=\"application\/ld+json\" class=\"yoast-schema-graph\">{\"@context\":\"https:\/\/schema.org\",\"@graph\":[{\"@type\":\"WebPage\",\"@id\":\"https:\/\/www.mintzglobalscreening.com\/fr\/services\/associations-titres-professionnels\/\",\"url\":\"https:\/\/www.mintzglobalscreening.com\/fr\/services\/associations-titres-professionnels\/\",\"name\":\"Service de V\u00e9rification des Accr\u00e9ditations et Titres Professionnels\",\"isPartOf\":{\"@id\":\"https:\/\/www.mintzglobalscreening.com\/fr\/#website\"},\"primaryImageOfPage\":{\"@id\":\"https:\/\/www.mintzglobalscreening.com\/fr\/services\/associations-titres-professionnels\/#primaryimage\"},\"image\":{\"@id\":\"https:\/\/www.mintzglobalscreening.com\/fr\/services\/associations-titres-professionnels\/#primaryimage\"},\"thumbnailUrl\":\"https:\/\/www.mintzglobalscreening.com\/wp-content\/uploads\/2018\/12\/img_header-associations-titres-professionnels.jpg\",\"datePublished\":\"2018-12-07T18:58:38+00:00\",\"dateModified\":\"2024-01-12T07:56:20+00:00\",\"description\":\"V\u00e9rifications mondiales Mintz vous propose un service fiable de v\u00e9rification des ant\u00e9c\u00e9dents permettant de savoir si un candidat est v\u00e9ritablement membre d\u2019une association ou d\u2019un ordre professionnel.\",\"breadcrumb\":{\"@id\":\"https:\/\/www.mintzglobalscreening.com\/fr\/services\/associations-titres-professionnels\/#breadcrumb\"},\"inLanguage\":\"fr-FR\",\"potentialAction\":[{\"@type\":\"ReadAction\",\"target\":[\"https:\/\/www.mintzglobalscreening.com\/fr\/services\/associations-titres-professionnels\/\"]}]},{\"@type\":\"ImageObject\",\"inLanguage\":\"fr-FR\",\"@id\":\"https:\/\/www.mintzglobalscreening.com\/fr\/services\/associations-titres-professionnels\/#primaryimage\",\"url\":\"https:\/\/www.mintzglobalscreening.com\/wp-content\/uploads\/2018\/12\/img_header-associations-titres-professionnels.jpg\",\"contentUrl\":\"https:\/\/www.mintzglobalscreening.com\/wp-content\/uploads\/2018\/12\/img_header-associations-titres-professionnels.jpg\",\"width\":1920,\"height\":320},{\"@type\":\"BreadcrumbList\",\"@id\":\"https:\/\/www.mintzglobalscreening.com\/fr\/services\/associations-titres-professionnels\/#breadcrumb\",\"itemListElement\":[{\"@type\":\"ListItem\",\"position\":1,\"name\":\"Home\",\"item\":\"https:\/\/www.mintzglobalscreening.com\/fr\/\"},{\"@type\":\"ListItem\",\"position\":2,\"name\":\"Services\",\"item\":\"https:\/\/www.mintzglobalscreening.com\/fr\/services\/\"},{\"@type\":\"ListItem\",\"position\":3,\"name\":\"Service de v\u00e9rification des accr\u00e9ditations et titres professionnels\"}]},{\"@type\":\"WebSite\",\"@id\":\"https:\/\/www.mintzglobalscreening.com\/fr\/#website\",\"url\":\"https:\/\/www.mintzglobalscreening.com\/fr\/\",\"name\":\"Mintz Global Screening\",\"description\":\"Mintz Global Screening\",\"potentialAction\":[{\"@type\":\"SearchAction\",\"target\":{\"@type\":\"EntryPoint\",\"urlTemplate\":\"https:\/\/www.mintzglobalscreening.com\/fr\/?s={search_term_string}\"},\"query-input\":{\"@type\":\"PropertyValueSpecification\",\"valueRequired\":true,\"valueName\":\"search_term_string\"}}],\"inLanguage\":\"fr-FR\"}]}<\/script>\n<!-- \/ Yoast SEO plugin. -->","yoast_head_json":{"title":"Service de V\u00e9rification des Accr\u00e9ditations et Titres Professionnels","description":"V\u00e9rifications mondiales Mintz vous propose un service fiable de v\u00e9rification des ant\u00e9c\u00e9dents permettant de savoir si un candidat est v\u00e9ritablement membre d\u2019une association ou d\u2019un ordre professionnel.","robots":{"index":"index","follow":"follow","max-snippet":"max-snippet:-1","max-image-preview":"max-image-preview:large","max-video-preview":"max-video-preview:-1"},"canonical":"https:\/\/www.mintzglobalscreening.com\/fr\/services\/associations-titres-professionnels\/","og_locale":"fr_FR","og_type":"article","og_title":"Service de V\u00e9rification des Accr\u00e9ditations et Titres Professionnels","og_description":"V\u00e9rifications mondiales Mintz vous propose un service fiable de v\u00e9rification des ant\u00e9c\u00e9dents permettant de savoir si un candidat est v\u00e9ritablement membre d\u2019une association ou d\u2019un ordre professionnel.","og_url":"https:\/\/www.mintzglobalscreening.com\/fr\/services\/associations-titres-professionnels\/","og_site_name":"Mintz Global Screening","article_publisher":"https:\/\/www.facebook.com\/Mintzglobal","article_modified_time":"2024-01-12T07:56:20+00:00","og_image":[{"width":1920,"height":320,"url":"https:\/\/www.mintzglobalscreening.com\/wp-content\/uploads\/2018\/12\/img_header-associations-titres-professionnels.jpg","type":"image\/jpeg"}],"twitter_card":"summary_large_image","twitter_site":"@MintzGlobal","twitter_misc":{"Dur\u00e9e de lecture estim\u00e9e":"3 minutes"},"schema":{"@context":"https:\/\/schema.org","@graph":[{"@type":"WebPage","@id":"https:\/\/www.mintzglobalscreening.com\/fr\/services\/associations-titres-professionnels\/","url":"https:\/\/www.mintzglobalscreening.com\/fr\/services\/associations-titres-professionnels\/","name":"Service de V\u00e9rification des Accr\u00e9ditations et Titres Professionnels","isPartOf":{"@id":"https:\/\/www.mintzglobalscreening.com\/fr\/#website"},"primaryImageOfPage":{"@id":"https:\/\/www.mintzglobalscreening.com\/fr\/services\/associations-titres-professionnels\/#primaryimage"},"image":{"@id":"https:\/\/www.mintzglobalscreening.com\/fr\/services\/associations-titres-professionnels\/#primaryimage"},"thumbnailUrl":"https:\/\/www.mintzglobalscreening.com\/wp-content\/uploads\/2018\/12\/img_header-associations-titres-professionnels.jpg","datePublished":"2018-12-07T18:58:38+00:00","dateModified":"2024-01-12T07:56:20+00:00","description":"V\u00e9rifications mondiales Mintz vous propose un service fiable de v\u00e9rification des ant\u00e9c\u00e9dents permettant de savoir si un candidat est v\u00e9ritablement membre d\u2019une association ou d\u2019un ordre professionnel.","breadcrumb":{"@id":"https:\/\/www.mintzglobalscreening.com\/fr\/services\/associations-titres-professionnels\/#breadcrumb"},"inLanguage":"fr-FR","potentialAction":[{"@type":"ReadAction","target":["https:\/\/www.mintzglobalscreening.com\/fr\/services\/associations-titres-professionnels\/"]}]},{"@type":"ImageObject","inLanguage":"fr-FR","@id":"https:\/\/www.mintzglobalscreening.com\/fr\/services\/associations-titres-professionnels\/#primaryimage","url":"https:\/\/www.mintzglobalscreening.com\/wp-content\/uploads\/2018\/12\/img_header-associations-titres-professionnels.jpg","contentUrl":"https:\/\/www.mintzglobalscreening.com\/wp-content\/uploads\/2018\/12\/img_header-associations-titres-professionnels.jpg","width":1920,"height":320},{"@type":"BreadcrumbList","@id":"https:\/\/www.mintzglobalscreening.com\/fr\/services\/associations-titres-professionnels\/#breadcrumb","itemListElement":[{"@type":"ListItem","position":1,"name":"Home","item":"https:\/\/www.mintzglobalscreening.com\/fr\/"},{"@type":"ListItem","position":2,"name":"Services","item":"https:\/\/www.mintzglobalscreening.com\/fr\/services\/"},{"@type":"ListItem","position":3,"name":"Service de v\u00e9rification des accr\u00e9ditations et titres professionnels"}]},{"@type":"WebSite","@id":"https:\/\/www.mintzglobalscreening.com\/fr\/#website","url":"https:\/\/www.mintzglobalscreening.com\/fr\/","name":"Mintz Global Screening","description":"Mintz Global Screening","potentialAction":[{"@type":"SearchAction","target":{"@type":"EntryPoint","urlTemplate":"https:\/\/www.mintzglobalscreening.com\/fr\/?s={search_term_string}"},"query-input":{"@type":"PropertyValueSpecification","valueRequired":true,"valueName":"search_term_string"}}],"inLanguage":"fr-FR"}]}},"_links":{"self":[{"href":"https:\/\/www.mintzglobalscreening.com\/fr\/wp-json\/wp\/v2\/pages\/2686","targetHints":{"allow":["GET"]}}],"collection":[{"href":"https:\/\/www.mintzglobalscreening.com\/fr\/wp-json\/wp\/v2\/pages"}],"about":[{"href":"https:\/\/www.mintzglobalscreening.com\/fr\/wp-json\/wp\/v2\/types\/page"}],"author":[{"embeddable":true,"href":"https:\/\/www.mintzglobalscreening.com\/fr\/wp-json\/wp\/v2\/users\/7"}],"replies":[{"embeddable":true,"href":"https:\/\/www.mintzglobalscreening.com\/fr\/wp-json\/wp\/v2\/comments?post=2686"}],"version-history":[{"count":6,"href":"https:\/\/www.mintzglobalscreening.com\/fr\/wp-json\/wp\/v2\/pages\/2686\/revisions"}],"predecessor-version":[{"id":4942,"href":"https:\/\/www.mintzglobalscreening.com\/fr\/wp-json\/wp\/v2\/pages\/2686\/revisions\/4942"}],"up":[{"embeddable":true,"href":"https:\/\/www.mintzglobalscreening.com\/fr\/wp-json\/wp\/v2\/pages\/1252"}],"wp:featuredmedia":[{"embeddable":true,"href":"https:\/\/www.mintzglobalscreening.com\/fr\/wp-json\/wp\/v2\/media\/2687"}],"wp:attachment":[{"href":"https:\/\/www.mintzglobalscreening.com\/fr\/wp-json\/wp\/v2\/media?parent=2686"}],"curies":[{"name":"wp","href":"https:\/\/api.w.org\/{rel}","templated":true}]}}