{"id":2698,"date":"2018-12-07T19:16:51","date_gmt":"2018-12-07T19:16:51","guid":{"rendered":"https:\/\/www.mintzglobalscreening.com\/stage\/?page_id=2698\/"},"modified":"2024-01-12T07:40:20","modified_gmt":"2024-01-12T07:40:20","slug":"securite-internationale","status":"publish","type":"page","link":"https:\/\/www.mintzglobalscreening.com\/fr\/services\/securite-internationale\/","title":{"rendered":"Service de v\u00e9rification de s\u00e9curit\u00e9 internationale"},"content":{"rendered":"\n\n\t<p><a href=\"https:\/\/www.mintzglobalscreening.com\/fr\/media-category\/qui-est-verifications-mondiales-mintz\/\">V\u00e9rifications mondiales Mintz<\/a> vous offre un accompagnement personnalis\u00e9 dans votre processus de recrutement en v\u00e9rifiant si vos candidats figurent sur des listes de surveillance de diff\u00e9rentes instances gouvernementales.<\/p>\n<p>Laisser cette d\u00e9marche aux soins de nos v\u00e9rificateurs vous assure de b\u00e9n\u00e9ficier d&rsquo;un service sur mesure, gr\u00e2ce auquel vous obtiendrez rapidement les r\u00e9ponses \u00e0 vos questions concernant les ant\u00e9c\u00e9dents de vos postulants.<\/p>\n\t\t\t\t<img loading=\"lazy\" decoding=\"async\" src=\"https:\/\/www.mintzglobalscreening.com\/wp-content\/uploads\/2018\/11\/icon-verifier-casier.png\" alt=\"icon-verifier-casier\" itemprop=\"image\" height=\"60\" width=\"60\" title=\"icon-verifier-casier\" onerror=\"this.style.display='none'\"  \/>\n\t<p>Embauchez des travailleurs dignes de confiance<\/p>\n\t\t\t\t<img loading=\"lazy\" decoding=\"async\" src=\"https:\/\/www.mintzglobalscreening.com\/wp-content\/uploads\/2018\/12\/icon-verif-interna.png\" alt=\"icon-verif-interna\" itemprop=\"image\" height=\"60\" width=\"60\" title=\"icon-verif-interna\" onerror=\"this.style.display='none'\"  \/>\n\t<p>Profitez d&rsquo;informations recueillies \u00e0 l&rsquo;\u00e9chelle globale<\/p>\n\t\t\t\t<img loading=\"lazy\" decoding=\"async\" src=\"https:\/\/www.mintzglobalscreening.com\/wp-content\/uploads\/2018\/12\/icon-info-fiable.png\" alt=\"icon-info-fiable\" itemprop=\"image\" height=\"60\" width=\"60\" title=\"icon-info-fiable\" onerror=\"this.style.display='none'\"  \/>\n\t<p>Travaillez avec des agents qui vous fourniront des informations fiables<\/p>\n\tFaites appel \u00e0 nos sp\u00e9cialistes en v\u00e9rification d&rsquo;ant\u00e9c\u00e9dents\n\t\t\t<a href=\"https:\/\/www.mintzglobalscreening.com\/fr\/contactez-nous\/\" target=\"_self\" role=\"button\" rel=\"noopener\">\n\t\t\t\t\t\t\tContactez-nous\n\t\t\t\t\t<\/a>\n\t<h2>Pourquoi avoir recours \u00e0 notre service de v\u00e9rification de s\u00e9curit\u00e9 internationale?<\/h2>\n<p><strong>La v\u00e9rification de s\u00e9curit\u00e9 internationale est en voie de s&rsquo;imposer comme un incontournable pour les entreprises au secteur sensible en mati\u00e8re de s\u00e9curit\u00e9. <\/strong><\/p>\n<p>La recherche de s\u00e9curit\u00e9 internationale (commun\u00e9ment appel\u00e9e \u00ab liste de surveillance antiterrorisme \u00bb) r\u00e9v\u00e8le si une personne figure sur de nombreuses listes de surveillance gouvernementales portant sur des activit\u00e9s connues ou suspect\u00e9es en terrorisme, en blanchiment d&rsquo;argent, ou dans d&rsquo;autres activit\u00e9s ill\u00e9gales. La recherche comprend toutes les listes de surveillance \u00ab officielles \u00bb au Canada et aux \u00c9tats-Unis en plus de nombreuses autres listes internationales.<\/p>\n<p>En somme, vous pourrez rapidement savoir si un candidat a d\u00e9j\u00e0 \u00e9t\u00e9 sous surveillance gouvernementale pour avoir \u00e9t\u00e9 associ\u00e9 de pr\u00e8s ou de loin \u00e0 des activit\u00e9s de nature terroriste ou criminelle.<\/p>\n\t<h2>Pourquoi choisir le service de v\u00e9rification de s\u00e9curit\u00e9 internationale Mintz?<\/h2>\n<p>Avec plus de 100 ans d&rsquo;exp\u00e9rience dans le domaine de la v\u00e9rification d&rsquo;ant\u00e9c\u00e9dents, V\u00e9rifications mondiales Mintz poss\u00e8de une expertise lui permettant d&rsquo;offrir des <a href=\"https:\/\/www.mintzglobalscreening.com\/fr\/services\/\">services personnalis\u00e9s<\/a> d&rsquo;une grande fiabilit\u00e9. Cela est notamment attribuable \u00e0 des m\u00e9thodes d&rsquo;investigation extr\u00eamement rigoureuses, jumel\u00e9es \u00e0 une approche consultative. \u00a0Ce n&rsquo;est donc pas un hasard que nous soyons aujourd&rsquo;hui reconnus comme chefs de file dans notre secteur d&rsquo;activit\u00e9s.<\/p>\n<p>En choisissant notre service de v\u00e9rification de s\u00e9curit\u00e9 internationale, vous profitez d&rsquo;ailleurs d&rsquo;avantages uniques :<\/p>\n<ul>\n<li>Recherche internationale \u00e0 travers diverses listes de surveillance gouvernementales<\/li>\n<li>Inclus la liste OFAC Specially Designated Nationals et la liste OSFI Canadian Sanctions List<\/li>\n<li>Temps de traitement rapide<\/li>\n<li>R\u00e9sultats disponibles en temps r\u00e9el sur notre site web s\u00e9curis\u00e9<\/li>\n<\/ul>\n\t<h2>Vous d\u00e9sirez en apprendre davantage sur notre service de v\u00e9rification de s\u00e9curit\u00e9 internationale?<\/h2>\n<p>Si vous voulez en savoir plus sur la fa\u00e7on dont nos v\u00e9rificateurs s&rsquo;y prennent vous garantir que vos candidats ne sont pas reli\u00e9s \u00e0 des groupes terroristes ou d&rsquo;autres activit\u00e9s criminelles, n&rsquo;h\u00e9sitez pas \u00e0 <a href=\"https:\/\/www.mintzglobalscreening.com\/fr\/contactez-nous\/\">nous contacter<\/a>!<\/p>\n\n","protected":false},"excerpt":{"rendered":"<p>V\u00e9rifications mondiales Mintz vous offre un accompagnement personnalis\u00e9 dans votre processus de recrutement en v\u00e9rifiant si vos candidats figurent sur des listes de surveillance de diff\u00e9rentes instances gouvernementales. Laisser cette d\u00e9marche aux soins de nos v\u00e9rificateurs vous assure de b\u00e9n\u00e9ficier d&rsquo;un service sur mesure, gr\u00e2ce auquel vous obtiendrez rapidement les r\u00e9ponses \u00e0 vos questions concernant les ant\u00e9c\u00e9dents de vos postulants. Embauchez des travailleurs dignes de confiance Profitez d&rsquo;informations recueillies \u00e0&#8230;<\/p>\n","protected":false},"author":7,"featured_media":2699,"parent":1252,"menu_order":103,"comment_status":"closed","ping_status":"closed","template":"","meta":{"_acf_changed":false,"content-type":"","footnotes":""},"class_list":["post-2698","page","type-page","status-publish","has-post-thumbnail","hentry"],"acf":[],"yoast_head":"<!-- This site is optimized with the Yoast SEO plugin v25.0 - https:\/\/yoast.com\/wordpress\/plugins\/seo\/ -->\n<title>V\u00e9rification de S\u00e9curit\u00e9 Internationale | Surveillance Antiterrorisme<\/title>\n<meta name=\"description\" content=\"V\u00e9rifications mondiales Mintz vous propose un service professionnel de v\u00e9rification des ant\u00e9c\u00e9dents en mati\u00e8re de s\u00e9curit\u00e9 internationale. D\u00e9couvrez si vos candidats figurent sur les listes de surveillance gouvernementale.\" \/>\n<meta name=\"robots\" content=\"index, follow, max-snippet:-1, max-image-preview:large, max-video-preview:-1\" \/>\n<link rel=\"canonical\" href=\"https:\/\/www.mintzglobalscreening.com\/fr\/services\/securite-internationale\/\" \/>\n<meta property=\"og:locale\" content=\"fr_FR\" \/>\n<meta property=\"og:type\" content=\"article\" \/>\n<meta property=\"og:title\" content=\"V\u00e9rification de S\u00e9curit\u00e9 Internationale | Surveillance Antiterrorisme\" \/>\n<meta property=\"og:description\" content=\"V\u00e9rifications mondiales Mintz vous propose un service professionnel de v\u00e9rification des ant\u00e9c\u00e9dents en mati\u00e8re de s\u00e9curit\u00e9 internationale. D\u00e9couvrez si vos candidats figurent sur les listes de surveillance gouvernementale.\" \/>\n<meta property=\"og:url\" content=\"https:\/\/www.mintzglobalscreening.com\/fr\/services\/securite-internationale\/\" \/>\n<meta property=\"og:site_name\" content=\"Mintz Global Screening\" \/>\n<meta property=\"article:publisher\" content=\"https:\/\/www.facebook.com\/Mintzglobal\" \/>\n<meta property=\"article:modified_time\" content=\"2024-01-12T07:40:20+00:00\" \/>\n<meta property=\"og:image\" content=\"https:\/\/www.mintzglobalscreening.com\/wp-content\/uploads\/2018\/12\/img_header-securite\u0301-interna.jpg\" \/>\n\t<meta property=\"og:image:width\" content=\"1920\" \/>\n\t<meta property=\"og:image:height\" content=\"320\" \/>\n\t<meta property=\"og:image:type\" content=\"image\/jpeg\" \/>\n<meta name=\"twitter:card\" content=\"summary_large_image\" \/>\n<meta name=\"twitter:site\" content=\"@MintzGlobal\" \/>\n<meta name=\"twitter:label1\" content=\"Dur\u00e9e de lecture estim\u00e9e\" \/>\n\t<meta name=\"twitter:data1\" content=\"2 minutes\" \/>\n<script type=\"application\/ld+json\" class=\"yoast-schema-graph\">{\"@context\":\"https:\/\/schema.org\",\"@graph\":[{\"@type\":\"WebPage\",\"@id\":\"https:\/\/www.mintzglobalscreening.com\/fr\/services\/securite-internationale\/\",\"url\":\"https:\/\/www.mintzglobalscreening.com\/fr\/services\/securite-internationale\/\",\"name\":\"V\u00e9rification de S\u00e9curit\u00e9 Internationale | Surveillance Antiterrorisme\",\"isPartOf\":{\"@id\":\"https:\/\/www.mintzglobalscreening.com\/fr\/#website\"},\"primaryImageOfPage\":{\"@id\":\"https:\/\/www.mintzglobalscreening.com\/fr\/services\/securite-internationale\/#primaryimage\"},\"image\":{\"@id\":\"https:\/\/www.mintzglobalscreening.com\/fr\/services\/securite-internationale\/#primaryimage\"},\"thumbnailUrl\":\"https:\/\/www.mintzglobalscreening.com\/wp-content\/uploads\/2018\/12\/img_header-securite\u0301-interna.jpg\",\"datePublished\":\"2018-12-07T19:16:51+00:00\",\"dateModified\":\"2024-01-12T07:40:20+00:00\",\"description\":\"V\u00e9rifications mondiales Mintz vous propose un service professionnel de v\u00e9rification des ant\u00e9c\u00e9dents en mati\u00e8re de s\u00e9curit\u00e9 internationale. D\u00e9couvrez si vos candidats figurent sur les listes de surveillance gouvernementale.\",\"breadcrumb\":{\"@id\":\"https:\/\/www.mintzglobalscreening.com\/fr\/services\/securite-internationale\/#breadcrumb\"},\"inLanguage\":\"fr-FR\",\"potentialAction\":[{\"@type\":\"ReadAction\",\"target\":[\"https:\/\/www.mintzglobalscreening.com\/fr\/services\/securite-internationale\/\"]}]},{\"@type\":\"ImageObject\",\"inLanguage\":\"fr-FR\",\"@id\":\"https:\/\/www.mintzglobalscreening.com\/fr\/services\/securite-internationale\/#primaryimage\",\"url\":\"https:\/\/www.mintzglobalscreening.com\/wp-content\/uploads\/2018\/12\/img_header-securite\u0301-interna.jpg\",\"contentUrl\":\"https:\/\/www.mintzglobalscreening.com\/wp-content\/uploads\/2018\/12\/img_header-securite\u0301-interna.jpg\",\"width\":1920,\"height\":320},{\"@type\":\"BreadcrumbList\",\"@id\":\"https:\/\/www.mintzglobalscreening.com\/fr\/services\/securite-internationale\/#breadcrumb\",\"itemListElement\":[{\"@type\":\"ListItem\",\"position\":1,\"name\":\"Home\",\"item\":\"https:\/\/www.mintzglobalscreening.com\/fr\/\"},{\"@type\":\"ListItem\",\"position\":2,\"name\":\"Services\",\"item\":\"https:\/\/www.mintzglobalscreening.com\/fr\/services\/\"},{\"@type\":\"ListItem\",\"position\":3,\"name\":\"Service de v\u00e9rification de s\u00e9curit\u00e9 internationale\"}]},{\"@type\":\"WebSite\",\"@id\":\"https:\/\/www.mintzglobalscreening.com\/fr\/#website\",\"url\":\"https:\/\/www.mintzglobalscreening.com\/fr\/\",\"name\":\"Mintz Global Screening\",\"description\":\"Mintz Global Screening\",\"potentialAction\":[{\"@type\":\"SearchAction\",\"target\":{\"@type\":\"EntryPoint\",\"urlTemplate\":\"https:\/\/www.mintzglobalscreening.com\/fr\/?s={search_term_string}\"},\"query-input\":{\"@type\":\"PropertyValueSpecification\",\"valueRequired\":true,\"valueName\":\"search_term_string\"}}],\"inLanguage\":\"fr-FR\"}]}<\/script>\n<!-- \/ Yoast SEO plugin. -->","yoast_head_json":{"title":"V\u00e9rification de S\u00e9curit\u00e9 Internationale | Surveillance Antiterrorisme","description":"V\u00e9rifications mondiales Mintz vous propose un service professionnel de v\u00e9rification des ant\u00e9c\u00e9dents en mati\u00e8re de s\u00e9curit\u00e9 internationale. D\u00e9couvrez si vos candidats figurent sur les listes de surveillance gouvernementale.","robots":{"index":"index","follow":"follow","max-snippet":"max-snippet:-1","max-image-preview":"max-image-preview:large","max-video-preview":"max-video-preview:-1"},"canonical":"https:\/\/www.mintzglobalscreening.com\/fr\/services\/securite-internationale\/","og_locale":"fr_FR","og_type":"article","og_title":"V\u00e9rification de S\u00e9curit\u00e9 Internationale | Surveillance Antiterrorisme","og_description":"V\u00e9rifications mondiales Mintz vous propose un service professionnel de v\u00e9rification des ant\u00e9c\u00e9dents en mati\u00e8re de s\u00e9curit\u00e9 internationale. D\u00e9couvrez si vos candidats figurent sur les listes de surveillance gouvernementale.","og_url":"https:\/\/www.mintzglobalscreening.com\/fr\/services\/securite-internationale\/","og_site_name":"Mintz Global Screening","article_publisher":"https:\/\/www.facebook.com\/Mintzglobal","article_modified_time":"2024-01-12T07:40:20+00:00","og_image":[{"width":1920,"height":320,"url":"https:\/\/www.mintzglobalscreening.com\/wp-content\/uploads\/2018\/12\/img_header-securite\u0301-interna.jpg","type":"image\/jpeg"}],"twitter_card":"summary_large_image","twitter_site":"@MintzGlobal","twitter_misc":{"Dur\u00e9e de lecture estim\u00e9e":"2 minutes"},"schema":{"@context":"https:\/\/schema.org","@graph":[{"@type":"WebPage","@id":"https:\/\/www.mintzglobalscreening.com\/fr\/services\/securite-internationale\/","url":"https:\/\/www.mintzglobalscreening.com\/fr\/services\/securite-internationale\/","name":"V\u00e9rification de S\u00e9curit\u00e9 Internationale | Surveillance Antiterrorisme","isPartOf":{"@id":"https:\/\/www.mintzglobalscreening.com\/fr\/#website"},"primaryImageOfPage":{"@id":"https:\/\/www.mintzglobalscreening.com\/fr\/services\/securite-internationale\/#primaryimage"},"image":{"@id":"https:\/\/www.mintzglobalscreening.com\/fr\/services\/securite-internationale\/#primaryimage"},"thumbnailUrl":"https:\/\/www.mintzglobalscreening.com\/wp-content\/uploads\/2018\/12\/img_header-securite\u0301-interna.jpg","datePublished":"2018-12-07T19:16:51+00:00","dateModified":"2024-01-12T07:40:20+00:00","description":"V\u00e9rifications mondiales Mintz vous propose un service professionnel de v\u00e9rification des ant\u00e9c\u00e9dents en mati\u00e8re de s\u00e9curit\u00e9 internationale. D\u00e9couvrez si vos candidats figurent sur les listes de surveillance gouvernementale.","breadcrumb":{"@id":"https:\/\/www.mintzglobalscreening.com\/fr\/services\/securite-internationale\/#breadcrumb"},"inLanguage":"fr-FR","potentialAction":[{"@type":"ReadAction","target":["https:\/\/www.mintzglobalscreening.com\/fr\/services\/securite-internationale\/"]}]},{"@type":"ImageObject","inLanguage":"fr-FR","@id":"https:\/\/www.mintzglobalscreening.com\/fr\/services\/securite-internationale\/#primaryimage","url":"https:\/\/www.mintzglobalscreening.com\/wp-content\/uploads\/2018\/12\/img_header-securite\u0301-interna.jpg","contentUrl":"https:\/\/www.mintzglobalscreening.com\/wp-content\/uploads\/2018\/12\/img_header-securite\u0301-interna.jpg","width":1920,"height":320},{"@type":"BreadcrumbList","@id":"https:\/\/www.mintzglobalscreening.com\/fr\/services\/securite-internationale\/#breadcrumb","itemListElement":[{"@type":"ListItem","position":1,"name":"Home","item":"https:\/\/www.mintzglobalscreening.com\/fr\/"},{"@type":"ListItem","position":2,"name":"Services","item":"https:\/\/www.mintzglobalscreening.com\/fr\/services\/"},{"@type":"ListItem","position":3,"name":"Service de v\u00e9rification de s\u00e9curit\u00e9 internationale"}]},{"@type":"WebSite","@id":"https:\/\/www.mintzglobalscreening.com\/fr\/#website","url":"https:\/\/www.mintzglobalscreening.com\/fr\/","name":"Mintz Global Screening","description":"Mintz Global Screening","potentialAction":[{"@type":"SearchAction","target":{"@type":"EntryPoint","urlTemplate":"https:\/\/www.mintzglobalscreening.com\/fr\/?s={search_term_string}"},"query-input":{"@type":"PropertyValueSpecification","valueRequired":true,"valueName":"search_term_string"}}],"inLanguage":"fr-FR"}]}},"_links":{"self":[{"href":"https:\/\/www.mintzglobalscreening.com\/fr\/wp-json\/wp\/v2\/pages\/2698","targetHints":{"allow":["GET"]}}],"collection":[{"href":"https:\/\/www.mintzglobalscreening.com\/fr\/wp-json\/wp\/v2\/pages"}],"about":[{"href":"https:\/\/www.mintzglobalscreening.com\/fr\/wp-json\/wp\/v2\/types\/page"}],"author":[{"embeddable":true,"href":"https:\/\/www.mintzglobalscreening.com\/fr\/wp-json\/wp\/v2\/users\/7"}],"replies":[{"embeddable":true,"href":"https:\/\/www.mintzglobalscreening.com\/fr\/wp-json\/wp\/v2\/comments?post=2698"}],"version-history":[{"count":6,"href":"https:\/\/www.mintzglobalscreening.com\/fr\/wp-json\/wp\/v2\/pages\/2698\/revisions"}],"predecessor-version":[{"id":4933,"href":"https:\/\/www.mintzglobalscreening.com\/fr\/wp-json\/wp\/v2\/pages\/2698\/revisions\/4933"}],"up":[{"embeddable":true,"href":"https:\/\/www.mintzglobalscreening.com\/fr\/wp-json\/wp\/v2\/pages\/1252"}],"wp:featuredmedia":[{"embeddable":true,"href":"https:\/\/www.mintzglobalscreening.com\/fr\/wp-json\/wp\/v2\/media\/2699"}],"wp:attachment":[{"href":"https:\/\/www.mintzglobalscreening.com\/fr\/wp-json\/wp\/v2\/media?parent=2698"}],"curies":[{"name":"wp","href":"https:\/\/api.w.org\/{rel}","templated":true}]}}