{"id":2710,"date":"2018-12-07T19:25:58","date_gmt":"2018-12-07T19:25:58","guid":{"rendered":"https:\/\/www.mintzglobalscreening.com\/stage\/stage\/?page_id=2710\/"},"modified":"2024-01-12T07:41:13","modified_gmt":"2024-01-12T07:41:13","slug":"verification-internationale","status":"publish","type":"page","link":"https:\/\/www.mintzglobalscreening.com\/fr\/services\/verification-internationale\/","title":{"rendered":"Service de v\u00e9rification d\u2019ant\u00e9c\u00e9dents \u00e0 l\u2019international"},"content":{"rendered":"\n\n\t<p>Chez V\u00e9rifications mondiales Mintz, nous sommes heureux de pouvoir vous offrir <a href=\"https:\/\/www.mintzglobalscreening.com\/fr\/services\/\">nos services<\/a> \u00e0 l&rsquo;international. Chaque pays ayant des r\u00e8gles et des proc\u00e9dures uniques en mati\u00e8re de collecte d&rsquo;information et de v\u00e9rification des ant\u00e9c\u00e9dents, nous prenons le plus grand soin pour assurer la m\u00eame rigueur et attention \u00e0 vos besoins en v\u00e9rifications canadienne qu&rsquo;\u00e0 vos besoins internationaux.<\/p>\n<p>Notre \u00e9quipe travaille en \u00e9troite collaboration avec des partenaires experts dans leur domaine afin de vous fournir un niveau \u00e9lev\u00e9 de services de v\u00e9rifications internationales, vous garantissant le respect et la conformit\u00e9 avec les standards de chaque pays, leur l\u00e9gislation en mati\u00e8re de droit de l&rsquo;homme ainsi que leurs limites juridiques.<\/p>\n<p>Faire appel \u00e0 nos v\u00e9rificateurs vous assure donc de b\u00e9n\u00e9ficier d&rsquo;un service sur mesure, vous fournissant rapidement des renseignements fiables concernant les ant\u00e9c\u00e9dents de vos candidats.<\/p>\n\t\t\t\t<img loading=\"lazy\" decoding=\"async\" src=\"https:\/\/www.mintzglobalscreening.com\/wp-content\/uploads\/2018\/11\/icon-verifier-casier.png\" alt=\"icon-verifier-casier\" itemprop=\"image\" height=\"60\" width=\"60\" title=\"icon-verifier-casier\" onerror=\"this.style.display='none'\"  \/>\n\t<p>Embauchez des travailleurs comp\u00e9tents et dignes de confiance<\/p>\n\t\t\t\t<img loading=\"lazy\" decoding=\"async\" src=\"https:\/\/www.mintzglobalscreening.com\/wp-content\/uploads\/2018\/12\/icon-verif-interna.png\" alt=\"icon-verif-interna\" itemprop=\"image\" height=\"60\" width=\"60\" title=\"icon-verif-interna\" onerror=\"this.style.display='none'\"  \/>\n\t<p>Profitez d&rsquo;informations recueillies \u00e0 l&rsquo;\u00e9chelle globale<\/p>\n\t\t\t\t<img loading=\"lazy\" decoding=\"async\" src=\"https:\/\/www.mintzglobalscreening.com\/wp-content\/uploads\/2018\/11\/icon-proteger-reputation-entreprise.png\" alt=\"icon-proteger-reputation-entreprise\" itemprop=\"image\" height=\"60\" width=\"60\" title=\"icon-proteger-reputation-entreprise\" onerror=\"this.style.display='none'\"  \/>\n\t<p>Prot\u00e9gez votre r\u00e9putation, ainsi que la s\u00e9curit\u00e9 de vos employ\u00e9s et de vos clients<\/p>\n\tFaites appel \u00e0 nos sp\u00e9cialistes en v\u00e9rification d&rsquo;ant\u00e9c\u00e9dents\n\t\t\t<a href=\"https:\/\/www.mintzglobalscreening.com\/fr\/contactez-nous\/\" target=\"_self\" role=\"button\" rel=\"noopener\">\n\t\t\t\t\t\t\tContactez-nous\n\t\t\t\t\t<\/a>\n\t<h2>Pourquoi avoir recours \u00e0 notre service de v\u00e9rification d&rsquo;ant\u00e9c\u00e9dents \u00e0 l&rsquo;international?<\/h2>\n<p><strong>Notre monde est de plus en plus petit. <\/strong><\/p>\n<p>Gr\u00e2ce \u00e0 la technologie moderne, les entreprises partout \u00e0 travers le monde profitent aujourd&rsquo;hui de possibilit\u00e9s illimit\u00e9es, qu&rsquo;elles souhaitent \u00e9tendre leur activit\u00e9 au-del\u00e0 des fronti\u00e8res ou acqu\u00e9rir des talents aux quatre coins du monde. Chez V\u00e9rification mondiales Mintz, nous sommes fiers de collaborer avec nos clients pour les aider \u00e0 mettre en place un programme international de v\u00e9rification d&rsquo;ant\u00e9c\u00e9dents.<\/p>\n<p>Parce que chaque pays d\u00e9tient ses propres r\u00e8gles et proc\u00e9dures, nous travaillons \u00e9troitement avec des partenaires locaux experts dans leur r\u00e9gion. Nous pouvons ainsi garantir que nous offrons \u00e0 nos clients le plus haut niveau de v\u00e9rification d&rsquo;ant\u00e9c\u00e9dents \u00e0 l&rsquo;international pour r\u00e9pondre \u00e0 leurs besoins sp\u00e9cifiques, tout en veillant au respect des droits de la personne et de la l\u00e9gislation locale.<\/p>\n\t<h2>Pourquoi choisir le service de v\u00e9rification d&rsquo;ant\u00e9c\u00e9dents \u00e0 l&rsquo;international Mintz?<\/h2>\n<p>Comptant sur plus de 100 ans d&rsquo;exp\u00e9rience dans le domaine de la v\u00e9rification d&rsquo;ant\u00e9c\u00e9dents, V\u00e9rifications mondiales Mintz poss\u00e8de une expertise qui lui permet d&rsquo;offrir des <a href=\"https:\/\/www.mintzglobalscreening.com\/fr\/services\/\">services personnalis\u00e9s<\/a>, d&rsquo;une grande cr\u00e9dibilit\u00e9. Cela est notamment attribuable \u00e0 des m\u00e9thodes d&rsquo;investigation extr\u00eamement rigoureuses, jumel\u00e9es \u00e0 une approche consultative. \u00a0Ce n&rsquo;est donc pas un hasard que nous soyons aujourd&rsquo;hui reconnus comme des leaders dans notre secteur d&rsquo;activit\u00e9s.<\/p>\n<p>En choisissant notre service de v\u00e9rification d&rsquo;ant\u00e9c\u00e9dents \u00e0 l&rsquo;international, vous profitez d&rsquo;ailleurs d&rsquo;avantages uniques :<\/p>\n<ul>\n<li>Gamme compl\u00e8te de services pour r\u00e9pondre \u00e0 tous vos besoins internationaux<\/li>\n<li>Partenaires locaux experts en conformit\u00e9<\/li>\n<li>Heures d&rsquo;affaires \u00e9tendues pour couvrir diff\u00e9rents fuseaux horaires<\/li>\n<li>V\u00e9rifications peuvent \u00eatre effectu\u00e9es dans plus de 12 langues<\/li>\n<li>R\u00e9sultats disponibles en temps r\u00e9el sur notre site web s\u00e9curis\u00e9<\/li>\n<li>Processus simple et personnalisable pour veiller \u00e0 ce que les v\u00e9rifications internationales soient aussi simples que celles que vous r\u00e9alisez au Canada<\/li>\n<\/ul>\n\t<h2>Vous d\u00e9sirez en apprendre davantage sur notre service de v\u00e9rification d&rsquo;ant\u00e9c\u00e9dents \u00e0 l&rsquo;\u00e9chelle mondiale?<\/h2>\n<p>Si vous voulez en savoir plus sur la fa\u00e7on dont nos v\u00e9rificateurs peuvent vous assister dans l&rsquo;\u00e9valuation de vos candidats, n&rsquo;h\u00e9sitez pas \u00e0 <a href=\"https:\/\/www.mintzglobalscreening.com\/fr\/contactez-nous\/\">nous contacter<\/a>! Nous pourrons mettre en place une strat\u00e9gie de v\u00e9rifications des ant\u00e9c\u00e9dents con\u00e7ue sur mesure pour r\u00e9pondre aux besoins de votre organisation.<\/p>\n\n","protected":false},"excerpt":{"rendered":"<p>Chez V\u00e9rifications mondiales Mintz, nous sommes heureux de pouvoir vous offrir nos services \u00e0 l&rsquo;international. Chaque pays ayant des r\u00e8gles et des proc\u00e9dures uniques en mati\u00e8re de collecte d&rsquo;information et de v\u00e9rification des ant\u00e9c\u00e9dents, nous prenons le plus grand soin pour assurer la m\u00eame rigueur et attention \u00e0 vos besoins en v\u00e9rifications canadienne qu&rsquo;\u00e0 vos besoins internationaux. Notre \u00e9quipe travaille en \u00e9troite collaboration avec des partenaires experts dans leur domaine&#8230;<\/p>\n","protected":false},"author":7,"featured_media":2711,"parent":1252,"menu_order":96,"comment_status":"closed","ping_status":"closed","template":"","meta":{"_acf_changed":false,"content-type":"","footnotes":""},"class_list":["post-2710","page","type-page","status-publish","has-post-thumbnail","hentry"],"acf":[],"yoast_head":"<!-- This site is optimized with the Yoast SEO plugin v25.0 - https:\/\/yoast.com\/wordpress\/plugins\/seo\/ -->\n<title>Service de V\u00e9rification d\u2019Ant\u00e9c\u00e9dents \u00e0 l\u2019\u00c9chelle Internationale<\/title>\n<meta name=\"description\" content=\"V\u00e9rifications mondiales Mintz vous propose un service de v\u00e9rification des ant\u00e9c\u00e9dents garantissant le respect des normes de conformit\u00e9, des droits de la personne et des limites l\u00e9gales de chaque pays.\" \/>\n<meta name=\"robots\" content=\"index, follow, max-snippet:-1, max-image-preview:large, max-video-preview:-1\" \/>\n<link rel=\"canonical\" href=\"https:\/\/www.mintzglobalscreening.com\/fr\/services\/verification-internationale\/\" \/>\n<meta property=\"og:locale\" content=\"fr_FR\" \/>\n<meta property=\"og:type\" content=\"article\" \/>\n<meta property=\"og:title\" content=\"Service de V\u00e9rification d\u2019Ant\u00e9c\u00e9dents \u00e0 l\u2019\u00c9chelle Internationale\" \/>\n<meta property=\"og:description\" content=\"V\u00e9rifications mondiales Mintz vous propose un service de v\u00e9rification des ant\u00e9c\u00e9dents garantissant le respect des normes de conformit\u00e9, des droits de la personne et des limites l\u00e9gales de chaque pays.\" \/>\n<meta property=\"og:url\" content=\"https:\/\/www.mintzglobalscreening.com\/fr\/services\/verification-internationale\/\" \/>\n<meta property=\"og:site_name\" content=\"Mintz Global Screening\" \/>\n<meta property=\"article:publisher\" content=\"https:\/\/www.facebook.com\/Mintzglobal\" \/>\n<meta property=\"article:modified_time\" content=\"2024-01-12T07:41:13+00:00\" \/>\n<meta property=\"og:image\" content=\"https:\/\/www.mintzglobalscreening.com\/wp-content\/uploads\/2018\/12\/img_header-verif-interna.jpg\" \/>\n\t<meta property=\"og:image:width\" content=\"1920\" \/>\n\t<meta property=\"og:image:height\" content=\"320\" \/>\n\t<meta property=\"og:image:type\" content=\"image\/jpeg\" \/>\n<meta name=\"twitter:card\" content=\"summary_large_image\" \/>\n<meta name=\"twitter:site\" content=\"@MintzGlobal\" \/>\n<meta name=\"twitter:label1\" content=\"Dur\u00e9e de lecture estim\u00e9e\" \/>\n\t<meta name=\"twitter:data1\" content=\"3 minutes\" \/>\n<script type=\"application\/ld+json\" class=\"yoast-schema-graph\">{\"@context\":\"https:\/\/schema.org\",\"@graph\":[{\"@type\":\"WebPage\",\"@id\":\"https:\/\/www.mintzglobalscreening.com\/fr\/services\/verification-internationale\/\",\"url\":\"https:\/\/www.mintzglobalscreening.com\/fr\/services\/verification-internationale\/\",\"name\":\"Service de V\u00e9rification d\u2019Ant\u00e9c\u00e9dents \u00e0 l\u2019\u00c9chelle Internationale\",\"isPartOf\":{\"@id\":\"https:\/\/www.mintzglobalscreening.com\/fr\/#website\"},\"primaryImageOfPage\":{\"@id\":\"https:\/\/www.mintzglobalscreening.com\/fr\/services\/verification-internationale\/#primaryimage\"},\"image\":{\"@id\":\"https:\/\/www.mintzglobalscreening.com\/fr\/services\/verification-internationale\/#primaryimage\"},\"thumbnailUrl\":\"https:\/\/www.mintzglobalscreening.com\/wp-content\/uploads\/2018\/12\/img_header-verif-interna.jpg\",\"datePublished\":\"2018-12-07T19:25:58+00:00\",\"dateModified\":\"2024-01-12T07:41:13+00:00\",\"description\":\"V\u00e9rifications mondiales Mintz vous propose un service de v\u00e9rification des ant\u00e9c\u00e9dents garantissant le respect des normes de conformit\u00e9, des droits de la personne et des limites l\u00e9gales de chaque pays.\",\"breadcrumb\":{\"@id\":\"https:\/\/www.mintzglobalscreening.com\/fr\/services\/verification-internationale\/#breadcrumb\"},\"inLanguage\":\"fr-FR\",\"potentialAction\":[{\"@type\":\"ReadAction\",\"target\":[\"https:\/\/www.mintzglobalscreening.com\/fr\/services\/verification-internationale\/\"]}]},{\"@type\":\"ImageObject\",\"inLanguage\":\"fr-FR\",\"@id\":\"https:\/\/www.mintzglobalscreening.com\/fr\/services\/verification-internationale\/#primaryimage\",\"url\":\"https:\/\/www.mintzglobalscreening.com\/wp-content\/uploads\/2018\/12\/img_header-verif-interna.jpg\",\"contentUrl\":\"https:\/\/www.mintzglobalscreening.com\/wp-content\/uploads\/2018\/12\/img_header-verif-interna.jpg\",\"width\":1920,\"height\":320},{\"@type\":\"BreadcrumbList\",\"@id\":\"https:\/\/www.mintzglobalscreening.com\/fr\/services\/verification-internationale\/#breadcrumb\",\"itemListElement\":[{\"@type\":\"ListItem\",\"position\":1,\"name\":\"Home\",\"item\":\"https:\/\/www.mintzglobalscreening.com\/fr\/\"},{\"@type\":\"ListItem\",\"position\":2,\"name\":\"Services\",\"item\":\"https:\/\/www.mintzglobalscreening.com\/fr\/services\/\"},{\"@type\":\"ListItem\",\"position\":3,\"name\":\"Service de v\u00e9rification d\u2019ant\u00e9c\u00e9dents \u00e0 l\u2019international\"}]},{\"@type\":\"WebSite\",\"@id\":\"https:\/\/www.mintzglobalscreening.com\/fr\/#website\",\"url\":\"https:\/\/www.mintzglobalscreening.com\/fr\/\",\"name\":\"Mintz Global Screening\",\"description\":\"Mintz Global Screening\",\"potentialAction\":[{\"@type\":\"SearchAction\",\"target\":{\"@type\":\"EntryPoint\",\"urlTemplate\":\"https:\/\/www.mintzglobalscreening.com\/fr\/?s={search_term_string}\"},\"query-input\":{\"@type\":\"PropertyValueSpecification\",\"valueRequired\":true,\"valueName\":\"search_term_string\"}}],\"inLanguage\":\"fr-FR\"}]}<\/script>\n<!-- \/ Yoast SEO plugin. -->","yoast_head_json":{"title":"Service de V\u00e9rification d\u2019Ant\u00e9c\u00e9dents \u00e0 l\u2019\u00c9chelle Internationale","description":"V\u00e9rifications mondiales Mintz vous propose un service de v\u00e9rification des ant\u00e9c\u00e9dents garantissant le respect des normes de conformit\u00e9, des droits de la personne et des limites l\u00e9gales de chaque pays.","robots":{"index":"index","follow":"follow","max-snippet":"max-snippet:-1","max-image-preview":"max-image-preview:large","max-video-preview":"max-video-preview:-1"},"canonical":"https:\/\/www.mintzglobalscreening.com\/fr\/services\/verification-internationale\/","og_locale":"fr_FR","og_type":"article","og_title":"Service de V\u00e9rification d\u2019Ant\u00e9c\u00e9dents \u00e0 l\u2019\u00c9chelle Internationale","og_description":"V\u00e9rifications mondiales Mintz vous propose un service de v\u00e9rification des ant\u00e9c\u00e9dents garantissant le respect des normes de conformit\u00e9, des droits de la personne et des limites l\u00e9gales de chaque pays.","og_url":"https:\/\/www.mintzglobalscreening.com\/fr\/services\/verification-internationale\/","og_site_name":"Mintz Global Screening","article_publisher":"https:\/\/www.facebook.com\/Mintzglobal","article_modified_time":"2024-01-12T07:41:13+00:00","og_image":[{"width":1920,"height":320,"url":"https:\/\/www.mintzglobalscreening.com\/wp-content\/uploads\/2018\/12\/img_header-verif-interna.jpg","type":"image\/jpeg"}],"twitter_card":"summary_large_image","twitter_site":"@MintzGlobal","twitter_misc":{"Dur\u00e9e de lecture estim\u00e9e":"3 minutes"},"schema":{"@context":"https:\/\/schema.org","@graph":[{"@type":"WebPage","@id":"https:\/\/www.mintzglobalscreening.com\/fr\/services\/verification-internationale\/","url":"https:\/\/www.mintzglobalscreening.com\/fr\/services\/verification-internationale\/","name":"Service de V\u00e9rification d\u2019Ant\u00e9c\u00e9dents \u00e0 l\u2019\u00c9chelle Internationale","isPartOf":{"@id":"https:\/\/www.mintzglobalscreening.com\/fr\/#website"},"primaryImageOfPage":{"@id":"https:\/\/www.mintzglobalscreening.com\/fr\/services\/verification-internationale\/#primaryimage"},"image":{"@id":"https:\/\/www.mintzglobalscreening.com\/fr\/services\/verification-internationale\/#primaryimage"},"thumbnailUrl":"https:\/\/www.mintzglobalscreening.com\/wp-content\/uploads\/2018\/12\/img_header-verif-interna.jpg","datePublished":"2018-12-07T19:25:58+00:00","dateModified":"2024-01-12T07:41:13+00:00","description":"V\u00e9rifications mondiales Mintz vous propose un service de v\u00e9rification des ant\u00e9c\u00e9dents garantissant le respect des normes de conformit\u00e9, des droits de la personne et des limites l\u00e9gales de chaque pays.","breadcrumb":{"@id":"https:\/\/www.mintzglobalscreening.com\/fr\/services\/verification-internationale\/#breadcrumb"},"inLanguage":"fr-FR","potentialAction":[{"@type":"ReadAction","target":["https:\/\/www.mintzglobalscreening.com\/fr\/services\/verification-internationale\/"]}]},{"@type":"ImageObject","inLanguage":"fr-FR","@id":"https:\/\/www.mintzglobalscreening.com\/fr\/services\/verification-internationale\/#primaryimage","url":"https:\/\/www.mintzglobalscreening.com\/wp-content\/uploads\/2018\/12\/img_header-verif-interna.jpg","contentUrl":"https:\/\/www.mintzglobalscreening.com\/wp-content\/uploads\/2018\/12\/img_header-verif-interna.jpg","width":1920,"height":320},{"@type":"BreadcrumbList","@id":"https:\/\/www.mintzglobalscreening.com\/fr\/services\/verification-internationale\/#breadcrumb","itemListElement":[{"@type":"ListItem","position":1,"name":"Home","item":"https:\/\/www.mintzglobalscreening.com\/fr\/"},{"@type":"ListItem","position":2,"name":"Services","item":"https:\/\/www.mintzglobalscreening.com\/fr\/services\/"},{"@type":"ListItem","position":3,"name":"Service de v\u00e9rification d\u2019ant\u00e9c\u00e9dents \u00e0 l\u2019international"}]},{"@type":"WebSite","@id":"https:\/\/www.mintzglobalscreening.com\/fr\/#website","url":"https:\/\/www.mintzglobalscreening.com\/fr\/","name":"Mintz Global Screening","description":"Mintz Global Screening","potentialAction":[{"@type":"SearchAction","target":{"@type":"EntryPoint","urlTemplate":"https:\/\/www.mintzglobalscreening.com\/fr\/?s={search_term_string}"},"query-input":{"@type":"PropertyValueSpecification","valueRequired":true,"valueName":"search_term_string"}}],"inLanguage":"fr-FR"}]}},"_links":{"self":[{"href":"https:\/\/www.mintzglobalscreening.com\/fr\/wp-json\/wp\/v2\/pages\/2710","targetHints":{"allow":["GET"]}}],"collection":[{"href":"https:\/\/www.mintzglobalscreening.com\/fr\/wp-json\/wp\/v2\/pages"}],"about":[{"href":"https:\/\/www.mintzglobalscreening.com\/fr\/wp-json\/wp\/v2\/types\/page"}],"author":[{"embeddable":true,"href":"https:\/\/www.mintzglobalscreening.com\/fr\/wp-json\/wp\/v2\/users\/7"}],"replies":[{"embeddable":true,"href":"https:\/\/www.mintzglobalscreening.com\/fr\/wp-json\/wp\/v2\/comments?post=2710"}],"version-history":[{"count":5,"href":"https:\/\/www.mintzglobalscreening.com\/fr\/wp-json\/wp\/v2\/pages\/2710\/revisions"}],"predecessor-version":[{"id":4934,"href":"https:\/\/www.mintzglobalscreening.com\/fr\/wp-json\/wp\/v2\/pages\/2710\/revisions\/4934"}],"up":[{"embeddable":true,"href":"https:\/\/www.mintzglobalscreening.com\/fr\/wp-json\/wp\/v2\/pages\/1252"}],"wp:featuredmedia":[{"embeddable":true,"href":"https:\/\/www.mintzglobalscreening.com\/fr\/wp-json\/wp\/v2\/media\/2711"}],"wp:attachment":[{"href":"https:\/\/www.mintzglobalscreening.com\/fr\/wp-json\/wp\/v2\/media?parent=2710"}],"curies":[{"name":"wp","href":"https:\/\/api.w.org\/{rel}","templated":true}]}}