{"id":2733,"date":"2018-12-07T19:47:00","date_gmt":"2018-12-07T19:47:00","guid":{"rendered":"https:\/\/www.mintzglobalscreening.com\/stage\/?page_id=2733\/"},"modified":"2024-01-12T07:44:45","modified_gmt":"2024-01-12T07:44:45","slug":"dossier-civil","status":"publish","type":"page","link":"https:\/\/www.mintzglobalscreening.com\/fr\/services\/dossier-civil\/","title":{"rendered":"Service de v\u00e9rification du dossier civil"},"content":{"rendered":"\n\n\t<p><a href=\"https:\/\/www.mintzglobalscreening.com\/fr\/media-category\/qui-est-verifications-mondiales-mintz\/\">V\u00e9rifications mondiales Mintz<\/a> vous propose de proc\u00e9der \u00e0 une v\u00e9rification du dossier civil d&rsquo;un individu, afin que vous puissiez savoir si ce dernier a d\u00e9j\u00e0 fait l&rsquo;objet de poursuites au civil, notamment en raison de bris de contrat ou de non-paiement. C&rsquo;est une pr\u00e9caution vitale pour vous assurer de la fiabilit\u00e9 d&rsquo;un candidat, puisque ce genre de litige ne figure pas n\u00e9cessairement dans un dossier criminel.<\/p>\n<p>Pour vous garantir l&rsquo;obtention d&rsquo;informations fiables rapidement, V\u00e9rifications mondiales Mintz travaille de concert avec un r\u00e9seau \u00e9tendu de partenaires jouissant d&rsquo;une grande cr\u00e9dibilit\u00e9. L&rsquo;approche personnalis\u00e9e de leur \u00e9quipe de v\u00e9rificateurs chevronn\u00e9s vous permet de b\u00e9n\u00e9ficier de tous les renseignements dont vous avez besoin pour prendre des d\u00e9cisions \u00e9clair\u00e9es.<\/p>\n\t\t\t\t<img loading=\"lazy\" decoding=\"async\" src=\"https:\/\/www.mintzglobalscreening.com\/wp-content\/uploads\/2018\/11\/icon-proteger-reputation-entreprise.png\" alt=\"icon-proteger-reputation-entreprise\" itemprop=\"image\" height=\"60\" width=\"60\" title=\"icon-proteger-reputation-entreprise\" onerror=\"this.style.display='none'\"  \/>\n\t<p>Prot\u00e9gez la r\u00e9putation de votre entreprise en choisissant des candidats dignes de confiance<\/p>\n\t\t\t\t<img loading=\"lazy\" decoding=\"async\" src=\"https:\/\/www.mintzglobalscreening.com\/wp-content\/uploads\/2018\/12\/icon-processus-rapide.png\" alt=\"icon-processus-rapide\" itemprop=\"image\" height=\"60\" width=\"60\" title=\"icon-processus-rapide\" onerror=\"this.style.display='none'\"  \/>\n\t<p>Obtenez des d\u00e9tails suppl\u00e9mentaires rapidement gr\u00e2ce \u00e0 un processus rapide et flexible<\/p>\n\t\t\t\t<img loading=\"lazy\" decoding=\"async\" src=\"https:\/\/www.mintzglobalscreening.com\/wp-content\/uploads\/2018\/11\/icon-choix-eclaires.png\" alt=\"icon-choix-eclaires\" itemprop=\"image\" height=\"60\" width=\"60\" title=\"icon-choix-eclaires\" onerror=\"this.style.display='none'\"  \/>\n\t<p>Prenez les meilleures d\u00e9cisions d&rsquo;affaires possible en disposant d&rsquo;un maximum d&rsquo;informations fiables<\/p>\n\tFaites appel \u00e0 nos sp\u00e9cialistes en v\u00e9rification d&rsquo;ant\u00e9c\u00e9dents\n\t\t\t<a href=\"https:\/\/www.mintzglobalscreening.com\/fr\/contactez-nous\/\" target=\"_self\" role=\"button\" rel=\"noopener\">\n\t\t\t\t\t\t\tContactez-nous\n\t\t\t\t\t<\/a>\n\t<h2>Pourquoi avoir recours \u00e0 notre service de v\u00e9rification du dossier civil?<\/h2>\n<p><strong>Et si le contracteur que vous \u00eates sur le point d&#8217;employer avait \u00e9t\u00e9 poursuivi par ses trois derniers employeurs en raison d&rsquo;un bris de contrat ? <\/strong><\/p>\n<p>Un casier judiciaire vierge ne garantit en rien l&rsquo;honn\u00eatet\u00e9 de la personne assise en face de vous. Dans bien des contextes professionnels, le dossier civil d&rsquo;une personne en dira autant, sinon plus, sur le vrai visage de votre possible partenaire.<\/p>\n<p>Les recherches de dossiers de litige civil sont effectu\u00e9es \u00e0 partir des archives d&rsquo;une cour. La recherche r\u00e9v\u00e8le les dossiers dans la juridiction vis\u00e9e qui indiquent l&rsquo;implication du candidat dans des causes actives, en suspend ou r\u00e9gl\u00e9es. Les r\u00e9sultats comprennent habituellement le nom du demandeur et du d\u00e9fendeur, la nature du litige, le montant r\u00e9clam\u00e9 (si disponible) et la d\u00e9cision rendue sur la demande.<\/p>\n\t<h2>Pourquoi choisir le service de v\u00e9rification du dossier civil de Mintz\u00a0?<\/h2>\n<p>Avec un nom qui r\u00e9sonne depuis plus de 100 ans dans le milieu des <a href=\"https:\/\/www.mintzglobalscreening.com\/fr\/services\/\">services de v\u00e9rification d&rsquo;ant\u00e9c\u00e9dents<\/a>, nous avons pu acqu\u00e9rir les comp\u00e9tences et le r\u00e9seau de contacts essentiels pour pouvoir vous fournir une foule d&rsquo;informations pertinentes sur vos candidats. Avec le soutien de notre \u00e9quipe de v\u00e9rificateurs, vous pourrez mieux \u00e9valuer la qualit\u00e9 des candidatures que vous recevez et prendre des d\u00e9cisions \u00e9clair\u00e9es en mati\u00e8re d&#8217;embauche.<\/p>\n<p>De plus, en choisissant notre service de v\u00e9rification du dossier civil, vous profitez d&rsquo;avantages uniques\u00a0:<\/p>\n<ul>\n<li>R\u00e9seau \u00e9tendu de contacts aupr\u00e8s de cours, d&rsquo;agents de cour ou de commis de cour partout au pays<\/li>\n<li>R\u00e9sultats comprennent habituellement le d\u00e9tail de la r\u00e9clamation, les montants en jeu et la d\u00e9cision rendue<\/li>\n<li>Capacit\u00e9 d&rsquo;approfondir les recherches pour obtenir plus de d\u00e9tails sur la r\u00e9clamation ou la d\u00e9cision<\/li>\n<li>R\u00e9sultats disponibles en temps r\u00e9el sur notre site web s\u00e9curis\u00e9<\/li>\n<\/ul>\n\t<h2>Vous d\u00e9sirez en savoir plus sur notre service de v\u00e9rification du dossier civil?<\/h2>\n<p>Si vous d\u00e9sirez en apprendre davantage sur nos m\u00e9thodes d&rsquo;investigation et de recherche d&rsquo;informations, n&rsquo;h\u00e9sitez pas \u00e0 <a href=\"https:\/\/www.mintzglobalscreening.com\/fr\/contactez-nous\/\">contacter notre \u00e9quipe<\/a>!<\/p>\n\n","protected":false},"excerpt":{"rendered":"<p>V\u00e9rifications mondiales Mintz vous propose de proc\u00e9der \u00e0 une v\u00e9rification du dossier civil d&rsquo;un individu, afin que vous puissiez savoir si ce dernier a d\u00e9j\u00e0 fait l&rsquo;objet de poursuites au civil, notamment en raison de bris de contrat ou de non-paiement. C&rsquo;est une pr\u00e9caution vitale pour vous assurer de la fiabilit\u00e9 d&rsquo;un candidat, puisque ce genre de litige ne figure pas n\u00e9cessairement dans un dossier criminel. Pour vous garantir l&rsquo;obtention&#8230;<\/p>\n","protected":false},"author":7,"featured_media":2734,"parent":1252,"menu_order":107,"comment_status":"closed","ping_status":"closed","template":"","meta":{"_acf_changed":false,"content-type":"","footnotes":""},"class_list":["post-2733","page","type-page","status-publish","has-post-thumbnail","hentry"],"acf":[],"yoast_head":"<!-- This site is optimized with the Yoast SEO plugin v25.0 - https:\/\/yoast.com\/wordpress\/plugins\/seo\/ -->\n<title>Service de V\u00e9rification du Dossier Civil de Candidats | Litige Civil<\/title>\n<meta name=\"description\" content=\"V\u00e9rifications mondiales Mintz vous propose un service de v\u00e9rification du dossier civil. Voyez si vos candidats on d\u00e9j\u00e0 fait l&#039;objet de poursuites au civil.\" \/>\n<meta name=\"robots\" content=\"index, follow, max-snippet:-1, max-image-preview:large, max-video-preview:-1\" \/>\n<link rel=\"canonical\" href=\"https:\/\/www.mintzglobalscreening.com\/fr\/services\/dossier-civil\/\" \/>\n<meta property=\"og:locale\" content=\"fr_FR\" \/>\n<meta property=\"og:type\" content=\"article\" \/>\n<meta property=\"og:title\" content=\"Service de V\u00e9rification du Dossier Civil de Candidats | Litige Civil\" \/>\n<meta property=\"og:description\" content=\"V\u00e9rifications mondiales Mintz vous propose un service de v\u00e9rification du dossier civil. Voyez si vos candidats on d\u00e9j\u00e0 fait l&#039;objet de poursuites au civil.\" \/>\n<meta property=\"og:url\" content=\"https:\/\/www.mintzglobalscreening.com\/fr\/services\/dossier-civil\/\" \/>\n<meta property=\"og:site_name\" content=\"Mintz Global Screening\" \/>\n<meta property=\"article:publisher\" content=\"https:\/\/www.facebook.com\/Mintzglobal\" \/>\n<meta property=\"article:modified_time\" content=\"2024-01-12T07:44:45+00:00\" \/>\n<meta property=\"og:image\" content=\"https:\/\/www.mintzglobalscreening.com\/wp-content\/uploads\/2018\/12\/img_header-dossier-civil.jpg\" \/>\n\t<meta property=\"og:image:width\" content=\"1920\" \/>\n\t<meta property=\"og:image:height\" content=\"320\" \/>\n\t<meta property=\"og:image:type\" content=\"image\/jpeg\" \/>\n<meta name=\"twitter:card\" content=\"summary_large_image\" \/>\n<meta name=\"twitter:site\" content=\"@MintzGlobal\" \/>\n<meta name=\"twitter:label1\" content=\"Dur\u00e9e de lecture estim\u00e9e\" \/>\n\t<meta name=\"twitter:data1\" content=\"3 minutes\" \/>\n<script type=\"application\/ld+json\" class=\"yoast-schema-graph\">{\"@context\":\"https:\/\/schema.org\",\"@graph\":[{\"@type\":\"WebPage\",\"@id\":\"https:\/\/www.mintzglobalscreening.com\/fr\/services\/dossier-civil\/\",\"url\":\"https:\/\/www.mintzglobalscreening.com\/fr\/services\/dossier-civil\/\",\"name\":\"Service de V\u00e9rification du Dossier Civil de Candidats | Litige Civil\",\"isPartOf\":{\"@id\":\"https:\/\/www.mintzglobalscreening.com\/fr\/#website\"},\"primaryImageOfPage\":{\"@id\":\"https:\/\/www.mintzglobalscreening.com\/fr\/services\/dossier-civil\/#primaryimage\"},\"image\":{\"@id\":\"https:\/\/www.mintzglobalscreening.com\/fr\/services\/dossier-civil\/#primaryimage\"},\"thumbnailUrl\":\"https:\/\/www.mintzglobalscreening.com\/wp-content\/uploads\/2018\/12\/img_header-dossier-civil.jpg\",\"datePublished\":\"2018-12-07T19:47:00+00:00\",\"dateModified\":\"2024-01-12T07:44:45+00:00\",\"description\":\"V\u00e9rifications mondiales Mintz vous propose un service de v\u00e9rification du dossier civil. Voyez si vos candidats on d\u00e9j\u00e0 fait l'objet de poursuites au civil.\",\"breadcrumb\":{\"@id\":\"https:\/\/www.mintzglobalscreening.com\/fr\/services\/dossier-civil\/#breadcrumb\"},\"inLanguage\":\"fr-FR\",\"potentialAction\":[{\"@type\":\"ReadAction\",\"target\":[\"https:\/\/www.mintzglobalscreening.com\/fr\/services\/dossier-civil\/\"]}]},{\"@type\":\"ImageObject\",\"inLanguage\":\"fr-FR\",\"@id\":\"https:\/\/www.mintzglobalscreening.com\/fr\/services\/dossier-civil\/#primaryimage\",\"url\":\"https:\/\/www.mintzglobalscreening.com\/wp-content\/uploads\/2018\/12\/img_header-dossier-civil.jpg\",\"contentUrl\":\"https:\/\/www.mintzglobalscreening.com\/wp-content\/uploads\/2018\/12\/img_header-dossier-civil.jpg\",\"width\":1920,\"height\":320},{\"@type\":\"BreadcrumbList\",\"@id\":\"https:\/\/www.mintzglobalscreening.com\/fr\/services\/dossier-civil\/#breadcrumb\",\"itemListElement\":[{\"@type\":\"ListItem\",\"position\":1,\"name\":\"Home\",\"item\":\"https:\/\/www.mintzglobalscreening.com\/fr\/\"},{\"@type\":\"ListItem\",\"position\":2,\"name\":\"Services\",\"item\":\"https:\/\/www.mintzglobalscreening.com\/fr\/services\/\"},{\"@type\":\"ListItem\",\"position\":3,\"name\":\"Service de v\u00e9rification du dossier civil\"}]},{\"@type\":\"WebSite\",\"@id\":\"https:\/\/www.mintzglobalscreening.com\/fr\/#website\",\"url\":\"https:\/\/www.mintzglobalscreening.com\/fr\/\",\"name\":\"Mintz Global Screening\",\"description\":\"Mintz Global Screening\",\"potentialAction\":[{\"@type\":\"SearchAction\",\"target\":{\"@type\":\"EntryPoint\",\"urlTemplate\":\"https:\/\/www.mintzglobalscreening.com\/fr\/?s={search_term_string}\"},\"query-input\":{\"@type\":\"PropertyValueSpecification\",\"valueRequired\":true,\"valueName\":\"search_term_string\"}}],\"inLanguage\":\"fr-FR\"}]}<\/script>\n<!-- \/ Yoast SEO plugin. -->","yoast_head_json":{"title":"Service de V\u00e9rification du Dossier Civil de Candidats | Litige Civil","description":"V\u00e9rifications mondiales Mintz vous propose un service de v\u00e9rification du dossier civil. Voyez si vos candidats on d\u00e9j\u00e0 fait l'objet de poursuites au civil.","robots":{"index":"index","follow":"follow","max-snippet":"max-snippet:-1","max-image-preview":"max-image-preview:large","max-video-preview":"max-video-preview:-1"},"canonical":"https:\/\/www.mintzglobalscreening.com\/fr\/services\/dossier-civil\/","og_locale":"fr_FR","og_type":"article","og_title":"Service de V\u00e9rification du Dossier Civil de Candidats | Litige Civil","og_description":"V\u00e9rifications mondiales Mintz vous propose un service de v\u00e9rification du dossier civil. Voyez si vos candidats on d\u00e9j\u00e0 fait l'objet de poursuites au civil.","og_url":"https:\/\/www.mintzglobalscreening.com\/fr\/services\/dossier-civil\/","og_site_name":"Mintz Global Screening","article_publisher":"https:\/\/www.facebook.com\/Mintzglobal","article_modified_time":"2024-01-12T07:44:45+00:00","og_image":[{"width":1920,"height":320,"url":"https:\/\/www.mintzglobalscreening.com\/wp-content\/uploads\/2018\/12\/img_header-dossier-civil.jpg","type":"image\/jpeg"}],"twitter_card":"summary_large_image","twitter_site":"@MintzGlobal","twitter_misc":{"Dur\u00e9e de lecture estim\u00e9e":"3 minutes"},"schema":{"@context":"https:\/\/schema.org","@graph":[{"@type":"WebPage","@id":"https:\/\/www.mintzglobalscreening.com\/fr\/services\/dossier-civil\/","url":"https:\/\/www.mintzglobalscreening.com\/fr\/services\/dossier-civil\/","name":"Service de V\u00e9rification du Dossier Civil de Candidats | Litige Civil","isPartOf":{"@id":"https:\/\/www.mintzglobalscreening.com\/fr\/#website"},"primaryImageOfPage":{"@id":"https:\/\/www.mintzglobalscreening.com\/fr\/services\/dossier-civil\/#primaryimage"},"image":{"@id":"https:\/\/www.mintzglobalscreening.com\/fr\/services\/dossier-civil\/#primaryimage"},"thumbnailUrl":"https:\/\/www.mintzglobalscreening.com\/wp-content\/uploads\/2018\/12\/img_header-dossier-civil.jpg","datePublished":"2018-12-07T19:47:00+00:00","dateModified":"2024-01-12T07:44:45+00:00","description":"V\u00e9rifications mondiales Mintz vous propose un service de v\u00e9rification du dossier civil. Voyez si vos candidats on d\u00e9j\u00e0 fait l'objet de poursuites au civil.","breadcrumb":{"@id":"https:\/\/www.mintzglobalscreening.com\/fr\/services\/dossier-civil\/#breadcrumb"},"inLanguage":"fr-FR","potentialAction":[{"@type":"ReadAction","target":["https:\/\/www.mintzglobalscreening.com\/fr\/services\/dossier-civil\/"]}]},{"@type":"ImageObject","inLanguage":"fr-FR","@id":"https:\/\/www.mintzglobalscreening.com\/fr\/services\/dossier-civil\/#primaryimage","url":"https:\/\/www.mintzglobalscreening.com\/wp-content\/uploads\/2018\/12\/img_header-dossier-civil.jpg","contentUrl":"https:\/\/www.mintzglobalscreening.com\/wp-content\/uploads\/2018\/12\/img_header-dossier-civil.jpg","width":1920,"height":320},{"@type":"BreadcrumbList","@id":"https:\/\/www.mintzglobalscreening.com\/fr\/services\/dossier-civil\/#breadcrumb","itemListElement":[{"@type":"ListItem","position":1,"name":"Home","item":"https:\/\/www.mintzglobalscreening.com\/fr\/"},{"@type":"ListItem","position":2,"name":"Services","item":"https:\/\/www.mintzglobalscreening.com\/fr\/services\/"},{"@type":"ListItem","position":3,"name":"Service de v\u00e9rification du dossier civil"}]},{"@type":"WebSite","@id":"https:\/\/www.mintzglobalscreening.com\/fr\/#website","url":"https:\/\/www.mintzglobalscreening.com\/fr\/","name":"Mintz Global Screening","description":"Mintz Global Screening","potentialAction":[{"@type":"SearchAction","target":{"@type":"EntryPoint","urlTemplate":"https:\/\/www.mintzglobalscreening.com\/fr\/?s={search_term_string}"},"query-input":{"@type":"PropertyValueSpecification","valueRequired":true,"valueName":"search_term_string"}}],"inLanguage":"fr-FR"}]}},"_links":{"self":[{"href":"https:\/\/www.mintzglobalscreening.com\/fr\/wp-json\/wp\/v2\/pages\/2733","targetHints":{"allow":["GET"]}}],"collection":[{"href":"https:\/\/www.mintzglobalscreening.com\/fr\/wp-json\/wp\/v2\/pages"}],"about":[{"href":"https:\/\/www.mintzglobalscreening.com\/fr\/wp-json\/wp\/v2\/types\/page"}],"author":[{"embeddable":true,"href":"https:\/\/www.mintzglobalscreening.com\/fr\/wp-json\/wp\/v2\/users\/7"}],"replies":[{"embeddable":true,"href":"https:\/\/www.mintzglobalscreening.com\/fr\/wp-json\/wp\/v2\/comments?post=2733"}],"version-history":[{"count":6,"href":"https:\/\/www.mintzglobalscreening.com\/fr\/wp-json\/wp\/v2\/pages\/2733\/revisions"}],"predecessor-version":[{"id":4936,"href":"https:\/\/www.mintzglobalscreening.com\/fr\/wp-json\/wp\/v2\/pages\/2733\/revisions\/4936"}],"up":[{"embeddable":true,"href":"https:\/\/www.mintzglobalscreening.com\/fr\/wp-json\/wp\/v2\/pages\/1252"}],"wp:featuredmedia":[{"embeddable":true,"href":"https:\/\/www.mintzglobalscreening.com\/fr\/wp-json\/wp\/v2\/media\/2734"}],"wp:attachment":[{"href":"https:\/\/www.mintzglobalscreening.com\/fr\/wp-json\/wp\/v2\/media?parent=2733"}],"curies":[{"name":"wp","href":"https:\/\/api.w.org\/{rel}","templated":true}]}}