{"id":2755,"date":"2018-12-07T20:11:57","date_gmt":"2018-12-07T20:11:57","guid":{"rendered":"https:\/\/www.mintzglobalscreening.com\/stage\/?page_id=2755\/"},"modified":"2024-01-12T07:48:22","modified_gmt":"2024-01-12T07:48:22","slug":"recherche-antecedents-medias","status":"publish","type":"page","link":"https:\/\/www.mintzglobalscreening.com\/fr\/services\/recherche-antecedents-medias\/","title":{"rendered":"Service de recherche d\u2019ant\u00e9c\u00e9dents dans les m\u00e9dias"},"content":{"rendered":"\n\n\t<p>La contribution d&rsquo;un employ\u00e9 envers votre entreprise ne se limite d\u00e9sormais plus \u00e0 ses heures de travail. Lorsqu&rsquo;un employ\u00e9 quitte son lieu de travail, la fa\u00e7on dont il agit, ce qu&rsquo;il dit et comment il est per\u00e7u dans sa vie personnelle peut avoir des r\u00e9percussions importantes sur la r\u00e9putation de votre entreprise. En ce sens, notre service de recherche d&rsquo;ant\u00e9c\u00e9dents dans les m\u00e9dias peut vous donner une id\u00e9e de qui est r\u00e9ellement cette personne au-del\u00e0 des faits et des chiffres qui apparaissent dans son curriculum vit\u00e6.<\/p>\n<p>Forts d&rsquo;une <a href=\"https:\/\/www.mintzglobalscreening.com\/fr\/a-propos\/the-mgs-difference-fr\/\">grande exp\u00e9rience en mati\u00e8re de v\u00e9rification d&rsquo;ant\u00e9c\u00e9dents<\/a>, nos v\u00e9rificateurs vous garantissent des informations cr\u00e9dibles et pertinentes. Notre approche personnalis\u00e9e vous permet de mettre la main sur une foule de renseignements qui vous aideront \u00e0 prendre des d\u00e9cisions \u00e9clair\u00e9es lors d&rsquo;un processus de recrutement.<\/p>\n\t\t\t\t<img loading=\"lazy\" decoding=\"async\" src=\"https:\/\/www.mintzglobalscreening.com\/wp-content\/uploads\/2018\/11\/icon-proteger-reputation-entreprise.png\" alt=\"icon-proteger-reputation-entreprise\" itemprop=\"image\" height=\"60\" width=\"60\" title=\"icon-proteger-reputation-entreprise\" onerror=\"this.style.display='none'\"  \/>\n\t<p>Prot\u00e9gez la r\u00e9putation de votre entreprise en choisissant des candidats dignes de confiance<\/p>\n\t\t\t\t<img loading=\"lazy\" decoding=\"async\" src=\"https:\/\/www.mintzglobalscreening.com\/wp-content\/uploads\/2018\/12\/icon-soulage-responsable.png\" alt=\"icon-soulage-responsable\" itemprop=\"image\" height=\"60\" width=\"60\" title=\"icon-soulage-responsable\" onerror=\"this.style.display='none'\"  \/>\n\t<p>Soulagez vos responsables des ressources humaines d&rsquo;une charge importante de travail<\/p>\n\t\t\t\t<img loading=\"lazy\" decoding=\"async\" src=\"https:\/\/www.mintzglobalscreening.com\/wp-content\/uploads\/2018\/11\/icon-choix-eclaires.png\" alt=\"icon-choix-eclaires\" itemprop=\"image\" height=\"60\" width=\"60\" title=\"icon-choix-eclaires\" onerror=\"this.style.display='none'\"  \/>\n\t<p>Prenez les meilleures d\u00e9cisions d&#8217;embauche possible en disposant d&rsquo;un maximum d&rsquo;informations fiables<\/p>\n\tFaites appel \u00e0 nos sp\u00e9cialistes en v\u00e9rification d&rsquo;ant\u00e9c\u00e9dents \n\t\t\t<a href=\"https:\/\/www.mintzglobalscreening.com\/fr\/contactez-nous\/\" target=\"_self\" role=\"button\" rel=\"noopener\">\n\t\t\t\t\t\t\tContactez-nous\n\t\t\t\t\t<\/a>\n\t<h2>Pourquoi avoir recours \u00e0 notre service de recherche d&rsquo;ant\u00e9c\u00e9dents dans les m\u00e9dias?<\/h2>\n<p><strong>Vos employ\u00e9s continuent de contribuer \u00e0 votre entreprise m\u00eame au-del\u00e0 des heures de travail. <\/strong><\/p>\n<p>Quand vos employ\u00e9s passent la porte \u00e0 la fin de la journ\u00e9e, leurs actes, leurs d\u00e9clarations et leurs r\u00e9putations continuent d&rsquo;avoir une grande influence sur l&rsquo;image de votre entreprise. Notre v\u00e9rification des m\u00e9dias vise \u00e0 vous donner un aper\u00e7u du vrai visage de votre candidat, au-del\u00e0 de son CV.<\/p>\n<p>Notre v\u00e9rification des m\u00e9dias est effectu\u00e9e \u00e0 partir de plus de 5,000 sources fiables couvrant l&rsquo;actualit\u00e9 locale, r\u00e9gionale, nationale et internationale. Ces derni\u00e8res comprennent notamment des journaux, des publications professionnelles, des fils de nouvelles et des transcriptions de programmes t\u00e9l\u00e9vis\u00e9s ou radio. Nous offrons \u00e9galement diverses options de recherche en ligne et de v\u00e9rification dans les m\u00e9dias sociaux.<\/p>\n\t<h2>Pourquoi choisir le service de recherche d&rsquo;ant\u00e9c\u00e9dents dans les m\u00e9dias de Mintz\u00a0?<\/h2>\n<p>Forte d&rsquo;une exp\u00e9rience de plus de 100 ans dans le domaine des <a href=\"https:\/\/www.mintzglobalscreening.com\/fr\/services\/\">services de v\u00e9rification d&rsquo;ant\u00e9c\u00e9dents<\/a>, notre \u00e9quipe de v\u00e9rificateurs est la mieux outill\u00e9e pour d\u00e9nicher et vous communiquer toutes les informations pertinentes sur vos candidats. Ainsi, vous pourrez \u00e9valuer les risques que pourrait repr\u00e9senter l&#8217;embauche d&rsquo;un individu pour la r\u00e9putation de votre entreprise.<\/p>\n<p>De plus, en choisissant notre service de recherche dans les m\u00e9dias, vous profitez d&rsquo;avantages uniques\u00a0:<\/p>\n<ul>\n<li>Vari\u00e9t\u00e9 de sources pour couverture exhaustive<\/li>\n<li>M\u00e9thodologie pour veiller \u00e0 la conformit\u00e9 en mati\u00e8re de loi et de droits de la personne<\/li>\n<li>Agents de v\u00e9rification experts en v\u00e9rification de bases de donn\u00e9es et de recherche web<\/li>\n<li>R\u00e9sultats d\u00e9taill\u00e9s disponibles en temps r\u00e9el sur notre plateforme web s\u00e9curis\u00e9e<\/li>\n<\/ul>\n\t<h2>Vous d\u00e9sirez en savoir plus sur notre service de recherche d&rsquo;ant\u00e9c\u00e9dents d&rsquo;un candidat dans les m\u00e9dias?<\/h2>\n<p>Si vous d\u00e9sirez en apprendre plus sur nos m\u00e9thodes d&rsquo;investigation et de recherche d&rsquo;informations dans diff\u00e9rents types de m\u00e9dias, n&rsquo;h\u00e9sitez pas \u00e0 <a href=\"https:\/\/www.mintzglobalscreening.com\/fr\/contactez-nous\/\">contacter notre \u00e9quipe<\/a>!<\/p>\n\n","protected":false},"excerpt":{"rendered":"<p>La contribution d&rsquo;un employ\u00e9 envers votre entreprise ne se limite d\u00e9sormais plus \u00e0 ses heures de travail. Lorsqu&rsquo;un employ\u00e9 quitte son lieu de travail, la fa\u00e7on dont il agit, ce qu&rsquo;il dit et comment il est per\u00e7u dans sa vie personnelle peut avoir des r\u00e9percussions importantes sur la r\u00e9putation de votre entreprise. En ce sens, notre service de recherche d&rsquo;ant\u00e9c\u00e9dents dans les m\u00e9dias peut vous donner une id\u00e9e de qui&#8230;<\/p>\n","protected":false},"author":7,"featured_media":2756,"parent":1252,"menu_order":95,"comment_status":"closed","ping_status":"closed","template":"","meta":{"_acf_changed":false,"content-type":"","footnotes":""},"class_list":["post-2755","page","type-page","status-publish","has-post-thumbnail","hentry"],"acf":[],"yoast_head":"<!-- This site is optimized with the Yoast SEO plugin v25.0 - https:\/\/yoast.com\/wordpress\/plugins\/seo\/ -->\n<title>Service de Recherche d\u2019Ant\u00e9c\u00e9dents d&#039;un Candidat dans les M\u00e9dias<\/title>\n<meta name=\"description\" content=\"V\u00e9rifications mondiales Mintz vous propose d\u2019effectuer une recherche exhaustive d&#039;informations sur un candidat, \u00e0 partir de plus de 5 000 sources m\u00e9diatiques\" \/>\n<meta name=\"robots\" content=\"index, follow, max-snippet:-1, max-image-preview:large, max-video-preview:-1\" \/>\n<link rel=\"canonical\" href=\"https:\/\/www.mintzglobalscreening.com\/fr\/services\/recherche-antecedents-medias\/\" \/>\n<meta property=\"og:locale\" content=\"fr_FR\" \/>\n<meta property=\"og:type\" content=\"article\" \/>\n<meta property=\"og:title\" content=\"Service de Recherche d\u2019Ant\u00e9c\u00e9dents d&#039;un Candidat dans les M\u00e9dias\" \/>\n<meta property=\"og:description\" content=\"V\u00e9rifications mondiales Mintz vous propose d\u2019effectuer une recherche exhaustive d&#039;informations sur un candidat, \u00e0 partir de plus de 5 000 sources m\u00e9diatiques\" \/>\n<meta property=\"og:url\" content=\"https:\/\/www.mintzglobalscreening.com\/fr\/services\/recherche-antecedents-medias\/\" \/>\n<meta property=\"og:site_name\" content=\"Mintz Global Screening\" \/>\n<meta property=\"article:publisher\" content=\"https:\/\/www.facebook.com\/Mintzglobal\" \/>\n<meta property=\"article:modified_time\" content=\"2024-01-12T07:48:22+00:00\" \/>\n<meta property=\"og:image\" content=\"https:\/\/www.mintzglobalscreening.com\/wp-content\/uploads\/2018\/12\/img_headermedia.jpg\" \/>\n\t<meta property=\"og:image:width\" content=\"1920\" \/>\n\t<meta property=\"og:image:height\" content=\"320\" \/>\n\t<meta property=\"og:image:type\" content=\"image\/jpeg\" \/>\n<meta name=\"twitter:card\" content=\"summary_large_image\" \/>\n<meta name=\"twitter:site\" content=\"@MintzGlobal\" \/>\n<meta name=\"twitter:label1\" content=\"Dur\u00e9e de lecture estim\u00e9e\" \/>\n\t<meta name=\"twitter:data1\" content=\"3 minutes\" \/>\n<script type=\"application\/ld+json\" class=\"yoast-schema-graph\">{\"@context\":\"https:\/\/schema.org\",\"@graph\":[{\"@type\":\"WebPage\",\"@id\":\"https:\/\/www.mintzglobalscreening.com\/fr\/services\/recherche-antecedents-medias\/\",\"url\":\"https:\/\/www.mintzglobalscreening.com\/fr\/services\/recherche-antecedents-medias\/\",\"name\":\"Service de Recherche d\u2019Ant\u00e9c\u00e9dents d'un Candidat dans les M\u00e9dias\",\"isPartOf\":{\"@id\":\"https:\/\/www.mintzglobalscreening.com\/fr\/#website\"},\"primaryImageOfPage\":{\"@id\":\"https:\/\/www.mintzglobalscreening.com\/fr\/services\/recherche-antecedents-medias\/#primaryimage\"},\"image\":{\"@id\":\"https:\/\/www.mintzglobalscreening.com\/fr\/services\/recherche-antecedents-medias\/#primaryimage\"},\"thumbnailUrl\":\"https:\/\/www.mintzglobalscreening.com\/wp-content\/uploads\/2018\/12\/img_headermedia.jpg\",\"datePublished\":\"2018-12-07T20:11:57+00:00\",\"dateModified\":\"2024-01-12T07:48:22+00:00\",\"description\":\"V\u00e9rifications mondiales Mintz vous propose d\u2019effectuer une recherche exhaustive d'informations sur un candidat, \u00e0 partir de plus de 5 000 sources m\u00e9diatiques\",\"breadcrumb\":{\"@id\":\"https:\/\/www.mintzglobalscreening.com\/fr\/services\/recherche-antecedents-medias\/#breadcrumb\"},\"inLanguage\":\"fr-FR\",\"potentialAction\":[{\"@type\":\"ReadAction\",\"target\":[\"https:\/\/www.mintzglobalscreening.com\/fr\/services\/recherche-antecedents-medias\/\"]}]},{\"@type\":\"ImageObject\",\"inLanguage\":\"fr-FR\",\"@id\":\"https:\/\/www.mintzglobalscreening.com\/fr\/services\/recherche-antecedents-medias\/#primaryimage\",\"url\":\"https:\/\/www.mintzglobalscreening.com\/wp-content\/uploads\/2018\/12\/img_headermedia.jpg\",\"contentUrl\":\"https:\/\/www.mintzglobalscreening.com\/wp-content\/uploads\/2018\/12\/img_headermedia.jpg\",\"width\":1920,\"height\":320},{\"@type\":\"BreadcrumbList\",\"@id\":\"https:\/\/www.mintzglobalscreening.com\/fr\/services\/recherche-antecedents-medias\/#breadcrumb\",\"itemListElement\":[{\"@type\":\"ListItem\",\"position\":1,\"name\":\"Home\",\"item\":\"https:\/\/www.mintzglobalscreening.com\/fr\/\"},{\"@type\":\"ListItem\",\"position\":2,\"name\":\"Services\",\"item\":\"https:\/\/www.mintzglobalscreening.com\/fr\/services\/\"},{\"@type\":\"ListItem\",\"position\":3,\"name\":\"Service de recherche d\u2019ant\u00e9c\u00e9dents dans les m\u00e9dias\"}]},{\"@type\":\"WebSite\",\"@id\":\"https:\/\/www.mintzglobalscreening.com\/fr\/#website\",\"url\":\"https:\/\/www.mintzglobalscreening.com\/fr\/\",\"name\":\"Mintz Global Screening\",\"description\":\"Mintz Global Screening\",\"potentialAction\":[{\"@type\":\"SearchAction\",\"target\":{\"@type\":\"EntryPoint\",\"urlTemplate\":\"https:\/\/www.mintzglobalscreening.com\/fr\/?s={search_term_string}\"},\"query-input\":{\"@type\":\"PropertyValueSpecification\",\"valueRequired\":true,\"valueName\":\"search_term_string\"}}],\"inLanguage\":\"fr-FR\"}]}<\/script>\n<!-- \/ Yoast SEO plugin. -->","yoast_head_json":{"title":"Service de Recherche d\u2019Ant\u00e9c\u00e9dents d'un Candidat dans les M\u00e9dias","description":"V\u00e9rifications mondiales Mintz vous propose d\u2019effectuer une recherche exhaustive d'informations sur un candidat, \u00e0 partir de plus de 5 000 sources m\u00e9diatiques","robots":{"index":"index","follow":"follow","max-snippet":"max-snippet:-1","max-image-preview":"max-image-preview:large","max-video-preview":"max-video-preview:-1"},"canonical":"https:\/\/www.mintzglobalscreening.com\/fr\/services\/recherche-antecedents-medias\/","og_locale":"fr_FR","og_type":"article","og_title":"Service de Recherche d\u2019Ant\u00e9c\u00e9dents d'un Candidat dans les M\u00e9dias","og_description":"V\u00e9rifications mondiales Mintz vous propose d\u2019effectuer une recherche exhaustive d'informations sur un candidat, \u00e0 partir de plus de 5 000 sources m\u00e9diatiques","og_url":"https:\/\/www.mintzglobalscreening.com\/fr\/services\/recherche-antecedents-medias\/","og_site_name":"Mintz Global Screening","article_publisher":"https:\/\/www.facebook.com\/Mintzglobal","article_modified_time":"2024-01-12T07:48:22+00:00","og_image":[{"width":1920,"height":320,"url":"https:\/\/www.mintzglobalscreening.com\/wp-content\/uploads\/2018\/12\/img_headermedia.jpg","type":"image\/jpeg"}],"twitter_card":"summary_large_image","twitter_site":"@MintzGlobal","twitter_misc":{"Dur\u00e9e de lecture estim\u00e9e":"3 minutes"},"schema":{"@context":"https:\/\/schema.org","@graph":[{"@type":"WebPage","@id":"https:\/\/www.mintzglobalscreening.com\/fr\/services\/recherche-antecedents-medias\/","url":"https:\/\/www.mintzglobalscreening.com\/fr\/services\/recherche-antecedents-medias\/","name":"Service de Recherche d\u2019Ant\u00e9c\u00e9dents d'un Candidat dans les M\u00e9dias","isPartOf":{"@id":"https:\/\/www.mintzglobalscreening.com\/fr\/#website"},"primaryImageOfPage":{"@id":"https:\/\/www.mintzglobalscreening.com\/fr\/services\/recherche-antecedents-medias\/#primaryimage"},"image":{"@id":"https:\/\/www.mintzglobalscreening.com\/fr\/services\/recherche-antecedents-medias\/#primaryimage"},"thumbnailUrl":"https:\/\/www.mintzglobalscreening.com\/wp-content\/uploads\/2018\/12\/img_headermedia.jpg","datePublished":"2018-12-07T20:11:57+00:00","dateModified":"2024-01-12T07:48:22+00:00","description":"V\u00e9rifications mondiales Mintz vous propose d\u2019effectuer une recherche exhaustive d'informations sur un candidat, \u00e0 partir de plus de 5 000 sources m\u00e9diatiques","breadcrumb":{"@id":"https:\/\/www.mintzglobalscreening.com\/fr\/services\/recherche-antecedents-medias\/#breadcrumb"},"inLanguage":"fr-FR","potentialAction":[{"@type":"ReadAction","target":["https:\/\/www.mintzglobalscreening.com\/fr\/services\/recherche-antecedents-medias\/"]}]},{"@type":"ImageObject","inLanguage":"fr-FR","@id":"https:\/\/www.mintzglobalscreening.com\/fr\/services\/recherche-antecedents-medias\/#primaryimage","url":"https:\/\/www.mintzglobalscreening.com\/wp-content\/uploads\/2018\/12\/img_headermedia.jpg","contentUrl":"https:\/\/www.mintzglobalscreening.com\/wp-content\/uploads\/2018\/12\/img_headermedia.jpg","width":1920,"height":320},{"@type":"BreadcrumbList","@id":"https:\/\/www.mintzglobalscreening.com\/fr\/services\/recherche-antecedents-medias\/#breadcrumb","itemListElement":[{"@type":"ListItem","position":1,"name":"Home","item":"https:\/\/www.mintzglobalscreening.com\/fr\/"},{"@type":"ListItem","position":2,"name":"Services","item":"https:\/\/www.mintzglobalscreening.com\/fr\/services\/"},{"@type":"ListItem","position":3,"name":"Service de recherche d\u2019ant\u00e9c\u00e9dents dans les m\u00e9dias"}]},{"@type":"WebSite","@id":"https:\/\/www.mintzglobalscreening.com\/fr\/#website","url":"https:\/\/www.mintzglobalscreening.com\/fr\/","name":"Mintz Global Screening","description":"Mintz Global Screening","potentialAction":[{"@type":"SearchAction","target":{"@type":"EntryPoint","urlTemplate":"https:\/\/www.mintzglobalscreening.com\/fr\/?s={search_term_string}"},"query-input":{"@type":"PropertyValueSpecification","valueRequired":true,"valueName":"search_term_string"}}],"inLanguage":"fr-FR"}]}},"_links":{"self":[{"href":"https:\/\/www.mintzglobalscreening.com\/fr\/wp-json\/wp\/v2\/pages\/2755","targetHints":{"allow":["GET"]}}],"collection":[{"href":"https:\/\/www.mintzglobalscreening.com\/fr\/wp-json\/wp\/v2\/pages"}],"about":[{"href":"https:\/\/www.mintzglobalscreening.com\/fr\/wp-json\/wp\/v2\/types\/page"}],"author":[{"embeddable":true,"href":"https:\/\/www.mintzglobalscreening.com\/fr\/wp-json\/wp\/v2\/users\/7"}],"replies":[{"embeddable":true,"href":"https:\/\/www.mintzglobalscreening.com\/fr\/wp-json\/wp\/v2\/comments?post=2755"}],"version-history":[{"count":7,"href":"https:\/\/www.mintzglobalscreening.com\/fr\/wp-json\/wp\/v2\/pages\/2755\/revisions"}],"predecessor-version":[{"id":4937,"href":"https:\/\/www.mintzglobalscreening.com\/fr\/wp-json\/wp\/v2\/pages\/2755\/revisions\/4937"}],"up":[{"embeddable":true,"href":"https:\/\/www.mintzglobalscreening.com\/fr\/wp-json\/wp\/v2\/pages\/1252"}],"wp:featuredmedia":[{"embeddable":true,"href":"https:\/\/www.mintzglobalscreening.com\/fr\/wp-json\/wp\/v2\/media\/2756"}],"wp:attachment":[{"href":"https:\/\/www.mintzglobalscreening.com\/fr\/wp-json\/wp\/v2\/media?parent=2755"}],"curies":[{"name":"wp","href":"https:\/\/api.w.org\/{rel}","templated":true}]}}