{"id":2767,"date":"2018-12-07T20:27:08","date_gmt":"2018-12-07T20:27:08","guid":{"rendered":"https:\/\/www.mintzglobalscreening.com\/stage\/?page_id=2767\/"},"modified":"2024-01-12T07:49:04","modified_gmt":"2024-01-12T07:49:04","slug":"empreintes-digitales","status":"publish","type":"page","link":"https:\/\/www.mintzglobalscreening.com\/fr\/services\/empreintes-digitales\/","title":{"rendered":"Service de v\u00e9rification d\u2019empreintes digitales"},"content":{"rendered":"\n\n\t<p>V\u00e9rification mondiales Mintz vous propose de proc\u00e9der \u00e0 une v\u00e9rification d&#8217;empreintes digitales, afin de vous fournir des informations concernant les possibles ant\u00e9c\u00e9dents criminels d&rsquo;un individu.<\/p>\n<p>En tant qu&rsquo;agence de dactyloscopie accr\u00e9dit\u00e9e, nous sommes en mesure de r\u00e9aliser des v\u00e9rifications de casier judiciaire directement avec la GRC, \u00e0 partir des empreintes digitales d&rsquo;une personne. En conclusion \u00e0 ce processus, un certificat de v\u00e9rification du casier judiciaire est \u00e9mis, constituant une preuve ind\u00e9fectible qu&rsquo;un individu poss\u00e8de, ou non, un casier judiciaire.<\/p>\n<p>Bref, en choisissant ce <a href=\"https:\/\/www.mintzglobalscreening.com\/fr\/services\/\">service de v\u00e9rification d&rsquo;ant\u00e9c\u00e9dents<\/a>, vous mettrez la main des renseignements qui vous aideront \u00e0 prendre de meilleures d\u00e9cisions lors d&rsquo;un processus de recrutement.<\/p>\n\t\t\t\t<img loading=\"lazy\" decoding=\"async\" src=\"https:\/\/www.mintzglobalscreening.com\/wp-content\/uploads\/2018\/11\/icon-proteger-reputation-entreprise.png\" alt=\"icon-proteger-reputation-entreprise\" itemprop=\"image\" height=\"60\" width=\"60\" title=\"icon-proteger-reputation-entreprise\" onerror=\"this.style.display='none'\"  \/>\n\t<p>Prot\u00e9gez la r\u00e9putation de votre entreprise en choisissant des candidats dignes de confiance<\/p>\n\t\t\t\t<img loading=\"lazy\" decoding=\"async\" src=\"https:\/\/www.mintzglobalscreening.com\/wp-content\/uploads\/2018\/12\/icon-qualification.png\" alt=\"icon-qualification\" itemprop=\"image\" height=\"60\" width=\"60\" title=\"icon-qualification\" onerror=\"this.style.display='none'\"  \/>\n\t<p>Prise en charge du processus complet de v\u00e9rification par notre \u00e9quipe<\/p>\n\t\t\t\t<img loading=\"lazy\" decoding=\"async\" src=\"https:\/\/www.mintzglobalscreening.com\/wp-content\/uploads\/2018\/11\/icon-choix-eclaires.png\" alt=\"icon-choix-eclaires\" itemprop=\"image\" height=\"60\" width=\"60\" title=\"icon-choix-eclaires\" onerror=\"this.style.display='none'\"  \/>\n\t<p>Prenez des d\u00e9cisions d&#8217;embauche \u00e9clair\u00e9es en disposant d&rsquo;un maximum d&rsquo;informations fiables<\/p>\n\tFaites appel \u00e0 nos sp\u00e9cialistes en v\u00e9rification d&rsquo;ant\u00e9c\u00e9dents\n\t\t\t<a href=\"https:\/\/www.mintzglobalscreening.com\/fr\/contactez-nous\/\" target=\"_self\" role=\"button\" rel=\"noopener\">\n\t\t\t\t\t\t\tContactez-nous\n\t\t\t\t\t<\/a>\n\t<h2>Pourquoi avoir recours \u00e0 notre service de v\u00e9rification d&#8217;empreintes digitales?<\/h2>\n<p><strong>Au Canada, seule une v\u00e9rification \u00e0 partir des empreintes digitales est consid\u00e9r\u00e9e comme une v\u00e9rification de casier judiciaire certifi\u00e9e.\u00a0 <\/strong><\/p>\n<p>En d&rsquo;autres termes, si vous avez besoin de fournir une copie certifi\u00e9e d&rsquo;un casier judiciaire \u00e0 des autorit\u00e9s gouvernementales (par exemple aux fins d&rsquo;obtention d&rsquo;un visa) ou si une recherche \u00e0 partir de votre nom ne peut \u00eatre compl\u00e9t\u00e9e, vous devrez faire pr\u00e9lever vos empreintes digitales pour que la GRC effectue votre v\u00e9rification d&rsquo;ant\u00e9c\u00e9dents judiciaires.<\/p>\n<p>Pour \u00e9pargner \u00e0 nos clients le casse-t\u00eate que peut \u00eatre la prise d&#8217;empreintes digitales, nous avons d\u00e9velopp\u00e9 un service de prise en charge compl\u00e8te de la v\u00e9rification d&#8217;empreintes digitales. Il vous suffit de nous fournir les coordonn\u00e9es de votre candidat. Nos coordonnateurs \u00e0 la prise d&#8217;empreintes digitales se chargent eux-m\u00eames de prendre contact avec le candidat pour le guider vers l&#8217;emplacement accr\u00e9dit\u00e9 le plus pr\u00e8s de chez lui. Nous fournissons au candidat des instructions d\u00e9taill\u00e9es pour que les r\u00e9sultats nous soient envoy\u00e9s directement par la GRC, nous permettant ainsi de vous les fournir dans un rapport.<\/p>\n\t<h2>Pourquoi choisir le service de v\u00e9rification d&#8217;empreintes digitales de Mintz?<\/h2>\n<p>Avec plus de 100 ans d&rsquo;exp\u00e9rience dans le domaine de la v\u00e9rification d&rsquo;ant\u00e9c\u00e9dents, nous poss\u00e9dons une expertise unique qui nous permet de compter sur des m\u00e9thodes d&rsquo;investigation \u00e9prouv\u00e9es extr\u00eamement rigoureuses. Cela nous permet \u00e9galement d&rsquo;offrir des services personnalis\u00e9s d&rsquo;une grande fiabilit\u00e9. Ce n&rsquo;est donc pas un hasard que nous soyons aujourd&rsquo;hui reconnus comme chefs de file dans notre secteur d&rsquo;activit\u00e9s.<\/p>\n<p>De plus, en choisissant notre service de v\u00e9rification d&#8217;empreintes digitales, vous profitez d&rsquo;avantages uniques:<\/p>\n<ul>\n<li>Prise en charge compl\u00e8te du processus de v\u00e9rification d&#8217;empreintes digitales<\/li>\n<li>Service \u00e0 la client\u00e8le exceptionnel<\/li>\n<li>\u00c9quipe enti\u00e8rement bilingue<\/li>\n<li>R\u00e9seau de centaines d&rsquo;agences de prise d&#8217;empreintes partout au pays<\/li>\n<li>Experts en tous types de v\u00e9rifications de casiers judiciaires au Canada et \u00e0 l&rsquo;\u00e9tranger<\/li>\n<\/ul>\n\t<h2>Vous d\u00e9sirez en savoir plus sur notre service de v\u00e9rification d&#8217;empreintes digitales?<\/h2>\n<p>Si vous d\u00e9sirez en apprendre plus sur notre service de v\u00e9rification d&#8217;empreintes digitales ou nos m\u00e9thodes d&rsquo;investigation, n&rsquo;h\u00e9sitez pas \u00e0 <a href=\"https:\/\/www.mintzglobalscreening.com\/fr\/contactez-nous\/\">contacter notre \u00e9quipe!<\/a><\/p>\n\n","protected":false},"excerpt":{"rendered":"<p>V\u00e9rification mondiales Mintz vous propose de proc\u00e9der \u00e0 une v\u00e9rification d&#8217;empreintes digitales, afin de vous fournir des informations concernant les possibles ant\u00e9c\u00e9dents criminels d&rsquo;un individu. En tant qu&rsquo;agence de dactyloscopie accr\u00e9dit\u00e9e, nous sommes en mesure de r\u00e9aliser des v\u00e9rifications de casier judiciaire directement avec la GRC, \u00e0 partir des empreintes digitales d&rsquo;une personne. En conclusion \u00e0 ce processus, un certificat de v\u00e9rification du casier judiciaire est \u00e9mis, constituant une preuve&#8230;<\/p>\n","protected":false},"author":7,"featured_media":2768,"parent":1252,"menu_order":97,"comment_status":"closed","ping_status":"closed","template":"","meta":{"_acf_changed":false,"content-type":"","footnotes":""},"class_list":["post-2767","page","type-page","status-publish","has-post-thumbnail","hentry"],"acf":[],"yoast_head":"<!-- This site is optimized with the Yoast SEO plugin v25.0 - https:\/\/yoast.com\/wordpress\/plugins\/seo\/ -->\n<title>Service de V\u00e9rification d\u2019Empreintes Digitales et Casier Judiciaire<\/title>\n<meta name=\"description\" content=\"V\u00e9rification mondiales Mintz vous propose de proc\u00e9der \u00e0 une v\u00e9rification d\u2019empreintes digitales d&#039;un candidat, afin de lever le voile sur ses possibles ant\u00e9c\u00e9dents criminels\" \/>\n<meta name=\"robots\" content=\"index, follow, max-snippet:-1, max-image-preview:large, max-video-preview:-1\" \/>\n<link rel=\"canonical\" href=\"https:\/\/www.mintzglobalscreening.com\/fr\/services\/empreintes-digitales\/\" \/>\n<meta property=\"og:locale\" content=\"fr_FR\" \/>\n<meta property=\"og:type\" content=\"article\" \/>\n<meta property=\"og:title\" content=\"Service de V\u00e9rification d\u2019Empreintes Digitales et Casier Judiciaire\" \/>\n<meta property=\"og:description\" content=\"V\u00e9rification mondiales Mintz vous propose de proc\u00e9der \u00e0 une v\u00e9rification d\u2019empreintes digitales d&#039;un candidat, afin de lever le voile sur ses possibles ant\u00e9c\u00e9dents criminels\" \/>\n<meta property=\"og:url\" content=\"https:\/\/www.mintzglobalscreening.com\/fr\/services\/empreintes-digitales\/\" \/>\n<meta property=\"og:site_name\" content=\"Mintz Global Screening\" \/>\n<meta property=\"article:publisher\" content=\"https:\/\/www.facebook.com\/Mintzglobal\" \/>\n<meta property=\"article:modified_time\" content=\"2024-01-12T07:49:04+00:00\" \/>\n<meta property=\"og:image\" content=\"https:\/\/www.mintzglobalscreening.com\/wp-content\/uploads\/2018\/12\/img_header-empreintes-digitales.jpg\" \/>\n\t<meta property=\"og:image:width\" content=\"1920\" \/>\n\t<meta property=\"og:image:height\" content=\"320\" \/>\n\t<meta property=\"og:image:type\" content=\"image\/jpeg\" \/>\n<meta name=\"twitter:card\" content=\"summary_large_image\" \/>\n<meta name=\"twitter:site\" content=\"@MintzGlobal\" \/>\n<meta name=\"twitter:label1\" content=\"Dur\u00e9e de lecture estim\u00e9e\" \/>\n\t<meta name=\"twitter:data1\" content=\"3 minutes\" \/>\n<script type=\"application\/ld+json\" class=\"yoast-schema-graph\">{\"@context\":\"https:\/\/schema.org\",\"@graph\":[{\"@type\":\"WebPage\",\"@id\":\"https:\/\/www.mintzglobalscreening.com\/fr\/services\/empreintes-digitales\/\",\"url\":\"https:\/\/www.mintzglobalscreening.com\/fr\/services\/empreintes-digitales\/\",\"name\":\"Service de V\u00e9rification d\u2019Empreintes Digitales et Casier Judiciaire\",\"isPartOf\":{\"@id\":\"https:\/\/www.mintzglobalscreening.com\/fr\/#website\"},\"primaryImageOfPage\":{\"@id\":\"https:\/\/www.mintzglobalscreening.com\/fr\/services\/empreintes-digitales\/#primaryimage\"},\"image\":{\"@id\":\"https:\/\/www.mintzglobalscreening.com\/fr\/services\/empreintes-digitales\/#primaryimage\"},\"thumbnailUrl\":\"https:\/\/www.mintzglobalscreening.com\/wp-content\/uploads\/2018\/12\/img_header-empreintes-digitales.jpg\",\"datePublished\":\"2018-12-07T20:27:08+00:00\",\"dateModified\":\"2024-01-12T07:49:04+00:00\",\"description\":\"V\u00e9rification mondiales Mintz vous propose de proc\u00e9der \u00e0 une v\u00e9rification d\u2019empreintes digitales d'un candidat, afin de lever le voile sur ses possibles ant\u00e9c\u00e9dents criminels\",\"breadcrumb\":{\"@id\":\"https:\/\/www.mintzglobalscreening.com\/fr\/services\/empreintes-digitales\/#breadcrumb\"},\"inLanguage\":\"fr-FR\",\"potentialAction\":[{\"@type\":\"ReadAction\",\"target\":[\"https:\/\/www.mintzglobalscreening.com\/fr\/services\/empreintes-digitales\/\"]}]},{\"@type\":\"ImageObject\",\"inLanguage\":\"fr-FR\",\"@id\":\"https:\/\/www.mintzglobalscreening.com\/fr\/services\/empreintes-digitales\/#primaryimage\",\"url\":\"https:\/\/www.mintzglobalscreening.com\/wp-content\/uploads\/2018\/12\/img_header-empreintes-digitales.jpg\",\"contentUrl\":\"https:\/\/www.mintzglobalscreening.com\/wp-content\/uploads\/2018\/12\/img_header-empreintes-digitales.jpg\",\"width\":1920,\"height\":320},{\"@type\":\"BreadcrumbList\",\"@id\":\"https:\/\/www.mintzglobalscreening.com\/fr\/services\/empreintes-digitales\/#breadcrumb\",\"itemListElement\":[{\"@type\":\"ListItem\",\"position\":1,\"name\":\"Home\",\"item\":\"https:\/\/www.mintzglobalscreening.com\/fr\/\"},{\"@type\":\"ListItem\",\"position\":2,\"name\":\"Services\",\"item\":\"https:\/\/www.mintzglobalscreening.com\/fr\/services\/\"},{\"@type\":\"ListItem\",\"position\":3,\"name\":\"Service de v\u00e9rification d\u2019empreintes digitales\"}]},{\"@type\":\"WebSite\",\"@id\":\"https:\/\/www.mintzglobalscreening.com\/fr\/#website\",\"url\":\"https:\/\/www.mintzglobalscreening.com\/fr\/\",\"name\":\"Mintz Global Screening\",\"description\":\"Mintz Global Screening\",\"potentialAction\":[{\"@type\":\"SearchAction\",\"target\":{\"@type\":\"EntryPoint\",\"urlTemplate\":\"https:\/\/www.mintzglobalscreening.com\/fr\/?s={search_term_string}\"},\"query-input\":{\"@type\":\"PropertyValueSpecification\",\"valueRequired\":true,\"valueName\":\"search_term_string\"}}],\"inLanguage\":\"fr-FR\"}]}<\/script>\n<!-- \/ Yoast SEO plugin. -->","yoast_head_json":{"title":"Service de V\u00e9rification d\u2019Empreintes Digitales et Casier Judiciaire","description":"V\u00e9rification mondiales Mintz vous propose de proc\u00e9der \u00e0 une v\u00e9rification d\u2019empreintes digitales d'un candidat, afin de lever le voile sur ses possibles ant\u00e9c\u00e9dents criminels","robots":{"index":"index","follow":"follow","max-snippet":"max-snippet:-1","max-image-preview":"max-image-preview:large","max-video-preview":"max-video-preview:-1"},"canonical":"https:\/\/www.mintzglobalscreening.com\/fr\/services\/empreintes-digitales\/","og_locale":"fr_FR","og_type":"article","og_title":"Service de V\u00e9rification d\u2019Empreintes Digitales et Casier Judiciaire","og_description":"V\u00e9rification mondiales Mintz vous propose de proc\u00e9der \u00e0 une v\u00e9rification d\u2019empreintes digitales d'un candidat, afin de lever le voile sur ses possibles ant\u00e9c\u00e9dents criminels","og_url":"https:\/\/www.mintzglobalscreening.com\/fr\/services\/empreintes-digitales\/","og_site_name":"Mintz Global Screening","article_publisher":"https:\/\/www.facebook.com\/Mintzglobal","article_modified_time":"2024-01-12T07:49:04+00:00","og_image":[{"width":1920,"height":320,"url":"https:\/\/www.mintzglobalscreening.com\/wp-content\/uploads\/2018\/12\/img_header-empreintes-digitales.jpg","type":"image\/jpeg"}],"twitter_card":"summary_large_image","twitter_site":"@MintzGlobal","twitter_misc":{"Dur\u00e9e de lecture estim\u00e9e":"3 minutes"},"schema":{"@context":"https:\/\/schema.org","@graph":[{"@type":"WebPage","@id":"https:\/\/www.mintzglobalscreening.com\/fr\/services\/empreintes-digitales\/","url":"https:\/\/www.mintzglobalscreening.com\/fr\/services\/empreintes-digitales\/","name":"Service de V\u00e9rification d\u2019Empreintes Digitales et Casier Judiciaire","isPartOf":{"@id":"https:\/\/www.mintzglobalscreening.com\/fr\/#website"},"primaryImageOfPage":{"@id":"https:\/\/www.mintzglobalscreening.com\/fr\/services\/empreintes-digitales\/#primaryimage"},"image":{"@id":"https:\/\/www.mintzglobalscreening.com\/fr\/services\/empreintes-digitales\/#primaryimage"},"thumbnailUrl":"https:\/\/www.mintzglobalscreening.com\/wp-content\/uploads\/2018\/12\/img_header-empreintes-digitales.jpg","datePublished":"2018-12-07T20:27:08+00:00","dateModified":"2024-01-12T07:49:04+00:00","description":"V\u00e9rification mondiales Mintz vous propose de proc\u00e9der \u00e0 une v\u00e9rification d\u2019empreintes digitales d'un candidat, afin de lever le voile sur ses possibles ant\u00e9c\u00e9dents criminels","breadcrumb":{"@id":"https:\/\/www.mintzglobalscreening.com\/fr\/services\/empreintes-digitales\/#breadcrumb"},"inLanguage":"fr-FR","potentialAction":[{"@type":"ReadAction","target":["https:\/\/www.mintzglobalscreening.com\/fr\/services\/empreintes-digitales\/"]}]},{"@type":"ImageObject","inLanguage":"fr-FR","@id":"https:\/\/www.mintzglobalscreening.com\/fr\/services\/empreintes-digitales\/#primaryimage","url":"https:\/\/www.mintzglobalscreening.com\/wp-content\/uploads\/2018\/12\/img_header-empreintes-digitales.jpg","contentUrl":"https:\/\/www.mintzglobalscreening.com\/wp-content\/uploads\/2018\/12\/img_header-empreintes-digitales.jpg","width":1920,"height":320},{"@type":"BreadcrumbList","@id":"https:\/\/www.mintzglobalscreening.com\/fr\/services\/empreintes-digitales\/#breadcrumb","itemListElement":[{"@type":"ListItem","position":1,"name":"Home","item":"https:\/\/www.mintzglobalscreening.com\/fr\/"},{"@type":"ListItem","position":2,"name":"Services","item":"https:\/\/www.mintzglobalscreening.com\/fr\/services\/"},{"@type":"ListItem","position":3,"name":"Service de v\u00e9rification d\u2019empreintes digitales"}]},{"@type":"WebSite","@id":"https:\/\/www.mintzglobalscreening.com\/fr\/#website","url":"https:\/\/www.mintzglobalscreening.com\/fr\/","name":"Mintz Global Screening","description":"Mintz Global Screening","potentialAction":[{"@type":"SearchAction","target":{"@type":"EntryPoint","urlTemplate":"https:\/\/www.mintzglobalscreening.com\/fr\/?s={search_term_string}"},"query-input":{"@type":"PropertyValueSpecification","valueRequired":true,"valueName":"search_term_string"}}],"inLanguage":"fr-FR"}]}},"_links":{"self":[{"href":"https:\/\/www.mintzglobalscreening.com\/fr\/wp-json\/wp\/v2\/pages\/2767","targetHints":{"allow":["GET"]}}],"collection":[{"href":"https:\/\/www.mintzglobalscreening.com\/fr\/wp-json\/wp\/v2\/pages"}],"about":[{"href":"https:\/\/www.mintzglobalscreening.com\/fr\/wp-json\/wp\/v2\/types\/page"}],"author":[{"embeddable":true,"href":"https:\/\/www.mintzglobalscreening.com\/fr\/wp-json\/wp\/v2\/users\/7"}],"replies":[{"embeddable":true,"href":"https:\/\/www.mintzglobalscreening.com\/fr\/wp-json\/wp\/v2\/comments?post=2767"}],"version-history":[{"count":6,"href":"https:\/\/www.mintzglobalscreening.com\/fr\/wp-json\/wp\/v2\/pages\/2767\/revisions"}],"predecessor-version":[{"id":4938,"href":"https:\/\/www.mintzglobalscreening.com\/fr\/wp-json\/wp\/v2\/pages\/2767\/revisions\/4938"}],"up":[{"embeddable":true,"href":"https:\/\/www.mintzglobalscreening.com\/fr\/wp-json\/wp\/v2\/pages\/1252"}],"wp:featuredmedia":[{"embeddable":true,"href":"https:\/\/www.mintzglobalscreening.com\/fr\/wp-json\/wp\/v2\/media\/2768"}],"wp:attachment":[{"href":"https:\/\/www.mintzglobalscreening.com\/fr\/wp-json\/wp\/v2\/media?parent=2767"}],"curies":[{"name":"wp","href":"https:\/\/api.w.org\/{rel}","templated":true}]}}