{"id":2994,"date":"2019-01-14T19:57:56","date_gmt":"2019-01-14T19:57:56","guid":{"rendered":"https:\/\/www.mintzglobalscreening.com\/stage\/?page_id=2994"},"modified":"2023-07-28T18:25:34","modified_gmt":"2023-07-28T18:25:34","slug":"entreprise","status":"publish","type":"page","link":"https:\/\/www.mintzglobalscreening.com\/fr\/entreprise\/","title":{"rendered":"V\u00e9rification d\u2019ant\u00e9c\u00e9dents pour l\u2019emploi"},"content":{"rendered":"\r\n<p>Embaucher le bon employ\u00e9 est la cl\u00e9 du succ\u00e8s de votre entreprise<\/p>\r\n<h2 align=\"center\">\u00c9valuez vos candidats de fa\u00e7on fiable pour le recrutement, la diligence raisonnable, les programmes de sous-traitance ou autres exigences de conformit\u00e9<\/h2>\r\n<p>Que vous ayez besoin de v\u00e9rifications d\u2019ant\u00e9c\u00e9dents fiables pour le recrutement, la diligence raisonnable, les programmes de sous-traitance ou pour d\u2019autres exigences de conformit\u00e9, V\u00e9rifications mondiales Mintz a la solution adapt\u00e9e \u00e0 vos besoins. Des v\u00e9rifications d\u2019ant\u00e9c\u00e9dents rigoureuses pour l&#8217;emploi permettent d\u2019accro\u00eetre la productivit\u00e9, de r\u00e9duire les co\u00fbts et de pr\u00e9server la r\u00e9putation de votre entreprise. Elles sont un \u00e9l\u00e9ment essentiel du processus d&#8217;embauche afin de maintenir un milieu de travail s\u00e9curitaire. La v\u00e9rification d\u2019ant\u00e9c\u00e9dents outille les employeurs en leur fournissant les connaissances dont ils ont besoin pour prendre des d\u00e9cisions \u00e9clair\u00e9es en mati\u00e8re d&#8217;embauche.<\/p>\r\n<p><a role=\"button\" href=\"https:\/\/www.mintzglobalscreening.com\/services\/\" target=\"_self\" rel=\"noopener noreferrer\"> D\u00e9couvrez nos services <\/a> <img loading=\"lazy\" decoding=\"async\" title=\"mintz-fr-RSI\" src=\"https:\/\/www.mintzglobalscreening.com\\\/stage\/stage\/wp-content\/uploads\/2019\/01\/mintz-fr-RSI.jpg\" alt=\"mintz-fr-RSI\" width=\"489\" height=\"250\" \/> <img loading=\"lazy\" decoding=\"async\" title=\"mintz-fr-saviez-vous\" src=\"https:\/\/www.mintzglobalscreening.com\\\/stage\/stage\/wp-content\/uploads\/2019\/01\/mintz-fr-saviez-vous.jpg\" alt=\"mintz-fr-saviez-vous\" width=\"458\" height=\"250\" \/><\/p>\r\n<p><strong>En 2017, la perte m\u00e9diane pour les entreprises canadiennes due \u00e0 la fraude organisationnelle \u00e9tait de 200 000 $&#8230;*<\/strong>*<em>The Global Fraud Study<\/em>, Association of Certified Fraud Examiners, 2018<\/p>\r\n<p><strong>&#8230; Les petites entreprises ont perdu presque deux fois plus \u00e0 cause de la fraude&#8230;*<\/strong>*<em>The Global Fraud Study<\/em>, Association of Certified Fraud Examiners, 2018<\/p>\r\n<p><strong>&#8230; 52 % des organisations victimes v\u00e9rifient les ant\u00e9c\u00e9dents, 48 % ne le faisaient pas&#8230;*<\/strong>*<em>The Global Fraud Study<\/em>, Association of Certified Fraud Examiners, 2018<\/p>\r\n<p><img loading=\"lazy\" decoding=\"async\" title=\"centre-verification centralise\" src=\"https:\/\/www.mintzglobalscreening.com\\\/stage\/stage\/wp-content\/uploads\/2019\/01\/centre-verification-centralise.png\" alt=\"centre-verification centralise\" width=\"310\" height=\"157\" \/><\/p>\r\n<h3>Un centre de v\u00e9rification centralis\u00e9<\/h3>\r\n<p>Notre syst\u00e8me en ligne est convivial, efficace et offre la m\u00e9thode la plus fiable et la plus s\u00fbre pour effectuer une v\u00e9rification d\u2019ant\u00e9c\u00e9dents. Commandez une v\u00e9rification d\u2019ant\u00e9c\u00e9dents en tout temps et en tout lieu, acc\u00e9dez \u00e0 vos r\u00e9sultats en temps r\u00e9el et voyez l\u2019\u00e9tat de votre processus de v\u00e9rification!<\/p>\r\n<p><img loading=\"lazy\" decoding=\"async\" title=\"embauche-sans-soucis\" src=\"https:\/\/www.mintzglobalscreening.com\\\/stage\/stage\/wp-content\/uploads\/2019\/01\/embauche-sans-soucis.png\" alt=\"embauche-sans-soucis\" width=\"310\" height=\"157\" \/><\/p>\r\n<h3>Embauche sans soucis<\/h3>\r\n<p>Les solutions de v\u00e9rification d\u2019ant\u00e9c\u00e9dents Mintz vous procureront une tranquillit\u00e9 d&rsquo;esprit totale en sachant que les processus\/proc\u00e9dures \u00e9tablis, les politiques de sauvegarde s\u00e9curitaire des donn\u00e9es, la s\u00e9curit\u00e9 avanc\u00e9e des informations et la l\u00e9gislation applicable sont toujours respect\u00e9s dans le cadre de nos activit\u00e9s.<\/p>\r\n<h2>Commencez d\u00e8s maintenant \u00e0 \u00e9laborer votre programme de v\u00e9rification d\u2019ant\u00e9c\u00e9dents pour le recrutement.<\/h2>\r\n<p>Chaque client poss\u00e8de ses propres besoins et sp\u00e9cifications. V\u00e9rifications mondiales Mintz est fier de sa capacit\u00e9 et de sa flexibilit\u00e9 \u00e0 personnaliser ses services pour r\u00e9pondre \u00e0 vos besoins. N&rsquo;h\u00e9sitez pas \u00e0 <a href=\"https:\/\/www.mintzglobalscreening.com\/fr\/contactez-nous\/\">nous contacter<\/a> si vous avez des questions sur notre gamme de <a href=\"https:\/\/www.mintzglobalscreening.com\/services\/\">services de v\u00e9rification d\u2019ant\u00e9c\u00e9dents<\/a> !<\/p>\r\n","protected":false},"excerpt":{"rendered":"<p>Embaucher le bon employ\u00e9 est la cl\u00e9 du succ\u00e8s de votre entreprise \u00c9valuez vos candidats de fa\u00e7on fiable pour le recrutement, la diligence raisonnable, les programmes de sous-traitance ou autres exigences de conformit\u00e9 Que vous ayez besoin de v\u00e9rifications d\u2019ant\u00e9c\u00e9dents fiables pour le recrutement, la diligence raisonnable, les programmes de sous-traitance ou pour d\u2019autres exigences de conformit\u00e9, V\u00e9rifications mondiales Mintz a la solution adapt\u00e9e \u00e0 vos besoins. Des v\u00e9rifications d\u2019ant\u00e9c\u00e9dents&#8230;<\/p>\n","protected":false},"author":7,"featured_media":3001,"parent":0,"menu_order":126,"comment_status":"closed","ping_status":"closed","template":"alternative.php","meta":{"_acf_changed":false,"content-type":"","footnotes":""},"class_list":["post-2994","page","type-page","status-publish","has-post-thumbnail","hentry"],"acf":[],"yoast_head":"<!-- This site is optimized with the Yoast SEO plugin v25.0 - https:\/\/yoast.com\/wordpress\/plugins\/seo\/ -->\n<title>V\u00e9rification d\u2019Ant\u00e9c\u00e9dents pour Entreprises | Mintz<\/title>\n<meta name=\"description\" content=\"V\u00e9rifications mondiales Mintz offre aux entreprises la possibilit\u00e9 d&#039;effectuer des v\u00e9rifications d&#039;ant\u00e9c\u00e9dents pour am\u00e9liorer et s\u00e9curiser leur processus de recrutement\" \/>\n<meta name=\"robots\" content=\"index, follow, max-snippet:-1, max-image-preview:large, max-video-preview:-1\" \/>\n<link rel=\"canonical\" href=\"https:\/\/www.mintzglobalscreening.com\/fr\/entreprise\/\" \/>\n<meta property=\"og:locale\" content=\"fr_FR\" \/>\n<meta property=\"og:type\" content=\"article\" \/>\n<meta property=\"og:title\" content=\"V\u00e9rification d\u2019Ant\u00e9c\u00e9dents pour Entreprises | Mintz\" \/>\n<meta property=\"og:description\" content=\"V\u00e9rifications mondiales Mintz offre aux entreprises la possibilit\u00e9 d&#039;effectuer des v\u00e9rifications d&#039;ant\u00e9c\u00e9dents pour am\u00e9liorer et s\u00e9curiser leur processus de recrutement\" \/>\n<meta property=\"og:url\" content=\"https:\/\/www.mintzglobalscreening.com\/fr\/entreprise\/\" \/>\n<meta property=\"og:site_name\" content=\"Mintz Global Screening\" \/>\n<meta property=\"article:publisher\" content=\"https:\/\/www.facebook.com\/Mintzglobal\" \/>\n<meta property=\"article:modified_time\" content=\"2023-07-28T18:25:34+00:00\" \/>\n<meta property=\"og:image\" content=\"https:\/\/www.mintzglobalscreening.com\/wp-content\/uploads\/2019\/01\/i-am-business-header.jpg\" \/>\n\t<meta property=\"og:image:width\" content=\"1920\" \/>\n\t<meta property=\"og:image:height\" content=\"327\" \/>\n\t<meta property=\"og:image:type\" content=\"image\/jpeg\" \/>\n<meta name=\"twitter:card\" content=\"summary_large_image\" \/>\n<meta name=\"twitter:site\" content=\"@MintzGlobal\" \/>\n<meta name=\"twitter:label1\" content=\"Dur\u00e9e de lecture estim\u00e9e\" \/>\n\t<meta name=\"twitter:data1\" content=\"2 minutes\" \/>\n<script type=\"application\/ld+json\" class=\"yoast-schema-graph\">{\"@context\":\"https:\/\/schema.org\",\"@graph\":[{\"@type\":\"WebPage\",\"@id\":\"https:\/\/www.mintzglobalscreening.com\/fr\/entreprise\/\",\"url\":\"https:\/\/www.mintzglobalscreening.com\/fr\/entreprise\/\",\"name\":\"V\u00e9rification d\u2019Ant\u00e9c\u00e9dents pour Entreprises | Mintz\",\"isPartOf\":{\"@id\":\"https:\/\/www.mintzglobalscreening.com\/fr\/#website\"},\"primaryImageOfPage\":{\"@id\":\"https:\/\/www.mintzglobalscreening.com\/fr\/entreprise\/#primaryimage\"},\"image\":{\"@id\":\"https:\/\/www.mintzglobalscreening.com\/fr\/entreprise\/#primaryimage\"},\"thumbnailUrl\":\"https:\/\/www.mintzglobalscreening.com\/wp-content\/uploads\/2019\/01\/i-am-business-header.jpg\",\"datePublished\":\"2019-01-14T19:57:56+00:00\",\"dateModified\":\"2023-07-28T18:25:34+00:00\",\"description\":\"V\u00e9rifications mondiales Mintz offre aux entreprises la possibilit\u00e9 d'effectuer des v\u00e9rifications d'ant\u00e9c\u00e9dents pour am\u00e9liorer et s\u00e9curiser leur processus de recrutement\",\"breadcrumb\":{\"@id\":\"https:\/\/www.mintzglobalscreening.com\/fr\/entreprise\/#breadcrumb\"},\"inLanguage\":\"fr-FR\",\"potentialAction\":[{\"@type\":\"ReadAction\",\"target\":[\"https:\/\/www.mintzglobalscreening.com\/fr\/entreprise\/\"]}]},{\"@type\":\"ImageObject\",\"inLanguage\":\"fr-FR\",\"@id\":\"https:\/\/www.mintzglobalscreening.com\/fr\/entreprise\/#primaryimage\",\"url\":\"https:\/\/www.mintzglobalscreening.com\/wp-content\/uploads\/2019\/01\/i-am-business-header.jpg\",\"contentUrl\":\"https:\/\/www.mintzglobalscreening.com\/wp-content\/uploads\/2019\/01\/i-am-business-header.jpg\",\"width\":1920,\"height\":327},{\"@type\":\"BreadcrumbList\",\"@id\":\"https:\/\/www.mintzglobalscreening.com\/fr\/entreprise\/#breadcrumb\",\"itemListElement\":[{\"@type\":\"ListItem\",\"position\":1,\"name\":\"Home\",\"item\":\"https:\/\/www.mintzglobalscreening.com\/fr\/\"},{\"@type\":\"ListItem\",\"position\":2,\"name\":\"V\u00e9rification d\u2019ant\u00e9c\u00e9dents pour l\u2019emploi\"}]},{\"@type\":\"WebSite\",\"@id\":\"https:\/\/www.mintzglobalscreening.com\/fr\/#website\",\"url\":\"https:\/\/www.mintzglobalscreening.com\/fr\/\",\"name\":\"Mintz Global Screening\",\"description\":\"Mintz Global Screening\",\"potentialAction\":[{\"@type\":\"SearchAction\",\"target\":{\"@type\":\"EntryPoint\",\"urlTemplate\":\"https:\/\/www.mintzglobalscreening.com\/fr\/?s={search_term_string}\"},\"query-input\":{\"@type\":\"PropertyValueSpecification\",\"valueRequired\":true,\"valueName\":\"search_term_string\"}}],\"inLanguage\":\"fr-FR\"}]}<\/script>\n<!-- \/ Yoast SEO plugin. -->","yoast_head_json":{"title":"V\u00e9rification d\u2019Ant\u00e9c\u00e9dents pour Entreprises | Mintz","description":"V\u00e9rifications mondiales Mintz offre aux entreprises la possibilit\u00e9 d'effectuer des v\u00e9rifications d'ant\u00e9c\u00e9dents pour am\u00e9liorer et s\u00e9curiser leur processus de recrutement","robots":{"index":"index","follow":"follow","max-snippet":"max-snippet:-1","max-image-preview":"max-image-preview:large","max-video-preview":"max-video-preview:-1"},"canonical":"https:\/\/www.mintzglobalscreening.com\/fr\/entreprise\/","og_locale":"fr_FR","og_type":"article","og_title":"V\u00e9rification d\u2019Ant\u00e9c\u00e9dents pour Entreprises | Mintz","og_description":"V\u00e9rifications mondiales Mintz offre aux entreprises la possibilit\u00e9 d'effectuer des v\u00e9rifications d'ant\u00e9c\u00e9dents pour am\u00e9liorer et s\u00e9curiser leur processus de recrutement","og_url":"https:\/\/www.mintzglobalscreening.com\/fr\/entreprise\/","og_site_name":"Mintz Global Screening","article_publisher":"https:\/\/www.facebook.com\/Mintzglobal","article_modified_time":"2023-07-28T18:25:34+00:00","og_image":[{"width":1920,"height":327,"url":"https:\/\/www.mintzglobalscreening.com\/wp-content\/uploads\/2019\/01\/i-am-business-header.jpg","type":"image\/jpeg"}],"twitter_card":"summary_large_image","twitter_site":"@MintzGlobal","twitter_misc":{"Dur\u00e9e de lecture estim\u00e9e":"2 minutes"},"schema":{"@context":"https:\/\/schema.org","@graph":[{"@type":"WebPage","@id":"https:\/\/www.mintzglobalscreening.com\/fr\/entreprise\/","url":"https:\/\/www.mintzglobalscreening.com\/fr\/entreprise\/","name":"V\u00e9rification d\u2019Ant\u00e9c\u00e9dents pour Entreprises | Mintz","isPartOf":{"@id":"https:\/\/www.mintzglobalscreening.com\/fr\/#website"},"primaryImageOfPage":{"@id":"https:\/\/www.mintzglobalscreening.com\/fr\/entreprise\/#primaryimage"},"image":{"@id":"https:\/\/www.mintzglobalscreening.com\/fr\/entreprise\/#primaryimage"},"thumbnailUrl":"https:\/\/www.mintzglobalscreening.com\/wp-content\/uploads\/2019\/01\/i-am-business-header.jpg","datePublished":"2019-01-14T19:57:56+00:00","dateModified":"2023-07-28T18:25:34+00:00","description":"V\u00e9rifications mondiales Mintz offre aux entreprises la possibilit\u00e9 d'effectuer des v\u00e9rifications d'ant\u00e9c\u00e9dents pour am\u00e9liorer et s\u00e9curiser leur processus de recrutement","breadcrumb":{"@id":"https:\/\/www.mintzglobalscreening.com\/fr\/entreprise\/#breadcrumb"},"inLanguage":"fr-FR","potentialAction":[{"@type":"ReadAction","target":["https:\/\/www.mintzglobalscreening.com\/fr\/entreprise\/"]}]},{"@type":"ImageObject","inLanguage":"fr-FR","@id":"https:\/\/www.mintzglobalscreening.com\/fr\/entreprise\/#primaryimage","url":"https:\/\/www.mintzglobalscreening.com\/wp-content\/uploads\/2019\/01\/i-am-business-header.jpg","contentUrl":"https:\/\/www.mintzglobalscreening.com\/wp-content\/uploads\/2019\/01\/i-am-business-header.jpg","width":1920,"height":327},{"@type":"BreadcrumbList","@id":"https:\/\/www.mintzglobalscreening.com\/fr\/entreprise\/#breadcrumb","itemListElement":[{"@type":"ListItem","position":1,"name":"Home","item":"https:\/\/www.mintzglobalscreening.com\/fr\/"},{"@type":"ListItem","position":2,"name":"V\u00e9rification d\u2019ant\u00e9c\u00e9dents pour l\u2019emploi"}]},{"@type":"WebSite","@id":"https:\/\/www.mintzglobalscreening.com\/fr\/#website","url":"https:\/\/www.mintzglobalscreening.com\/fr\/","name":"Mintz Global Screening","description":"Mintz Global Screening","potentialAction":[{"@type":"SearchAction","target":{"@type":"EntryPoint","urlTemplate":"https:\/\/www.mintzglobalscreening.com\/fr\/?s={search_term_string}"},"query-input":{"@type":"PropertyValueSpecification","valueRequired":true,"valueName":"search_term_string"}}],"inLanguage":"fr-FR"}]}},"_links":{"self":[{"href":"https:\/\/www.mintzglobalscreening.com\/fr\/wp-json\/wp\/v2\/pages\/2994","targetHints":{"allow":["GET"]}}],"collection":[{"href":"https:\/\/www.mintzglobalscreening.com\/fr\/wp-json\/wp\/v2\/pages"}],"about":[{"href":"https:\/\/www.mintzglobalscreening.com\/fr\/wp-json\/wp\/v2\/types\/page"}],"author":[{"embeddable":true,"href":"https:\/\/www.mintzglobalscreening.com\/fr\/wp-json\/wp\/v2\/users\/7"}],"replies":[{"embeddable":true,"href":"https:\/\/www.mintzglobalscreening.com\/fr\/wp-json\/wp\/v2\/comments?post=2994"}],"version-history":[{"count":15,"href":"https:\/\/www.mintzglobalscreening.com\/fr\/wp-json\/wp\/v2\/pages\/2994\/revisions"}],"predecessor-version":[{"id":4518,"href":"https:\/\/www.mintzglobalscreening.com\/fr\/wp-json\/wp\/v2\/pages\/2994\/revisions\/4518"}],"wp:featuredmedia":[{"embeddable":true,"href":"https:\/\/www.mintzglobalscreening.com\/fr\/wp-json\/wp\/v2\/media\/3001"}],"wp:attachment":[{"href":"https:\/\/www.mintzglobalscreening.com\/fr\/wp-json\/wp\/v2\/media?parent=2994"}],"curies":[{"name":"wp","href":"https:\/\/api.w.org\/{rel}","templated":true}]}}