{"id":3011,"date":"2019-01-14T21:12:22","date_gmt":"2019-01-14T21:12:22","guid":{"rendered":"https:\/\/www.mintzglobalscreening.com\/stage\/?page_id=3011"},"modified":"2023-07-26T17:55:36","modified_gmt":"2023-07-26T17:55:36","slug":"particulier","status":"publish","type":"page","link":"https:\/\/www.mintzglobalscreening.com\/fr\/particulier\/","title":{"rendered":"V\u00e9rification d\u2019ant\u00e9c\u00e9dents personnels avec eXpress Check"},"content":{"rendered":"\r\n<p>Prouvez votre fiabilit\u00e9 en tant qu&rsquo;individu, obtenez la garantie Mintz!<\/p>\r\n<h2>Cherchez-vous \u00e0 faire l&rsquo;objet d&rsquo;une v\u00e9rification dans le but de:<\/h2>\r\n<ul>\r\n<li>Obtenir un emploi \u00e0 temps plein ou \u00e0 contrat,<\/li>\r\n<li>Faire du b\u00e9n\u00e9volat ou vous impliquer dans une association sportive, religieuse ou \u00e0 but non lucratif,<\/li>\r\n<\/ul>\r\n<ul>\r\n<li>Vous inscrire \u00e0 des programmes \u00e9ducatifs ou \u00e0 des stages,<\/li>\r\n<li>Ou obtenir une hypoth\u00e8que ou une propri\u00e9t\u00e9 locative ?<\/li>\r\n<\/ul>\r\n<p><img loading=\"lazy\" decoding=\"async\" title=\"express-check\" src=\"https:\/\/www.mintzglobalscreening.com\\\/stage\/stage\/wp-content\/uploads\/2019\/01\/express-check.jpg\" alt=\"express-check\" width=\"884\" height=\"308\" \/><\/p>\r\n<h2>Nous fournissons des outils de v\u00e9rification simples et fiables<\/h2>\r\n<p><img loading=\"lazy\" decoding=\"async\" title=\"express-check-icon\" src=\"https:\/\/www.mintzglobalscreening.com\\\/stage\/stage\/wp-content\/uploads\/2019\/01\/express-check-icon.png\" alt=\"express-check-icon\" width=\"70\" height=\"56\" \/><\/p>\r\n<h3>eXpress Check<\/h3>\r\n<p>eXpress Check est une plateforme simple \u00e0 utiliser et efficace qui r\u00e9pond aux besoins des individus. Les demandes sont trait\u00e9es en temps opportun et les services offerts sont \u00e0 la hauteur de la r\u00e9putation d\u2019excellence de Mintz.<\/p>\r\n<p><img loading=\"lazy\" decoding=\"async\" title=\"icon-fast\" src=\"https:\/\/www.mintzglobalscreening.com\\\/stage\/stage\/wp-content\/uploads\/2019\/01\/icon-fast.png\" alt=\"icon-fast\" width=\"70\" height=\"56\" \/><\/p>\r\n<h3>V\u00e9rification rapide et fiable<\/h3>\r\n<p>Notre partenariat avec les services de police permet \u00e0 nos clients de proc\u00e9der \u00e0 la v\u00e9rification de leur casier judiciaire et d&rsquo;obtenir des r\u00e9sultats fiables en quelques heures seulement. De plus, nos services d\u2019historique d&#8217;emploi et de dossier de conduite aident \u00e0 prouver l&rsquo;expertise, l&rsquo;int\u00e9grit\u00e9 et la fiabilit\u00e9 d&rsquo;un candidat.<\/p>\r\n<p><img loading=\"lazy\" decoding=\"async\" title=\"eviter-ecoper-amende\" src=\"https:\/\/www.mintzglobalscreening.com\\\/stage\/stage\/wp-content\/uploads\/2018\/12\/eviter-ecoper-amende.png\" alt=\"eviter-ecoper-amende\" width=\"60\" height=\"60\" \/><\/p>\r\n<h3>V\u00e9rification de dossier criminel<\/h3>\r\n<p>Devez-vous fournir une v\u00e9rification de vos ant\u00e9c\u00e9dents ? V\u00e9rifications mondiales Mintz vous offre une s\u00e9rie d&rsquo;options de v\u00e9rification de casier judiciaire, incluant : V\u00e9rification nationale du casier judiciaire, v\u00e9rification \u00e9largie du casier judiciaire et v\u00e9rification provinciale au Qu\u00e9bec.<\/p>\r\n<p><img loading=\"lazy\" decoding=\"async\" title=\"verification-emploi\" src=\"https:\/\/www.mintzglobalscreening.com\\\/stage\/stage\/wp-content\/uploads\/2019\/01\/verification-emploi.jpg\" alt=\"verification-emploi\" width=\"70\" height=\"56\" \/><\/p>\r\n<h3>Confirmation d&#8217;emploi<\/h3>\r\n<p>Vous demande-t-on de confirmer votre exp\u00e9rience professionnelle ant\u00e9rieure ? Cette enqu\u00eate vous fournira un historique d&#8217;emploi complet, y compris la confirmation des dates de d\u00e9but et de fin d&#8217;emploi, le poste occup\u00e9, le type de travail effectu\u00e9, la raison du d\u00e9part et votre admissibilit\u00e9 \u00e0 une r\u00e9embauche.<\/p>\r\n<p><img loading=\"lazy\" decoding=\"async\" title=\"verification-diplome\" src=\"https:\/\/www.mintzglobalscreening.com\\\/stage\/stage\/wp-content\/uploads\/2019\/01\/verification-diplome.jpg\" alt=\"verification-diplome\" width=\"70\" height=\"56\" \/><\/p>\r\n<h3>V\u00e9rification de dipl\u00f4me<\/h3>\r\n<p>Devez-vous fournir une v\u00e9rification de votre dipl\u00f4me ou certificat ? B\u00e9n\u00e9ficiez de l&rsquo;expertise de nos agents de v\u00e9rification et des r\u00e9seaux internationaux dans les \u00e9tablissements d&rsquo;enseignement. Nos agents valident l&rsquo;authenticit\u00e9 de tout niveau d&rsquo;\u00e9tudes compl\u00e9t\u00e9 ainsi que la l\u00e9gitimit\u00e9 de l&rsquo;\u00e9tablissement d&rsquo;enseignement o\u00f9 vous avez \u00e9tudi\u00e9.<\/p>\r\n<p><img loading=\"lazy\" decoding=\"async\" title=\"verification-conduite\" src=\"https:\/\/www.mintzglobalscreening.com\\\/stage\/stage\/wp-content\/uploads\/2019\/01\/verification-conduite.jpg\" alt=\"verification-conduite\" width=\"70\" height=\"56\" \/><\/p>\r\n<h3>Dossier de conduite<\/h3>\r\n<p>Devez-vous valider votre permis de conduite ? Confirmez la validit\u00e9 de votre permis de conduire, la classe de votre permis ou fournissez simplement plus de d\u00e9tails sur vos ant\u00e9c\u00e9dents de conduite.<\/p>\r\n<p>Inscrivez-vous d\u00e8s maintenant pour obtenir votre v\u00e9rification d&rsquo;ant\u00e9c\u00e9dents ou <a href=\"https:\/\/www.mintzglobalscreening.com\/fr\/contactez-nous\/\">contactez-nous<\/a> pour toute information additionnelle.<\/p>\r\n<p><a role=\"button\" href=\"https:\/\/www.mintzscreeningservices.com\/expresscheck\" target=\"_self\" rel=\"noopener noreferrer\"> D\u00e9marrez avec eXpress Check <\/a><\/p>\r\n","protected":false},"excerpt":{"rendered":"<p>Prouvez votre fiabilit\u00e9 en tant qu&rsquo;individu, obtenez la garantie Mintz! Cherchez-vous \u00e0 faire l&rsquo;objet d&rsquo;une v\u00e9rification dans le but de: Obtenir un emploi \u00e0 temps plein ou \u00e0 contrat, Faire du b\u00e9n\u00e9volat ou vous impliquer dans une association sportive, religieuse ou \u00e0 but non lucratif, Vous inscrire \u00e0 des programmes \u00e9ducatifs ou \u00e0 des stages, Ou obtenir une hypoth\u00e8que ou une propri\u00e9t\u00e9 locative ? Nous fournissons des outils de v\u00e9rification&#8230;<\/p>\n","protected":false},"author":7,"featured_media":3012,"parent":0,"menu_order":125,"comment_status":"closed","ping_status":"closed","template":"alternative.php","meta":{"_acf_changed":false,"content-type":"","footnotes":""},"class_list":["post-3011","page","type-page","status-publish","has-post-thumbnail","hentry"],"acf":[],"yoast_head":"<!-- This site is optimized with the Yoast SEO plugin v25.0 - https:\/\/yoast.com\/wordpress\/plugins\/seo\/ -->\n<title>V\u00e9rification d\u2019Ant\u00e9c\u00e9dents Personnels avec eXpress Check | Mintz<\/title>\n<meta name=\"description\" content=\"V\u00e9rifications mondiales Mintz offre un service d&#039;auto-v\u00e9rification des ant\u00e9c\u00e9dents pour les individus avec eXpress Check. D\u00e9montrez votre fiabilit\u00e9 par une v\u00e9rification pr\u00e9-emploi.\" \/>\n<meta name=\"robots\" content=\"index, follow, max-snippet:-1, max-image-preview:large, max-video-preview:-1\" \/>\n<link rel=\"canonical\" href=\"https:\/\/www.mintzglobalscreening.com\/fr\/particulier\/\" \/>\n<meta property=\"og:locale\" content=\"fr_FR\" \/>\n<meta property=\"og:type\" content=\"article\" \/>\n<meta property=\"og:title\" content=\"V\u00e9rification d\u2019Ant\u00e9c\u00e9dents Personnels avec eXpress Check | Mintz\" \/>\n<meta property=\"og:description\" content=\"V\u00e9rifications mondiales Mintz offre un service d&#039;auto-v\u00e9rification des ant\u00e9c\u00e9dents pour les individus avec eXpress Check. D\u00e9montrez votre fiabilit\u00e9 par une v\u00e9rification pr\u00e9-emploi.\" \/>\n<meta property=\"og:url\" content=\"https:\/\/www.mintzglobalscreening.com\/fr\/particulier\/\" \/>\n<meta property=\"og:site_name\" content=\"Mintz Global Screening\" \/>\n<meta property=\"article:publisher\" content=\"https:\/\/www.facebook.com\/Mintzglobal\" \/>\n<meta property=\"article:modified_time\" content=\"2023-07-26T17:55:36+00:00\" \/>\n<meta property=\"og:image\" content=\"https:\/\/www.mintzglobalscreening.com\/wp-content\/uploads\/2019\/01\/i-am-individual-header.jpg\" \/>\n\t<meta property=\"og:image:width\" content=\"1920\" \/>\n\t<meta property=\"og:image:height\" content=\"327\" \/>\n\t<meta property=\"og:image:type\" content=\"image\/jpeg\" \/>\n<meta name=\"twitter:card\" content=\"summary_large_image\" \/>\n<meta name=\"twitter:site\" content=\"@MintzGlobal\" \/>\n<meta name=\"twitter:label1\" content=\"Dur\u00e9e de lecture estim\u00e9e\" \/>\n\t<meta name=\"twitter:data1\" content=\"2 minutes\" \/>\n<script type=\"application\/ld+json\" class=\"yoast-schema-graph\">{\"@context\":\"https:\/\/schema.org\",\"@graph\":[{\"@type\":\"WebPage\",\"@id\":\"https:\/\/www.mintzglobalscreening.com\/fr\/particulier\/\",\"url\":\"https:\/\/www.mintzglobalscreening.com\/fr\/particulier\/\",\"name\":\"V\u00e9rification d\u2019Ant\u00e9c\u00e9dents Personnels avec eXpress Check | Mintz\",\"isPartOf\":{\"@id\":\"https:\/\/www.mintzglobalscreening.com\/fr\/#website\"},\"primaryImageOfPage\":{\"@id\":\"https:\/\/www.mintzglobalscreening.com\/fr\/particulier\/#primaryimage\"},\"image\":{\"@id\":\"https:\/\/www.mintzglobalscreening.com\/fr\/particulier\/#primaryimage\"},\"thumbnailUrl\":\"https:\/\/www.mintzglobalscreening.com\/wp-content\/uploads\/2019\/01\/i-am-individual-header.jpg\",\"datePublished\":\"2019-01-14T21:12:22+00:00\",\"dateModified\":\"2023-07-26T17:55:36+00:00\",\"description\":\"V\u00e9rifications mondiales Mintz offre un service d'auto-v\u00e9rification des ant\u00e9c\u00e9dents pour les individus avec eXpress Check. D\u00e9montrez votre fiabilit\u00e9 par une v\u00e9rification pr\u00e9-emploi.\",\"breadcrumb\":{\"@id\":\"https:\/\/www.mintzglobalscreening.com\/fr\/particulier\/#breadcrumb\"},\"inLanguage\":\"fr-FR\",\"potentialAction\":[{\"@type\":\"ReadAction\",\"target\":[\"https:\/\/www.mintzglobalscreening.com\/fr\/particulier\/\"]}]},{\"@type\":\"ImageObject\",\"inLanguage\":\"fr-FR\",\"@id\":\"https:\/\/www.mintzglobalscreening.com\/fr\/particulier\/#primaryimage\",\"url\":\"https:\/\/www.mintzglobalscreening.com\/wp-content\/uploads\/2019\/01\/i-am-individual-header.jpg\",\"contentUrl\":\"https:\/\/www.mintzglobalscreening.com\/wp-content\/uploads\/2019\/01\/i-am-individual-header.jpg\",\"width\":1920,\"height\":327},{\"@type\":\"BreadcrumbList\",\"@id\":\"https:\/\/www.mintzglobalscreening.com\/fr\/particulier\/#breadcrumb\",\"itemListElement\":[{\"@type\":\"ListItem\",\"position\":1,\"name\":\"Home\",\"item\":\"https:\/\/www.mintzglobalscreening.com\/fr\/\"},{\"@type\":\"ListItem\",\"position\":2,\"name\":\"V\u00e9rification d\u2019ant\u00e9c\u00e9dents personnels avec eXpress Check\"}]},{\"@type\":\"WebSite\",\"@id\":\"https:\/\/www.mintzglobalscreening.com\/fr\/#website\",\"url\":\"https:\/\/www.mintzglobalscreening.com\/fr\/\",\"name\":\"Mintz Global Screening\",\"description\":\"Mintz Global Screening\",\"potentialAction\":[{\"@type\":\"SearchAction\",\"target\":{\"@type\":\"EntryPoint\",\"urlTemplate\":\"https:\/\/www.mintzglobalscreening.com\/fr\/?s={search_term_string}\"},\"query-input\":{\"@type\":\"PropertyValueSpecification\",\"valueRequired\":true,\"valueName\":\"search_term_string\"}}],\"inLanguage\":\"fr-FR\"}]}<\/script>\n<!-- \/ Yoast SEO plugin. -->","yoast_head_json":{"title":"V\u00e9rification d\u2019Ant\u00e9c\u00e9dents Personnels avec eXpress Check | Mintz","description":"V\u00e9rifications mondiales Mintz offre un service d'auto-v\u00e9rification des ant\u00e9c\u00e9dents pour les individus avec eXpress Check. D\u00e9montrez votre fiabilit\u00e9 par une v\u00e9rification pr\u00e9-emploi.","robots":{"index":"index","follow":"follow","max-snippet":"max-snippet:-1","max-image-preview":"max-image-preview:large","max-video-preview":"max-video-preview:-1"},"canonical":"https:\/\/www.mintzglobalscreening.com\/fr\/particulier\/","og_locale":"fr_FR","og_type":"article","og_title":"V\u00e9rification d\u2019Ant\u00e9c\u00e9dents Personnels avec eXpress Check | Mintz","og_description":"V\u00e9rifications mondiales Mintz offre un service d'auto-v\u00e9rification des ant\u00e9c\u00e9dents pour les individus avec eXpress Check. D\u00e9montrez votre fiabilit\u00e9 par une v\u00e9rification pr\u00e9-emploi.","og_url":"https:\/\/www.mintzglobalscreening.com\/fr\/particulier\/","og_site_name":"Mintz Global Screening","article_publisher":"https:\/\/www.facebook.com\/Mintzglobal","article_modified_time":"2023-07-26T17:55:36+00:00","og_image":[{"width":1920,"height":327,"url":"https:\/\/www.mintzglobalscreening.com\/wp-content\/uploads\/2019\/01\/i-am-individual-header.jpg","type":"image\/jpeg"}],"twitter_card":"summary_large_image","twitter_site":"@MintzGlobal","twitter_misc":{"Dur\u00e9e de lecture estim\u00e9e":"2 minutes"},"schema":{"@context":"https:\/\/schema.org","@graph":[{"@type":"WebPage","@id":"https:\/\/www.mintzglobalscreening.com\/fr\/particulier\/","url":"https:\/\/www.mintzglobalscreening.com\/fr\/particulier\/","name":"V\u00e9rification d\u2019Ant\u00e9c\u00e9dents Personnels avec eXpress Check | Mintz","isPartOf":{"@id":"https:\/\/www.mintzglobalscreening.com\/fr\/#website"},"primaryImageOfPage":{"@id":"https:\/\/www.mintzglobalscreening.com\/fr\/particulier\/#primaryimage"},"image":{"@id":"https:\/\/www.mintzglobalscreening.com\/fr\/particulier\/#primaryimage"},"thumbnailUrl":"https:\/\/www.mintzglobalscreening.com\/wp-content\/uploads\/2019\/01\/i-am-individual-header.jpg","datePublished":"2019-01-14T21:12:22+00:00","dateModified":"2023-07-26T17:55:36+00:00","description":"V\u00e9rifications mondiales Mintz offre un service d'auto-v\u00e9rification des ant\u00e9c\u00e9dents pour les individus avec eXpress Check. D\u00e9montrez votre fiabilit\u00e9 par une v\u00e9rification pr\u00e9-emploi.","breadcrumb":{"@id":"https:\/\/www.mintzglobalscreening.com\/fr\/particulier\/#breadcrumb"},"inLanguage":"fr-FR","potentialAction":[{"@type":"ReadAction","target":["https:\/\/www.mintzglobalscreening.com\/fr\/particulier\/"]}]},{"@type":"ImageObject","inLanguage":"fr-FR","@id":"https:\/\/www.mintzglobalscreening.com\/fr\/particulier\/#primaryimage","url":"https:\/\/www.mintzglobalscreening.com\/wp-content\/uploads\/2019\/01\/i-am-individual-header.jpg","contentUrl":"https:\/\/www.mintzglobalscreening.com\/wp-content\/uploads\/2019\/01\/i-am-individual-header.jpg","width":1920,"height":327},{"@type":"BreadcrumbList","@id":"https:\/\/www.mintzglobalscreening.com\/fr\/particulier\/#breadcrumb","itemListElement":[{"@type":"ListItem","position":1,"name":"Home","item":"https:\/\/www.mintzglobalscreening.com\/fr\/"},{"@type":"ListItem","position":2,"name":"V\u00e9rification d\u2019ant\u00e9c\u00e9dents personnels avec eXpress Check"}]},{"@type":"WebSite","@id":"https:\/\/www.mintzglobalscreening.com\/fr\/#website","url":"https:\/\/www.mintzglobalscreening.com\/fr\/","name":"Mintz Global Screening","description":"Mintz Global Screening","potentialAction":[{"@type":"SearchAction","target":{"@type":"EntryPoint","urlTemplate":"https:\/\/www.mintzglobalscreening.com\/fr\/?s={search_term_string}"},"query-input":{"@type":"PropertyValueSpecification","valueRequired":true,"valueName":"search_term_string"}}],"inLanguage":"fr-FR"}]}},"_links":{"self":[{"href":"https:\/\/www.mintzglobalscreening.com\/fr\/wp-json\/wp\/v2\/pages\/3011","targetHints":{"allow":["GET"]}}],"collection":[{"href":"https:\/\/www.mintzglobalscreening.com\/fr\/wp-json\/wp\/v2\/pages"}],"about":[{"href":"https:\/\/www.mintzglobalscreening.com\/fr\/wp-json\/wp\/v2\/types\/page"}],"author":[{"embeddable":true,"href":"https:\/\/www.mintzglobalscreening.com\/fr\/wp-json\/wp\/v2\/users\/7"}],"replies":[{"embeddable":true,"href":"https:\/\/www.mintzglobalscreening.com\/fr\/wp-json\/wp\/v2\/comments?post=3011"}],"version-history":[{"count":19,"href":"https:\/\/www.mintzglobalscreening.com\/fr\/wp-json\/wp\/v2\/pages\/3011\/revisions"}],"predecessor-version":[{"id":4509,"href":"https:\/\/www.mintzglobalscreening.com\/fr\/wp-json\/wp\/v2\/pages\/3011\/revisions\/4509"}],"wp:featuredmedia":[{"embeddable":true,"href":"https:\/\/www.mintzglobalscreening.com\/fr\/wp-json\/wp\/v2\/media\/3012"}],"wp:attachment":[{"href":"https:\/\/www.mintzglobalscreening.com\/fr\/wp-json\/wp\/v2\/media?parent=3011"}],"curies":[{"name":"wp","href":"https:\/\/api.w.org\/{rel}","templated":true}]}}