{"id":359,"date":"2015-12-23T09:09:41","date_gmt":"2015-12-23T09:09:41","guid":{"rendered":"https:\/\/www.mintzglobalscreening.com\/stage\/fr\/?page_id=359"},"modified":"2023-07-26T16:34:19","modified_gmt":"2023-07-26T16:34:19","slug":"caraibes-amerique-centrale-et-du-sud","status":"publish","type":"page","link":"https:\/\/www.mintzglobalscreening.com\/fr\/regions-fr\/caraibes-amerique-centrale-et-du-sud\/","title":{"rendered":"Cara\u00efbes, Am\u00e9rique Centrale et du Sud"},"content":{"rendered":"<p>Comme la communaut\u00e9 mondiale devient une r\u00e9alit\u00e9, nous avons \u00e9largi notre exp\u00e9rience au Cara\u00efbes en Am\u00e9rique latine et Am\u00e9rique du Sud. En partenariat avec des experts locaux examin\u00e9s de pr\u00e8s et \u00e9tablis nous pouvons exploiter notre connaissance de v\u00e9rifications d&rsquo;ant\u00e9c\u00e9dents et notre partenaire dans la capacit\u00e9 de pays de fournir une prestation homog\u00e8ne de services \u00e0 travers les Cara\u00efbes, l&rsquo;Am\u00e9rique latine et l&rsquo;Am\u00e9rique du Sud.<\/p>\n<p>Voulez plus d&rsquo;informations sur notre empreinte au\u00a0Cara\u00efbes, en\u00a0Am\u00e9rique Latine et Am\u00e9rique du Sud ?<\/p>\n<ul style=\"color: #555555;\">\n<li>Anguilla<\/li>\n<li>Antigua-et-Barbuda<\/li>\n<li>Argentine<\/li>\n<li>Aruba<\/li>\n<li>Bahamas<\/li>\n<li>Barbade<\/li>\n<li>Belize<\/li>\n<li>Bolivie<\/li>\n<li>Br\u00e9sil<\/li>\n<li>Chili<\/li>\n<li>Colombie<\/li>\n<li>Costa Rica<\/li>\n<li>Cura\u00e7ao<\/li>\n<li>Dominique<\/li>\n<li>\u00c9quateur<\/li>\n<li>Grenade<\/li>\n<li>Guadeloupe<\/li>\n<li>Guatemala<\/li>\n<li>Guyane<\/li>\n<li>Ha\u00efti<\/li>\n<li>Honduras<\/li>\n<\/ul>\n<ul style=\"color: #555555;\">\n<li>\u00celes Ca\u00efmans<\/li>\n<li>\u00celes Turques-et-Ca\u00efques<\/li>\n<li>\u00celes Vierges britanniques<\/li>\n<li>\u00celes Vierges des \u00c9tats-Unis<\/li>\n<li>Jama\u00efque<\/li>\n<li>Martinique<\/li>\n<li>Montserrat<\/li>\n<li>Nicaragua<\/li>\n<li>Panama<\/li>\n<li>Paraguay<\/li>\n<li>P\u00e9rou<\/li>\n<li>Puerto Rico<\/li>\n<li>R\u00e9publique dominicaine<\/li>\n<li>Sainte Lucie<\/li>\n<li>Saint-Kiits-et-Nevis<\/li>\n<li>Saint Martin<\/li>\n<li>Saint-Vincent-et-les-Grenadines<\/li>\n<li>Salvador<\/li>\n<li>Suriname<\/li>\n<li>Trinit\u00e9-et-Tobago<\/li>\n<li>Uruguay<\/li>\n<li>Venezuela<\/li>\n<\/ul>\n","protected":false},"excerpt":{"rendered":"<p>Comme la communaut\u00e9 mondiale devient une r\u00e9alit\u00e9, nous avons \u00e9largi notre exp\u00e9rience au Cara\u00efbes en Am\u00e9rique latine et Am\u00e9rique du Sud. En partenariat avec des experts locaux examin\u00e9s de pr\u00e8s et \u00e9tablis nous pouvons exploiter notre connaissance de v\u00e9rifications d&rsquo;ant\u00e9c\u00e9dents et notre partenaire dans la capacit\u00e9 de pays de fournir une prestation homog\u00e8ne de services \u00e0 travers les Cara\u00efbes, l&rsquo;Am\u00e9rique latine et l&rsquo;Am\u00e9rique du Sud. Voulez plus d&rsquo;informations sur notre&#8230;<\/p>\n","protected":false},"author":2,"featured_media":3107,"parent":303,"menu_order":24,"comment_status":"closed","ping_status":"closed","template":"","meta":{"_acf_changed":false,"content-type":"","footnotes":""},"class_list":["post-359","page","type-page","status-publish","has-post-thumbnail","hentry"],"acf":[],"yoast_head":"<!-- This site is optimized with the Yoast SEO plugin v25.0 - https:\/\/yoast.com\/wordpress\/plugins\/seo\/ -->\n<title>Service V\u00e9rification | Cara\u00efbes, Am\u00e9rique Centrale et Sud | V\u00e9rifications mondiales Mintz<\/title>\n<meta name=\"description\" content=\"V\u00e9rifications mondiales Mintz est un leader en v\u00e9rification d&#039;ant\u00e9c\u00e9dents. D\u00e9couvrez nos services dans les Cara\u00efbes, et en Am\u00e9rique Centrale et du Sud.\" \/>\n<meta name=\"robots\" content=\"index, follow, max-snippet:-1, max-image-preview:large, max-video-preview:-1\" \/>\n<link rel=\"canonical\" href=\"https:\/\/www.mintzglobalscreening.com\/fr\/regions-fr\/caraibes-amerique-centrale-et-du-sud\/\" \/>\n<meta property=\"og:locale\" content=\"fr_FR\" \/>\n<meta property=\"og:type\" content=\"article\" \/>\n<meta property=\"og:title\" content=\"Service V\u00e9rification | Cara\u00efbes, Am\u00e9rique Centrale et Sud | V\u00e9rifications mondiales Mintz\" \/>\n<meta property=\"og:description\" content=\"V\u00e9rifications mondiales Mintz est un leader en v\u00e9rification d&#039;ant\u00e9c\u00e9dents. D\u00e9couvrez nos services dans les Cara\u00efbes, et en Am\u00e9rique Centrale et du Sud.\" \/>\n<meta property=\"og:url\" content=\"https:\/\/www.mintzglobalscreening.com\/fr\/regions-fr\/caraibes-amerique-centrale-et-du-sud\/\" \/>\n<meta property=\"og:site_name\" content=\"Mintz Global Screening\" \/>\n<meta property=\"article:publisher\" content=\"https:\/\/www.facebook.com\/Mintzglobal\" \/>\n<meta property=\"article:modified_time\" content=\"2023-07-26T16:34:19+00:00\" \/>\n<meta property=\"og:image\" content=\"https:\/\/www.mintzglobalscreening.com\/wp-content\/uploads\/2015\/12\/amerique-centre-sud.png\" \/>\n\t<meta property=\"og:image:width\" content=\"2000\" \/>\n\t<meta property=\"og:image:height\" content=\"320\" \/>\n\t<meta property=\"og:image:type\" content=\"image\/png\" \/>\n<meta name=\"twitter:card\" content=\"summary_large_image\" \/>\n<meta name=\"twitter:site\" content=\"@MintzGlobal\" \/>\n<meta name=\"twitter:label1\" content=\"Dur\u00e9e de lecture estim\u00e9e\" \/>\n\t<meta name=\"twitter:data1\" content=\"1 minute\" \/>\n<script type=\"application\/ld+json\" class=\"yoast-schema-graph\">{\"@context\":\"https:\/\/schema.org\",\"@graph\":[{\"@type\":\"WebPage\",\"@id\":\"https:\/\/www.mintzglobalscreening.com\/fr\/regions-fr\/caraibes-amerique-centrale-et-du-sud\/\",\"url\":\"https:\/\/www.mintzglobalscreening.com\/fr\/regions-fr\/caraibes-amerique-centrale-et-du-sud\/\",\"name\":\"Service V\u00e9rification | Cara\u00efbes, Am\u00e9rique Centrale et Sud | V\u00e9rifications mondiales Mintz\",\"isPartOf\":{\"@id\":\"https:\/\/www.mintzglobalscreening.com\/fr\/#website\"},\"primaryImageOfPage\":{\"@id\":\"https:\/\/www.mintzglobalscreening.com\/fr\/regions-fr\/caraibes-amerique-centrale-et-du-sud\/#primaryimage\"},\"image\":{\"@id\":\"https:\/\/www.mintzglobalscreening.com\/fr\/regions-fr\/caraibes-amerique-centrale-et-du-sud\/#primaryimage\"},\"thumbnailUrl\":\"https:\/\/www.mintzglobalscreening.com\/wp-content\/uploads\/2015\/12\/amerique-centre-sud.png\",\"datePublished\":\"2015-12-23T09:09:41+00:00\",\"dateModified\":\"2023-07-26T16:34:19+00:00\",\"description\":\"V\u00e9rifications mondiales Mintz est un leader en v\u00e9rification d'ant\u00e9c\u00e9dents. D\u00e9couvrez nos services dans les Cara\u00efbes, et en Am\u00e9rique Centrale et du Sud.\",\"breadcrumb\":{\"@id\":\"https:\/\/www.mintzglobalscreening.com\/fr\/regions-fr\/caraibes-amerique-centrale-et-du-sud\/#breadcrumb\"},\"inLanguage\":\"fr-FR\",\"potentialAction\":[{\"@type\":\"ReadAction\",\"target\":[\"https:\/\/www.mintzglobalscreening.com\/fr\/regions-fr\/caraibes-amerique-centrale-et-du-sud\/\"]}]},{\"@type\":\"ImageObject\",\"inLanguage\":\"fr-FR\",\"@id\":\"https:\/\/www.mintzglobalscreening.com\/fr\/regions-fr\/caraibes-amerique-centrale-et-du-sud\/#primaryimage\",\"url\":\"https:\/\/www.mintzglobalscreening.com\/wp-content\/uploads\/2015\/12\/amerique-centre-sud.png\",\"contentUrl\":\"https:\/\/www.mintzglobalscreening.com\/wp-content\/uploads\/2015\/12\/amerique-centre-sud.png\",\"width\":2000,\"height\":320},{\"@type\":\"BreadcrumbList\",\"@id\":\"https:\/\/www.mintzglobalscreening.com\/fr\/regions-fr\/caraibes-amerique-centrale-et-du-sud\/#breadcrumb\",\"itemListElement\":[{\"@type\":\"ListItem\",\"position\":1,\"name\":\"Home\",\"item\":\"https:\/\/www.mintzglobalscreening.com\/fr\/\"},{\"@type\":\"ListItem\",\"position\":2,\"name\":\"Regions\",\"item\":\"https:\/\/www.mintzglobalscreening.com\/fr\/regions-fr\/\"},{\"@type\":\"ListItem\",\"position\":3,\"name\":\"Cara\u00efbes, Am\u00e9rique Centrale et du Sud\"}]},{\"@type\":\"WebSite\",\"@id\":\"https:\/\/www.mintzglobalscreening.com\/fr\/#website\",\"url\":\"https:\/\/www.mintzglobalscreening.com\/fr\/\",\"name\":\"Mintz Global Screening\",\"description\":\"Mintz Global Screening\",\"potentialAction\":[{\"@type\":\"SearchAction\",\"target\":{\"@type\":\"EntryPoint\",\"urlTemplate\":\"https:\/\/www.mintzglobalscreening.com\/fr\/?s={search_term_string}\"},\"query-input\":{\"@type\":\"PropertyValueSpecification\",\"valueRequired\":true,\"valueName\":\"search_term_string\"}}],\"inLanguage\":\"fr-FR\"}]}<\/script>\n<!-- \/ Yoast SEO plugin. -->","yoast_head_json":{"title":"Service V\u00e9rification | Cara\u00efbes, Am\u00e9rique Centrale et Sud | V\u00e9rifications mondiales Mintz","description":"V\u00e9rifications mondiales Mintz est un leader en v\u00e9rification d'ant\u00e9c\u00e9dents. D\u00e9couvrez nos services dans les Cara\u00efbes, et en Am\u00e9rique Centrale et du Sud.","robots":{"index":"index","follow":"follow","max-snippet":"max-snippet:-1","max-image-preview":"max-image-preview:large","max-video-preview":"max-video-preview:-1"},"canonical":"https:\/\/www.mintzglobalscreening.com\/fr\/regions-fr\/caraibes-amerique-centrale-et-du-sud\/","og_locale":"fr_FR","og_type":"article","og_title":"Service V\u00e9rification | Cara\u00efbes, Am\u00e9rique Centrale et Sud | V\u00e9rifications mondiales Mintz","og_description":"V\u00e9rifications mondiales Mintz est un leader en v\u00e9rification d'ant\u00e9c\u00e9dents. D\u00e9couvrez nos services dans les Cara\u00efbes, et en Am\u00e9rique Centrale et du Sud.","og_url":"https:\/\/www.mintzglobalscreening.com\/fr\/regions-fr\/caraibes-amerique-centrale-et-du-sud\/","og_site_name":"Mintz Global Screening","article_publisher":"https:\/\/www.facebook.com\/Mintzglobal","article_modified_time":"2023-07-26T16:34:19+00:00","og_image":[{"width":2000,"height":320,"url":"https:\/\/www.mintzglobalscreening.com\/wp-content\/uploads\/2015\/12\/amerique-centre-sud.png","type":"image\/png"}],"twitter_card":"summary_large_image","twitter_site":"@MintzGlobal","twitter_misc":{"Dur\u00e9e de lecture estim\u00e9e":"1 minute"},"schema":{"@context":"https:\/\/schema.org","@graph":[{"@type":"WebPage","@id":"https:\/\/www.mintzglobalscreening.com\/fr\/regions-fr\/caraibes-amerique-centrale-et-du-sud\/","url":"https:\/\/www.mintzglobalscreening.com\/fr\/regions-fr\/caraibes-amerique-centrale-et-du-sud\/","name":"Service V\u00e9rification | Cara\u00efbes, Am\u00e9rique Centrale et Sud | V\u00e9rifications mondiales Mintz","isPartOf":{"@id":"https:\/\/www.mintzglobalscreening.com\/fr\/#website"},"primaryImageOfPage":{"@id":"https:\/\/www.mintzglobalscreening.com\/fr\/regions-fr\/caraibes-amerique-centrale-et-du-sud\/#primaryimage"},"image":{"@id":"https:\/\/www.mintzglobalscreening.com\/fr\/regions-fr\/caraibes-amerique-centrale-et-du-sud\/#primaryimage"},"thumbnailUrl":"https:\/\/www.mintzglobalscreening.com\/wp-content\/uploads\/2015\/12\/amerique-centre-sud.png","datePublished":"2015-12-23T09:09:41+00:00","dateModified":"2023-07-26T16:34:19+00:00","description":"V\u00e9rifications mondiales Mintz est un leader en v\u00e9rification d'ant\u00e9c\u00e9dents. D\u00e9couvrez nos services dans les Cara\u00efbes, et en Am\u00e9rique Centrale et du Sud.","breadcrumb":{"@id":"https:\/\/www.mintzglobalscreening.com\/fr\/regions-fr\/caraibes-amerique-centrale-et-du-sud\/#breadcrumb"},"inLanguage":"fr-FR","potentialAction":[{"@type":"ReadAction","target":["https:\/\/www.mintzglobalscreening.com\/fr\/regions-fr\/caraibes-amerique-centrale-et-du-sud\/"]}]},{"@type":"ImageObject","inLanguage":"fr-FR","@id":"https:\/\/www.mintzglobalscreening.com\/fr\/regions-fr\/caraibes-amerique-centrale-et-du-sud\/#primaryimage","url":"https:\/\/www.mintzglobalscreening.com\/wp-content\/uploads\/2015\/12\/amerique-centre-sud.png","contentUrl":"https:\/\/www.mintzglobalscreening.com\/wp-content\/uploads\/2015\/12\/amerique-centre-sud.png","width":2000,"height":320},{"@type":"BreadcrumbList","@id":"https:\/\/www.mintzglobalscreening.com\/fr\/regions-fr\/caraibes-amerique-centrale-et-du-sud\/#breadcrumb","itemListElement":[{"@type":"ListItem","position":1,"name":"Home","item":"https:\/\/www.mintzglobalscreening.com\/fr\/"},{"@type":"ListItem","position":2,"name":"Regions","item":"https:\/\/www.mintzglobalscreening.com\/fr\/regions-fr\/"},{"@type":"ListItem","position":3,"name":"Cara\u00efbes, Am\u00e9rique Centrale et du Sud"}]},{"@type":"WebSite","@id":"https:\/\/www.mintzglobalscreening.com\/fr\/#website","url":"https:\/\/www.mintzglobalscreening.com\/fr\/","name":"Mintz Global Screening","description":"Mintz Global Screening","potentialAction":[{"@type":"SearchAction","target":{"@type":"EntryPoint","urlTemplate":"https:\/\/www.mintzglobalscreening.com\/fr\/?s={search_term_string}"},"query-input":{"@type":"PropertyValueSpecification","valueRequired":true,"valueName":"search_term_string"}}],"inLanguage":"fr-FR"}]}},"_links":{"self":[{"href":"https:\/\/www.mintzglobalscreening.com\/fr\/wp-json\/wp\/v2\/pages\/359","targetHints":{"allow":["GET"]}}],"collection":[{"href":"https:\/\/www.mintzglobalscreening.com\/fr\/wp-json\/wp\/v2\/pages"}],"about":[{"href":"https:\/\/www.mintzglobalscreening.com\/fr\/wp-json\/wp\/v2\/types\/page"}],"author":[{"embeddable":true,"href":"https:\/\/www.mintzglobalscreening.com\/fr\/wp-json\/wp\/v2\/users\/2"}],"replies":[{"embeddable":true,"href":"https:\/\/www.mintzglobalscreening.com\/fr\/wp-json\/wp\/v2\/comments?post=359"}],"version-history":[{"count":18,"href":"https:\/\/www.mintzglobalscreening.com\/fr\/wp-json\/wp\/v2\/pages\/359\/revisions"}],"predecessor-version":[{"id":1229,"href":"https:\/\/www.mintzglobalscreening.com\/fr\/wp-json\/wp\/v2\/pages\/359\/revisions\/1229"}],"up":[{"embeddable":true,"href":"https:\/\/www.mintzglobalscreening.com\/fr\/wp-json\/wp\/v2\/pages\/303"}],"wp:featuredmedia":[{"embeddable":true,"href":"https:\/\/www.mintzglobalscreening.com\/fr\/wp-json\/wp\/v2\/media\/3107"}],"wp:attachment":[{"href":"https:\/\/www.mintzglobalscreening.com\/fr\/wp-json\/wp\/v2\/media?parent=359"}],"curies":[{"name":"wp","href":"https:\/\/api.w.org\/{rel}","templated":true}]}}