{"id":362,"date":"2015-12-23T09:15:28","date_gmt":"2015-12-23T09:15:28","guid":{"rendered":"https:\/\/www.mintzglobalscreening.com\/stage\/fr\/?page_id=362"},"modified":"2023-07-26T16:38:53","modified_gmt":"2023-07-26T16:38:53","slug":"europe-moyen-orient-et-afrique","status":"publish","type":"page","link":"https:\/\/www.mintzglobalscreening.com\/fr\/regions-fr\/europe-moyen-orient-et-afrique\/","title":{"rendered":"Europe, Moyen-Orient et Afrique"},"content":{"rendered":"<p>Comme la communaut\u00e9 mondiale devient une r\u00e9alit\u00e9, nous avons \u00e9largi notre exp\u00e9rience en Europe, Moyen-Orient et Afrique. En partenariat avec des experts locaux examin\u00e9s de pr\u00e8s et \u00e9tablis, nous pouvons exploiter notre connaissance en v\u00e9rifications d&rsquo;ant\u00e9c\u00e9dents et notre partenaire dans la capacit\u00e9 de pays de fournir une prestation homog\u00e8ne de services \u00e0 travers l&rsquo;Europe, le Moyen-Orient et Afrique.<\/p>\n<p>Vous voulez plus d&rsquo;informations sur notre empreinte en Europe, Moyen-Orient et Afrique?<\/p>\n<ul>\n<li>Albanie<\/li>\n<li>Alg\u00e9rie<\/li>\n<li>Allemagne<\/li>\n<li>Andorre<\/li>\n<li>Angleterre<\/li>\n<li>Angola<\/li>\n<li>Arabie Saoudite<\/li>\n<li>Autriche<\/li>\n<li>Bahre\u00efn<\/li>\n<li>Belgique<\/li>\n<li>B\u00e9nin<\/li>\n<li>Bi\u00e9lorussie<\/li>\n<li>Bosnie-Herz\u00e9govine<\/li>\n<li>Botswana<\/li>\n<li>Bulgarie<\/li>\n<li>Burkina Faso<\/li>\n<li>Burindi<\/li>\n<li>Cameroun<\/li>\n<li>Cap-Vert<\/li>\n<li>Chypre<\/li>\n<li>C\u00f4te d&rsquo;Ivoire<\/li>\n<li>Croatie<\/li>\n<li>Danemark<\/li>\n<li>Djibouti<\/li>\n<li>\u00c9cosse<\/li>\n<li>Egypte<\/li>\n<li>\u00c9mirats arabes unis<\/li>\n<li>\u00c9rythr\u00e9e<\/li>\n<li>Espagne<\/li>\n<li>Estonie<\/li>\n<li>\u00c9thiopie<\/li>\n<li>Finlande<\/li>\n<li>France<\/li>\n<li>Gabon<\/li>\n<li>Gambie<\/li>\n<li>Ghana<\/li>\n<li>Gr\u00e8ce<\/li>\n<li>Groenland<\/li>\n<li>Guernesey<\/li>\n<li>Guin\u00e9e<\/li>\n<li>Guin\u00e9e-Bissau<\/li>\n<li>Hongrie<\/li>\n<li>\u00celes de Man<\/li>\n<li>Irak<\/li>\n<li>Iran<\/li>\n<li>Irlande<\/li>\n<li>Irlande du Nord<\/li>\n<li>Islande<\/li>\n<li>Isra\u00ebl<\/li>\n<li>Italie<\/li>\n<li>Jordanie<\/li>\n<li>Kenya<\/li>\n<li>Kowe\u00eft<\/li>\n<li>Lesotho<\/li>\n<li>Lettonie<\/li>\n<\/ul>\n<ul>\n<li>Liban<\/li>\n<li>Liberia<\/li>\n<li>Libye<\/li>\n<li>Liechtenstein<\/li>\n<li>Lituanie<\/li>\n<li>Luxembourg<\/li>\n<li>Mac\u00e9doine<\/li>\n<li>Madagascar<\/li>\n<li>Malawi<\/li>\n<li>Mali<\/li>\n<li>Malte<\/li>\n<li>Maroc<\/li>\n<li>Maurice<\/li>\n<li>Mauritanie<\/li>\n<li>Moldavie<\/li>\n<li>Monaco<\/li>\n<li>Mont\u00e9n\u00e9gro<\/li>\n<li>Mozambique<\/li>\n<li>Namibie<\/li>\n<li>Niger<\/li>\n<li>Nigeria<\/li>\n<li>Norv\u00e8ge<\/li>\n<li>Ouganda<\/li>\n<li>Papouasie-Nouvelle-Guin\u00e9e<\/li>\n<li>Pays de Galles<\/li>\n<li>Pays-Bas<\/li>\n<li>Pologne<\/li>\n<li>Portugal<\/li>\n<li>Qatar<\/li>\n<li>R\u00e9publique Tch\u00e8que<\/li>\n<li>Roumanie<\/li>\n<li>Royaume-Uni<\/li>\n<li>Russie<\/li>\n<li>Rwanda<\/li>\n<li>S\u00e9n\u00e9gal<\/li>\n<li>Serbie<\/li>\n<li>Seychelles<\/li>\n<li>Sierra Leone<\/li>\n<li>Slovaquie<\/li>\n<li>Slov\u00e9nie<\/li>\n<li>Somalie<\/li>\n<li>Soudan<\/li>\n<li>Su\u00e8de<\/li>\n<li>Suisse<\/li>\n<li>Swaziland<\/li>\n<li>Syrie<\/li>\n<li>Tanzanie<\/li>\n<li>Tchad<\/li>\n<li>Togo<\/li>\n<li>Tunisie<\/li>\n<li>Turquie<\/li>\n<li>Ukraine<\/li>\n<li>Vatican<\/li>\n<li>Y\u00e9men<\/li>\n<li>Za\u00efre<\/li>\n<\/ul>\n","protected":false},"excerpt":{"rendered":"<p>Comme la communaut\u00e9 mondiale devient une r\u00e9alit\u00e9, nous avons \u00e9largi notre exp\u00e9rience en Europe, Moyen-Orient et Afrique. En partenariat avec des experts locaux examin\u00e9s de pr\u00e8s et \u00e9tablis, nous pouvons exploiter notre connaissance en v\u00e9rifications d&rsquo;ant\u00e9c\u00e9dents et notre partenaire dans la capacit\u00e9 de pays de fournir une prestation homog\u00e8ne de services \u00e0 travers l&rsquo;Europe, le Moyen-Orient et Afrique. Vous voulez plus d&rsquo;informations sur notre empreinte en Europe, Moyen-Orient et Afrique?&#8230;<\/p>\n","protected":false},"author":2,"featured_media":3108,"parent":303,"menu_order":45,"comment_status":"closed","ping_status":"closed","template":"","meta":{"_acf_changed":false,"content-type":"","footnotes":""},"class_list":["post-362","page","type-page","status-publish","has-post-thumbnail","hentry"],"acf":[],"yoast_head":"<!-- This site is optimized with the Yoast SEO plugin v25.0 - https:\/\/yoast.com\/wordpress\/plugins\/seo\/ -->\n<title>V\u00e9rification ant\u00e9c\u00e9dents | Europe, Moyen-Orient, Afrique | V\u00e9rifications mondiales Mintz<\/title>\n<meta name=\"description\" content=\"Depuis 90 ans, V\u00e9rifications mondiales Mintz est un chef de file en v\u00e9rification d&#039;ant\u00e9c\u00e9dents. D\u00e9couvrez nos prestations en Europe, Moyen-Orient, Afrique.\" \/>\n<meta name=\"robots\" content=\"index, follow, max-snippet:-1, max-image-preview:large, max-video-preview:-1\" \/>\n<link rel=\"canonical\" href=\"https:\/\/www.mintzglobalscreening.com\/fr\/regions-fr\/europe-moyen-orient-et-afrique\/\" \/>\n<meta property=\"og:locale\" content=\"fr_FR\" \/>\n<meta property=\"og:type\" content=\"article\" \/>\n<meta property=\"og:title\" content=\"V\u00e9rification ant\u00e9c\u00e9dents | Europe, Moyen-Orient, Afrique | V\u00e9rifications mondiales Mintz\" \/>\n<meta property=\"og:description\" content=\"Depuis 90 ans, V\u00e9rifications mondiales Mintz est un chef de file en v\u00e9rification d&#039;ant\u00e9c\u00e9dents. D\u00e9couvrez nos prestations en Europe, Moyen-Orient, Afrique.\" \/>\n<meta property=\"og:url\" content=\"https:\/\/www.mintzglobalscreening.com\/fr\/regions-fr\/europe-moyen-orient-et-afrique\/\" \/>\n<meta property=\"og:site_name\" content=\"Mintz Global Screening\" \/>\n<meta property=\"article:publisher\" content=\"https:\/\/www.facebook.com\/Mintzglobal\" \/>\n<meta property=\"article:modified_time\" content=\"2023-07-26T16:38:53+00:00\" \/>\n<meta property=\"og:image\" content=\"https:\/\/www.mintzglobalscreening.com\/wp-content\/uploads\/2015\/12\/europe.png\" \/>\n\t<meta property=\"og:image:width\" content=\"2000\" \/>\n\t<meta property=\"og:image:height\" content=\"320\" \/>\n\t<meta property=\"og:image:type\" content=\"image\/png\" \/>\n<meta name=\"twitter:card\" content=\"summary_large_image\" \/>\n<meta name=\"twitter:site\" content=\"@MintzGlobal\" \/>\n<meta name=\"twitter:label1\" content=\"Dur\u00e9e de lecture estim\u00e9e\" \/>\n\t<meta name=\"twitter:data1\" content=\"1 minute\" \/>\n<script type=\"application\/ld+json\" class=\"yoast-schema-graph\">{\"@context\":\"https:\/\/schema.org\",\"@graph\":[{\"@type\":\"WebPage\",\"@id\":\"https:\/\/www.mintzglobalscreening.com\/fr\/regions-fr\/europe-moyen-orient-et-afrique\/\",\"url\":\"https:\/\/www.mintzglobalscreening.com\/fr\/regions-fr\/europe-moyen-orient-et-afrique\/\",\"name\":\"V\u00e9rification ant\u00e9c\u00e9dents | Europe, Moyen-Orient, Afrique | V\u00e9rifications mondiales Mintz\",\"isPartOf\":{\"@id\":\"https:\/\/www.mintzglobalscreening.com\/fr\/#website\"},\"primaryImageOfPage\":{\"@id\":\"https:\/\/www.mintzglobalscreening.com\/fr\/regions-fr\/europe-moyen-orient-et-afrique\/#primaryimage\"},\"image\":{\"@id\":\"https:\/\/www.mintzglobalscreening.com\/fr\/regions-fr\/europe-moyen-orient-et-afrique\/#primaryimage\"},\"thumbnailUrl\":\"https:\/\/www.mintzglobalscreening.com\/wp-content\/uploads\/2015\/12\/europe.png\",\"datePublished\":\"2015-12-23T09:15:28+00:00\",\"dateModified\":\"2023-07-26T16:38:53+00:00\",\"description\":\"Depuis 90 ans, V\u00e9rifications mondiales Mintz est un chef de file en v\u00e9rification d'ant\u00e9c\u00e9dents. D\u00e9couvrez nos prestations en Europe, Moyen-Orient, Afrique.\",\"breadcrumb\":{\"@id\":\"https:\/\/www.mintzglobalscreening.com\/fr\/regions-fr\/europe-moyen-orient-et-afrique\/#breadcrumb\"},\"inLanguage\":\"fr-FR\",\"potentialAction\":[{\"@type\":\"ReadAction\",\"target\":[\"https:\/\/www.mintzglobalscreening.com\/fr\/regions-fr\/europe-moyen-orient-et-afrique\/\"]}]},{\"@type\":\"ImageObject\",\"inLanguage\":\"fr-FR\",\"@id\":\"https:\/\/www.mintzglobalscreening.com\/fr\/regions-fr\/europe-moyen-orient-et-afrique\/#primaryimage\",\"url\":\"https:\/\/www.mintzglobalscreening.com\/wp-content\/uploads\/2015\/12\/europe.png\",\"contentUrl\":\"https:\/\/www.mintzglobalscreening.com\/wp-content\/uploads\/2015\/12\/europe.png\",\"width\":2000,\"height\":320},{\"@type\":\"BreadcrumbList\",\"@id\":\"https:\/\/www.mintzglobalscreening.com\/fr\/regions-fr\/europe-moyen-orient-et-afrique\/#breadcrumb\",\"itemListElement\":[{\"@type\":\"ListItem\",\"position\":1,\"name\":\"Home\",\"item\":\"https:\/\/www.mintzglobalscreening.com\/fr\/\"},{\"@type\":\"ListItem\",\"position\":2,\"name\":\"Regions\",\"item\":\"https:\/\/www.mintzglobalscreening.com\/fr\/regions-fr\/\"},{\"@type\":\"ListItem\",\"position\":3,\"name\":\"Europe, Moyen-Orient et Afrique\"}]},{\"@type\":\"WebSite\",\"@id\":\"https:\/\/www.mintzglobalscreening.com\/fr\/#website\",\"url\":\"https:\/\/www.mintzglobalscreening.com\/fr\/\",\"name\":\"Mintz Global Screening\",\"description\":\"Mintz Global Screening\",\"potentialAction\":[{\"@type\":\"SearchAction\",\"target\":{\"@type\":\"EntryPoint\",\"urlTemplate\":\"https:\/\/www.mintzglobalscreening.com\/fr\/?s={search_term_string}\"},\"query-input\":{\"@type\":\"PropertyValueSpecification\",\"valueRequired\":true,\"valueName\":\"search_term_string\"}}],\"inLanguage\":\"fr-FR\"}]}<\/script>\n<!-- \/ Yoast SEO plugin. -->","yoast_head_json":{"title":"V\u00e9rification ant\u00e9c\u00e9dents | Europe, Moyen-Orient, Afrique | V\u00e9rifications mondiales Mintz","description":"Depuis 90 ans, V\u00e9rifications mondiales Mintz est un chef de file en v\u00e9rification d'ant\u00e9c\u00e9dents. D\u00e9couvrez nos prestations en Europe, Moyen-Orient, Afrique.","robots":{"index":"index","follow":"follow","max-snippet":"max-snippet:-1","max-image-preview":"max-image-preview:large","max-video-preview":"max-video-preview:-1"},"canonical":"https:\/\/www.mintzglobalscreening.com\/fr\/regions-fr\/europe-moyen-orient-et-afrique\/","og_locale":"fr_FR","og_type":"article","og_title":"V\u00e9rification ant\u00e9c\u00e9dents | Europe, Moyen-Orient, Afrique | V\u00e9rifications mondiales Mintz","og_description":"Depuis 90 ans, V\u00e9rifications mondiales Mintz est un chef de file en v\u00e9rification d'ant\u00e9c\u00e9dents. D\u00e9couvrez nos prestations en Europe, Moyen-Orient, Afrique.","og_url":"https:\/\/www.mintzglobalscreening.com\/fr\/regions-fr\/europe-moyen-orient-et-afrique\/","og_site_name":"Mintz Global Screening","article_publisher":"https:\/\/www.facebook.com\/Mintzglobal","article_modified_time":"2023-07-26T16:38:53+00:00","og_image":[{"width":2000,"height":320,"url":"https:\/\/www.mintzglobalscreening.com\/wp-content\/uploads\/2015\/12\/europe.png","type":"image\/png"}],"twitter_card":"summary_large_image","twitter_site":"@MintzGlobal","twitter_misc":{"Dur\u00e9e de lecture estim\u00e9e":"1 minute"},"schema":{"@context":"https:\/\/schema.org","@graph":[{"@type":"WebPage","@id":"https:\/\/www.mintzglobalscreening.com\/fr\/regions-fr\/europe-moyen-orient-et-afrique\/","url":"https:\/\/www.mintzglobalscreening.com\/fr\/regions-fr\/europe-moyen-orient-et-afrique\/","name":"V\u00e9rification ant\u00e9c\u00e9dents | Europe, Moyen-Orient, Afrique | V\u00e9rifications mondiales Mintz","isPartOf":{"@id":"https:\/\/www.mintzglobalscreening.com\/fr\/#website"},"primaryImageOfPage":{"@id":"https:\/\/www.mintzglobalscreening.com\/fr\/regions-fr\/europe-moyen-orient-et-afrique\/#primaryimage"},"image":{"@id":"https:\/\/www.mintzglobalscreening.com\/fr\/regions-fr\/europe-moyen-orient-et-afrique\/#primaryimage"},"thumbnailUrl":"https:\/\/www.mintzglobalscreening.com\/wp-content\/uploads\/2015\/12\/europe.png","datePublished":"2015-12-23T09:15:28+00:00","dateModified":"2023-07-26T16:38:53+00:00","description":"Depuis 90 ans, V\u00e9rifications mondiales Mintz est un chef de file en v\u00e9rification d'ant\u00e9c\u00e9dents. D\u00e9couvrez nos prestations en Europe, Moyen-Orient, Afrique.","breadcrumb":{"@id":"https:\/\/www.mintzglobalscreening.com\/fr\/regions-fr\/europe-moyen-orient-et-afrique\/#breadcrumb"},"inLanguage":"fr-FR","potentialAction":[{"@type":"ReadAction","target":["https:\/\/www.mintzglobalscreening.com\/fr\/regions-fr\/europe-moyen-orient-et-afrique\/"]}]},{"@type":"ImageObject","inLanguage":"fr-FR","@id":"https:\/\/www.mintzglobalscreening.com\/fr\/regions-fr\/europe-moyen-orient-et-afrique\/#primaryimage","url":"https:\/\/www.mintzglobalscreening.com\/wp-content\/uploads\/2015\/12\/europe.png","contentUrl":"https:\/\/www.mintzglobalscreening.com\/wp-content\/uploads\/2015\/12\/europe.png","width":2000,"height":320},{"@type":"BreadcrumbList","@id":"https:\/\/www.mintzglobalscreening.com\/fr\/regions-fr\/europe-moyen-orient-et-afrique\/#breadcrumb","itemListElement":[{"@type":"ListItem","position":1,"name":"Home","item":"https:\/\/www.mintzglobalscreening.com\/fr\/"},{"@type":"ListItem","position":2,"name":"Regions","item":"https:\/\/www.mintzglobalscreening.com\/fr\/regions-fr\/"},{"@type":"ListItem","position":3,"name":"Europe, Moyen-Orient et Afrique"}]},{"@type":"WebSite","@id":"https:\/\/www.mintzglobalscreening.com\/fr\/#website","url":"https:\/\/www.mintzglobalscreening.com\/fr\/","name":"Mintz Global Screening","description":"Mintz Global Screening","potentialAction":[{"@type":"SearchAction","target":{"@type":"EntryPoint","urlTemplate":"https:\/\/www.mintzglobalscreening.com\/fr\/?s={search_term_string}"},"query-input":{"@type":"PropertyValueSpecification","valueRequired":true,"valueName":"search_term_string"}}],"inLanguage":"fr-FR"}]}},"_links":{"self":[{"href":"https:\/\/www.mintzglobalscreening.com\/fr\/wp-json\/wp\/v2\/pages\/362","targetHints":{"allow":["GET"]}}],"collection":[{"href":"https:\/\/www.mintzglobalscreening.com\/fr\/wp-json\/wp\/v2\/pages"}],"about":[{"href":"https:\/\/www.mintzglobalscreening.com\/fr\/wp-json\/wp\/v2\/types\/page"}],"author":[{"embeddable":true,"href":"https:\/\/www.mintzglobalscreening.com\/fr\/wp-json\/wp\/v2\/users\/2"}],"replies":[{"embeddable":true,"href":"https:\/\/www.mintzglobalscreening.com\/fr\/wp-json\/wp\/v2\/comments?post=362"}],"version-history":[{"count":18,"href":"https:\/\/www.mintzglobalscreening.com\/fr\/wp-json\/wp\/v2\/pages\/362\/revisions"}],"predecessor-version":[{"id":1228,"href":"https:\/\/www.mintzglobalscreening.com\/fr\/wp-json\/wp\/v2\/pages\/362\/revisions\/1228"}],"up":[{"embeddable":true,"href":"https:\/\/www.mintzglobalscreening.com\/fr\/wp-json\/wp\/v2\/pages\/303"}],"wp:featuredmedia":[{"embeddable":true,"href":"https:\/\/www.mintzglobalscreening.com\/fr\/wp-json\/wp\/v2\/media\/3108"}],"wp:attachment":[{"href":"https:\/\/www.mintzglobalscreening.com\/fr\/wp-json\/wp\/v2\/media?parent=362"}],"curies":[{"name":"wp","href":"https:\/\/api.w.org\/{rel}","templated":true}]}}