{"id":366,"date":"2015-12-23T09:16:40","date_gmt":"2015-12-23T09:16:40","guid":{"rendered":"https:\/\/www.mintzglobalscreening.com\/stage\/fr\/?page_id=366"},"modified":"2024-02-19T14:47:22","modified_gmt":"2024-02-19T14:47:22","slug":"asie-pacifique","status":"publish","type":"page","link":"https:\/\/www.mintzglobalscreening.com\/fr\/regions-fr\/asie-pacifique\/","title":{"rendered":"Asie-Pacifique"},"content":{"rendered":"\n\n\t<p>Comme la communaut\u00e9 mondiale devient une r\u00e9alit\u00e9, nous avons \u00e9largi notre exp\u00e9rience en Asie-Pacifique. En partenariat avec des experts locaux examin\u00e9s de pr\u00e8s et \u00e9tablis nous pouvons exploiter notre connaissance de v\u00e9rifications d&rsquo;ant\u00e9c\u00e9dents et notre partenaire dans la capacit\u00e9 de pays de fournir une prestation homog\u00e8ne de services \u00e0 travers l&rsquo;Asie-Pacifique. <\/p>\n<p>Vous voulez plus d&rsquo;informations sur notre empreinte en Asie-Pacifique?<\/p>\n\t<ul>\n<li>Afghanistan<\/li>\n<li>Arm\u00e9nie<\/li>\n<li>Australie<\/li>\n<li>Azerba\u00efdjan<\/li>\n<li>Bangladesh<\/li>\n<li>Bhoutan<\/li>\n<li>Brunei<\/li>\n<li>Cambodge<\/li>\n<li>Cor\u00e9e<\/li>\n<li>\u00c9tats f\u00e9d\u00e9r\u00e9s de Micron\u00e9sie<\/li>\n<li>Fidji<\/li>\n<li>G\u00e9orgie<\/li>\n<li>Guam<\/li>\n<li>\u00celes Cook<\/li>\n<li>\u00celes Mariannes du Nord<\/li>\n<li>\u00celes Marshall<\/li>\n<li>\u00celes Salomon<\/li>\n<li>Inde<\/li>\n<li>Indon\u00e9sie<\/li>\n<li>Japon<\/li>\n<li>Kazakhstan<\/li>\n<li>Kiribati<\/li>\n<li>Laos<\/li>\n<li>Malaisie<\/li>\n<li>Maldives<\/li>\n<\/ul>\n\t<ul>\n<li>Micron\u00e9sie<\/li>\n<li>Mongolie<\/li>\n<li>Myanmar<\/li>\n<li>Nauru<\/li>\n<li>N\u00e9pal<\/li>\n<li>Nouvelle-Z\u00e9lande<\/li>\n<li>Ouzb\u00e9kistan<\/li>\n<li>Pakistan<\/li>\n<li>Palaos<\/li>\n<li>Philippines<\/li>\n<li>Polyn\u00e9sie fran\u00e7aise<\/li>\n<li>R\u00e9publique kirghize<\/li>\n<li>Samoa<\/li>\n<li>Samoa am\u00e9ricaines<\/li>\n<li>Singapour<\/li>\n<li>Sri Lanka<\/li>\n<li>Tajikistan<\/li>\n<li>Tha\u00eflande<\/li>\n<li>Timor oriental<\/li>\n<li>Tonga<\/li>\n<li>Turkm\u00e9nistan<\/li>\n<li>Tuvalu<\/li>\n<li>Vanuatu<\/li>\n<li>Vietnam<\/li>\n<\/ul>\n\n","protected":false},"excerpt":{"rendered":"<p>Comme la communaut\u00e9 mondiale devient une r\u00e9alit\u00e9, nous avons \u00e9largi notre exp\u00e9rience en Asie-Pacifique. En partenariat avec des experts locaux examin\u00e9s de pr\u00e8s et \u00e9tablis nous pouvons exploiter notre connaissance de v\u00e9rifications d&rsquo;ant\u00e9c\u00e9dents et notre partenaire dans la capacit\u00e9 de pays de fournir une prestation homog\u00e8ne de services \u00e0 travers l&rsquo;Asie-Pacifique. Vous voulez plus d&rsquo;informations sur notre empreinte en Asie-Pacifique? Afghanistan Arm\u00e9nie Australie Azerba\u00efdjan Bangladesh Bhoutan Brunei Cambodge Cor\u00e9e \u00c9tats&#8230;<\/p>\n","protected":false},"author":2,"featured_media":3119,"parent":303,"menu_order":17,"comment_status":"closed","ping_status":"closed","template":"","meta":{"_acf_changed":false,"content-type":"","footnotes":""},"class_list":["post-366","page","type-page","status-publish","has-post-thumbnail","hentry"],"acf":[],"yoast_head":"<!-- This site is optimized with the Yoast SEO plugin v25.0 - https:\/\/yoast.com\/wordpress\/plugins\/seo\/ -->\n<title>V\u00e9rification d&#039;ant\u00e9c\u00e9dents | R\u00e9gion Asie-Pacifique | V\u00e9rifications mondiales Mintz<\/title>\n<meta name=\"description\" content=\"Depuis 90 ans, V\u00e9rifications mondiales Mintz est un chef de file en v\u00e9rification d&#039;ant\u00e9c\u00e9dents. D\u00e9couvrez nos services \u00e0 travers l&#039;Asie-Pacifique.\" \/>\n<meta name=\"robots\" content=\"index, follow, max-snippet:-1, max-image-preview:large, max-video-preview:-1\" \/>\n<link rel=\"canonical\" href=\"https:\/\/www.mintzglobalscreening.com\/fr\/regions-fr\/asie-pacifique\/\" \/>\n<meta property=\"og:locale\" content=\"fr_FR\" \/>\n<meta property=\"og:type\" content=\"article\" \/>\n<meta property=\"og:title\" content=\"V\u00e9rification d&#039;ant\u00e9c\u00e9dents | R\u00e9gion Asie-Pacifique | V\u00e9rifications mondiales Mintz\" \/>\n<meta property=\"og:description\" content=\"Depuis 90 ans, V\u00e9rifications mondiales Mintz est un chef de file en v\u00e9rification d&#039;ant\u00e9c\u00e9dents. D\u00e9couvrez nos services \u00e0 travers l&#039;Asie-Pacifique.\" \/>\n<meta property=\"og:url\" content=\"https:\/\/www.mintzglobalscreening.com\/fr\/regions-fr\/asie-pacifique\/\" \/>\n<meta property=\"og:site_name\" content=\"Mintz Global Screening\" \/>\n<meta property=\"article:publisher\" content=\"https:\/\/www.facebook.com\/Mintzglobal\" \/>\n<meta property=\"article:modified_time\" content=\"2024-02-19T14:47:22+00:00\" \/>\n<meta property=\"og:image\" content=\"https:\/\/www.mintzglobalscreening.com\/wp-content\/uploads\/2015\/12\/asie-test.jpg\" \/>\n\t<meta property=\"og:image:width\" content=\"1350\" \/>\n\t<meta property=\"og:image:height\" content=\"320\" \/>\n\t<meta property=\"og:image:type\" content=\"image\/jpeg\" \/>\n<meta name=\"twitter:card\" content=\"summary_large_image\" \/>\n<meta name=\"twitter:site\" content=\"@MintzGlobal\" \/>\n<meta name=\"twitter:label1\" content=\"Dur\u00e9e de lecture estim\u00e9e\" \/>\n\t<meta name=\"twitter:data1\" content=\"1 minute\" \/>\n<script type=\"application\/ld+json\" class=\"yoast-schema-graph\">{\"@context\":\"https:\/\/schema.org\",\"@graph\":[{\"@type\":\"WebPage\",\"@id\":\"https:\/\/www.mintzglobalscreening.com\/fr\/regions-fr\/asie-pacifique\/\",\"url\":\"https:\/\/www.mintzglobalscreening.com\/fr\/regions-fr\/asie-pacifique\/\",\"name\":\"V\u00e9rification d'ant\u00e9c\u00e9dents | R\u00e9gion Asie-Pacifique | V\u00e9rifications mondiales Mintz\",\"isPartOf\":{\"@id\":\"https:\/\/www.mintzglobalscreening.com\/fr\/#website\"},\"primaryImageOfPage\":{\"@id\":\"https:\/\/www.mintzglobalscreening.com\/fr\/regions-fr\/asie-pacifique\/#primaryimage\"},\"image\":{\"@id\":\"https:\/\/www.mintzglobalscreening.com\/fr\/regions-fr\/asie-pacifique\/#primaryimage\"},\"thumbnailUrl\":\"https:\/\/www.mintzglobalscreening.com\/wp-content\/uploads\/2015\/12\/asie-test.jpg\",\"datePublished\":\"2015-12-23T09:16:40+00:00\",\"dateModified\":\"2024-02-19T14:47:22+00:00\",\"description\":\"Depuis 90 ans, V\u00e9rifications mondiales Mintz est un chef de file en v\u00e9rification d'ant\u00e9c\u00e9dents. D\u00e9couvrez nos services \u00e0 travers l'Asie-Pacifique.\",\"breadcrumb\":{\"@id\":\"https:\/\/www.mintzglobalscreening.com\/fr\/regions-fr\/asie-pacifique\/#breadcrumb\"},\"inLanguage\":\"fr-FR\",\"potentialAction\":[{\"@type\":\"ReadAction\",\"target\":[\"https:\/\/www.mintzglobalscreening.com\/fr\/regions-fr\/asie-pacifique\/\"]}]},{\"@type\":\"ImageObject\",\"inLanguage\":\"fr-FR\",\"@id\":\"https:\/\/www.mintzglobalscreening.com\/fr\/regions-fr\/asie-pacifique\/#primaryimage\",\"url\":\"https:\/\/www.mintzglobalscreening.com\/wp-content\/uploads\/2015\/12\/asie-test.jpg\",\"contentUrl\":\"https:\/\/www.mintzglobalscreening.com\/wp-content\/uploads\/2015\/12\/asie-test.jpg\",\"width\":1350,\"height\":320},{\"@type\":\"BreadcrumbList\",\"@id\":\"https:\/\/www.mintzglobalscreening.com\/fr\/regions-fr\/asie-pacifique\/#breadcrumb\",\"itemListElement\":[{\"@type\":\"ListItem\",\"position\":1,\"name\":\"Home\",\"item\":\"https:\/\/www.mintzglobalscreening.com\/fr\/\"},{\"@type\":\"ListItem\",\"position\":2,\"name\":\"Regions\",\"item\":\"https:\/\/www.mintzglobalscreening.com\/fr\/regions-fr\/\"},{\"@type\":\"ListItem\",\"position\":3,\"name\":\"Asie-Pacifique\"}]},{\"@type\":\"WebSite\",\"@id\":\"https:\/\/www.mintzglobalscreening.com\/fr\/#website\",\"url\":\"https:\/\/www.mintzglobalscreening.com\/fr\/\",\"name\":\"Mintz Global Screening\",\"description\":\"Mintz Global Screening\",\"potentialAction\":[{\"@type\":\"SearchAction\",\"target\":{\"@type\":\"EntryPoint\",\"urlTemplate\":\"https:\/\/www.mintzglobalscreening.com\/fr\/?s={search_term_string}\"},\"query-input\":{\"@type\":\"PropertyValueSpecification\",\"valueRequired\":true,\"valueName\":\"search_term_string\"}}],\"inLanguage\":\"fr-FR\"}]}<\/script>\n<!-- \/ Yoast SEO plugin. -->","yoast_head_json":{"title":"V\u00e9rification d'ant\u00e9c\u00e9dents | R\u00e9gion Asie-Pacifique | V\u00e9rifications mondiales Mintz","description":"Depuis 90 ans, V\u00e9rifications mondiales Mintz est un chef de file en v\u00e9rification d'ant\u00e9c\u00e9dents. D\u00e9couvrez nos services \u00e0 travers l'Asie-Pacifique.","robots":{"index":"index","follow":"follow","max-snippet":"max-snippet:-1","max-image-preview":"max-image-preview:large","max-video-preview":"max-video-preview:-1"},"canonical":"https:\/\/www.mintzglobalscreening.com\/fr\/regions-fr\/asie-pacifique\/","og_locale":"fr_FR","og_type":"article","og_title":"V\u00e9rification d'ant\u00e9c\u00e9dents | R\u00e9gion Asie-Pacifique | V\u00e9rifications mondiales Mintz","og_description":"Depuis 90 ans, V\u00e9rifications mondiales Mintz est un chef de file en v\u00e9rification d'ant\u00e9c\u00e9dents. D\u00e9couvrez nos services \u00e0 travers l'Asie-Pacifique.","og_url":"https:\/\/www.mintzglobalscreening.com\/fr\/regions-fr\/asie-pacifique\/","og_site_name":"Mintz Global Screening","article_publisher":"https:\/\/www.facebook.com\/Mintzglobal","article_modified_time":"2024-02-19T14:47:22+00:00","og_image":[{"width":1350,"height":320,"url":"https:\/\/www.mintzglobalscreening.com\/wp-content\/uploads\/2015\/12\/asie-test.jpg","type":"image\/jpeg"}],"twitter_card":"summary_large_image","twitter_site":"@MintzGlobal","twitter_misc":{"Dur\u00e9e de lecture estim\u00e9e":"1 minute"},"schema":{"@context":"https:\/\/schema.org","@graph":[{"@type":"WebPage","@id":"https:\/\/www.mintzglobalscreening.com\/fr\/regions-fr\/asie-pacifique\/","url":"https:\/\/www.mintzglobalscreening.com\/fr\/regions-fr\/asie-pacifique\/","name":"V\u00e9rification d'ant\u00e9c\u00e9dents | R\u00e9gion Asie-Pacifique | V\u00e9rifications mondiales Mintz","isPartOf":{"@id":"https:\/\/www.mintzglobalscreening.com\/fr\/#website"},"primaryImageOfPage":{"@id":"https:\/\/www.mintzglobalscreening.com\/fr\/regions-fr\/asie-pacifique\/#primaryimage"},"image":{"@id":"https:\/\/www.mintzglobalscreening.com\/fr\/regions-fr\/asie-pacifique\/#primaryimage"},"thumbnailUrl":"https:\/\/www.mintzglobalscreening.com\/wp-content\/uploads\/2015\/12\/asie-test.jpg","datePublished":"2015-12-23T09:16:40+00:00","dateModified":"2024-02-19T14:47:22+00:00","description":"Depuis 90 ans, V\u00e9rifications mondiales Mintz est un chef de file en v\u00e9rification d'ant\u00e9c\u00e9dents. D\u00e9couvrez nos services \u00e0 travers l'Asie-Pacifique.","breadcrumb":{"@id":"https:\/\/www.mintzglobalscreening.com\/fr\/regions-fr\/asie-pacifique\/#breadcrumb"},"inLanguage":"fr-FR","potentialAction":[{"@type":"ReadAction","target":["https:\/\/www.mintzglobalscreening.com\/fr\/regions-fr\/asie-pacifique\/"]}]},{"@type":"ImageObject","inLanguage":"fr-FR","@id":"https:\/\/www.mintzglobalscreening.com\/fr\/regions-fr\/asie-pacifique\/#primaryimage","url":"https:\/\/www.mintzglobalscreening.com\/wp-content\/uploads\/2015\/12\/asie-test.jpg","contentUrl":"https:\/\/www.mintzglobalscreening.com\/wp-content\/uploads\/2015\/12\/asie-test.jpg","width":1350,"height":320},{"@type":"BreadcrumbList","@id":"https:\/\/www.mintzglobalscreening.com\/fr\/regions-fr\/asie-pacifique\/#breadcrumb","itemListElement":[{"@type":"ListItem","position":1,"name":"Home","item":"https:\/\/www.mintzglobalscreening.com\/fr\/"},{"@type":"ListItem","position":2,"name":"Regions","item":"https:\/\/www.mintzglobalscreening.com\/fr\/regions-fr\/"},{"@type":"ListItem","position":3,"name":"Asie-Pacifique"}]},{"@type":"WebSite","@id":"https:\/\/www.mintzglobalscreening.com\/fr\/#website","url":"https:\/\/www.mintzglobalscreening.com\/fr\/","name":"Mintz Global Screening","description":"Mintz Global Screening","potentialAction":[{"@type":"SearchAction","target":{"@type":"EntryPoint","urlTemplate":"https:\/\/www.mintzglobalscreening.com\/fr\/?s={search_term_string}"},"query-input":{"@type":"PropertyValueSpecification","valueRequired":true,"valueName":"search_term_string"}}],"inLanguage":"fr-FR"}]}},"_links":{"self":[{"href":"https:\/\/www.mintzglobalscreening.com\/fr\/wp-json\/wp\/v2\/pages\/366","targetHints":{"allow":["GET"]}}],"collection":[{"href":"https:\/\/www.mintzglobalscreening.com\/fr\/wp-json\/wp\/v2\/pages"}],"about":[{"href":"https:\/\/www.mintzglobalscreening.com\/fr\/wp-json\/wp\/v2\/types\/page"}],"author":[{"embeddable":true,"href":"https:\/\/www.mintzglobalscreening.com\/fr\/wp-json\/wp\/v2\/users\/2"}],"replies":[{"embeddable":true,"href":"https:\/\/www.mintzglobalscreening.com\/fr\/wp-json\/wp\/v2\/comments?post=366"}],"version-history":[{"count":19,"href":"https:\/\/www.mintzglobalscreening.com\/fr\/wp-json\/wp\/v2\/pages\/366\/revisions"}],"predecessor-version":[{"id":4999,"href":"https:\/\/www.mintzglobalscreening.com\/fr\/wp-json\/wp\/v2\/pages\/366\/revisions\/4999"}],"up":[{"embeddable":true,"href":"https:\/\/www.mintzglobalscreening.com\/fr\/wp-json\/wp\/v2\/pages\/303"}],"wp:featuredmedia":[{"embeddable":true,"href":"https:\/\/www.mintzglobalscreening.com\/fr\/wp-json\/wp\/v2\/media\/3119"}],"wp:attachment":[{"href":"https:\/\/www.mintzglobalscreening.com\/fr\/wp-json\/wp\/v2\/media?parent=366"}],"curies":[{"name":"wp","href":"https:\/\/api.w.org\/{rel}","templated":true}]}}