{"id":3855,"date":"2020-10-20T11:43:44","date_gmt":"2020-10-20T11:43:44","guid":{"rendered":"https:\/\/www.mintzglobalscreening.com\/stage\/?page_id=3855"},"modified":"2024-01-15T09:26:36","modified_gmt":"2024-01-15T09:26:36","slug":"verification-didentite","status":"publish","type":"page","link":"https:\/\/www.mintzglobalscreening.com\/fr\/services\/verification-didentite\/","title":{"rendered":"V\u00e9rification d\u2019Identit\u00e9"},"content":{"rendered":"\n\n\t<p><a href=\"https:\/\/www.mintzglobalscreening.com\/media-category\/who-is-mintz-global-screening\/\">Mintz Global Screening<\/a> vous propose de proc\u00e9der \u00e0 une v\u00e9rification de l&rsquo;identit\u00e9 d&rsquo;un candidat, vous permettant ainsi de valider les renseignements que ce dernier vous aura communiqu\u00e9s.<\/p>\n<p>Forte d&rsquo;une grande exp\u00e9rience en mati\u00e8re de v\u00e9rification d&rsquo;identit\u00e9, V\u00e9rifications mondiales Mintz vous garantit des renseignements v\u00e9ridiques, qui vous aideront \u00e0 prendre des d\u00e9cisions \u00e9clair\u00e9es.<\/p>\n\t\t\t\t<img loading=\"lazy\" decoding=\"async\" src=\"https:\/\/www.mintzglobalscreening.com\/wp-content\/uploads\/2018\/11\/icon-verifier-casier.png\" alt=\"icon-verifier-casier\" itemprop=\"image\" height=\"60\" width=\"60\" title=\"icon-verifier-casier\" onerror=\"this.style.display='none'\"  \/>\n\t<p>Pr\u00e9venez la fraude en vous assurant que vous faites affaire avec des individus honn\u00eates.<\/p>\n\t\t\t\t<img loading=\"lazy\" decoding=\"async\" src=\"https:\/\/www.mintzglobalscreening.com\/wp-content\/uploads\/2018\/11\/icon-proteger-reputation-entreprise.png\" alt=\"icon-proteger-reputation-entreprise\" itemprop=\"image\" height=\"60\" width=\"60\" title=\"icon-proteger-reputation-entreprise\" onerror=\"this.style.display='none'\"  \/>\n\t<p>Proc\u00e9dure effectu\u00e9e conform\u00e9ment aux l\u00e9gislations actuelles, vous assurant que vos donn\u00e9es sont trait\u00e9es en toute s\u00e9curit\u00e9.<\/p>\n\t\t\t\t<img loading=\"lazy\" decoding=\"async\" src=\"https:\/\/www.mintzglobalscreening.com\/wp-content\/uploads\/2018\/11\/icon-choix-eclaires.png\" alt=\"icon-choix-eclaires\" itemprop=\"image\" height=\"60\" width=\"60\" title=\"icon-choix-eclaires\" onerror=\"this.style.display='none'\"  \/>\n\t<p>Prenez les meilleures d\u00e9cisions d&rsquo;affaires possible en disposant d&rsquo;un maximum d&rsquo;informations fiables.<\/p>\n\tFAITES APPEL \u00c0 NOS SP\u00c9CIALISTES EN V\u00c9RIFICATION D&rsquo;ANT\u00c9C\u00c9DENTS\n\t\t\t<a href=\"https:\/\/www.mintzglobalscreening.com\/fr\/contactez-nous\/\" target=\"_self\" role=\"button\" rel=\"noopener\">\n\t\t\t\t\t\t\tContactez-nous\n\t\t\t\t\t<\/a>\n\t<h2>Pourquoi utiliser notre service de v\u00e9rification d&rsquo;identit\u00e9 ?<\/h2>\n<p><strong>\u00c0 l&rsquo;\u00e8re du vol d&rsquo;identit\u00e9 et de la fraude, la v\u00e9rification de l&rsquo;identit\u00e9 est essentielle dans tout processus de v\u00e9rification des ant\u00e9c\u00e9dents.<\/strong><\/p>\n<p>En combinaison avec toute autre v\u00e9rification, la v\u00e9rification d&rsquo;identit\u00e9 ajoutera un avantage \u00e0 votre processus de v\u00e9rification des ant\u00e9c\u00e9dents en confirmant les informations fournies par votre candidat, afin d&rsquo;\u00e9viter que les efforts de recherche ne soient falsifi\u00e9s.<\/p>\n<p>Une v\u00e9rification d&rsquo;identit\u00e9 confirme le nom complet, la date de naissance et l&rsquo;historique de r\u00e9sidence du candidat et valide son num\u00e9ro d&rsquo;assurance sociale. La recherche est effectu\u00e9e en comparant les donn\u00e9es fournies par le candidat \u00e0 des sources externes objectives. Le rapport indique si les donn\u00e9es fournies peuvent \u00eatre confirm\u00e9es ou non.<\/p>\n\t<h2>Pourquoi choisir le service de v\u00e9rification d&rsquo;identit\u00e9 de Mintz?<\/h2>\n<p>Avec plus de 100 ans d&rsquo;exp\u00e9rience dans le domaine de la v\u00e9rification d&rsquo;ant\u00e9c\u00e9dents, notre \u00e9quipe de v\u00e9rificateurs chevronn\u00e9s est bien outill\u00e9e pour vous fournir toutes les informations dont vous avez besoin lors d&rsquo;un processus d&#8217;embauche. Vous pourrez ainsi \u00e9valuer ad\u00e9quatement la fiabilit\u00e9 des renseignements \u00e0 votre disposition et le risque pr\u00e9sent\u00e9 par un candidat, et ainsi prendre une d\u00e9cision \u00e9clair\u00e9e.<\/p>\n<p>En choisissant notre service de v\u00e9rification d&rsquo;identit\u00e9, vous profitez de caract\u00e9ristiques uniques\u00a0:<\/p>\n<ul>\n<li>Multiples sources externes employ\u00e9es pour veiller \u00e0 l&rsquo;objectivit\u00e9 de l&rsquo;information<\/li>\n<li>V\u00e9rifications effectu\u00e9es par des experts en conformit\u00e9<\/li>\n<li>R\u00e9sultats disponibles en temps r\u00e9el sur notre site web s\u00e9curis\u00e9<\/li>\n<li>Validation du num\u00e9ro d&rsquo;assurance sociale (NAS)<\/li>\n<li>Validation de passeport \u00e9galement disponible sur demande<\/li>\n<li>Service offert \u00e0 l&rsquo;international partout o\u00f9 la loi le permet<\/li>\n<li>Donn\u00e9es conserv\u00e9es dans des bases de donn\u00e9es canadiennes<\/li>\n<\/ul>\n\t<h2>Vous d\u00e9sirez en savoir plus sur notre service de v\u00e9rification d&rsquo;identit\u00e9?<\/h2>\n<p>Si vous d\u00e9sirez en apprendre davantage sur les m\u00e9thodes d&rsquo;investigation et de recherche d&rsquo;informations que nous utilisons pour effectuer une v\u00e9rification d&rsquo;identit\u00e9, n&rsquo;h\u00e9sitez pas \u00e0 <a href=\"https:\/\/www.mintzglobalscreening.com\/fr\/contactez-nous\/nouvelle-demande-client\/\">contacter notre \u00e9quipe<\/a>!<\/p>\n\n","protected":false},"excerpt":{"rendered":"<p>Mintz Global Screening vous propose de proc\u00e9der \u00e0 une v\u00e9rification de l&rsquo;identit\u00e9 d&rsquo;un candidat, vous permettant ainsi de valider les renseignements que ce dernier vous aura communiqu\u00e9s. Forte d&rsquo;une grande exp\u00e9rience en mati\u00e8re de v\u00e9rification d&rsquo;identit\u00e9, V\u00e9rifications mondiales Mintz vous garantit des renseignements v\u00e9ridiques, qui vous aideront \u00e0 prendre des d\u00e9cisions \u00e9clair\u00e9es. Pr\u00e9venez la fraude en vous assurant que vous faites affaire avec des individus honn\u00eates. Proc\u00e9dure effectu\u00e9e conform\u00e9ment aux&#8230;<\/p>\n","protected":false},"author":3,"featured_media":3309,"parent":1252,"menu_order":127,"comment_status":"closed","ping_status":"closed","template":"","meta":{"_acf_changed":false,"content-type":"","footnotes":""},"class_list":["post-3855","page","type-page","status-publish","has-post-thumbnail","hentry"],"acf":[],"yoast_head":"<!-- This site is optimized with the Yoast SEO plugin v25.0 - https:\/\/yoast.com\/wordpress\/plugins\/seo\/ -->\n<title>V\u00e9rification d\u2019Identit\u00e9 - Mintz Global Screening<\/title>\n<meta name=\"robots\" content=\"index, follow, max-snippet:-1, max-image-preview:large, max-video-preview:-1\" \/>\n<link rel=\"canonical\" href=\"https:\/\/www.mintzglobalscreening.com\/fr\/services\/verification-didentite\/\" \/>\n<meta property=\"og:locale\" content=\"fr_FR\" \/>\n<meta property=\"og:type\" content=\"article\" \/>\n<meta property=\"og:title\" content=\"V\u00e9rification d\u2019Identit\u00e9 - Mintz Global Screening\" \/>\n<meta property=\"og:description\" content=\"Mintz Global Screening vous propose de proc\u00e9der \u00e0 une v\u00e9rification de l&rsquo;identit\u00e9 d&rsquo;un candidat, vous permettant ainsi de valider les renseignements que ce dernier vous aura communiqu\u00e9s. Forte d&rsquo;une grande exp\u00e9rience en mati\u00e8re de v\u00e9rification d&rsquo;identit\u00e9, V\u00e9rifications mondiales Mintz vous garantit des renseignements v\u00e9ridiques, qui vous aideront \u00e0 prendre des d\u00e9cisions \u00e9clair\u00e9es. Pr\u00e9venez la fraude en vous assurant que vous faites affaire avec des individus honn\u00eates. Proc\u00e9dure effectu\u00e9e conform\u00e9ment aux...\" \/>\n<meta property=\"og:url\" content=\"https:\/\/www.mintzglobalscreening.com\/fr\/services\/verification-didentite\/\" \/>\n<meta property=\"og:site_name\" content=\"Mintz Global Screening\" \/>\n<meta property=\"article:publisher\" content=\"https:\/\/www.facebook.com\/Mintzglobal\" \/>\n<meta property=\"article:modified_time\" content=\"2024-01-15T09:26:36+00:00\" \/>\n<meta property=\"og:image\" content=\"https:\/\/www.mintzglobalscreening.com\/wp-content\/uploads\/2018\/12\/img_header-verification-id.jpg\" \/>\n\t<meta property=\"og:image:width\" content=\"1920\" \/>\n\t<meta property=\"og:image:height\" content=\"320\" \/>\n\t<meta property=\"og:image:type\" content=\"image\/jpeg\" \/>\n<meta name=\"twitter:card\" content=\"summary_large_image\" \/>\n<meta name=\"twitter:site\" content=\"@MintzGlobal\" \/>\n<meta name=\"twitter:label1\" content=\"Dur\u00e9e de lecture estim\u00e9e\" \/>\n\t<meta name=\"twitter:data1\" content=\"2 minutes\" \/>\n<script type=\"application\/ld+json\" class=\"yoast-schema-graph\">{\"@context\":\"https:\/\/schema.org\",\"@graph\":[{\"@type\":\"WebPage\",\"@id\":\"https:\/\/www.mintzglobalscreening.com\/fr\/services\/verification-didentite\/\",\"url\":\"https:\/\/www.mintzglobalscreening.com\/fr\/services\/verification-didentite\/\",\"name\":\"V\u00e9rification d\u2019Identit\u00e9 - Mintz Global Screening\",\"isPartOf\":{\"@id\":\"https:\/\/www.mintzglobalscreening.com\/fr\/#website\"},\"primaryImageOfPage\":{\"@id\":\"https:\/\/www.mintzglobalscreening.com\/fr\/services\/verification-didentite\/#primaryimage\"},\"image\":{\"@id\":\"https:\/\/www.mintzglobalscreening.com\/fr\/services\/verification-didentite\/#primaryimage\"},\"thumbnailUrl\":\"https:\/\/www.mintzglobalscreening.com\/wp-content\/uploads\/2018\/12\/img_header-verification-id.jpg\",\"datePublished\":\"2020-10-20T11:43:44+00:00\",\"dateModified\":\"2024-01-15T09:26:36+00:00\",\"breadcrumb\":{\"@id\":\"https:\/\/www.mintzglobalscreening.com\/fr\/services\/verification-didentite\/#breadcrumb\"},\"inLanguage\":\"fr-FR\",\"potentialAction\":[{\"@type\":\"ReadAction\",\"target\":[\"https:\/\/www.mintzglobalscreening.com\/fr\/services\/verification-didentite\/\"]}]},{\"@type\":\"ImageObject\",\"inLanguage\":\"fr-FR\",\"@id\":\"https:\/\/www.mintzglobalscreening.com\/fr\/services\/verification-didentite\/#primaryimage\",\"url\":\"https:\/\/www.mintzglobalscreening.com\/wp-content\/uploads\/2018\/12\/img_header-verification-id.jpg\",\"contentUrl\":\"https:\/\/www.mintzglobalscreening.com\/wp-content\/uploads\/2018\/12\/img_header-verification-id.jpg\",\"width\":1920,\"height\":320},{\"@type\":\"BreadcrumbList\",\"@id\":\"https:\/\/www.mintzglobalscreening.com\/fr\/services\/verification-didentite\/#breadcrumb\",\"itemListElement\":[{\"@type\":\"ListItem\",\"position\":1,\"name\":\"Home\",\"item\":\"https:\/\/www.mintzglobalscreening.com\/fr\/\"},{\"@type\":\"ListItem\",\"position\":2,\"name\":\"Services\",\"item\":\"https:\/\/www.mintzglobalscreening.com\/fr\/services\/\"},{\"@type\":\"ListItem\",\"position\":3,\"name\":\"V\u00e9rification d\u2019Identit\u00e9\"}]},{\"@type\":\"WebSite\",\"@id\":\"https:\/\/www.mintzglobalscreening.com\/fr\/#website\",\"url\":\"https:\/\/www.mintzglobalscreening.com\/fr\/\",\"name\":\"Mintz Global Screening\",\"description\":\"Mintz Global Screening\",\"potentialAction\":[{\"@type\":\"SearchAction\",\"target\":{\"@type\":\"EntryPoint\",\"urlTemplate\":\"https:\/\/www.mintzglobalscreening.com\/fr\/?s={search_term_string}\"},\"query-input\":{\"@type\":\"PropertyValueSpecification\",\"valueRequired\":true,\"valueName\":\"search_term_string\"}}],\"inLanguage\":\"fr-FR\"}]}<\/script>\n<!-- \/ Yoast SEO plugin. -->","yoast_head_json":{"title":"V\u00e9rification d\u2019Identit\u00e9 - Mintz Global Screening","robots":{"index":"index","follow":"follow","max-snippet":"max-snippet:-1","max-image-preview":"max-image-preview:large","max-video-preview":"max-video-preview:-1"},"canonical":"https:\/\/www.mintzglobalscreening.com\/fr\/services\/verification-didentite\/","og_locale":"fr_FR","og_type":"article","og_title":"V\u00e9rification d\u2019Identit\u00e9 - Mintz Global Screening","og_description":"Mintz Global Screening vous propose de proc\u00e9der \u00e0 une v\u00e9rification de l&rsquo;identit\u00e9 d&rsquo;un candidat, vous permettant ainsi de valider les renseignements que ce dernier vous aura communiqu\u00e9s. Forte d&rsquo;une grande exp\u00e9rience en mati\u00e8re de v\u00e9rification d&rsquo;identit\u00e9, V\u00e9rifications mondiales Mintz vous garantit des renseignements v\u00e9ridiques, qui vous aideront \u00e0 prendre des d\u00e9cisions \u00e9clair\u00e9es. Pr\u00e9venez la fraude en vous assurant que vous faites affaire avec des individus honn\u00eates. Proc\u00e9dure effectu\u00e9e conform\u00e9ment aux...","og_url":"https:\/\/www.mintzglobalscreening.com\/fr\/services\/verification-didentite\/","og_site_name":"Mintz Global Screening","article_publisher":"https:\/\/www.facebook.com\/Mintzglobal","article_modified_time":"2024-01-15T09:26:36+00:00","og_image":[{"width":1920,"height":320,"url":"https:\/\/www.mintzglobalscreening.com\/wp-content\/uploads\/2018\/12\/img_header-verification-id.jpg","type":"image\/jpeg"}],"twitter_card":"summary_large_image","twitter_site":"@MintzGlobal","twitter_misc":{"Dur\u00e9e de lecture estim\u00e9e":"2 minutes"},"schema":{"@context":"https:\/\/schema.org","@graph":[{"@type":"WebPage","@id":"https:\/\/www.mintzglobalscreening.com\/fr\/services\/verification-didentite\/","url":"https:\/\/www.mintzglobalscreening.com\/fr\/services\/verification-didentite\/","name":"V\u00e9rification d\u2019Identit\u00e9 - Mintz Global Screening","isPartOf":{"@id":"https:\/\/www.mintzglobalscreening.com\/fr\/#website"},"primaryImageOfPage":{"@id":"https:\/\/www.mintzglobalscreening.com\/fr\/services\/verification-didentite\/#primaryimage"},"image":{"@id":"https:\/\/www.mintzglobalscreening.com\/fr\/services\/verification-didentite\/#primaryimage"},"thumbnailUrl":"https:\/\/www.mintzglobalscreening.com\/wp-content\/uploads\/2018\/12\/img_header-verification-id.jpg","datePublished":"2020-10-20T11:43:44+00:00","dateModified":"2024-01-15T09:26:36+00:00","breadcrumb":{"@id":"https:\/\/www.mintzglobalscreening.com\/fr\/services\/verification-didentite\/#breadcrumb"},"inLanguage":"fr-FR","potentialAction":[{"@type":"ReadAction","target":["https:\/\/www.mintzglobalscreening.com\/fr\/services\/verification-didentite\/"]}]},{"@type":"ImageObject","inLanguage":"fr-FR","@id":"https:\/\/www.mintzglobalscreening.com\/fr\/services\/verification-didentite\/#primaryimage","url":"https:\/\/www.mintzglobalscreening.com\/wp-content\/uploads\/2018\/12\/img_header-verification-id.jpg","contentUrl":"https:\/\/www.mintzglobalscreening.com\/wp-content\/uploads\/2018\/12\/img_header-verification-id.jpg","width":1920,"height":320},{"@type":"BreadcrumbList","@id":"https:\/\/www.mintzglobalscreening.com\/fr\/services\/verification-didentite\/#breadcrumb","itemListElement":[{"@type":"ListItem","position":1,"name":"Home","item":"https:\/\/www.mintzglobalscreening.com\/fr\/"},{"@type":"ListItem","position":2,"name":"Services","item":"https:\/\/www.mintzglobalscreening.com\/fr\/services\/"},{"@type":"ListItem","position":3,"name":"V\u00e9rification d\u2019Identit\u00e9"}]},{"@type":"WebSite","@id":"https:\/\/www.mintzglobalscreening.com\/fr\/#website","url":"https:\/\/www.mintzglobalscreening.com\/fr\/","name":"Mintz Global Screening","description":"Mintz Global Screening","potentialAction":[{"@type":"SearchAction","target":{"@type":"EntryPoint","urlTemplate":"https:\/\/www.mintzglobalscreening.com\/fr\/?s={search_term_string}"},"query-input":{"@type":"PropertyValueSpecification","valueRequired":true,"valueName":"search_term_string"}}],"inLanguage":"fr-FR"}]}},"_links":{"self":[{"href":"https:\/\/www.mintzglobalscreening.com\/fr\/wp-json\/wp\/v2\/pages\/3855","targetHints":{"allow":["GET"]}}],"collection":[{"href":"https:\/\/www.mintzglobalscreening.com\/fr\/wp-json\/wp\/v2\/pages"}],"about":[{"href":"https:\/\/www.mintzglobalscreening.com\/fr\/wp-json\/wp\/v2\/types\/page"}],"author":[{"embeddable":true,"href":"https:\/\/www.mintzglobalscreening.com\/fr\/wp-json\/wp\/v2\/users\/3"}],"replies":[{"embeddable":true,"href":"https:\/\/www.mintzglobalscreening.com\/fr\/wp-json\/wp\/v2\/comments?post=3855"}],"version-history":[{"count":5,"href":"https:\/\/www.mintzglobalscreening.com\/fr\/wp-json\/wp\/v2\/pages\/3855\/revisions"}],"predecessor-version":[{"id":4948,"href":"https:\/\/www.mintzglobalscreening.com\/fr\/wp-json\/wp\/v2\/pages\/3855\/revisions\/4948"}],"up":[{"embeddable":true,"href":"https:\/\/www.mintzglobalscreening.com\/fr\/wp-json\/wp\/v2\/pages\/1252"}],"wp:featuredmedia":[{"embeddable":true,"href":"https:\/\/www.mintzglobalscreening.com\/fr\/wp-json\/wp\/v2\/media\/3309"}],"wp:attachment":[{"href":"https:\/\/www.mintzglobalscreening.com\/fr\/wp-json\/wp\/v2\/media?parent=3855"}],"curies":[{"name":"wp","href":"https:\/\/api.w.org\/{rel}","templated":true}]}}