{"id":396,"date":"2015-12-24T08:17:13","date_gmt":"2015-12-24T08:17:13","guid":{"rendered":"https:\/\/www.mintzglobalscreening.com\/stage\/fr\/?page_id=396"},"modified":"2023-07-26T15:58:50","modified_gmt":"2023-07-26T15:58:50","slug":"offres-demploi","status":"publish","type":"page","link":"https:\/\/www.mintzglobalscreening.com\/fr\/carrieres\/offres-demploi\/","title":{"rendered":"Offres d&#8217;emploi"},"content":{"rendered":"\r\n<p>Gr\u00e2ce \u00e0 notre \u00e9quipe de sp\u00e9cialistes poss\u00e9dant une solide expertise,\u00a0V\u00e9rifications mondiales Mintz\u00a0contribue positivement au succ\u00e8s des entreprises en validant l&rsquo;int\u00e9grit\u00e9 des candidats et aidant les entreprises \u00e0 minimiser leurs risques. Que ce soit pour une v\u00e9rification de pr\u00e9-emploi, un v\u00e9rification diligente, une validation de fournisseur, ou tout autre type de v\u00e9rification, notre \u00e9quipe travaille en \u00e9troite collaboration avec les clients afin de leur offrir un service de validations d&rsquo;ant\u00e9c\u00e9dents complets. Nous sommes engag\u00e9s \u00e0 fournir des informations pr\u00e9cises en temps opportun. Notre \u00e9quipe travaille en synergie avec nos clients afin de d\u00e9velopper des outils technologiques adapt\u00e9s \u00e0 leurs besoins. Nous sommes en mesure de faire face \u00e0 l&rsquo;\u00e9volution constante du march\u00e9 gr\u00e2ce aux valeurs partag\u00e9es par les membres de notre \u00e9quipe, la rigueur, la communication ouverte, la satisfaction client ainsi que l&rsquo;entrepreneurship.<\/p>\r\n<p><a role=\"button\" href=\"https:\/\/workforcenow.adp.com\/mascsr\/default\/mdf\/recruitment\/recruitment.html?cid=86d0544c-b434-479b-ad82-c5d2974de778&amp;ccId=19000101_000001&amp;lang=fr_CA&amp;selectedMenuKey=CareerCenter\" target=\"_blank\" rel=\"noopener noreferrer\"> visitez notre centre de carri\u00e8res <\/a><\/p>\r\n","protected":false},"excerpt":{"rendered":"<p>Gr\u00e2ce \u00e0 notre \u00e9quipe de sp\u00e9cialistes poss\u00e9dant une solide expertise,\u00a0V\u00e9rifications mondiales Mintz\u00a0contribue positivement au succ\u00e8s des entreprises en validant l&rsquo;int\u00e9grit\u00e9 des candidats et aidant les entreprises \u00e0 minimiser leurs risques. Que ce soit pour une v\u00e9rification de pr\u00e9-emploi, un v\u00e9rification diligente, une validation de fournisseur, ou tout autre type de v\u00e9rification, notre \u00e9quipe travaille en \u00e9troite collaboration avec les clients afin de leur offrir un service de validations d&rsquo;ant\u00e9c\u00e9dents complets&#8230;.<\/p>\n","protected":false},"author":2,"featured_media":717,"parent":388,"menu_order":74,"comment_status":"closed","ping_status":"closed","template":"","meta":{"_acf_changed":false,"content-type":"","footnotes":""},"class_list":["post-396","page","type-page","status-publish","has-post-thumbnail","hentry"],"acf":[],"yoast_head":"<!-- This site is optimized with the Yoast SEO plugin v25.0 - https:\/\/yoast.com\/wordpress\/plugins\/seo\/ -->\n<title>Services de v\u00e9rification d&#039;ant\u00e9c\u00e9dents | Offres d&#039;emploi | V\u00e9rifications mondiales Mintz<\/title>\n<meta name=\"description\" content=\"V\u00e9rifications mondiales Mintz est l\u2019un des fournisseurs principaux en services de v\u00e9rification d&#039;ant\u00e9c\u00e9dents. Joignez notre \u00e9quipe d&#039;experts passionn\u00e9s!\" \/>\n<meta name=\"robots\" content=\"index, follow, max-snippet:-1, max-image-preview:large, max-video-preview:-1\" \/>\n<link rel=\"canonical\" href=\"https:\/\/www.mintzglobalscreening.com\/fr\/carrieres\/offres-demploi\/\" \/>\n<meta property=\"og:locale\" content=\"fr_FR\" \/>\n<meta property=\"og:type\" content=\"article\" \/>\n<meta property=\"og:title\" content=\"Services de v\u00e9rification d&#039;ant\u00e9c\u00e9dents | Offres d&#039;emploi | V\u00e9rifications mondiales Mintz\" \/>\n<meta property=\"og:description\" content=\"V\u00e9rifications mondiales Mintz est l\u2019un des fournisseurs principaux en services de v\u00e9rification d&#039;ant\u00e9c\u00e9dents. Joignez notre \u00e9quipe d&#039;experts passionn\u00e9s!\" \/>\n<meta property=\"og:url\" content=\"https:\/\/www.mintzglobalscreening.com\/fr\/carrieres\/offres-demploi\/\" \/>\n<meta property=\"og:site_name\" content=\"Mintz Global Screening\" \/>\n<meta property=\"article:publisher\" content=\"https:\/\/www.facebook.com\/Mintzglobal\" \/>\n<meta property=\"article:modified_time\" content=\"2023-07-26T15:58:50+00:00\" \/>\n<meta property=\"og:image\" content=\"https:\/\/www.mintzglobalscreening.com\/wp-content\/uploads\/2016\/03\/-9FB8828A7A9D9D327D80F04C6864B60F0C15092AEC77C51C0F-pimgpsh_fullsize_distr.jpg\" \/>\n\t<meta property=\"og:image:width\" content=\"2000\" \/>\n\t<meta property=\"og:image:height\" content=\"320\" \/>\n\t<meta property=\"og:image:type\" content=\"image\/jpeg\" \/>\n<meta name=\"twitter:card\" content=\"summary_large_image\" \/>\n<meta name=\"twitter:site\" content=\"@MintzGlobal\" \/>\n<meta name=\"twitter:label1\" content=\"Dur\u00e9e de lecture estim\u00e9e\" \/>\n\t<meta name=\"twitter:data1\" content=\"1 minute\" \/>\n<script type=\"application\/ld+json\" class=\"yoast-schema-graph\">{\"@context\":\"https:\/\/schema.org\",\"@graph\":[{\"@type\":\"WebPage\",\"@id\":\"https:\/\/www.mintzglobalscreening.com\/fr\/carrieres\/offres-demploi\/\",\"url\":\"https:\/\/www.mintzglobalscreening.com\/fr\/carrieres\/offres-demploi\/\",\"name\":\"Services de v\u00e9rification d'ant\u00e9c\u00e9dents | Offres d'emploi | V\u00e9rifications mondiales Mintz\",\"isPartOf\":{\"@id\":\"https:\/\/www.mintzglobalscreening.com\/fr\/#website\"},\"primaryImageOfPage\":{\"@id\":\"https:\/\/www.mintzglobalscreening.com\/fr\/carrieres\/offres-demploi\/#primaryimage\"},\"image\":{\"@id\":\"https:\/\/www.mintzglobalscreening.com\/fr\/carrieres\/offres-demploi\/#primaryimage\"},\"thumbnailUrl\":\"https:\/\/www.mintzglobalscreening.com\/wp-content\/uploads\/2016\/03\/-9FB8828A7A9D9D327D80F04C6864B60F0C15092AEC77C51C0F-pimgpsh_fullsize_distr.jpg\",\"datePublished\":\"2015-12-24T08:17:13+00:00\",\"dateModified\":\"2023-07-26T15:58:50+00:00\",\"description\":\"V\u00e9rifications mondiales Mintz est l\u2019un des fournisseurs principaux en services de v\u00e9rification d'ant\u00e9c\u00e9dents. Joignez notre \u00e9quipe d'experts passionn\u00e9s!\",\"breadcrumb\":{\"@id\":\"https:\/\/www.mintzglobalscreening.com\/fr\/carrieres\/offres-demploi\/#breadcrumb\"},\"inLanguage\":\"fr-FR\",\"potentialAction\":[{\"@type\":\"ReadAction\",\"target\":[\"https:\/\/www.mintzglobalscreening.com\/fr\/carrieres\/offres-demploi\/\"]}]},{\"@type\":\"ImageObject\",\"inLanguage\":\"fr-FR\",\"@id\":\"https:\/\/www.mintzglobalscreening.com\/fr\/carrieres\/offres-demploi\/#primaryimage\",\"url\":\"https:\/\/www.mintzglobalscreening.com\/wp-content\/uploads\/2016\/03\/-9FB8828A7A9D9D327D80F04C6864B60F0C15092AEC77C51C0F-pimgpsh_fullsize_distr.jpg\",\"contentUrl\":\"https:\/\/www.mintzglobalscreening.com\/wp-content\/uploads\/2016\/03\/-9FB8828A7A9D9D327D80F04C6864B60F0C15092AEC77C51C0F-pimgpsh_fullsize_distr.jpg\",\"width\":2000,\"height\":320},{\"@type\":\"BreadcrumbList\",\"@id\":\"https:\/\/www.mintzglobalscreening.com\/fr\/carrieres\/offres-demploi\/#breadcrumb\",\"itemListElement\":[{\"@type\":\"ListItem\",\"position\":1,\"name\":\"Home\",\"item\":\"https:\/\/www.mintzglobalscreening.com\/fr\/\"},{\"@type\":\"ListItem\",\"position\":2,\"name\":\"Carri\u00e8res\",\"item\":\"https:\/\/www.mintzglobalscreening.com\/fr\/carrieres\/\"},{\"@type\":\"ListItem\",\"position\":3,\"name\":\"Offres d&#8217;emploi\"}]},{\"@type\":\"WebSite\",\"@id\":\"https:\/\/www.mintzglobalscreening.com\/fr\/#website\",\"url\":\"https:\/\/www.mintzglobalscreening.com\/fr\/\",\"name\":\"Mintz Global Screening\",\"description\":\"Mintz Global Screening\",\"potentialAction\":[{\"@type\":\"SearchAction\",\"target\":{\"@type\":\"EntryPoint\",\"urlTemplate\":\"https:\/\/www.mintzglobalscreening.com\/fr\/?s={search_term_string}\"},\"query-input\":{\"@type\":\"PropertyValueSpecification\",\"valueRequired\":true,\"valueName\":\"search_term_string\"}}],\"inLanguage\":\"fr-FR\"}]}<\/script>\n<!-- \/ Yoast SEO plugin. -->","yoast_head_json":{"title":"Services de v\u00e9rification d'ant\u00e9c\u00e9dents | Offres d'emploi | V\u00e9rifications mondiales Mintz","description":"V\u00e9rifications mondiales Mintz est l\u2019un des fournisseurs principaux en services de v\u00e9rification d'ant\u00e9c\u00e9dents. Joignez notre \u00e9quipe d'experts passionn\u00e9s!","robots":{"index":"index","follow":"follow","max-snippet":"max-snippet:-1","max-image-preview":"max-image-preview:large","max-video-preview":"max-video-preview:-1"},"canonical":"https:\/\/www.mintzglobalscreening.com\/fr\/carrieres\/offres-demploi\/","og_locale":"fr_FR","og_type":"article","og_title":"Services de v\u00e9rification d'ant\u00e9c\u00e9dents | Offres d'emploi | V\u00e9rifications mondiales Mintz","og_description":"V\u00e9rifications mondiales Mintz est l\u2019un des fournisseurs principaux en services de v\u00e9rification d'ant\u00e9c\u00e9dents. Joignez notre \u00e9quipe d'experts passionn\u00e9s!","og_url":"https:\/\/www.mintzglobalscreening.com\/fr\/carrieres\/offres-demploi\/","og_site_name":"Mintz Global Screening","article_publisher":"https:\/\/www.facebook.com\/Mintzglobal","article_modified_time":"2023-07-26T15:58:50+00:00","og_image":[{"width":2000,"height":320,"url":"https:\/\/www.mintzglobalscreening.com\/wp-content\/uploads\/2016\/03\/-9FB8828A7A9D9D327D80F04C6864B60F0C15092AEC77C51C0F-pimgpsh_fullsize_distr.jpg","type":"image\/jpeg"}],"twitter_card":"summary_large_image","twitter_site":"@MintzGlobal","twitter_misc":{"Dur\u00e9e de lecture estim\u00e9e":"1 minute"},"schema":{"@context":"https:\/\/schema.org","@graph":[{"@type":"WebPage","@id":"https:\/\/www.mintzglobalscreening.com\/fr\/carrieres\/offres-demploi\/","url":"https:\/\/www.mintzglobalscreening.com\/fr\/carrieres\/offres-demploi\/","name":"Services de v\u00e9rification d'ant\u00e9c\u00e9dents | Offres d'emploi | V\u00e9rifications mondiales Mintz","isPartOf":{"@id":"https:\/\/www.mintzglobalscreening.com\/fr\/#website"},"primaryImageOfPage":{"@id":"https:\/\/www.mintzglobalscreening.com\/fr\/carrieres\/offres-demploi\/#primaryimage"},"image":{"@id":"https:\/\/www.mintzglobalscreening.com\/fr\/carrieres\/offres-demploi\/#primaryimage"},"thumbnailUrl":"https:\/\/www.mintzglobalscreening.com\/wp-content\/uploads\/2016\/03\/-9FB8828A7A9D9D327D80F04C6864B60F0C15092AEC77C51C0F-pimgpsh_fullsize_distr.jpg","datePublished":"2015-12-24T08:17:13+00:00","dateModified":"2023-07-26T15:58:50+00:00","description":"V\u00e9rifications mondiales Mintz est l\u2019un des fournisseurs principaux en services de v\u00e9rification d'ant\u00e9c\u00e9dents. Joignez notre \u00e9quipe d'experts passionn\u00e9s!","breadcrumb":{"@id":"https:\/\/www.mintzglobalscreening.com\/fr\/carrieres\/offres-demploi\/#breadcrumb"},"inLanguage":"fr-FR","potentialAction":[{"@type":"ReadAction","target":["https:\/\/www.mintzglobalscreening.com\/fr\/carrieres\/offres-demploi\/"]}]},{"@type":"ImageObject","inLanguage":"fr-FR","@id":"https:\/\/www.mintzglobalscreening.com\/fr\/carrieres\/offres-demploi\/#primaryimage","url":"https:\/\/www.mintzglobalscreening.com\/wp-content\/uploads\/2016\/03\/-9FB8828A7A9D9D327D80F04C6864B60F0C15092AEC77C51C0F-pimgpsh_fullsize_distr.jpg","contentUrl":"https:\/\/www.mintzglobalscreening.com\/wp-content\/uploads\/2016\/03\/-9FB8828A7A9D9D327D80F04C6864B60F0C15092AEC77C51C0F-pimgpsh_fullsize_distr.jpg","width":2000,"height":320},{"@type":"BreadcrumbList","@id":"https:\/\/www.mintzglobalscreening.com\/fr\/carrieres\/offres-demploi\/#breadcrumb","itemListElement":[{"@type":"ListItem","position":1,"name":"Home","item":"https:\/\/www.mintzglobalscreening.com\/fr\/"},{"@type":"ListItem","position":2,"name":"Carri\u00e8res","item":"https:\/\/www.mintzglobalscreening.com\/fr\/carrieres\/"},{"@type":"ListItem","position":3,"name":"Offres d&#8217;emploi"}]},{"@type":"WebSite","@id":"https:\/\/www.mintzglobalscreening.com\/fr\/#website","url":"https:\/\/www.mintzglobalscreening.com\/fr\/","name":"Mintz Global Screening","description":"Mintz Global Screening","potentialAction":[{"@type":"SearchAction","target":{"@type":"EntryPoint","urlTemplate":"https:\/\/www.mintzglobalscreening.com\/fr\/?s={search_term_string}"},"query-input":{"@type":"PropertyValueSpecification","valueRequired":true,"valueName":"search_term_string"}}],"inLanguage":"fr-FR"}]}},"_links":{"self":[{"href":"https:\/\/www.mintzglobalscreening.com\/fr\/wp-json\/wp\/v2\/pages\/396","targetHints":{"allow":["GET"]}}],"collection":[{"href":"https:\/\/www.mintzglobalscreening.com\/fr\/wp-json\/wp\/v2\/pages"}],"about":[{"href":"https:\/\/www.mintzglobalscreening.com\/fr\/wp-json\/wp\/v2\/types\/page"}],"author":[{"embeddable":true,"href":"https:\/\/www.mintzglobalscreening.com\/fr\/wp-json\/wp\/v2\/users\/2"}],"replies":[{"embeddable":true,"href":"https:\/\/www.mintzglobalscreening.com\/fr\/wp-json\/wp\/v2\/comments?post=396"}],"version-history":[{"count":26,"href":"https:\/\/www.mintzglobalscreening.com\/fr\/wp-json\/wp\/v2\/pages\/396\/revisions"}],"predecessor-version":[{"id":4498,"href":"https:\/\/www.mintzglobalscreening.com\/fr\/wp-json\/wp\/v2\/pages\/396\/revisions\/4498"}],"up":[{"embeddable":true,"href":"https:\/\/www.mintzglobalscreening.com\/fr\/wp-json\/wp\/v2\/pages\/388"}],"wp:featuredmedia":[{"embeddable":true,"href":"https:\/\/www.mintzglobalscreening.com\/fr\/wp-json\/wp\/v2\/media\/717"}],"wp:attachment":[{"href":"https:\/\/www.mintzglobalscreening.com\/fr\/wp-json\/wp\/v2\/media?parent=396"}],"curies":[{"name":"wp","href":"https:\/\/api.w.org\/{rel}","templated":true}]}}