{"id":399,"date":"2015-12-23T08:18:43","date_gmt":"2015-12-23T08:18:43","guid":{"rendered":"https:\/\/www.mintzglobalscreening.com\/stage\/fr\/?page_id=399"},"modified":"2023-07-28T18:47:32","modified_gmt":"2023-07-28T18:47:32","slug":"nos-valeurs-notre-culture","status":"publish","type":"page","link":"https:\/\/www.mintzglobalscreening.com\/fr\/carrieres\/nos-valeurs-notre-culture\/","title":{"rendered":"Notre culture"},"content":{"rendered":"<p>Chez V\u00e9rifications mondiales Mintz, nos employ\u00e9s sont au c\u0153ur de notre r\u00e9ussite. Nous sommes un leader de services de s\u00e9curit\u00e9 \u00e0 l\u2019\u00e9chelle nationale qui offre de nombreuses possibilit\u00e9s d\u2019emploi. L\u2019int\u00e9grit\u00e9, l\u2019excellence, le rendement, la responsabilit\u00e9 envers nos clients et notre collectivit\u00e9 constituent nos valeurs fondamentales.<\/p>\n<h2>NOTRE CULTURE<\/h2>\n<h3>LE D\u00c9VELOPPEMENT PROFESSIONNEL<\/h3>\n<p>Chez V\u00e9rifications mondiales Mintz, nous reconnaissons les talents des membres de notre \u00e9quipe et nous encourageons leur croissance sur les plans personnel et professionnel. Nous partageons avec nos employ\u00e9s le besoin de construire un monde s\u00e9curitaire et celui de conqu\u00e9rir de nouveaux march\u00e9s pour notre croissance future.<\/p>\n<h3>LA DIVERSIT\u00c9 CULTURELLE<\/h3>\n<p>Notre personnel constitue notre meilleur atout. Nous favorisons et valorisons la diversit\u00e9. En fait, la diversit\u00e9 de cultures, d\u2019\u00e2ges et d\u2019exp\u00e9riences des membres de notre \u00e9quipe sont\u00a0les fondations\u00a0de V\u00e9rifications mondiales Mintz et c\u2019est ce qui nous permet de poursuivre notre essor.<\/p>\n<h3>LE TRAVAIL D&rsquo; \u00c9QUIPE<\/h3>\n<p>Nous encourageons fortement la communication, l\u2019interaction et le dialogue. L\u2019apport de chacun est important pour l\u2019atteinte de nos objectifs et la r\u00e9alisation de notre vision. Chez V\u00e9rifications mondiales Mintz, travail d\u2019\u00e9quipe est synonyme d\u2019innovation.<\/p>\n","protected":false},"excerpt":{"rendered":"<p>Chez V\u00e9rifications mondiales Mintz, nos employ\u00e9s sont au c\u0153ur de notre r\u00e9ussite. Nous sommes un leader de services de s\u00e9curit\u00e9 \u00e0 l\u2019\u00e9chelle nationale qui offre de nombreuses possibilit\u00e9s d\u2019emploi. L\u2019int\u00e9grit\u00e9, l\u2019excellence, le rendement, la responsabilit\u00e9 envers nos clients et notre collectivit\u00e9 constituent nos valeurs fondamentales. NOTRE CULTURE LE D\u00c9VELOPPEMENT PROFESSIONNEL Chez V\u00e9rifications mondiales Mintz, nous reconnaissons les talents des membres de notre \u00e9quipe et nous encourageons leur croissance sur les&#8230;<\/p>\n","protected":false},"author":2,"featured_media":736,"parent":388,"menu_order":72,"comment_status":"closed","ping_status":"closed","template":"","meta":{"_acf_changed":false,"content-type":"","footnotes":""},"class_list":["post-399","page","type-page","status-publish","has-post-thumbnail","hentry"],"acf":[],"yoast_head":"<!-- This site is optimized with the Yoast SEO plugin v25.0 - https:\/\/yoast.com\/wordpress\/plugins\/seo\/ -->\n<title>Services de v\u00e9rification d&#039;ant\u00e9c\u00e9dents | Notre culture | V\u00e9rifications mondiales Mintz<\/title>\n<meta name=\"description\" content=\"Depuis 90 ans, V\u00e9rifications mondiales Mintz est un chef de file en v\u00e9rification d&#039;ant\u00e9c\u00e9dents. D\u00e9couvrez notre culture d&#039;entreprise !\" \/>\n<meta name=\"robots\" content=\"index, follow, max-snippet:-1, max-image-preview:large, max-video-preview:-1\" \/>\n<link rel=\"canonical\" href=\"https:\/\/www.mintzglobalscreening.com\/fr\/carrieres\/nos-valeurs-notre-culture\/\" \/>\n<meta property=\"og:locale\" content=\"fr_FR\" \/>\n<meta property=\"og:type\" content=\"article\" \/>\n<meta property=\"og:title\" content=\"Services de v\u00e9rification d&#039;ant\u00e9c\u00e9dents | Notre culture | V\u00e9rifications mondiales Mintz\" \/>\n<meta property=\"og:description\" content=\"Depuis 90 ans, V\u00e9rifications mondiales Mintz est un chef de file en v\u00e9rification d&#039;ant\u00e9c\u00e9dents. D\u00e9couvrez notre culture d&#039;entreprise !\" \/>\n<meta property=\"og:url\" content=\"https:\/\/www.mintzglobalscreening.com\/fr\/carrieres\/nos-valeurs-notre-culture\/\" \/>\n<meta property=\"og:site_name\" content=\"Mintz Global Screening\" \/>\n<meta property=\"article:publisher\" content=\"https:\/\/www.facebook.com\/Mintzglobal\" \/>\n<meta property=\"article:modified_time\" content=\"2023-07-28T18:47:32+00:00\" \/>\n<meta property=\"og:image\" content=\"https:\/\/www.mintzglobalscreening.com\/wp-content\/uploads\/2015\/12\/heaser-services.jpg\" \/>\n\t<meta property=\"og:image:width\" content=\"2000\" \/>\n\t<meta property=\"og:image:height\" content=\"320\" \/>\n\t<meta property=\"og:image:type\" content=\"image\/jpeg\" \/>\n<meta name=\"twitter:card\" content=\"summary_large_image\" \/>\n<meta name=\"twitter:site\" content=\"@MintzGlobal\" \/>\n<meta name=\"twitter:label1\" content=\"Dur\u00e9e de lecture estim\u00e9e\" \/>\n\t<meta name=\"twitter:data1\" content=\"1 minute\" \/>\n<script type=\"application\/ld+json\" class=\"yoast-schema-graph\">{\"@context\":\"https:\/\/schema.org\",\"@graph\":[{\"@type\":\"WebPage\",\"@id\":\"https:\/\/www.mintzglobalscreening.com\/fr\/carrieres\/nos-valeurs-notre-culture\/\",\"url\":\"https:\/\/www.mintzglobalscreening.com\/fr\/carrieres\/nos-valeurs-notre-culture\/\",\"name\":\"Services de v\u00e9rification d'ant\u00e9c\u00e9dents | Notre culture | V\u00e9rifications mondiales Mintz\",\"isPartOf\":{\"@id\":\"https:\/\/www.mintzglobalscreening.com\/fr\/#website\"},\"primaryImageOfPage\":{\"@id\":\"https:\/\/www.mintzglobalscreening.com\/fr\/carrieres\/nos-valeurs-notre-culture\/#primaryimage\"},\"image\":{\"@id\":\"https:\/\/www.mintzglobalscreening.com\/fr\/carrieres\/nos-valeurs-notre-culture\/#primaryimage\"},\"thumbnailUrl\":\"https:\/\/www.mintzglobalscreening.com\/wp-content\/uploads\/2015\/12\/heaser-services.jpg\",\"datePublished\":\"2015-12-23T08:18:43+00:00\",\"dateModified\":\"2023-07-28T18:47:32+00:00\",\"description\":\"Depuis 90 ans, V\u00e9rifications mondiales Mintz est un chef de file en v\u00e9rification d'ant\u00e9c\u00e9dents. D\u00e9couvrez notre culture d'entreprise !\",\"breadcrumb\":{\"@id\":\"https:\/\/www.mintzglobalscreening.com\/fr\/carrieres\/nos-valeurs-notre-culture\/#breadcrumb\"},\"inLanguage\":\"fr-FR\",\"potentialAction\":[{\"@type\":\"ReadAction\",\"target\":[\"https:\/\/www.mintzglobalscreening.com\/fr\/carrieres\/nos-valeurs-notre-culture\/\"]}]},{\"@type\":\"ImageObject\",\"inLanguage\":\"fr-FR\",\"@id\":\"https:\/\/www.mintzglobalscreening.com\/fr\/carrieres\/nos-valeurs-notre-culture\/#primaryimage\",\"url\":\"https:\/\/www.mintzglobalscreening.com\/wp-content\/uploads\/2015\/12\/heaser-services.jpg\",\"contentUrl\":\"https:\/\/www.mintzglobalscreening.com\/wp-content\/uploads\/2015\/12\/heaser-services.jpg\",\"width\":2000,\"height\":320,\"caption\":\"professional\"},{\"@type\":\"BreadcrumbList\",\"@id\":\"https:\/\/www.mintzglobalscreening.com\/fr\/carrieres\/nos-valeurs-notre-culture\/#breadcrumb\",\"itemListElement\":[{\"@type\":\"ListItem\",\"position\":1,\"name\":\"Home\",\"item\":\"https:\/\/www.mintzglobalscreening.com\/fr\/\"},{\"@type\":\"ListItem\",\"position\":2,\"name\":\"Carri\u00e8res\",\"item\":\"https:\/\/www.mintzglobalscreening.com\/fr\/carrieres\/\"},{\"@type\":\"ListItem\",\"position\":3,\"name\":\"Notre culture\"}]},{\"@type\":\"WebSite\",\"@id\":\"https:\/\/www.mintzglobalscreening.com\/fr\/#website\",\"url\":\"https:\/\/www.mintzglobalscreening.com\/fr\/\",\"name\":\"Mintz Global Screening\",\"description\":\"Mintz Global Screening\",\"potentialAction\":[{\"@type\":\"SearchAction\",\"target\":{\"@type\":\"EntryPoint\",\"urlTemplate\":\"https:\/\/www.mintzglobalscreening.com\/fr\/?s={search_term_string}\"},\"query-input\":{\"@type\":\"PropertyValueSpecification\",\"valueRequired\":true,\"valueName\":\"search_term_string\"}}],\"inLanguage\":\"fr-FR\"}]}<\/script>\n<!-- \/ Yoast SEO plugin. -->","yoast_head_json":{"title":"Services de v\u00e9rification d'ant\u00e9c\u00e9dents | Notre culture | V\u00e9rifications mondiales Mintz","description":"Depuis 90 ans, V\u00e9rifications mondiales Mintz est un chef de file en v\u00e9rification d'ant\u00e9c\u00e9dents. D\u00e9couvrez notre culture d'entreprise !","robots":{"index":"index","follow":"follow","max-snippet":"max-snippet:-1","max-image-preview":"max-image-preview:large","max-video-preview":"max-video-preview:-1"},"canonical":"https:\/\/www.mintzglobalscreening.com\/fr\/carrieres\/nos-valeurs-notre-culture\/","og_locale":"fr_FR","og_type":"article","og_title":"Services de v\u00e9rification d'ant\u00e9c\u00e9dents | Notre culture | V\u00e9rifications mondiales Mintz","og_description":"Depuis 90 ans, V\u00e9rifications mondiales Mintz est un chef de file en v\u00e9rification d'ant\u00e9c\u00e9dents. D\u00e9couvrez notre culture d'entreprise !","og_url":"https:\/\/www.mintzglobalscreening.com\/fr\/carrieres\/nos-valeurs-notre-culture\/","og_site_name":"Mintz Global Screening","article_publisher":"https:\/\/www.facebook.com\/Mintzglobal","article_modified_time":"2023-07-28T18:47:32+00:00","og_image":[{"width":2000,"height":320,"url":"https:\/\/www.mintzglobalscreening.com\/wp-content\/uploads\/2015\/12\/heaser-services.jpg","type":"image\/jpeg"}],"twitter_card":"summary_large_image","twitter_site":"@MintzGlobal","twitter_misc":{"Dur\u00e9e de lecture estim\u00e9e":"1 minute"},"schema":{"@context":"https:\/\/schema.org","@graph":[{"@type":"WebPage","@id":"https:\/\/www.mintzglobalscreening.com\/fr\/carrieres\/nos-valeurs-notre-culture\/","url":"https:\/\/www.mintzglobalscreening.com\/fr\/carrieres\/nos-valeurs-notre-culture\/","name":"Services de v\u00e9rification d'ant\u00e9c\u00e9dents | Notre culture | V\u00e9rifications mondiales Mintz","isPartOf":{"@id":"https:\/\/www.mintzglobalscreening.com\/fr\/#website"},"primaryImageOfPage":{"@id":"https:\/\/www.mintzglobalscreening.com\/fr\/carrieres\/nos-valeurs-notre-culture\/#primaryimage"},"image":{"@id":"https:\/\/www.mintzglobalscreening.com\/fr\/carrieres\/nos-valeurs-notre-culture\/#primaryimage"},"thumbnailUrl":"https:\/\/www.mintzglobalscreening.com\/wp-content\/uploads\/2015\/12\/heaser-services.jpg","datePublished":"2015-12-23T08:18:43+00:00","dateModified":"2023-07-28T18:47:32+00:00","description":"Depuis 90 ans, V\u00e9rifications mondiales Mintz est un chef de file en v\u00e9rification d'ant\u00e9c\u00e9dents. D\u00e9couvrez notre culture d'entreprise !","breadcrumb":{"@id":"https:\/\/www.mintzglobalscreening.com\/fr\/carrieres\/nos-valeurs-notre-culture\/#breadcrumb"},"inLanguage":"fr-FR","potentialAction":[{"@type":"ReadAction","target":["https:\/\/www.mintzglobalscreening.com\/fr\/carrieres\/nos-valeurs-notre-culture\/"]}]},{"@type":"ImageObject","inLanguage":"fr-FR","@id":"https:\/\/www.mintzglobalscreening.com\/fr\/carrieres\/nos-valeurs-notre-culture\/#primaryimage","url":"https:\/\/www.mintzglobalscreening.com\/wp-content\/uploads\/2015\/12\/heaser-services.jpg","contentUrl":"https:\/\/www.mintzglobalscreening.com\/wp-content\/uploads\/2015\/12\/heaser-services.jpg","width":2000,"height":320,"caption":"professional"},{"@type":"BreadcrumbList","@id":"https:\/\/www.mintzglobalscreening.com\/fr\/carrieres\/nos-valeurs-notre-culture\/#breadcrumb","itemListElement":[{"@type":"ListItem","position":1,"name":"Home","item":"https:\/\/www.mintzglobalscreening.com\/fr\/"},{"@type":"ListItem","position":2,"name":"Carri\u00e8res","item":"https:\/\/www.mintzglobalscreening.com\/fr\/carrieres\/"},{"@type":"ListItem","position":3,"name":"Notre culture"}]},{"@type":"WebSite","@id":"https:\/\/www.mintzglobalscreening.com\/fr\/#website","url":"https:\/\/www.mintzglobalscreening.com\/fr\/","name":"Mintz Global Screening","description":"Mintz Global Screening","potentialAction":[{"@type":"SearchAction","target":{"@type":"EntryPoint","urlTemplate":"https:\/\/www.mintzglobalscreening.com\/fr\/?s={search_term_string}"},"query-input":{"@type":"PropertyValueSpecification","valueRequired":true,"valueName":"search_term_string"}}],"inLanguage":"fr-FR"}]}},"_links":{"self":[{"href":"https:\/\/www.mintzglobalscreening.com\/fr\/wp-json\/wp\/v2\/pages\/399","targetHints":{"allow":["GET"]}}],"collection":[{"href":"https:\/\/www.mintzglobalscreening.com\/fr\/wp-json\/wp\/v2\/pages"}],"about":[{"href":"https:\/\/www.mintzglobalscreening.com\/fr\/wp-json\/wp\/v2\/types\/page"}],"author":[{"embeddable":true,"href":"https:\/\/www.mintzglobalscreening.com\/fr\/wp-json\/wp\/v2\/users\/2"}],"replies":[{"embeddable":true,"href":"https:\/\/www.mintzglobalscreening.com\/fr\/wp-json\/wp\/v2\/comments?post=399"}],"version-history":[{"count":17,"href":"https:\/\/www.mintzglobalscreening.com\/fr\/wp-json\/wp\/v2\/pages\/399\/revisions"}],"predecessor-version":[{"id":4550,"href":"https:\/\/www.mintzglobalscreening.com\/fr\/wp-json\/wp\/v2\/pages\/399\/revisions\/4550"}],"up":[{"embeddable":true,"href":"https:\/\/www.mintzglobalscreening.com\/fr\/wp-json\/wp\/v2\/pages\/388"}],"wp:featuredmedia":[{"embeddable":true,"href":"https:\/\/www.mintzglobalscreening.com\/fr\/wp-json\/wp\/v2\/media\/736"}],"wp:attachment":[{"href":"https:\/\/www.mintzglobalscreening.com\/fr\/wp-json\/wp\/v2\/media?parent=399"}],"curies":[{"name":"wp","href":"https:\/\/api.w.org\/{rel}","templated":true}]}}