{"id":4106,"date":"2020-12-08T10:40:13","date_gmt":"2020-12-08T10:40:13","guid":{"rendered":"https:\/\/www.mintzglobalscreening.com\/stage\/contact-us\/"},"modified":"2024-03-21T19:56:55","modified_gmt":"2024-03-21T19:56:55","slug":"contactez-nous","status":"publish","type":"page","link":"https:\/\/www.mintzglobalscreening.com\/fr\/contactez-nous\/","title":{"rendered":"Contactez-nous"},"content":{"rendered":"\n\n\t<p>Notre \u00e9quipe d&rsquo;experts de confiance a les r\u00e9ponses dont vous avez besoin. Choisissez ci-dessous l&rsquo;option qui vous d\u00e9crit le mieux:<\/p>\n\t\t\t\t<a href=\"#\" target=\"_self\" itemprop=\"url\" rel=\"noopener\">\n\t\t\t\t<img loading=\"lazy\" decoding=\"async\" src=\"https:\/\/www.mintzglobalscreening.com\/wp-content\/uploads\/2020\/12\/5.png\" alt=\"5\" itemprop=\"image\" height=\"201\" width=\"201\" title=\"5\" onerror=\"this.style.display='none'\"  \/>\n\t\t\t\t<\/a>\n\t<p>Demande de renseignements pour nouveaux clients<\/p>\n\t<p>Vous souhaitez devenir un client\/partenaire de Mintz ?<\/p>\n&#8211; Avez-vous besoin d&rsquo;aide pour ouvrir un nouveau compte ?<br \/>\n&#8211; Vous avez une question sur notre gamme de services ?<br \/>\n&#8211; Vous souhaitez une d\u00e9monstration de notre syst\u00e8me ?\n\t\t\t<a href=\"https:\/\/www.mintzglobalscreening.com\/fr\/contactez-nous\/nouvelle-demande-client\/\" target=\"_self\" role=\"button\" rel=\"noopener\">\n\t\t\t\t\t\t\tCOMMENCER\n\t\t\t\t\t<\/a>\n\t\t\t\t<a href=\"#\" target=\"_self\" itemprop=\"url\" rel=\"noopener\">\n\t\t\t\t<img loading=\"lazy\" decoding=\"async\" src=\"https:\/\/www.mintzglobalscreening.com\/wp-content\/uploads\/2020\/12\/7.png\" alt=\"7\" itemprop=\"image\" height=\"201\" width=\"201\" title=\"7\" onerror=\"this.style.display='none'\"  \/>\n\t\t\t\t<\/a>\n\t<p>Soutien \u00e0 la client\u00e8le\/aux partenaires<\/p>\n\t<p>Vous \u00eates d\u00e9j\u00e0 client \/ partenaire et vous avez besoin d&rsquo;aide ?<\/p>\n&#8211; Vous avez des questions sur votre compte ?<br \/>\n&#8211; Vous avez besoin d&rsquo;aide pour un dossier ?<br \/>\n&#8211; Avez-vous besoin de parler \u00e0 notre \u00e9quipe de service \u00e0 la client\u00e8le ?\n\t\t\t<a href=\"https:\/\/www.mintzglobalscreening.com\/fr\/contactez-nous\/service-a-la-clientele\/\" target=\"_self\" role=\"button\" rel=\"noopener\">\n\t\t\t\t\t\t\tCOMMENCER\n\t\t\t\t\t<\/a>\n\t\t\t\t<a href=\"#\" target=\"_self\" itemprop=\"url\" rel=\"noopener\">\n\t\t\t\t<img loading=\"lazy\" decoding=\"async\" src=\"https:\/\/www.mintzglobalscreening.com\/wp-content\/uploads\/2020\/12\/6.png\" alt=\"6\" itemprop=\"image\" height=\"201\" width=\"201\" title=\"6\" onerror=\"this.style.display='none'\"  \/>\n\t\t\t\t<\/a>\n\t<p>Soutien aux candidats<\/p>\n\t<p>Vous \u00eates un candidat qui a besoin d&rsquo;aide ?<\/p>\n&#8211; Vous avez des questions concernant votre invitation \u00e9lectronique (eVite) ?<br \/>\n&#8211; Avez-vous besoin de parler \u00e0 un sp\u00e9cialiste de l&rsquo;assistance eVite ?<br \/>\n&#8211; Vous avez des questions concernant votre dossier ?\n\t\t\t<a href=\"https:\/\/www.mintzglobalscreening.com\/fr\/contactez-nous\/assistance-aux-candidats\/\" target=\"_self\" role=\"button\" rel=\"noopener\">\n\t\t\t\t\t\t\tCOMMENCER\n\t\t\t\t\t<\/a>\n\t\t\t\t<a href=\"#\" target=\"_self\" itemprop=\"url\" rel=\"noopener\">\n\t\t\t\t<img loading=\"lazy\" decoding=\"async\" src=\"https:\/\/www.mintzglobalscreening.com\/wp-content\/uploads\/2020\/12\/8.png\" alt=\"8\" itemprop=\"image\" height=\"201\" width=\"201\" title=\"8\" onerror=\"this.style.display='none'\"  \/>\n\t\t\t\t<\/a>\n\t<p>Soutien technique<\/p>\n\t<p>Vous \u00eates d\u00e9j\u00e0 client \/ partenaire et vous avez besoin d&rsquo;une assistance technique ?<\/p>\n&#8211; Vous avez des questions sur notre portail client ?<br \/>\n&#8211; Vous avez besoin d&rsquo;aide concernant votre mot de passe ?<br \/>\n&#8211; Vous avez besoin d&rsquo;ajouter\/supprimer un utilisateur ?\n\t\t\t<a href=\"https:\/\/www.mintzglobalscreening.com\/fr\/contactez-nous\/support-technique\/\" target=\"_self\" role=\"button\" rel=\"noopener\">\n\t\t\t\t\t\t\tCOMMENCER\n\t\t\t\t\t<\/a>\n\t<p>*<em>Sur demande, nous pouvons organiser un retour d&rsquo;information accessible et des formats alternatifs.<\/em><\/p>\n\n","protected":false},"excerpt":{"rendered":"<p>Notre \u00e9quipe d&rsquo;experts de confiance a les r\u00e9ponses dont vous avez besoin. Choisissez ci-dessous l&rsquo;option qui vous d\u00e9crit le mieux: Demande de renseignements pour nouveaux clients Vous souhaitez devenir un client\/partenaire de Mintz ? &#8211; Avez-vous besoin d&rsquo;aide pour ouvrir un nouveau compte ? &#8211; Vous avez une question sur notre gamme de services ? &#8211; Vous souhaitez une d\u00e9monstration de notre syst\u00e8me ? COMMENCER Soutien \u00e0 la client\u00e8le\/aux partenaires&#8230;<\/p>\n","protected":false},"author":2,"featured_media":3056,"parent":0,"menu_order":35,"comment_status":"closed","ping_status":"closed","template":"","meta":{"_acf_changed":false,"content-type":"","footnotes":""},"class_list":["post-4106","page","type-page","status-publish","has-post-thumbnail","hentry"],"acf":[],"yoast_head":"<!-- This site is optimized with the Yoast SEO plugin v25.0 - https:\/\/yoast.com\/wordpress\/plugins\/seo\/ -->\n<title>Contactez-nous - Mintz Global Screening<\/title>\n<meta name=\"robots\" content=\"index, follow, max-snippet:-1, max-image-preview:large, max-video-preview:-1\" \/>\n<link rel=\"canonical\" href=\"https:\/\/www.mintzglobalscreening.com\/fr\/contactez-nous\/\" \/>\n<meta property=\"og:locale\" content=\"fr_FR\" \/>\n<meta property=\"og:type\" content=\"article\" \/>\n<meta property=\"og:title\" content=\"Contactez-nous - Mintz Global Screening\" \/>\n<meta property=\"og:description\" content=\"Notre \u00e9quipe d&rsquo;experts de confiance a les r\u00e9ponses dont vous avez besoin. Choisissez ci-dessous l&rsquo;option qui vous d\u00e9crit le mieux: Demande de renseignements pour nouveaux clients Vous souhaitez devenir un client\/partenaire de Mintz ? &#8211; Avez-vous besoin d&rsquo;aide pour ouvrir un nouveau compte ? &#8211; Vous avez une question sur notre gamme de services ? &#8211; Vous souhaitez une d\u00e9monstration de notre syst\u00e8me ? COMMENCER Soutien \u00e0 la client\u00e8le\/aux partenaires...\" \/>\n<meta property=\"og:url\" content=\"https:\/\/www.mintzglobalscreening.com\/fr\/contactez-nous\/\" \/>\n<meta property=\"og:site_name\" content=\"Mintz Global Screening\" \/>\n<meta property=\"article:publisher\" content=\"https:\/\/www.facebook.com\/Mintzglobal\" \/>\n<meta property=\"article:modified_time\" content=\"2024-03-21T19:56:55+00:00\" \/>\n<meta property=\"og:image\" content=\"https:\/\/www.mintzglobalscreening.com\/wp-content\/uploads\/2016\/03\/img_header_01_Services1.jpg\" \/>\n\t<meta property=\"og:image:width\" content=\"2000\" \/>\n\t<meta property=\"og:image:height\" content=\"320\" \/>\n\t<meta property=\"og:image:type\" content=\"image\/jpeg\" \/>\n<meta name=\"twitter:card\" content=\"summary_large_image\" \/>\n<meta name=\"twitter:site\" content=\"@MintzGlobal\" \/>\n<meta name=\"twitter:label1\" content=\"Dur\u00e9e de lecture estim\u00e9e\" \/>\n\t<meta name=\"twitter:data1\" content=\"1 minute\" \/>\n<script type=\"application\/ld+json\" class=\"yoast-schema-graph\">{\"@context\":\"https:\/\/schema.org\",\"@graph\":[{\"@type\":\"WebPage\",\"@id\":\"https:\/\/www.mintzglobalscreening.com\/fr\/contactez-nous\/\",\"url\":\"https:\/\/www.mintzglobalscreening.com\/fr\/contactez-nous\/\",\"name\":\"Contactez-nous - Mintz Global Screening\",\"isPartOf\":{\"@id\":\"https:\/\/www.mintzglobalscreening.com\/fr\/#website\"},\"primaryImageOfPage\":{\"@id\":\"https:\/\/www.mintzglobalscreening.com\/fr\/contactez-nous\/#primaryimage\"},\"image\":{\"@id\":\"https:\/\/www.mintzglobalscreening.com\/fr\/contactez-nous\/#primaryimage\"},\"thumbnailUrl\":\"https:\/\/www.mintzglobalscreening.com\/wp-content\/uploads\/2016\/03\/img_header_01_Services1.jpg\",\"datePublished\":\"2020-12-08T10:40:13+00:00\",\"dateModified\":\"2024-03-21T19:56:55+00:00\",\"breadcrumb\":{\"@id\":\"https:\/\/www.mintzglobalscreening.com\/fr\/contactez-nous\/#breadcrumb\"},\"inLanguage\":\"fr-FR\",\"potentialAction\":[{\"@type\":\"ReadAction\",\"target\":[\"https:\/\/www.mintzglobalscreening.com\/fr\/contactez-nous\/\"]}]},{\"@type\":\"ImageObject\",\"inLanguage\":\"fr-FR\",\"@id\":\"https:\/\/www.mintzglobalscreening.com\/fr\/contactez-nous\/#primaryimage\",\"url\":\"https:\/\/www.mintzglobalscreening.com\/wp-content\/uploads\/2016\/03\/img_header_01_Services1.jpg\",\"contentUrl\":\"https:\/\/www.mintzglobalscreening.com\/wp-content\/uploads\/2016\/03\/img_header_01_Services1.jpg\",\"width\":2000,\"height\":320},{\"@type\":\"BreadcrumbList\",\"@id\":\"https:\/\/www.mintzglobalscreening.com\/fr\/contactez-nous\/#breadcrumb\",\"itemListElement\":[{\"@type\":\"ListItem\",\"position\":1,\"name\":\"Home\",\"item\":\"https:\/\/www.mintzglobalscreening.com\/fr\/\"},{\"@type\":\"ListItem\",\"position\":2,\"name\":\"Contactez-nous\"}]},{\"@type\":\"WebSite\",\"@id\":\"https:\/\/www.mintzglobalscreening.com\/fr\/#website\",\"url\":\"https:\/\/www.mintzglobalscreening.com\/fr\/\",\"name\":\"Mintz Global Screening\",\"description\":\"Mintz Global Screening\",\"potentialAction\":[{\"@type\":\"SearchAction\",\"target\":{\"@type\":\"EntryPoint\",\"urlTemplate\":\"https:\/\/www.mintzglobalscreening.com\/fr\/?s={search_term_string}\"},\"query-input\":{\"@type\":\"PropertyValueSpecification\",\"valueRequired\":true,\"valueName\":\"search_term_string\"}}],\"inLanguage\":\"fr-FR\"}]}<\/script>\n<!-- \/ Yoast SEO plugin. -->","yoast_head_json":{"title":"Contactez-nous - Mintz Global Screening","robots":{"index":"index","follow":"follow","max-snippet":"max-snippet:-1","max-image-preview":"max-image-preview:large","max-video-preview":"max-video-preview:-1"},"canonical":"https:\/\/www.mintzglobalscreening.com\/fr\/contactez-nous\/","og_locale":"fr_FR","og_type":"article","og_title":"Contactez-nous - Mintz Global Screening","og_description":"Notre \u00e9quipe d&rsquo;experts de confiance a les r\u00e9ponses dont vous avez besoin. Choisissez ci-dessous l&rsquo;option qui vous d\u00e9crit le mieux: Demande de renseignements pour nouveaux clients Vous souhaitez devenir un client\/partenaire de Mintz ? &#8211; Avez-vous besoin d&rsquo;aide pour ouvrir un nouveau compte ? &#8211; Vous avez une question sur notre gamme de services ? &#8211; Vous souhaitez une d\u00e9monstration de notre syst\u00e8me ? COMMENCER Soutien \u00e0 la client\u00e8le\/aux partenaires...","og_url":"https:\/\/www.mintzglobalscreening.com\/fr\/contactez-nous\/","og_site_name":"Mintz Global Screening","article_publisher":"https:\/\/www.facebook.com\/Mintzglobal","article_modified_time":"2024-03-21T19:56:55+00:00","og_image":[{"width":2000,"height":320,"url":"https:\/\/www.mintzglobalscreening.com\/wp-content\/uploads\/2016\/03\/img_header_01_Services1.jpg","type":"image\/jpeg"}],"twitter_card":"summary_large_image","twitter_site":"@MintzGlobal","twitter_misc":{"Dur\u00e9e de lecture estim\u00e9e":"1 minute"},"schema":{"@context":"https:\/\/schema.org","@graph":[{"@type":"WebPage","@id":"https:\/\/www.mintzglobalscreening.com\/fr\/contactez-nous\/","url":"https:\/\/www.mintzglobalscreening.com\/fr\/contactez-nous\/","name":"Contactez-nous - Mintz Global Screening","isPartOf":{"@id":"https:\/\/www.mintzglobalscreening.com\/fr\/#website"},"primaryImageOfPage":{"@id":"https:\/\/www.mintzglobalscreening.com\/fr\/contactez-nous\/#primaryimage"},"image":{"@id":"https:\/\/www.mintzglobalscreening.com\/fr\/contactez-nous\/#primaryimage"},"thumbnailUrl":"https:\/\/www.mintzglobalscreening.com\/wp-content\/uploads\/2016\/03\/img_header_01_Services1.jpg","datePublished":"2020-12-08T10:40:13+00:00","dateModified":"2024-03-21T19:56:55+00:00","breadcrumb":{"@id":"https:\/\/www.mintzglobalscreening.com\/fr\/contactez-nous\/#breadcrumb"},"inLanguage":"fr-FR","potentialAction":[{"@type":"ReadAction","target":["https:\/\/www.mintzglobalscreening.com\/fr\/contactez-nous\/"]}]},{"@type":"ImageObject","inLanguage":"fr-FR","@id":"https:\/\/www.mintzglobalscreening.com\/fr\/contactez-nous\/#primaryimage","url":"https:\/\/www.mintzglobalscreening.com\/wp-content\/uploads\/2016\/03\/img_header_01_Services1.jpg","contentUrl":"https:\/\/www.mintzglobalscreening.com\/wp-content\/uploads\/2016\/03\/img_header_01_Services1.jpg","width":2000,"height":320},{"@type":"BreadcrumbList","@id":"https:\/\/www.mintzglobalscreening.com\/fr\/contactez-nous\/#breadcrumb","itemListElement":[{"@type":"ListItem","position":1,"name":"Home","item":"https:\/\/www.mintzglobalscreening.com\/fr\/"},{"@type":"ListItem","position":2,"name":"Contactez-nous"}]},{"@type":"WebSite","@id":"https:\/\/www.mintzglobalscreening.com\/fr\/#website","url":"https:\/\/www.mintzglobalscreening.com\/fr\/","name":"Mintz Global Screening","description":"Mintz Global Screening","potentialAction":[{"@type":"SearchAction","target":{"@type":"EntryPoint","urlTemplate":"https:\/\/www.mintzglobalscreening.com\/fr\/?s={search_term_string}"},"query-input":{"@type":"PropertyValueSpecification","valueRequired":true,"valueName":"search_term_string"}}],"inLanguage":"fr-FR"}]}},"_links":{"self":[{"href":"https:\/\/www.mintzglobalscreening.com\/fr\/wp-json\/wp\/v2\/pages\/4106","targetHints":{"allow":["GET"]}}],"collection":[{"href":"https:\/\/www.mintzglobalscreening.com\/fr\/wp-json\/wp\/v2\/pages"}],"about":[{"href":"https:\/\/www.mintzglobalscreening.com\/fr\/wp-json\/wp\/v2\/types\/page"}],"author":[{"embeddable":true,"href":"https:\/\/www.mintzglobalscreening.com\/fr\/wp-json\/wp\/v2\/users\/2"}],"replies":[{"embeddable":true,"href":"https:\/\/www.mintzglobalscreening.com\/fr\/wp-json\/wp\/v2\/comments?post=4106"}],"version-history":[{"count":11,"href":"https:\/\/www.mintzglobalscreening.com\/fr\/wp-json\/wp\/v2\/pages\/4106\/revisions"}],"predecessor-version":[{"id":5058,"href":"https:\/\/www.mintzglobalscreening.com\/fr\/wp-json\/wp\/v2\/pages\/4106\/revisions\/5058"}],"wp:featuredmedia":[{"embeddable":true,"href":"https:\/\/www.mintzglobalscreening.com\/fr\/wp-json\/wp\/v2\/media\/3056"}],"wp:attachment":[{"href":"https:\/\/www.mintzglobalscreening.com\/fr\/wp-json\/wp\/v2\/media?parent=4106"}],"curies":[{"name":"wp","href":"https:\/\/api.w.org\/{rel}","templated":true}]}}