{"id":4618,"date":"2023-08-02T10:00:31","date_gmt":"2023-08-02T10:00:31","guid":{"rendered":"https:\/\/www.mintzglobalscreening.com\/services\/exit-interview-service\/"},"modified":"2024-01-29T16:20:39","modified_gmt":"2024-01-29T16:20:39","slug":"entrevue-depart","status":"publish","type":"page","link":"https:\/\/www.mintzglobalscreening.com\/fr\/services\/entrevue-depart\/","title":{"rendered":"Service d\u2019entrevue de d\u00e9part"},"content":{"rendered":"\n\n\t<p>De plus en plus utilis\u00e9e par les entreprises comme un outil de mesure pour le recrutement et la r\u00e9tention de leurs talents, l&rsquo;entrevue de d\u00e9part est un autre des services que propose V\u00e9rifications mondiales Mintz. Les entrevues sont effectu\u00e9es par des agents chevronn\u00e9s, directement avec l&#8217;employ\u00e9 qui quitte son poste. C&rsquo;est donc l&rsquo;occasion id\u00e9ale d&rsquo;obtenir des renseignements sur diff\u00e9rentes facettes de l&rsquo;organisation, ses forces et ses faiblesses, afin de proc\u00e9der \u00e0 des ajustements lorsque n\u00e9cessaire. Les questions pos\u00e9es lors de l&rsquo;entrevue sont con\u00e7ues afin d&rsquo;obtenir des informations exploitables pour votre entreprise.<\/p>\n<p>Bref, en choisissant ce service, vous mettrez la main sur toutes sortes de renseignements qui aideront votre organisation \u00e0 \u00e9voluer.<\/p>\n\t\t\t\t<img loading=\"lazy\" decoding=\"async\" src=\"https:\/\/www.mintzglobalscreening.com\/wp-content\/uploads\/2018\/12\/icon-embaucher-competence.png\" alt=\"icon-embaucher-competence\" itemprop=\"image\" height=\"60\" width=\"60\" title=\"icon-embaucher-competence\" onerror=\"this.style.display='none'\"  \/>\n\t<p>R\u00e9duisez votre taux de roulement du personnel et conservez vos employ\u00e9s talentueux<\/p>\n\t\t\t\t<img loading=\"lazy\" decoding=\"async\" src=\"https:\/\/www.mintzglobalscreening.com\/wp-content\/uploads\/2018\/12\/aspect-ameliorer.png\" alt=\"aspect-ameliorer\" itemprop=\"image\" height=\"60\" width=\"60\" title=\"aspect-ameliorer\" onerror=\"this.style.display='none'\"  \/>\n\t<p>D\u00e9couvrez quels sont les principaux aspects \u00e0 am\u00e9liorer au sein de votre organisation<\/p>\n\t\t\t\t<img loading=\"lazy\" decoding=\"async\" src=\"https:\/\/www.mintzglobalscreening.com\/wp-content\/uploads\/2018\/12\/porter-reel-non-censure.png\" alt=\"porter-reel-non-censure\" itemprop=\"image\" height=\"60\" width=\"60\" title=\"porter-reel-non-censure\" onerror=\"this.style.display='none'\"  \/>\n\t<p>Obtenez un portrait r\u00e9el et non censur\u00e9 de ce que leurs anciens employ\u00e9s pensent de l&rsquo;entreprise<\/p>\n\tFAITES APPEL \u00c0 NOS SP\u00c9CIALISTES EN V\u00c9RIFICATION D&rsquo;ANT\u00c9C\u00c9DENTS\n\t\t\t<a href=\"https:\/\/www.mintzglobalscreening.com\/fr\/contactez-nous\/\" target=\"_self\" role=\"button\" rel=\"noopener\">\n\t\t\t\t\t\t\tContactez-nous\n\t\t\t\t\t<\/a>\n\t<h2>Pourquoi avoir recours \u00e0 notre service d&rsquo;entrevue de d\u00e9part?<\/h2>\n<p><strong>Le co\u00fbt moyen d&rsquo;une embauche varie de 3\u2009300\u00a0$ \u00e0 43\u2009000\u00a0$ selon le poste <\/strong><\/p>\n<p>Comme si ce n&rsquo;\u00e9tait pas suffisant, les recruteurs s&rsquo;entendent que d\u00e9couvrir de nouveaux talents est de plus en plus difficile sur le march\u00e9 d&#8217;emploi comp\u00e9titif d&rsquo;aujourd&rsquo;hui. Les entreprises ont tout \u00e0 gagner en r\u00e9duisant leur taux de renouvellement du personnel et en conservant leurs talents.<\/p>\n<p>Les entrevues de d\u00e9part sont une mesure de plus en plus populaire pour recruter et fid\u00e9liser les talents. Cet entretien est men\u00e9 par un agent aupr\u00e8s de l&#8217;employ\u00e9 qui quitte l&rsquo;entreprise. Gr\u00e2ce \u00e0 des questions cibl\u00e9es, cette v\u00e9rification permet de recueillir de l&rsquo;information utile sur les forces de l&#8217;employeur et sur ce que l&rsquo;entreprise devrait au contraire am\u00e9liorer. Les entreprises s&rsquo;entendent pour dire que confier les entrevues de d\u00e9part \u00e0 un tiers permet d&rsquo;obtenir un portrait r\u00e9el et non censur\u00e9 de ce que leurs anciens employ\u00e9s pensent de l&rsquo;entreprise.<\/p>\n\t<h2>Pourquoi choisir le service d&rsquo;entrevue de d\u00e9part de Mintz?<\/h2>\n<p>Chez <a href=\"https:\/\/www.mintzglobalscreening.com\/fr\/a-propos\/the-mgs-difference-fr\/\">V\u00e9rifications mondiales Mintz<\/a>, nous comptons plus de 100 ans d&rsquo;exp\u00e9rience dans le domaine de la v\u00e9rification d&rsquo;ant\u00e9c\u00e9dents. Nous utilisons des m\u00e9thodes d&rsquo;investigation et d&rsquo;entrevue \u00e9prouv\u00e9es et fiables, tout en veillant \u00e0 ce que <a href=\"https:\/\/www.mintzglobalscreening.com\/fr\/services\/\">nos services de v\u00e9rifications<\/a> r\u00e9pondent pr\u00e9cis\u00e9ment aux besoins diff\u00e9rents de chaque client. C&rsquo;est pourquoi, dans le cas d&rsquo;une entrevue de d\u00e9part, nous nous assurerons que vous obteniez des r\u00e9ponses \u00e0 chacune de vos questions.<\/p>\n<p>De plus, en choisissant notre service d&rsquo;entrevue de d\u00e9part, vous profitez d&rsquo;avantages uniques:<\/p>\n<ul>\n<li>Questionnaires personnalisables<\/li>\n<li>Objectivit\u00e9 garantie<\/li>\n<li>R\u00e9sultats disponibles en temps r\u00e9el sur notre site web s\u00e9curis\u00e9<\/li>\n<li>Acc\u00e8s \u00e0 l&rsquo;information personnalisable pour veiller \u00e0 ce que seuls les individus autoris\u00e9s puissent lire les commentaires de l&#8217;employ\u00e9 sortant<\/li>\n<li>\u00c9quipe enti\u00e8rement bilingue<\/li>\n<li>Service \u00e0 la client\u00e8le exceptionnel<\/li>\n<li>Processus flexible<\/li>\n<\/ul>\n\t<h2>Vous d\u00e9sirez en savoir plus sur notre service d&rsquo;entrevue de d\u00e9part?<\/h2>\n<p>Si vous d\u00e9sirez en apprendre plus sur notre service d&rsquo;entrevue de d\u00e9part ou nos m\u00e9thodes d&rsquo;enqu\u00eate et d&rsquo;entrevue, n&rsquo;h\u00e9sitez pas \u00e0 <a href=\"https:\/\/www.mintzglobalscreening.com\/fr\/contactez-nous\/nouvelle-demande-client\/\">contacter notre \u00e9quipe<\/a>!<\/p>\n\n","protected":false},"excerpt":{"rendered":"<p>De plus en plus utilis\u00e9e par les entreprises comme un outil de mesure pour le recrutement et la r\u00e9tention de leurs talents, l&rsquo;entrevue de d\u00e9part est un autre des services que propose V\u00e9rifications mondiales Mintz. Les entrevues sont effectu\u00e9es par des agents chevronn\u00e9s, directement avec l&#8217;employ\u00e9 qui quitte son poste. C&rsquo;est donc l&rsquo;occasion id\u00e9ale d&rsquo;obtenir des renseignements sur diff\u00e9rentes facettes de l&rsquo;organisation, ses forces et ses faiblesses, afin de proc\u00e9der&#8230;<\/p>\n","protected":false},"author":2,"featured_media":3362,"parent":1252,"menu_order":93,"comment_status":"closed","ping_status":"closed","template":"","meta":{"_acf_changed":false,"content-type":"","footnotes":""},"class_list":["post-4618","page","type-page","status-publish","has-post-thumbnail","hentry"],"acf":[],"yoast_head":"<!-- This site is optimized with the Yoast SEO plugin v25.0 - https:\/\/yoast.com\/wordpress\/plugins\/seo\/ -->\n<title>Exit Interview Service | Reduce Your Staff Turnover<\/title>\n<meta name=\"description\" content=\"Mintz Global Screening offers you the ability to conduct an exit interview with your departing employees. The service will allow you an objective view...\" \/>\n<meta name=\"robots\" content=\"index, follow, max-snippet:-1, max-image-preview:large, max-video-preview:-1\" \/>\n<link rel=\"canonical\" href=\"https:\/\/www.mintzglobalscreening.com\/fr\/services\/entrevue-depart\/\" \/>\n<meta property=\"og:locale\" content=\"fr_FR\" \/>\n<meta property=\"og:type\" content=\"article\" \/>\n<meta property=\"og:title\" content=\"Exit Interview Service | Reduce Your Staff Turnover\" \/>\n<meta property=\"og:description\" content=\"Mintz Global Screening offers you the ability to conduct an exit interview with your departing employees. The service will allow you an objective view...\" \/>\n<meta property=\"og:url\" content=\"https:\/\/www.mintzglobalscreening.com\/fr\/services\/entrevue-depart\/\" \/>\n<meta property=\"og:site_name\" content=\"Mintz Global Screening\" \/>\n<meta property=\"article:publisher\" content=\"https:\/\/www.facebook.com\/Mintzglobal\" \/>\n<meta property=\"article:modified_time\" content=\"2024-01-29T16:20:39+00:00\" \/>\n<meta property=\"og:image\" content=\"https:\/\/www.mintzglobalscreening.com\/wp-content\/uploads\/2018\/12\/img_header-entrevue-depart.jpg\" \/>\n\t<meta property=\"og:image:width\" content=\"1920\" \/>\n\t<meta property=\"og:image:height\" content=\"320\" \/>\n\t<meta property=\"og:image:type\" content=\"image\/jpeg\" \/>\n<meta name=\"twitter:card\" content=\"summary_large_image\" \/>\n<meta name=\"twitter:site\" content=\"@MintzGlobal\" \/>\n<meta name=\"twitter:label1\" content=\"Dur\u00e9e de lecture estim\u00e9e\" \/>\n\t<meta name=\"twitter:data1\" content=\"3 minutes\" \/>\n<script type=\"application\/ld+json\" class=\"yoast-schema-graph\">{\"@context\":\"https:\/\/schema.org\",\"@graph\":[{\"@type\":\"WebPage\",\"@id\":\"https:\/\/www.mintzglobalscreening.com\/fr\/services\/entrevue-depart\/\",\"url\":\"https:\/\/www.mintzglobalscreening.com\/fr\/services\/entrevue-depart\/\",\"name\":\"Exit Interview Service | Reduce Your Staff Turnover\",\"isPartOf\":{\"@id\":\"https:\/\/www.mintzglobalscreening.com\/fr\/#website\"},\"primaryImageOfPage\":{\"@id\":\"https:\/\/www.mintzglobalscreening.com\/fr\/services\/entrevue-depart\/#primaryimage\"},\"image\":{\"@id\":\"https:\/\/www.mintzglobalscreening.com\/fr\/services\/entrevue-depart\/#primaryimage\"},\"thumbnailUrl\":\"https:\/\/www.mintzglobalscreening.com\/wp-content\/uploads\/2018\/12\/img_header-entrevue-depart.jpg\",\"datePublished\":\"2023-08-02T10:00:31+00:00\",\"dateModified\":\"2024-01-29T16:20:39+00:00\",\"description\":\"Mintz Global Screening offers you the ability to conduct an exit interview with your departing employees. The service will allow you an objective view...\",\"breadcrumb\":{\"@id\":\"https:\/\/www.mintzglobalscreening.com\/fr\/services\/entrevue-depart\/#breadcrumb\"},\"inLanguage\":\"fr-FR\",\"potentialAction\":[{\"@type\":\"ReadAction\",\"target\":[\"https:\/\/www.mintzglobalscreening.com\/fr\/services\/entrevue-depart\/\"]}]},{\"@type\":\"ImageObject\",\"inLanguage\":\"fr-FR\",\"@id\":\"https:\/\/www.mintzglobalscreening.com\/fr\/services\/entrevue-depart\/#primaryimage\",\"url\":\"https:\/\/www.mintzglobalscreening.com\/wp-content\/uploads\/2018\/12\/img_header-entrevue-depart.jpg\",\"contentUrl\":\"https:\/\/www.mintzglobalscreening.com\/wp-content\/uploads\/2018\/12\/img_header-entrevue-depart.jpg\",\"width\":1920,\"height\":320},{\"@type\":\"BreadcrumbList\",\"@id\":\"https:\/\/www.mintzglobalscreening.com\/fr\/services\/entrevue-depart\/#breadcrumb\",\"itemListElement\":[{\"@type\":\"ListItem\",\"position\":1,\"name\":\"Home\",\"item\":\"https:\/\/www.mintzglobalscreening.com\/fr\/\"},{\"@type\":\"ListItem\",\"position\":2,\"name\":\"Services\",\"item\":\"https:\/\/www.mintzglobalscreening.com\/fr\/services\/\"},{\"@type\":\"ListItem\",\"position\":3,\"name\":\"Service d\u2019entrevue de d\u00e9part\"}]},{\"@type\":\"WebSite\",\"@id\":\"https:\/\/www.mintzglobalscreening.com\/fr\/#website\",\"url\":\"https:\/\/www.mintzglobalscreening.com\/fr\/\",\"name\":\"Mintz Global Screening\",\"description\":\"Mintz Global Screening\",\"potentialAction\":[{\"@type\":\"SearchAction\",\"target\":{\"@type\":\"EntryPoint\",\"urlTemplate\":\"https:\/\/www.mintzglobalscreening.com\/fr\/?s={search_term_string}\"},\"query-input\":{\"@type\":\"PropertyValueSpecification\",\"valueRequired\":true,\"valueName\":\"search_term_string\"}}],\"inLanguage\":\"fr-FR\"}]}<\/script>\n<!-- \/ Yoast SEO plugin. -->","yoast_head_json":{"title":"Exit Interview Service | Reduce Your Staff Turnover","description":"Mintz Global Screening offers you the ability to conduct an exit interview with your departing employees. The service will allow you an objective view...","robots":{"index":"index","follow":"follow","max-snippet":"max-snippet:-1","max-image-preview":"max-image-preview:large","max-video-preview":"max-video-preview:-1"},"canonical":"https:\/\/www.mintzglobalscreening.com\/fr\/services\/entrevue-depart\/","og_locale":"fr_FR","og_type":"article","og_title":"Exit Interview Service | Reduce Your Staff Turnover","og_description":"Mintz Global Screening offers you the ability to conduct an exit interview with your departing employees. The service will allow you an objective view...","og_url":"https:\/\/www.mintzglobalscreening.com\/fr\/services\/entrevue-depart\/","og_site_name":"Mintz Global Screening","article_publisher":"https:\/\/www.facebook.com\/Mintzglobal","article_modified_time":"2024-01-29T16:20:39+00:00","og_image":[{"width":1920,"height":320,"url":"https:\/\/www.mintzglobalscreening.com\/wp-content\/uploads\/2018\/12\/img_header-entrevue-depart.jpg","type":"image\/jpeg"}],"twitter_card":"summary_large_image","twitter_site":"@MintzGlobal","twitter_misc":{"Dur\u00e9e de lecture estim\u00e9e":"3 minutes"},"schema":{"@context":"https:\/\/schema.org","@graph":[{"@type":"WebPage","@id":"https:\/\/www.mintzglobalscreening.com\/fr\/services\/entrevue-depart\/","url":"https:\/\/www.mintzglobalscreening.com\/fr\/services\/entrevue-depart\/","name":"Exit Interview Service | Reduce Your Staff Turnover","isPartOf":{"@id":"https:\/\/www.mintzglobalscreening.com\/fr\/#website"},"primaryImageOfPage":{"@id":"https:\/\/www.mintzglobalscreening.com\/fr\/services\/entrevue-depart\/#primaryimage"},"image":{"@id":"https:\/\/www.mintzglobalscreening.com\/fr\/services\/entrevue-depart\/#primaryimage"},"thumbnailUrl":"https:\/\/www.mintzglobalscreening.com\/wp-content\/uploads\/2018\/12\/img_header-entrevue-depart.jpg","datePublished":"2023-08-02T10:00:31+00:00","dateModified":"2024-01-29T16:20:39+00:00","description":"Mintz Global Screening offers you the ability to conduct an exit interview with your departing employees. The service will allow you an objective view...","breadcrumb":{"@id":"https:\/\/www.mintzglobalscreening.com\/fr\/services\/entrevue-depart\/#breadcrumb"},"inLanguage":"fr-FR","potentialAction":[{"@type":"ReadAction","target":["https:\/\/www.mintzglobalscreening.com\/fr\/services\/entrevue-depart\/"]}]},{"@type":"ImageObject","inLanguage":"fr-FR","@id":"https:\/\/www.mintzglobalscreening.com\/fr\/services\/entrevue-depart\/#primaryimage","url":"https:\/\/www.mintzglobalscreening.com\/wp-content\/uploads\/2018\/12\/img_header-entrevue-depart.jpg","contentUrl":"https:\/\/www.mintzglobalscreening.com\/wp-content\/uploads\/2018\/12\/img_header-entrevue-depart.jpg","width":1920,"height":320},{"@type":"BreadcrumbList","@id":"https:\/\/www.mintzglobalscreening.com\/fr\/services\/entrevue-depart\/#breadcrumb","itemListElement":[{"@type":"ListItem","position":1,"name":"Home","item":"https:\/\/www.mintzglobalscreening.com\/fr\/"},{"@type":"ListItem","position":2,"name":"Services","item":"https:\/\/www.mintzglobalscreening.com\/fr\/services\/"},{"@type":"ListItem","position":3,"name":"Service d\u2019entrevue de d\u00e9part"}]},{"@type":"WebSite","@id":"https:\/\/www.mintzglobalscreening.com\/fr\/#website","url":"https:\/\/www.mintzglobalscreening.com\/fr\/","name":"Mintz Global Screening","description":"Mintz Global Screening","potentialAction":[{"@type":"SearchAction","target":{"@type":"EntryPoint","urlTemplate":"https:\/\/www.mintzglobalscreening.com\/fr\/?s={search_term_string}"},"query-input":{"@type":"PropertyValueSpecification","valueRequired":true,"valueName":"search_term_string"}}],"inLanguage":"fr-FR"}]}},"_links":{"self":[{"href":"https:\/\/www.mintzglobalscreening.com\/fr\/wp-json\/wp\/v2\/pages\/4618","targetHints":{"allow":["GET"]}}],"collection":[{"href":"https:\/\/www.mintzglobalscreening.com\/fr\/wp-json\/wp\/v2\/pages"}],"about":[{"href":"https:\/\/www.mintzglobalscreening.com\/fr\/wp-json\/wp\/v2\/types\/page"}],"author":[{"embeddable":true,"href":"https:\/\/www.mintzglobalscreening.com\/fr\/wp-json\/wp\/v2\/users\/2"}],"replies":[{"embeddable":true,"href":"https:\/\/www.mintzglobalscreening.com\/fr\/wp-json\/wp\/v2\/comments?post=4618"}],"version-history":[{"count":9,"href":"https:\/\/www.mintzglobalscreening.com\/fr\/wp-json\/wp\/v2\/pages\/4618\/revisions"}],"predecessor-version":[{"id":4955,"href":"https:\/\/www.mintzglobalscreening.com\/fr\/wp-json\/wp\/v2\/pages\/4618\/revisions\/4955"}],"up":[{"embeddable":true,"href":"https:\/\/www.mintzglobalscreening.com\/fr\/wp-json\/wp\/v2\/pages\/1252"}],"wp:featuredmedia":[{"embeddable":true,"href":"https:\/\/www.mintzglobalscreening.com\/fr\/wp-json\/wp\/v2\/media\/3362"}],"wp:attachment":[{"href":"https:\/\/www.mintzglobalscreening.com\/fr\/wp-json\/wp\/v2\/media?parent=4618"}],"curies":[{"name":"wp","href":"https:\/\/api.w.org\/{rel}","templated":true}]}}