{"id":4629,"date":"2023-08-02T10:40:28","date_gmt":"2023-08-02T10:40:28","guid":{"rendered":"https:\/\/www.mintzglobalscreening.com\/services\/driving-abstract-mvr-service\/"},"modified":"2024-01-12T07:41:55","modified_gmt":"2024-01-12T07:41:55","slug":"dossier-conduite","status":"publish","type":"page","link":"https:\/\/www.mintzglobalscreening.com\/fr\/services\/dossier-conduite\/","title":{"rendered":"Service de v\u00e9rification du dossier de conduite"},"content":{"rendered":"\n\n\t<p><a href=\"https:\/\/www.mintzglobalscreening.com\/fr\/media-category\/qui-est-verifications-mondiales-mintz\/\">V\u00e9rifications mondiales Mintz<\/a> vous propose de proc\u00e9der \u00e0 une v\u00e9rification du dossier de conduite d&rsquo;un individu, afin de vous donner acc\u00e8s \u00e0 un maximum de d\u00e9tails quant \u00e0 ses ant\u00e9c\u00e9dents en mati\u00e8re de conduite d&rsquo;un v\u00e9hicule. C&rsquo;est \u00e9galement un bon moyen de s&rsquo;assurer qu&rsquo;une personne poss\u00e8de v\u00e9ritablement les comp\u00e9tences et permis n\u00e9cessaires pour conduire un v\u00e9hicule particulier.<\/p>\n<p>Pour vous garantir des informations cr\u00e9dibles, V\u00e9rifications mondiales Mintz travaille de concert avec des partenaires jouissant d&rsquo;une grande r\u00e9putation de fiabilit\u00e9. Ces derniers peuvent fournir les informations rapidement, vous faisant \u00e9pargner un temps pr\u00e9cieux en acc\u00e9l\u00e9rant votre processus d&#8217;embauche de candidat.<\/p>\n\t\t\t\t<img loading=\"lazy\" decoding=\"async\" src=\"https:\/\/www.mintzglobalscreening.com\/wp-content\/uploads\/2018\/11\/icon-proteger-reputation-entreprise.png\" alt=\"icon-proteger-reputation-entreprise\" itemprop=\"image\" height=\"60\" width=\"60\" title=\"icon-proteger-reputation-entreprise\" onerror=\"this.style.display='none'\"  \/>\n\t<p>Prot\u00e9gez la r\u00e9putation de votre entreprise, ainsi que la s\u00e9curit\u00e9 de vos employ\u00e9s et de vos clients<\/p>\n\t\t\t\t<img loading=\"lazy\" decoding=\"async\" src=\"https:\/\/www.mintzglobalscreening.com\/wp-content\/uploads\/2018\/12\/icon-processus-rapide.png\" alt=\"icon-processus-rapide\" itemprop=\"image\" height=\"60\" width=\"60\" title=\"icon-processus-rapide\" onerror=\"this.style.display='none'\"  \/>\n\t<p>Obtenez des informations fiables sur vos candidats en quelques heures seulement<\/p>\n\t\t\t\t<img loading=\"lazy\" decoding=\"async\" src=\"https:\/\/www.mintzglobalscreening.com\/wp-content\/uploads\/2018\/12\/icon-verif-interna.png\" alt=\"icon-verif-interna\" itemprop=\"image\" height=\"60\" width=\"60\" title=\"icon-verif-interna\" onerror=\"this.style.display='none'\"  \/>\n\t<p>V\u00e9rification du dossier de conduite canadien, am\u00e9ricain et de plusieurs autres pays \u00e0 l&rsquo;international<\/p>\n\tFaites appel \u00e0 nos sp\u00e9cialistes en v\u00e9rification d&rsquo;ant\u00e9c\u00e9dents\n\t\t\t<a href=\"https:\/\/www.mintzglobalscreening.com\/fr\/contactez-nous\/\" target=\"_self\" role=\"button\" rel=\"noopener\">\n\t\t\t\t\t\t\tContactez-nous\n\t\t\t\t\t<\/a>\n\t<h2>Pourquoi avoir recours \u00e0 notre service de v\u00e9rification du dossier de conduite?<\/h2>\n<p><strong>Confiez-vous des v\u00e9hicules d&rsquo;entreprise \u00e0 vos employ\u00e9s\u00a0? Leur demandez-vous de conduire leurs propres v\u00e9hicules dans l&rsquo;ex\u00e9cution de leurs fonctions\u00a0? <\/strong><\/p>\n<p>Si la r\u00e9ponse \u00e0 l&rsquo;une de ces questions est oui, vous avez le devoir de vous assurer que vos employ\u00e9s ne repr\u00e9sentent pas un risque pour eux-m\u00eames ou pour leur entourage\u00a0; une v\u00e9rification de dossier de conduite est essentielle pour votre entreprise.<\/p>\n<p>Une v\u00e9rification de dossier de conduite confirme que le candidat d\u00e9tient un permis de conduire valide (et pour combien de temps encore), sp\u00e9cifie sa classe de v\u00e9hicule autoris\u00e9e, et d\u00e9taille toutes les infractions, suspension et condamnations pour acte criminel relatif \u00e0 un v\u00e9hicule motoris\u00e9 qui apparaissent dans son dossier.<\/p>\n<p>V\u00e9rifications mondiales Mintz offre \u00e9galement un service de validation de permis de conduire. Gr\u00e2ce \u00e0 cet autre service, en quelques heures \u00e0 peine, vous pouvez recevoir la confirmation qu&rsquo;un candidat d\u00e9tient bien un permis de conduire, la validation de ses classes de v\u00e9hicule autoris\u00e9es et recevoir la confirmation de son statut au moment de la v\u00e9rification.<\/p>\n\t<h2>Pourquoi choisir le service de v\u00e9rification du dossier de conduite de Mintz\u00a0?<\/h2>\n<p>Cumulant plus de 100 ans d&rsquo;exp\u00e9rience en mati\u00e8re de <a href=\"https:\/\/www.mintzglobalscreening.com\/fr\/services\/\">services de v\u00e9rification d&rsquo;ant\u00e9c\u00e9dents<\/a>, notre \u00e9quipe est bien outill\u00e9e pour vous fournir toutes les informations pertinentes dont vous pourriez avoir besoin lors d&rsquo;un processus d&#8217;embauche. Vous pourrez ainsi \u00e9valuer ad\u00e9quatement la qualit\u00e9 des candidatures que vous recevez et prendre des d\u00e9cisions \u00e9clair\u00e9es en mati\u00e8re de recrutement.<\/p>\n<p>De plus, en choisissant notre service de v\u00e9rification du dossier de conduite, vous profitez de caract\u00e9ristiques uniques\u00a0:<\/p>\n<ul>\n<li>Contacts \u00e9tablis avec tous les minist\u00e8res du Transport au Canada*<\/li>\n<li>V\u00e9rification aussi disponible aux \u00c9tats-Unis et dans certains pays \u00e0 l&rsquo;international<\/li>\n<li>\u00c9quipe d&rsquo;experts sp\u00e9cialistes en conformit\u00e9<\/li>\n<li>R\u00e9sultats disponibles en temps r\u00e9el sur notre site web s\u00e9curis\u00e9<\/li>\n<li>Processus personnalisable pour r\u00e9pondre aux besoins de votre entreprise<\/li>\n<li>Expert en programme de conformit\u00e9 pour v\u00e9rifier tous les employ\u00e9s d&rsquo;une entreprise<\/li>\n<\/ul>\n<p>* Veuillez prendre note que, en raison de la l\u00e9gislation locale, la v\u00e9rification de dossier de conduite n&rsquo;est pas autoris\u00e9e en Alberta. La validation de permis de conduire est cependant possible.<\/p>\n\t<h2>Vous d\u00e9sirez en savoir plus sur notre service de v\u00e9rification du dossier de conduite?<\/h2>\n<p>Si vous d\u00e9sirez en apprendre davantage sur nos m\u00e9thodes d&rsquo;investigation et de recherche d&rsquo;informations, n&rsquo;h\u00e9sitez pas \u00e0 <a href=\"https:\/\/www.mintzglobalscreening.com\/fr\/contactez-nous\/\">contacter notre \u00e9quipe<\/a>!<\/p>\n\n","protected":false},"excerpt":{"rendered":"<p>V\u00e9rifications mondiales Mintz vous propose de proc\u00e9der \u00e0 une v\u00e9rification du dossier de conduite d&rsquo;un individu, afin de vous donner acc\u00e8s \u00e0 un maximum de d\u00e9tails quant \u00e0 ses ant\u00e9c\u00e9dents en mati\u00e8re de conduite d&rsquo;un v\u00e9hicule. C&rsquo;est \u00e9galement un bon moyen de s&rsquo;assurer qu&rsquo;une personne poss\u00e8de v\u00e9ritablement les comp\u00e9tences et permis n\u00e9cessaires pour conduire un v\u00e9hicule particulier. Pour vous garantir des informations cr\u00e9dibles, V\u00e9rifications mondiales Mintz travaille de concert avec&#8230;<\/p>\n","protected":false},"author":2,"featured_media":3346,"parent":1252,"menu_order":108,"comment_status":"closed","ping_status":"closed","template":"","meta":{"_acf_changed":false,"content-type":"","footnotes":""},"class_list":["post-4629","page","type-page","status-publish","has-post-thumbnail","hentry"],"acf":[],"yoast_head":"<!-- This site is optimized with the Yoast SEO plugin v25.0 - https:\/\/yoast.com\/wordpress\/plugins\/seo\/ -->\n<title>Driving Abstract (MVR) service | Mintz Global Screening<\/title>\n<meta name=\"description\" content=\"Mintz Global Screening offers you a fast driving record check service. Make sure that your candidates have a valid driver&#039;s license before hiring them.\" \/>\n<meta name=\"robots\" content=\"index, follow, max-snippet:-1, max-image-preview:large, max-video-preview:-1\" \/>\n<link rel=\"canonical\" href=\"https:\/\/www.mintzglobalscreening.com\/fr\/services\/dossier-conduite\/\" \/>\n<meta property=\"og:locale\" content=\"fr_FR\" \/>\n<meta property=\"og:type\" content=\"article\" \/>\n<meta property=\"og:title\" content=\"Driving Abstract (MVR) service | Mintz Global Screening\" \/>\n<meta property=\"og:description\" content=\"Mintz Global Screening offers you a fast driving record check service. Make sure that your candidates have a valid driver&#039;s license before hiring them.\" \/>\n<meta property=\"og:url\" content=\"https:\/\/www.mintzglobalscreening.com\/fr\/services\/dossier-conduite\/\" \/>\n<meta property=\"og:site_name\" content=\"Mintz Global Screening\" \/>\n<meta property=\"article:publisher\" content=\"https:\/\/www.facebook.com\/Mintzglobal\" \/>\n<meta property=\"article:modified_time\" content=\"2024-01-12T07:41:55+00:00\" \/>\n<meta property=\"og:image\" content=\"https:\/\/www.mintzglobalscreening.com\/wp-content\/uploads\/2018\/12\/img_header-dossier-conduite.jpg\" \/>\n\t<meta property=\"og:image:width\" content=\"1920\" \/>\n\t<meta property=\"og:image:height\" content=\"320\" \/>\n\t<meta property=\"og:image:type\" content=\"image\/jpeg\" \/>\n<meta name=\"twitter:card\" content=\"summary_large_image\" \/>\n<meta name=\"twitter:site\" content=\"@MintzGlobal\" \/>\n<meta name=\"twitter:label1\" content=\"Dur\u00e9e de lecture estim\u00e9e\" \/>\n\t<meta name=\"twitter:data1\" content=\"3 minutes\" \/>\n<script type=\"application\/ld+json\" class=\"yoast-schema-graph\">{\"@context\":\"https:\/\/schema.org\",\"@graph\":[{\"@type\":\"WebPage\",\"@id\":\"https:\/\/www.mintzglobalscreening.com\/fr\/services\/dossier-conduite\/\",\"url\":\"https:\/\/www.mintzglobalscreening.com\/fr\/services\/dossier-conduite\/\",\"name\":\"Driving Abstract (MVR) service | Mintz Global Screening\",\"isPartOf\":{\"@id\":\"https:\/\/www.mintzglobalscreening.com\/fr\/#website\"},\"primaryImageOfPage\":{\"@id\":\"https:\/\/www.mintzglobalscreening.com\/fr\/services\/dossier-conduite\/#primaryimage\"},\"image\":{\"@id\":\"https:\/\/www.mintzglobalscreening.com\/fr\/services\/dossier-conduite\/#primaryimage\"},\"thumbnailUrl\":\"https:\/\/www.mintzglobalscreening.com\/wp-content\/uploads\/2018\/12\/img_header-dossier-conduite.jpg\",\"datePublished\":\"2023-08-02T10:40:28+00:00\",\"dateModified\":\"2024-01-12T07:41:55+00:00\",\"description\":\"Mintz Global Screening offers you a fast driving record check service. Make sure that your candidates have a valid driver's license before hiring them.\",\"breadcrumb\":{\"@id\":\"https:\/\/www.mintzglobalscreening.com\/fr\/services\/dossier-conduite\/#breadcrumb\"},\"inLanguage\":\"fr-FR\",\"potentialAction\":[{\"@type\":\"ReadAction\",\"target\":[\"https:\/\/www.mintzglobalscreening.com\/fr\/services\/dossier-conduite\/\"]}]},{\"@type\":\"ImageObject\",\"inLanguage\":\"fr-FR\",\"@id\":\"https:\/\/www.mintzglobalscreening.com\/fr\/services\/dossier-conduite\/#primaryimage\",\"url\":\"https:\/\/www.mintzglobalscreening.com\/wp-content\/uploads\/2018\/12\/img_header-dossier-conduite.jpg\",\"contentUrl\":\"https:\/\/www.mintzglobalscreening.com\/wp-content\/uploads\/2018\/12\/img_header-dossier-conduite.jpg\",\"width\":1920,\"height\":320},{\"@type\":\"BreadcrumbList\",\"@id\":\"https:\/\/www.mintzglobalscreening.com\/fr\/services\/dossier-conduite\/#breadcrumb\",\"itemListElement\":[{\"@type\":\"ListItem\",\"position\":1,\"name\":\"Home\",\"item\":\"https:\/\/www.mintzglobalscreening.com\/fr\/\"},{\"@type\":\"ListItem\",\"position\":2,\"name\":\"Services\",\"item\":\"https:\/\/www.mintzglobalscreening.com\/fr\/services\/\"},{\"@type\":\"ListItem\",\"position\":3,\"name\":\"Service de v\u00e9rification du dossier de conduite\"}]},{\"@type\":\"WebSite\",\"@id\":\"https:\/\/www.mintzglobalscreening.com\/fr\/#website\",\"url\":\"https:\/\/www.mintzglobalscreening.com\/fr\/\",\"name\":\"Mintz Global Screening\",\"description\":\"Mintz Global Screening\",\"potentialAction\":[{\"@type\":\"SearchAction\",\"target\":{\"@type\":\"EntryPoint\",\"urlTemplate\":\"https:\/\/www.mintzglobalscreening.com\/fr\/?s={search_term_string}\"},\"query-input\":{\"@type\":\"PropertyValueSpecification\",\"valueRequired\":true,\"valueName\":\"search_term_string\"}}],\"inLanguage\":\"fr-FR\"}]}<\/script>\n<!-- \/ Yoast SEO plugin. -->","yoast_head_json":{"title":"Driving Abstract (MVR) service | Mintz Global Screening","description":"Mintz Global Screening offers you a fast driving record check service. Make sure that your candidates have a valid driver's license before hiring them.","robots":{"index":"index","follow":"follow","max-snippet":"max-snippet:-1","max-image-preview":"max-image-preview:large","max-video-preview":"max-video-preview:-1"},"canonical":"https:\/\/www.mintzglobalscreening.com\/fr\/services\/dossier-conduite\/","og_locale":"fr_FR","og_type":"article","og_title":"Driving Abstract (MVR) service | Mintz Global Screening","og_description":"Mintz Global Screening offers you a fast driving record check service. Make sure that your candidates have a valid driver's license before hiring them.","og_url":"https:\/\/www.mintzglobalscreening.com\/fr\/services\/dossier-conduite\/","og_site_name":"Mintz Global Screening","article_publisher":"https:\/\/www.facebook.com\/Mintzglobal","article_modified_time":"2024-01-12T07:41:55+00:00","og_image":[{"width":1920,"height":320,"url":"https:\/\/www.mintzglobalscreening.com\/wp-content\/uploads\/2018\/12\/img_header-dossier-conduite.jpg","type":"image\/jpeg"}],"twitter_card":"summary_large_image","twitter_site":"@MintzGlobal","twitter_misc":{"Dur\u00e9e de lecture estim\u00e9e":"3 minutes"},"schema":{"@context":"https:\/\/schema.org","@graph":[{"@type":"WebPage","@id":"https:\/\/www.mintzglobalscreening.com\/fr\/services\/dossier-conduite\/","url":"https:\/\/www.mintzglobalscreening.com\/fr\/services\/dossier-conduite\/","name":"Driving Abstract (MVR) service | Mintz Global Screening","isPartOf":{"@id":"https:\/\/www.mintzglobalscreening.com\/fr\/#website"},"primaryImageOfPage":{"@id":"https:\/\/www.mintzglobalscreening.com\/fr\/services\/dossier-conduite\/#primaryimage"},"image":{"@id":"https:\/\/www.mintzglobalscreening.com\/fr\/services\/dossier-conduite\/#primaryimage"},"thumbnailUrl":"https:\/\/www.mintzglobalscreening.com\/wp-content\/uploads\/2018\/12\/img_header-dossier-conduite.jpg","datePublished":"2023-08-02T10:40:28+00:00","dateModified":"2024-01-12T07:41:55+00:00","description":"Mintz Global Screening offers you a fast driving record check service. Make sure that your candidates have a valid driver's license before hiring them.","breadcrumb":{"@id":"https:\/\/www.mintzglobalscreening.com\/fr\/services\/dossier-conduite\/#breadcrumb"},"inLanguage":"fr-FR","potentialAction":[{"@type":"ReadAction","target":["https:\/\/www.mintzglobalscreening.com\/fr\/services\/dossier-conduite\/"]}]},{"@type":"ImageObject","inLanguage":"fr-FR","@id":"https:\/\/www.mintzglobalscreening.com\/fr\/services\/dossier-conduite\/#primaryimage","url":"https:\/\/www.mintzglobalscreening.com\/wp-content\/uploads\/2018\/12\/img_header-dossier-conduite.jpg","contentUrl":"https:\/\/www.mintzglobalscreening.com\/wp-content\/uploads\/2018\/12\/img_header-dossier-conduite.jpg","width":1920,"height":320},{"@type":"BreadcrumbList","@id":"https:\/\/www.mintzglobalscreening.com\/fr\/services\/dossier-conduite\/#breadcrumb","itemListElement":[{"@type":"ListItem","position":1,"name":"Home","item":"https:\/\/www.mintzglobalscreening.com\/fr\/"},{"@type":"ListItem","position":2,"name":"Services","item":"https:\/\/www.mintzglobalscreening.com\/fr\/services\/"},{"@type":"ListItem","position":3,"name":"Service de v\u00e9rification du dossier de conduite"}]},{"@type":"WebSite","@id":"https:\/\/www.mintzglobalscreening.com\/fr\/#website","url":"https:\/\/www.mintzglobalscreening.com\/fr\/","name":"Mintz Global Screening","description":"Mintz Global Screening","potentialAction":[{"@type":"SearchAction","target":{"@type":"EntryPoint","urlTemplate":"https:\/\/www.mintzglobalscreening.com\/fr\/?s={search_term_string}"},"query-input":{"@type":"PropertyValueSpecification","valueRequired":true,"valueName":"search_term_string"}}],"inLanguage":"fr-FR"}]}},"_links":{"self":[{"href":"https:\/\/www.mintzglobalscreening.com\/fr\/wp-json\/wp\/v2\/pages\/4629","targetHints":{"allow":["GET"]}}],"collection":[{"href":"https:\/\/www.mintzglobalscreening.com\/fr\/wp-json\/wp\/v2\/pages"}],"about":[{"href":"https:\/\/www.mintzglobalscreening.com\/fr\/wp-json\/wp\/v2\/types\/page"}],"author":[{"embeddable":true,"href":"https:\/\/www.mintzglobalscreening.com\/fr\/wp-json\/wp\/v2\/users\/2"}],"replies":[{"embeddable":true,"href":"https:\/\/www.mintzglobalscreening.com\/fr\/wp-json\/wp\/v2\/comments?post=4629"}],"version-history":[{"count":6,"href":"https:\/\/www.mintzglobalscreening.com\/fr\/wp-json\/wp\/v2\/pages\/4629\/revisions"}],"predecessor-version":[{"id":4935,"href":"https:\/\/www.mintzglobalscreening.com\/fr\/wp-json\/wp\/v2\/pages\/4629\/revisions\/4935"}],"up":[{"embeddable":true,"href":"https:\/\/www.mintzglobalscreening.com\/fr\/wp-json\/wp\/v2\/pages\/1252"}],"wp:featuredmedia":[{"embeddable":true,"href":"https:\/\/www.mintzglobalscreening.com\/fr\/wp-json\/wp\/v2\/media\/3346"}],"wp:attachment":[{"href":"https:\/\/www.mintzglobalscreening.com\/fr\/wp-json\/wp\/v2\/media?parent=4629"}],"curies":[{"name":"wp","href":"https:\/\/api.w.org\/{rel}","templated":true}]}}