{"id":4640,"date":"2023-08-02T10:57:07","date_gmt":"2023-08-02T10:57:07","guid":{"rendered":"https:\/\/www.mintzglobalscreening.com\/services\/bankruptcy-check-service\/"},"modified":"2024-01-12T07:51:08","modified_gmt":"2024-01-12T07:51:08","slug":"dossier-faillite","status":"publish","type":"page","link":"https:\/\/www.mintzglobalscreening.com\/fr\/services\/dossier-faillite\/","title":{"rendered":"Service de v\u00e9rification du dossier de faillite"},"content":{"rendered":"\n\n\t<p><a href=\"https:\/\/www.mintzglobalscreening.com\/fr\/media-category\/qui-est-verifications-mondiales-mintz\/\">V\u00e9rifications mondiales Mintz<\/a> vous propose de proc\u00e9der \u00e0 une v\u00e9rification du dossier de faillite d&rsquo;un candidat. Cette recherche est effectu\u00e9e dans tous les dossiers conserv\u00e9s par le Surintendant des faillites du Canada pour la p\u00e9riode allant de 1978 \u00e0 aujourd&rsquo;hui. Tous les d\u00e9tails inscrits aux dossiers de faillite sont \u00e9galement disponibles en option.<\/p>\n<p>Forts d&rsquo;une grande exp\u00e9rience en mati\u00e8re de v\u00e9rification d&rsquo;ant\u00e9c\u00e9dents, V\u00e9rifications mondiales Mintz travaille de concert avec des partenaires fiables, ce qui vous garantit des informations cr\u00e9dibles, pouvant m\u00eame provenir de l&rsquo;international. L&rsquo;approche personnalis\u00e9e de leur \u00e9quipe de v\u00e9rificateurs chevronn\u00e9s vous permet de mettre la main sur une foule de renseignements qui vous aideront \u00e0 prendre des d\u00e9cisions \u00e9clair\u00e9es lors d&rsquo;un processus de recrutement.<\/p>\n\t\t\t\t<img loading=\"lazy\" decoding=\"async\" src=\"https:\/\/www.mintzglobalscreening.com\/wp-content\/uploads\/2018\/11\/icon-proteger-reputation-entreprise.png\" alt=\"icon-proteger-reputation-entreprise\" itemprop=\"image\" height=\"60\" width=\"60\" title=\"icon-proteger-reputation-entreprise\" onerror=\"this.style.display='none'\"  \/>\n\t<p>Prot\u00e9gez la r\u00e9putation de votre entreprise en choisissant des candidats dignes de confiance<\/p>\n\t\t\t\t<img loading=\"lazy\" decoding=\"async\" src=\"https:\/\/www.mintzglobalscreening.com\/wp-content\/uploads\/2018\/12\/icon-qualification.png\" alt=\"icon-qualification\" itemprop=\"image\" height=\"60\" width=\"60\" title=\"icon-qualification\" onerror=\"this.style.display='none'\"  \/>\n\t<p>Embauchez des individus dont les ant\u00e9c\u00e9dents financiers prouvent leur comp\u00e9tence en mati\u00e8re de gestion<\/p>\n\t\t\t\t<img loading=\"lazy\" decoding=\"async\" src=\"https:\/\/www.mintzglobalscreening.com\/wp-content\/uploads\/2018\/11\/icon-choix-eclaires.png\" alt=\"icon-choix-eclaires\" itemprop=\"image\" height=\"60\" width=\"60\" title=\"icon-choix-eclaires\" onerror=\"this.style.display='none'\"  \/>\n\t<p>Prenez les meilleures d\u00e9cisions d&#8217;embauche possible en disposant d&rsquo;un maximum d&rsquo;informations fiables<\/p>\n\tFaites appel \u00e0 nos sp\u00e9cialistes en v\u00e9rification d&rsquo;ant\u00e9c\u00e9dents\n\t\t\t<a href=\"https:\/\/www.mintzglobalscreening.com\/fr\/contact-fr\/\" target=\"_self\" role=\"button\" rel=\"noopener\">\n\t\t\t\t\t\t\tContactez-nous\n\t\t\t\t\t<\/a>\n\t<h2>Pourquoi avoir recours \u00e0 notre service de v\u00e9rification du dossier de faillite?<\/h2>\n<p><strong>Saviez-vous qu&rsquo;il est possible de v\u00e9rifier si quelqu&rsquo;un a d\u00e9j\u00e0 fait faillite m\u00eame apr\u00e8s que l&rsquo;information ait disparu de sa fiche de cr\u00e9dit ? <\/strong><\/p>\n<p>Une premi\u00e8re faillite demeure inscrite \u00e0 votre fiche de cr\u00e9dit seulement pour 6 \u00e0 7 ans. C&rsquo;est pourquoi les entreprises composant avec un haut niveau de risque financier exigent une v\u00e9rification aupr\u00e8s du Surintendant des faillites lorsqu&rsquo;elles font des v\u00e9rifications de diligence financi\u00e8re.<\/p>\n<p>La v\u00e9rification aupr\u00e8s du Surintendant des faillites est effectu\u00e9e dans tous les dossiers de faillite d\u00e9pos\u00e9s au pays depuis 1978. La recherche est effectu\u00e9e \u00e0 partir du nom et de la date de naissance du candidat et elle r\u00e9v\u00e8le le d\u00e9tail de ses faillites ant\u00e9rieures tel que les montants d\u00e9clar\u00e9s (actif et passif), le statut de lib\u00e9ration et la date de lib\u00e9ration.<\/p>\n\t<h2>Pourquoi choisir le service de v\u00e9rification du dossier de faillite de Mintz\u00a0?<\/h2>\n<p>Forte d&rsquo;une exp\u00e9rience de plus de 100 ans dans le domaine des <a href=\"https:\/\/www.mintzglobalscreening.com\/fr\/services\/\">services de v\u00e9rification d&rsquo;ant\u00e9c\u00e9dents<\/a>, notre \u00e9quipe de v\u00e9rificateurs est la mieux outill\u00e9e pour d\u00e9nicher et vous communiquer toutes les informations dont vous avez besoin pour \u00e9valuer ad\u00e9quatement la fiabilit\u00e9 et le risque pr\u00e9sent\u00e9 par un postulant.<\/p>\n<p>De plus, en choisissant notre service de v\u00e9rification du dossier de faillite, vous profitez d&rsquo;avantages uniques\u00a0:<\/p>\n<ul>\n<li>V\u00e9rifications effectu\u00e9es directement aupr\u00e8s du Surintendant des faillites du Canada<\/li>\n<li>\u00c9quivalent international disponible dans certains pays<\/li>\n<li>Fournit le d\u00e9tail complet de la faillite ou de la proposition concordataire<\/li>\n<li>Comprend tous les dossiers depuis 1978<\/li>\n<li>R\u00e9sultats disponibles en temps r\u00e9el sur notre site web s\u00e9curis\u00e9<\/li>\n<\/ul>\n\t<h2>Vous d\u00e9sirez en savoir plus sur notre service de v\u00e9rification du dossier de faillite?<\/h2>\n<p>Si vous d\u00e9sirez en conna\u00eetre plus sur nos m\u00e9thodes d&rsquo;investigation et de recherche d&rsquo;informations, n&rsquo;h\u00e9sitez pas \u00e0 <a href=\"https:\/\/www.mintzglobalscreening.com\/fr\/contact-fr\/\">contacter notre \u00e9quipe<\/a>!<\/p>\n\n","protected":false},"excerpt":{"rendered":"<p>V\u00e9rifications mondiales Mintz vous propose de proc\u00e9der \u00e0 une v\u00e9rification du dossier de faillite d&rsquo;un candidat. Cette recherche est effectu\u00e9e dans tous les dossiers conserv\u00e9s par le Surintendant des faillites du Canada pour la p\u00e9riode allant de 1978 \u00e0 aujourd&rsquo;hui. Tous les d\u00e9tails inscrits aux dossiers de faillite sont \u00e9galement disponibles en option. Forts d&rsquo;une grande exp\u00e9rience en mati\u00e8re de v\u00e9rification d&rsquo;ant\u00e9c\u00e9dents, V\u00e9rifications mondiales Mintz travaille de concert avec des&#8230;<\/p>\n","protected":false},"author":2,"featured_media":3352,"parent":1252,"menu_order":109,"comment_status":"closed","ping_status":"closed","template":"","meta":{"_acf_changed":false,"content-type":"","footnotes":""},"class_list":["post-4640","page","type-page","status-publish","has-post-thumbnail","hentry"],"acf":[],"yoast_head":"<!-- This site is optimized with the Yoast SEO plugin v25.0 - https:\/\/yoast.com\/wordpress\/plugins\/seo\/ -->\n<title>Candidate Bankruptcy File Check Service | Mintz Global Screening<\/title>\n<meta name=\"description\" content=\"Mintz Global Screening offers you a bankruptcy check service. Determine if your candidates have ever had financial problems and to what extent.\" \/>\n<meta name=\"robots\" content=\"index, follow, max-snippet:-1, max-image-preview:large, max-video-preview:-1\" \/>\n<link rel=\"canonical\" href=\"https:\/\/www.mintzglobalscreening.com\/fr\/services\/dossier-faillite\/\" \/>\n<meta property=\"og:locale\" content=\"fr_FR\" \/>\n<meta property=\"og:type\" content=\"article\" \/>\n<meta property=\"og:title\" content=\"Candidate Bankruptcy File Check Service | Mintz Global Screening\" \/>\n<meta property=\"og:description\" content=\"Mintz Global Screening offers you a bankruptcy check service. Determine if your candidates have ever had financial problems and to what extent.\" \/>\n<meta property=\"og:url\" content=\"https:\/\/www.mintzglobalscreening.com\/fr\/services\/dossier-faillite\/\" \/>\n<meta property=\"og:site_name\" content=\"Mintz Global Screening\" \/>\n<meta property=\"article:publisher\" content=\"https:\/\/www.facebook.com\/Mintzglobal\" \/>\n<meta property=\"article:modified_time\" content=\"2024-01-12T07:51:08+00:00\" \/>\n<meta property=\"og:image\" content=\"https:\/\/www.mintzglobalscreening.com\/wp-content\/uploads\/2018\/12\/img_header-dossier-faillite.jpg\" \/>\n\t<meta property=\"og:image:width\" content=\"1920\" \/>\n\t<meta property=\"og:image:height\" content=\"320\" \/>\n\t<meta property=\"og:image:type\" content=\"image\/jpeg\" \/>\n<meta name=\"twitter:card\" content=\"summary_large_image\" \/>\n<meta name=\"twitter:site\" content=\"@MintzGlobal\" \/>\n<meta name=\"twitter:label1\" content=\"Dur\u00e9e de lecture estim\u00e9e\" \/>\n\t<meta name=\"twitter:data1\" content=\"3 minutes\" \/>\n<script type=\"application\/ld+json\" class=\"yoast-schema-graph\">{\"@context\":\"https:\/\/schema.org\",\"@graph\":[{\"@type\":\"WebPage\",\"@id\":\"https:\/\/www.mintzglobalscreening.com\/fr\/services\/dossier-faillite\/\",\"url\":\"https:\/\/www.mintzglobalscreening.com\/fr\/services\/dossier-faillite\/\",\"name\":\"Candidate Bankruptcy File Check Service | Mintz Global Screening\",\"isPartOf\":{\"@id\":\"https:\/\/www.mintzglobalscreening.com\/fr\/#website\"},\"primaryImageOfPage\":{\"@id\":\"https:\/\/www.mintzglobalscreening.com\/fr\/services\/dossier-faillite\/#primaryimage\"},\"image\":{\"@id\":\"https:\/\/www.mintzglobalscreening.com\/fr\/services\/dossier-faillite\/#primaryimage\"},\"thumbnailUrl\":\"https:\/\/www.mintzglobalscreening.com\/wp-content\/uploads\/2018\/12\/img_header-dossier-faillite.jpg\",\"datePublished\":\"2023-08-02T10:57:07+00:00\",\"dateModified\":\"2024-01-12T07:51:08+00:00\",\"description\":\"Mintz Global Screening offers you a bankruptcy check service. Determine if your candidates have ever had financial problems and to what extent.\",\"breadcrumb\":{\"@id\":\"https:\/\/www.mintzglobalscreening.com\/fr\/services\/dossier-faillite\/#breadcrumb\"},\"inLanguage\":\"fr-FR\",\"potentialAction\":[{\"@type\":\"ReadAction\",\"target\":[\"https:\/\/www.mintzglobalscreening.com\/fr\/services\/dossier-faillite\/\"]}]},{\"@type\":\"ImageObject\",\"inLanguage\":\"fr-FR\",\"@id\":\"https:\/\/www.mintzglobalscreening.com\/fr\/services\/dossier-faillite\/#primaryimage\",\"url\":\"https:\/\/www.mintzglobalscreening.com\/wp-content\/uploads\/2018\/12\/img_header-dossier-faillite.jpg\",\"contentUrl\":\"https:\/\/www.mintzglobalscreening.com\/wp-content\/uploads\/2018\/12\/img_header-dossier-faillite.jpg\",\"width\":1920,\"height\":320},{\"@type\":\"BreadcrumbList\",\"@id\":\"https:\/\/www.mintzglobalscreening.com\/fr\/services\/dossier-faillite\/#breadcrumb\",\"itemListElement\":[{\"@type\":\"ListItem\",\"position\":1,\"name\":\"Home\",\"item\":\"https:\/\/www.mintzglobalscreening.com\/fr\/\"},{\"@type\":\"ListItem\",\"position\":2,\"name\":\"Services\",\"item\":\"https:\/\/www.mintzglobalscreening.com\/fr\/services\/\"},{\"@type\":\"ListItem\",\"position\":3,\"name\":\"Service de v\u00e9rification du dossier de faillite\"}]},{\"@type\":\"WebSite\",\"@id\":\"https:\/\/www.mintzglobalscreening.com\/fr\/#website\",\"url\":\"https:\/\/www.mintzglobalscreening.com\/fr\/\",\"name\":\"Mintz Global Screening\",\"description\":\"Mintz Global Screening\",\"potentialAction\":[{\"@type\":\"SearchAction\",\"target\":{\"@type\":\"EntryPoint\",\"urlTemplate\":\"https:\/\/www.mintzglobalscreening.com\/fr\/?s={search_term_string}\"},\"query-input\":{\"@type\":\"PropertyValueSpecification\",\"valueRequired\":true,\"valueName\":\"search_term_string\"}}],\"inLanguage\":\"fr-FR\"}]}<\/script>\n<!-- \/ Yoast SEO plugin. -->","yoast_head_json":{"title":"Candidate Bankruptcy File Check Service | Mintz Global Screening","description":"Mintz Global Screening offers you a bankruptcy check service. Determine if your candidates have ever had financial problems and to what extent.","robots":{"index":"index","follow":"follow","max-snippet":"max-snippet:-1","max-image-preview":"max-image-preview:large","max-video-preview":"max-video-preview:-1"},"canonical":"https:\/\/www.mintzglobalscreening.com\/fr\/services\/dossier-faillite\/","og_locale":"fr_FR","og_type":"article","og_title":"Candidate Bankruptcy File Check Service | Mintz Global Screening","og_description":"Mintz Global Screening offers you a bankruptcy check service. Determine if your candidates have ever had financial problems and to what extent.","og_url":"https:\/\/www.mintzglobalscreening.com\/fr\/services\/dossier-faillite\/","og_site_name":"Mintz Global Screening","article_publisher":"https:\/\/www.facebook.com\/Mintzglobal","article_modified_time":"2024-01-12T07:51:08+00:00","og_image":[{"width":1920,"height":320,"url":"https:\/\/www.mintzglobalscreening.com\/wp-content\/uploads\/2018\/12\/img_header-dossier-faillite.jpg","type":"image\/jpeg"}],"twitter_card":"summary_large_image","twitter_site":"@MintzGlobal","twitter_misc":{"Dur\u00e9e de lecture estim\u00e9e":"3 minutes"},"schema":{"@context":"https:\/\/schema.org","@graph":[{"@type":"WebPage","@id":"https:\/\/www.mintzglobalscreening.com\/fr\/services\/dossier-faillite\/","url":"https:\/\/www.mintzglobalscreening.com\/fr\/services\/dossier-faillite\/","name":"Candidate Bankruptcy File Check Service | Mintz Global Screening","isPartOf":{"@id":"https:\/\/www.mintzglobalscreening.com\/fr\/#website"},"primaryImageOfPage":{"@id":"https:\/\/www.mintzglobalscreening.com\/fr\/services\/dossier-faillite\/#primaryimage"},"image":{"@id":"https:\/\/www.mintzglobalscreening.com\/fr\/services\/dossier-faillite\/#primaryimage"},"thumbnailUrl":"https:\/\/www.mintzglobalscreening.com\/wp-content\/uploads\/2018\/12\/img_header-dossier-faillite.jpg","datePublished":"2023-08-02T10:57:07+00:00","dateModified":"2024-01-12T07:51:08+00:00","description":"Mintz Global Screening offers you a bankruptcy check service. Determine if your candidates have ever had financial problems and to what extent.","breadcrumb":{"@id":"https:\/\/www.mintzglobalscreening.com\/fr\/services\/dossier-faillite\/#breadcrumb"},"inLanguage":"fr-FR","potentialAction":[{"@type":"ReadAction","target":["https:\/\/www.mintzglobalscreening.com\/fr\/services\/dossier-faillite\/"]}]},{"@type":"ImageObject","inLanguage":"fr-FR","@id":"https:\/\/www.mintzglobalscreening.com\/fr\/services\/dossier-faillite\/#primaryimage","url":"https:\/\/www.mintzglobalscreening.com\/wp-content\/uploads\/2018\/12\/img_header-dossier-faillite.jpg","contentUrl":"https:\/\/www.mintzglobalscreening.com\/wp-content\/uploads\/2018\/12\/img_header-dossier-faillite.jpg","width":1920,"height":320},{"@type":"BreadcrumbList","@id":"https:\/\/www.mintzglobalscreening.com\/fr\/services\/dossier-faillite\/#breadcrumb","itemListElement":[{"@type":"ListItem","position":1,"name":"Home","item":"https:\/\/www.mintzglobalscreening.com\/fr\/"},{"@type":"ListItem","position":2,"name":"Services","item":"https:\/\/www.mintzglobalscreening.com\/fr\/services\/"},{"@type":"ListItem","position":3,"name":"Service de v\u00e9rification du dossier de faillite"}]},{"@type":"WebSite","@id":"https:\/\/www.mintzglobalscreening.com\/fr\/#website","url":"https:\/\/www.mintzglobalscreening.com\/fr\/","name":"Mintz Global Screening","description":"Mintz Global Screening","potentialAction":[{"@type":"SearchAction","target":{"@type":"EntryPoint","urlTemplate":"https:\/\/www.mintzglobalscreening.com\/fr\/?s={search_term_string}"},"query-input":{"@type":"PropertyValueSpecification","valueRequired":true,"valueName":"search_term_string"}}],"inLanguage":"fr-FR"}]}},"_links":{"self":[{"href":"https:\/\/www.mintzglobalscreening.com\/fr\/wp-json\/wp\/v2\/pages\/4640","targetHints":{"allow":["GET"]}}],"collection":[{"href":"https:\/\/www.mintzglobalscreening.com\/fr\/wp-json\/wp\/v2\/pages"}],"about":[{"href":"https:\/\/www.mintzglobalscreening.com\/fr\/wp-json\/wp\/v2\/types\/page"}],"author":[{"embeddable":true,"href":"https:\/\/www.mintzglobalscreening.com\/fr\/wp-json\/wp\/v2\/users\/2"}],"replies":[{"embeddable":true,"href":"https:\/\/www.mintzglobalscreening.com\/fr\/wp-json\/wp\/v2\/comments?post=4640"}],"version-history":[{"count":5,"href":"https:\/\/www.mintzglobalscreening.com\/fr\/wp-json\/wp\/v2\/pages\/4640\/revisions"}],"predecessor-version":[{"id":4940,"href":"https:\/\/www.mintzglobalscreening.com\/fr\/wp-json\/wp\/v2\/pages\/4640\/revisions\/4940"}],"up":[{"embeddable":true,"href":"https:\/\/www.mintzglobalscreening.com\/fr\/wp-json\/wp\/v2\/pages\/1252"}],"wp:featuredmedia":[{"embeddable":true,"href":"https:\/\/www.mintzglobalscreening.com\/fr\/wp-json\/wp\/v2\/media\/3352"}],"wp:attachment":[{"href":"https:\/\/www.mintzglobalscreening.com\/fr\/wp-json\/wp\/v2\/media?parent=4640"}],"curies":[{"name":"wp","href":"https:\/\/api.w.org\/{rel}","templated":true}]}}