{"id":5095,"date":"2024-07-23T13:30:00","date_gmt":"2024-07-23T13:30:00","guid":{"rendered":"https:\/\/www.mintzglobalscreening.com\/?page_id=5095"},"modified":"2024-07-23T17:34:45","modified_gmt":"2024-07-23T17:34:45","slug":"services-de-localisation-des-pensions","status":"publish","type":"page","link":"https:\/\/www.mintzglobalscreening.com\/fr\/services\/services-de-localisation-des-pensions\/","title":{"rendered":"Services de localisation des pensions"},"content":{"rendered":"\r\n<p>La recherche de membres d&rsquo;un r\u00e9gime de pension disparus est simplifi\u00e9e.<\/p>\r\n<p>Pourquoi choisir V\u00e9rifications mondiales Mintz ?<\/p>\r\n<p><img loading=\"lazy\" decoding=\"async\" title=\"icon-fiche-credit\" src=\"https:\/\/www.mintzglobalscreening.com\/wp-content\/uploads\/2018\/12\/icon-fiche-credit.png\" alt=\"icon-fiche-credit\" width=\"60\" height=\"60\" \/> <strong>Solutions<\/strong><br \/><strong>flexibles<\/strong> Quelle que soit la taille de<br \/>votre entreprise ou ses exigences\u00a0particuli\u00e8res,<br \/>nous adaptons nos services<br \/>pour r\u00e9pondre\u00a0\u00e0\u00a0vos<br \/>besoins sp\u00e9cifiques. Votre<br \/>satisfaction est notre priorit\u00e9. <img loading=\"lazy\" decoding=\"async\" title=\"icon-verif-interna\" src=\"https:\/\/www.mintzglobalscreening.com\/wp-content\/uploads\/2018\/12\/icon-verif-interna.png\" alt=\"icon-verif-interna\" width=\"60\" height=\"60\" \/> <strong>Une port\u00e9e mondiale,<\/strong><br \/><strong>des solutions locales<br \/><\/strong> Avec une couverture<br \/>nord-am\u00e9ricaine extensive et<br \/>des capacit\u00e9s internationales,<br \/>nous transcendons les<br \/>fronti\u00e8res pour fournir des<br \/>solutions partout o\u00f9 vous op\u00e9rez. <img loading=\"lazy\" decoding=\"async\" title=\"icon-verifier-casier\" src=\"https:\/\/www.mintzglobalscreening.com\/wp-content\/uploads\/2018\/11\/icon-verifier-casier.png\" alt=\"icon-verifier-casier\" width=\"60\" height=\"60\" \/> <strong>L&rsquo;efficacit\u00e9 gr\u00e2ce \u00e0<\/strong><br \/><strong>la technologie<\/strong> Nous utilisons une automatisation<br \/>avanc\u00e9e et des services en<br \/>ligne s\u00e9curis\u00e9s, garantissant<br \/>des processus rationalis\u00e9s<br \/>et la confidentialit\u00e9. <img loading=\"lazy\" decoding=\"async\" title=\"embauche-travailleur-qualifie\" src=\"https:\/\/www.mintzglobalscreening.com\/wp-content\/uploads\/2018\/12\/embauche-travailleur-qualifie.png\" alt=\"embauche-travailleur-qualifie\" width=\"60\" height=\"60\" \/> <strong>Votre partenaire<\/strong><br \/><strong>pour le succ\u00e8s<\/strong> Notre r\u00e9seau de contacts<br \/>\u00e9tablis et nos approches personnalis\u00e9es<br \/>vous garantissent un soutien<br \/>complet, vous permettant<br \/>de vous concentrer sur<br \/>ce qui compte le plus. FAITES APPEL \u00c0 NOS SP\u00c9CIALISTES EN V\u00c9RIFICATION D&rsquo;ANT\u00c9C\u00c9DENTS <a role=\"button\" href=\"https:\/\/www.mintzglobalscreening.com\/fr\/contactez-nous\/\" target=\"_self\" rel=\"noopener\"> CONTACTEZ-NOUS <\/a><\/p>\r\n<h2>Renforcer la gestion des pensions de votre entreprise<\/h2>\r\n<p>Est-ce que votre entreprise est confront\u00e9e au d\u00e9fi de localiser des membres de r\u00e9gimes de retraite disparus ?<br \/>Ne cherchez pas plus loin que V\u00e9rifications mondiales Mintz, un fournisseur exp\u00e9riment\u00e9 de services de localisation des pensions depuis plus de 25 ans. Notre mission est simple : vous fournir les informations essentielles n\u00e9cessaires \u00e0 une gestion efficace des portefeuilles et au respect de la r\u00e9glementation.<\/p>\r\n<p>Nos proc\u00e9dures approfondies permettent de retrouver des donn\u00e9es essentielles telles que les adresses actuelles, les num\u00e9ros de t\u00e9l\u00e9phone, les changements de nom, les courriels et m\u00eame les coordonn\u00e9es du plus proche parent dans le cas de membres d\u00e9c\u00e9d\u00e9s.<\/p>\r\n<h2>Collaborer en toute confiance<\/h2>\r\n<p>Nous comprenons la complexit\u00e9 de la gestion des r\u00e9gimes de retraite. C&rsquo;est pourquoi nous proposons des structures de prix flexibles, y compris des prix de localisation contingents, des mises \u00e0 jour de bases de donn\u00e9es et des tarifs sp\u00e9ciaux pour les projets de plus grande envergure.<\/p>\r\n<h2>Vous d\u00e9sirez en savoir plus sur nos services de localisation des pensions ?<\/h2>\r\n<p>Si vous d\u00e9sirez en apprendre davantage sur nos services de localisation des pensions, n&rsquo;h\u00e9sitez pas \u00e0 <a href=\"https:\/\/www.mintzglobalscreening.com\/fr\/contactez-nous\/\">contacter notre \u00e9quipe<\/a> !<\/p>\r\n","protected":false},"excerpt":{"rendered":"<p>La recherche de membres d&rsquo;un r\u00e9gime de pension disparus est simplifi\u00e9e. Pourquoi choisir V\u00e9rifications mondiales Mintz ? Solutionsflexibles Quelle que soit la taille devotre entreprise ou ses exigences\u00a0particuli\u00e8res,nous adaptons nos servicespour r\u00e9pondre\u00a0\u00e0\u00a0vosbesoins sp\u00e9cifiques. Votresatisfaction est notre priorit\u00e9. Une port\u00e9e mondiale,des solutions locales Avec une couverturenord-am\u00e9ricaine extensive etdes capacit\u00e9s internationales,nous transcendons lesfronti\u00e8res pour fournir dessolutions partout o\u00f9 vous op\u00e9rez. L&rsquo;efficacit\u00e9 gr\u00e2ce \u00e0la technologie Nous utilisons une automatisationavanc\u00e9e et des services enligne&#8230;<\/p>\n","protected":false},"author":3,"featured_media":5082,"parent":1252,"menu_order":112,"comment_status":"closed","ping_status":"closed","template":"","meta":{"_acf_changed":false,"content-type":"","footnotes":""},"class_list":["post-5095","page","type-page","status-publish","has-post-thumbnail","hentry"],"acf":[],"yoast_head":"<!-- This site is optimized with the Yoast SEO plugin v25.0 - https:\/\/yoast.com\/wordpress\/plugins\/seo\/ -->\n<title>Services de localisation des pensions - Mintz Global Screening<\/title>\n<meta name=\"description\" content=\"Est-ce que votre entreprise est confront\u00e9e au d\u00e9fi de localiser des membres de r\u00e9gimes de retraite disparus ?\" \/>\n<meta name=\"robots\" content=\"index, follow, max-snippet:-1, max-image-preview:large, max-video-preview:-1\" \/>\n<link rel=\"canonical\" href=\"https:\/\/www.mintzglobalscreening.com\/fr\/services\/services-de-localisation-des-pensions\/\" \/>\n<meta property=\"og:locale\" content=\"fr_FR\" \/>\n<meta property=\"og:type\" content=\"article\" \/>\n<meta property=\"og:title\" content=\"Services de localisation des pensions - Mintz Global Screening\" \/>\n<meta property=\"og:description\" content=\"Est-ce que votre entreprise est confront\u00e9e au d\u00e9fi de localiser des membres de r\u00e9gimes de retraite disparus ?\" \/>\n<meta property=\"og:url\" content=\"https:\/\/www.mintzglobalscreening.com\/fr\/services\/services-de-localisation-des-pensions\/\" \/>\n<meta property=\"og:site_name\" content=\"Mintz Global Screening\" \/>\n<meta property=\"article:publisher\" content=\"https:\/\/www.facebook.com\/Mintzglobal\" \/>\n<meta property=\"article:modified_time\" content=\"2024-07-23T17:34:45+00:00\" \/>\n<meta property=\"og:image\" content=\"https:\/\/www.mintzglobalscreening.com\/wp-content\/uploads\/2024\/07\/2149214569-1024x681.jpg\" \/>\n\t<meta property=\"og:image:width\" content=\"1024\" \/>\n\t<meta property=\"og:image:height\" content=\"681\" \/>\n\t<meta property=\"og:image:type\" content=\"image\/jpeg\" \/>\n<meta name=\"twitter:card\" content=\"summary_large_image\" \/>\n<meta name=\"twitter:site\" content=\"@MintzGlobal\" \/>\n<meta name=\"twitter:label1\" content=\"Dur\u00e9e de lecture estim\u00e9e\" \/>\n\t<meta name=\"twitter:data1\" content=\"3 minutes\" \/>\n<script type=\"application\/ld+json\" class=\"yoast-schema-graph\">{\"@context\":\"https:\/\/schema.org\",\"@graph\":[{\"@type\":\"WebPage\",\"@id\":\"https:\/\/www.mintzglobalscreening.com\/fr\/services\/services-de-localisation-des-pensions\/\",\"url\":\"https:\/\/www.mintzglobalscreening.com\/fr\/services\/services-de-localisation-des-pensions\/\",\"name\":\"Services de localisation des pensions - Mintz Global Screening\",\"isPartOf\":{\"@id\":\"https:\/\/www.mintzglobalscreening.com\/fr\/#website\"},\"primaryImageOfPage\":{\"@id\":\"https:\/\/www.mintzglobalscreening.com\/fr\/services\/services-de-localisation-des-pensions\/#primaryimage\"},\"image\":{\"@id\":\"https:\/\/www.mintzglobalscreening.com\/fr\/services\/services-de-localisation-des-pensions\/#primaryimage\"},\"thumbnailUrl\":\"https:\/\/www.mintzglobalscreening.com\/wp-content\/uploads\/2024\/07\/2149214569.jpg\",\"datePublished\":\"2024-07-23T13:30:00+00:00\",\"dateModified\":\"2024-07-23T17:34:45+00:00\",\"description\":\"Est-ce que votre entreprise est confront\u00e9e au d\u00e9fi de localiser des membres de r\u00e9gimes de retraite disparus ?\",\"breadcrumb\":{\"@id\":\"https:\/\/www.mintzglobalscreening.com\/fr\/services\/services-de-localisation-des-pensions\/#breadcrumb\"},\"inLanguage\":\"fr-FR\",\"potentialAction\":[{\"@type\":\"ReadAction\",\"target\":[\"https:\/\/www.mintzglobalscreening.com\/fr\/services\/services-de-localisation-des-pensions\/\"]}]},{\"@type\":\"ImageObject\",\"inLanguage\":\"fr-FR\",\"@id\":\"https:\/\/www.mintzglobalscreening.com\/fr\/services\/services-de-localisation-des-pensions\/#primaryimage\",\"url\":\"https:\/\/www.mintzglobalscreening.com\/wp-content\/uploads\/2024\/07\/2149214569.jpg\",\"contentUrl\":\"https:\/\/www.mintzglobalscreening.com\/wp-content\/uploads\/2024\/07\/2149214569.jpg\",\"width\":2000,\"height\":1331},{\"@type\":\"BreadcrumbList\",\"@id\":\"https:\/\/www.mintzglobalscreening.com\/fr\/services\/services-de-localisation-des-pensions\/#breadcrumb\",\"itemListElement\":[{\"@type\":\"ListItem\",\"position\":1,\"name\":\"Home\",\"item\":\"https:\/\/www.mintzglobalscreening.com\/fr\/\"},{\"@type\":\"ListItem\",\"position\":2,\"name\":\"Services\",\"item\":\"https:\/\/www.mintzglobalscreening.com\/fr\/services\/\"},{\"@type\":\"ListItem\",\"position\":3,\"name\":\"Services de localisation des pensions\"}]},{\"@type\":\"WebSite\",\"@id\":\"https:\/\/www.mintzglobalscreening.com\/fr\/#website\",\"url\":\"https:\/\/www.mintzglobalscreening.com\/fr\/\",\"name\":\"Mintz Global Screening\",\"description\":\"Mintz Global Screening\",\"potentialAction\":[{\"@type\":\"SearchAction\",\"target\":{\"@type\":\"EntryPoint\",\"urlTemplate\":\"https:\/\/www.mintzglobalscreening.com\/fr\/?s={search_term_string}\"},\"query-input\":{\"@type\":\"PropertyValueSpecification\",\"valueRequired\":true,\"valueName\":\"search_term_string\"}}],\"inLanguage\":\"fr-FR\"}]}<\/script>\n<!-- \/ Yoast SEO plugin. -->","yoast_head_json":{"title":"Services de localisation des pensions - Mintz Global Screening","description":"Est-ce que votre entreprise est confront\u00e9e au d\u00e9fi de localiser des membres de r\u00e9gimes de retraite disparus ?","robots":{"index":"index","follow":"follow","max-snippet":"max-snippet:-1","max-image-preview":"max-image-preview:large","max-video-preview":"max-video-preview:-1"},"canonical":"https:\/\/www.mintzglobalscreening.com\/fr\/services\/services-de-localisation-des-pensions\/","og_locale":"fr_FR","og_type":"article","og_title":"Services de localisation des pensions - Mintz Global Screening","og_description":"Est-ce que votre entreprise est confront\u00e9e au d\u00e9fi de localiser des membres de r\u00e9gimes de retraite disparus ?","og_url":"https:\/\/www.mintzglobalscreening.com\/fr\/services\/services-de-localisation-des-pensions\/","og_site_name":"Mintz Global Screening","article_publisher":"https:\/\/www.facebook.com\/Mintzglobal","article_modified_time":"2024-07-23T17:34:45+00:00","og_image":[{"width":1024,"height":681,"url":"https:\/\/www.mintzglobalscreening.com\/wp-content\/uploads\/2024\/07\/2149214569-1024x681.jpg","type":"image\/jpeg"}],"twitter_card":"summary_large_image","twitter_site":"@MintzGlobal","twitter_misc":{"Dur\u00e9e de lecture estim\u00e9e":"3 minutes"},"schema":{"@context":"https:\/\/schema.org","@graph":[{"@type":"WebPage","@id":"https:\/\/www.mintzglobalscreening.com\/fr\/services\/services-de-localisation-des-pensions\/","url":"https:\/\/www.mintzglobalscreening.com\/fr\/services\/services-de-localisation-des-pensions\/","name":"Services de localisation des pensions - Mintz Global Screening","isPartOf":{"@id":"https:\/\/www.mintzglobalscreening.com\/fr\/#website"},"primaryImageOfPage":{"@id":"https:\/\/www.mintzglobalscreening.com\/fr\/services\/services-de-localisation-des-pensions\/#primaryimage"},"image":{"@id":"https:\/\/www.mintzglobalscreening.com\/fr\/services\/services-de-localisation-des-pensions\/#primaryimage"},"thumbnailUrl":"https:\/\/www.mintzglobalscreening.com\/wp-content\/uploads\/2024\/07\/2149214569.jpg","datePublished":"2024-07-23T13:30:00+00:00","dateModified":"2024-07-23T17:34:45+00:00","description":"Est-ce que votre entreprise est confront\u00e9e au d\u00e9fi de localiser des membres de r\u00e9gimes de retraite disparus ?","breadcrumb":{"@id":"https:\/\/www.mintzglobalscreening.com\/fr\/services\/services-de-localisation-des-pensions\/#breadcrumb"},"inLanguage":"fr-FR","potentialAction":[{"@type":"ReadAction","target":["https:\/\/www.mintzglobalscreening.com\/fr\/services\/services-de-localisation-des-pensions\/"]}]},{"@type":"ImageObject","inLanguage":"fr-FR","@id":"https:\/\/www.mintzglobalscreening.com\/fr\/services\/services-de-localisation-des-pensions\/#primaryimage","url":"https:\/\/www.mintzglobalscreening.com\/wp-content\/uploads\/2024\/07\/2149214569.jpg","contentUrl":"https:\/\/www.mintzglobalscreening.com\/wp-content\/uploads\/2024\/07\/2149214569.jpg","width":2000,"height":1331},{"@type":"BreadcrumbList","@id":"https:\/\/www.mintzglobalscreening.com\/fr\/services\/services-de-localisation-des-pensions\/#breadcrumb","itemListElement":[{"@type":"ListItem","position":1,"name":"Home","item":"https:\/\/www.mintzglobalscreening.com\/fr\/"},{"@type":"ListItem","position":2,"name":"Services","item":"https:\/\/www.mintzglobalscreening.com\/fr\/services\/"},{"@type":"ListItem","position":3,"name":"Services de localisation des pensions"}]},{"@type":"WebSite","@id":"https:\/\/www.mintzglobalscreening.com\/fr\/#website","url":"https:\/\/www.mintzglobalscreening.com\/fr\/","name":"Mintz Global Screening","description":"Mintz Global Screening","potentialAction":[{"@type":"SearchAction","target":{"@type":"EntryPoint","urlTemplate":"https:\/\/www.mintzglobalscreening.com\/fr\/?s={search_term_string}"},"query-input":{"@type":"PropertyValueSpecification","valueRequired":true,"valueName":"search_term_string"}}],"inLanguage":"fr-FR"}]}},"_links":{"self":[{"href":"https:\/\/www.mintzglobalscreening.com\/fr\/wp-json\/wp\/v2\/pages\/5095","targetHints":{"allow":["GET"]}}],"collection":[{"href":"https:\/\/www.mintzglobalscreening.com\/fr\/wp-json\/wp\/v2\/pages"}],"about":[{"href":"https:\/\/www.mintzglobalscreening.com\/fr\/wp-json\/wp\/v2\/types\/page"}],"author":[{"embeddable":true,"href":"https:\/\/www.mintzglobalscreening.com\/fr\/wp-json\/wp\/v2\/users\/3"}],"replies":[{"embeddable":true,"href":"https:\/\/www.mintzglobalscreening.com\/fr\/wp-json\/wp\/v2\/comments?post=5095"}],"version-history":[{"count":15,"href":"https:\/\/www.mintzglobalscreening.com\/fr\/wp-json\/wp\/v2\/pages\/5095\/revisions"}],"predecessor-version":[{"id":5117,"href":"https:\/\/www.mintzglobalscreening.com\/fr\/wp-json\/wp\/v2\/pages\/5095\/revisions\/5117"}],"up":[{"embeddable":true,"href":"https:\/\/www.mintzglobalscreening.com\/fr\/wp-json\/wp\/v2\/pages\/1252"}],"wp:featuredmedia":[{"embeddable":true,"href":"https:\/\/www.mintzglobalscreening.com\/fr\/wp-json\/wp\/v2\/media\/5082"}],"wp:attachment":[{"href":"https:\/\/www.mintzglobalscreening.com\/fr\/wp-json\/wp\/v2\/media?parent=5095"}],"curies":[{"name":"wp","href":"https:\/\/api.w.org\/{rel}","templated":true}]}}