{"id":817,"date":"2016-03-23T15:38:55","date_gmt":"2016-03-23T15:38:55","guid":{"rendered":"https:\/\/www.mintzglobalscreening.com\/stage\/fr\/?page_id=817"},"modified":"2025-07-21T15:28:32","modified_gmt":"2025-07-21T19:28:32","slug":"politique-de-confidentialite","status":"publish","type":"page","link":"https:\/\/www.mintzglobalscreening.com\/fr\/mention-legale\/politique-de-confidentialite\/","title":{"rendered":"POLITIQUE DE CONFIDENTIALIT\u00c9"},"content":{"rendered":"\n\n\t<h1>Politique de V\u00e9rifications mondiales Mintz et ses filiales sur la vie priv\u00e9e<\/h1>\n\n<p>&nbsp;<\/p>\n<p>&nbsp;<\/p>\n<h3>Objectif<\/h3>\n<p>&nbsp;<\/p>\n<p>La confidentialit\u00e9 et la protection des informations personnelles sont des aspects qui sont extr\u00eamement importants pour V\u00e9rifications mondiales Mintz (MINTZ). \u00c9tant donn\u00e9 que nous offrons des services d&rsquo;information, notre principale pr\u00e9occupation est la collecte, le stockage et l&rsquo;utilisation d&rsquo;informations personnelles concernant nos clients et les personnes dont nous rendons compte dans le cadre de nos activit\u00e9s. De plus, nous sommes pr\u00e9occup\u00e9s par les informations personnelles que nous obtenons sur nos employ\u00e9s et nos prestataires de services.<\/p>\n<p>Par cons\u00e9quent, nous avons \u00e9tabli une politique de confidentialit\u00e9 afin de r\u00e9gir les actions des employ\u00e9s de MINTZ en ce qui concerne la collecte, l&rsquo;utilisation, la conservation et la divulgation des informations personnelles. \u00a0Tous les employ\u00e9s doivent respecter notre engagement en mati\u00e8re de protection de la vie priv\u00e9e dans tous les aspects du traitement des informations personnelles. Notre engagement est d\u00e9finitif. Nous voulons offrir des produits et des services de haute qualit\u00e9 pour soutenir et accentuer la confiance de nos clients et de nos employ\u00e9s. Nous adh\u00e9rons aux principes suivants dans le traitement des informations personnelles :<\/p>\n<ul>\n<li>Assurer l&rsquo;impartialit\u00e9 de l&rsquo;utilisation des informations personnelles ;<\/li>\n<li>Minimiser les risques d&rsquo;interf\u00e9rences ;<\/li>\n<li>Prot\u00e9ger la confidentialit\u00e9 des informations personnelles obtenues ;<\/li>\n<li>Ne transmettre l&rsquo;information qu&rsquo;\u00e0 ceux qui ont le droit \u00e0 l&rsquo;acc\u00e8s ou lorsque requis par la loi ;<\/li>\n<li>Se conformer avec les lois applicables des pays dans lesquels nous avons des activit\u00e9s.<\/li>\n<\/ul>\n<p>&nbsp;<\/p>\n<h3>Couverture<\/h3>\n<p>&nbsp;<\/p>\n<p>Cette politique de confidentialit\u00e9 s&rsquo;applique \u00e0 toutes les donn\u00e9es de MINTZ. Plus pr\u00e9cis\u00e9ment, elle inclut :<\/p>\n<ul>\n<li>TOUTE la Propri\u00e9t\u00e9 Intellectuelle (PI), qu&rsquo;elle soit d\u00e9tenue par MINTZ ou fournie par un tiers parti.<\/li>\n<li>TOUTE l&rsquo;Information relative aux employ\u00e9s, clients ou autre tiers parti.<\/li>\n<li>TOUTE l&rsquo;information Finnanci\u00e8re de MINTZ, ses employ\u00e9s, clients ou autre tiers parti.<\/li>\n<li>TOUTE donn\u00e9e ou information non publiques \u00e9tant la propri\u00e9t\u00e9 de MINTZ.<\/li>\n<\/ul>\n<p>&nbsp;<\/p>\n<h3>Collecte, usage et divulgation des renseignements<\/h3>\n<p>&nbsp;<\/p>\n<p>MINTZ adh\u00e8re au mod\u00e8le de l&rsquo;Association canadienne de normalisation pour la protection de la vie priv\u00e9e.<\/p>\n<p><strong>Responsabilit\u00e9<\/strong> &#8211; MINTZ est responsable des informations personnelles sous son contr\u00f4le et a d\u00e9sign\u00e9 notre directeur ex\u00e9cutif, <strong>Daniel Fallows<\/strong>, comme notre principal <strong>responsable de la protection des donn\u00e9es<\/strong>, qui peut \u00eatre joint au 1-877-359-8130, poste 3770. Nous avons \u00e9galement d\u00e9sign\u00e9 deux responsables de la protection de la vie priv\u00e9e dans chacun de nos principaux centres de donn\u00e9es : <strong>Christopher McOuat (anglais)<\/strong> &#8211; 1-877-359-8130 poste 3772 et <strong>Sabrina Porfilio (fran\u00e7ais)<\/strong> &#8211; 1-877-359-8130 poste 2388. Les deux responsables de la protection de la vie priv\u00e9e sont charg\u00e9s de veiller \u00e0 ce que l&rsquo;organisation respecte les principes suivants. Tous les employ\u00e9s de MINTZ sont collectivement et individuellement responsables des donn\u00e9es que nous d\u00e9tenons. Nous appliquons des politiques strictes, nous nous assurons que chaque employ\u00e9 re\u00e7oive une formation appropri\u00e9e avec des rappels annuels, et nous sommes engag\u00e9s \u00e0 am\u00e9liorer nos syst\u00e8mes et notre conservation afin d&rsquo;entretenir un r\u00e9seau s\u00e9curis\u00e9.<\/p>\n<p><strong>Identification des buts <\/strong>&#8211; Nous ne r\u00e9coltons l&rsquo;information que dans le but pour lequel elle a \u00e9t\u00e9 demand\u00e9e. Aucune information n&rsquo;est consign\u00e9e si le but n&rsquo;est pas clairement annonc\u00e9, si l&rsquo;individu n&rsquo;est pas au courant que nous allons obtenir l&rsquo;information et si les donn\u00e9es ne sont pas \u00e0 jour et exactes.<\/p>\n<p><strong>Consentement <\/strong>&#8211; MINTZ obtient le consentement de l&rsquo;individu comme requis pour la collecte, l&rsquo;utilisation ou la divulgation de renseignements personnels ; le consentement sera clair, compr\u00e9hensible et divulguera la raison de la collecte de donn\u00e9es.<\/p>\n<p><strong>Limitation de la collecte d&rsquo;information <\/strong>&#8211; La collecte d&rsquo;informations personnelles doit \u00eatre limit\u00e9e \u00e0 ce qui est n\u00e9cessaire aux fins identifi\u00e9es par l&rsquo;organisation. Les informations doivent \u00eatre collect\u00e9es par des moyens justes et l\u00e9gaux.<\/p>\n<p><strong>Usage restreint, divulgation et r\u00e9tention <\/strong>&#8211; Les renseignements personnels ne doivent pas \u00eatre utilis\u00e9s ou divulgu\u00e9s pour des buts autres que ceux pour lesquels ils ont \u00e9t\u00e9 recueillis, sauf avec le consentement de l&rsquo;individu ou lorsque la loi l&rsquo;exige. Les renseignements personnels ne sont conserv\u00e9s que pour la dur\u00e9e requise pour l&rsquo;atteinte des buts d\u00e9finis, ce qui comprend la documentation pour des fins d&rsquo;audit et divulgation de consommateur lorsque la loi l&rsquo;exige. Notre politique de conservation des donn\u00e9es est de 7 ans.<\/p>\n<p><strong>Exactitude <\/strong>&#8211; Les renseignements personnels doivent \u00eatre aussi exacts, exhaustifs et actuels que requis pour satisfaire les buts pour lesquels ils ont \u00e9t\u00e9 recueillis (en gardant en consid\u00e9ration que ces renseignements sont obtenus de sources humaines donc de nature faillible); tout d\u00e9faut ou insuffisance de l&rsquo;information devrait faire l&rsquo;objet d&rsquo;une enqu\u00eate et \u00eatre corrig\u00e9.<\/p>\n<p><strong>Mesure de s\u00e9curit\u00e9 <\/strong>&#8211; Les renseignements personnels doivent \u00eatre prot\u00e9g\u00e9s par des mesures de s\u00e9curit\u00e9 appropri\u00e9es au niveau de sensibilit\u00e9 de l&rsquo;information ; nous devons \u00e0 tout moment maintenir un environnement s\u00e9curis\u00e9, tester et mettre \u00e0 jour la s\u00e9curit\u00e9 de notre r\u00e9seau de fa\u00e7on r\u00e9guli\u00e8re et maintenir des politiques de protections des donn\u00e9es strictes au sein d&rsquo;une culture d&rsquo;entreprise seine. Les donn\u00e9es seront stock\u00e9es <u>seulement<\/u> au Canada, plus pr\u00e9cis\u00e9ment au sein du centre de donn\u00e9es de V\u00e9rifications mondiales Mintz situ\u00e9 \u00e0 Montr\u00e9al, Qu\u00e9bec.<\/p>\n<p><strong>Ouverture <\/strong>&#8211; Mintz doit mettre \u00e0 la disposition des individus des informations sp\u00e9cifiques sur ses politiques et pratiques relatives \u00e0 la gestion des informations personnelles ; nos responsables de la protection de la vie priv\u00e9e peuvent \u00eatre contact\u00e9s comme suit :\u00a0 <strong>Christopher McOuat, (anglais)<\/strong> &#8211; 1-877-359-8130 poste 3772 et <strong>Sabrina Porfilio (fran\u00e7ais)<\/strong> &#8211; 1-877-359-8130 poste 2388.<\/p>\n<p><strong>Accessibilit\u00e9 individuelle <\/strong>&#8211; Acc\u00e8s individuel &#8211; Sur demande, une personne doit \u00eatre inform\u00e9e de l&rsquo;existence, de l&rsquo;utilisation et de la divulgation de ses informations personnelles, et doit avoir acc\u00e8s \u00e0 ces informations sans frais suppl\u00e9mentaires. Une personne doit pouvoir contester l&rsquo;exactitude et l&rsquo;exhaustivit\u00e9 des informations et les faire modifier le cas \u00e9ch\u00e9ant. Si vous souhaitez acc\u00e9der aux r\u00e9sultats obtenus lors de votre v\u00e9rification, vous devez faire votre demande par \u00e9crit et y inclure une signature ou le num\u00e9ro de confirmation unique fourni par MINTZ afin que nous puissions authentifier la demande originale. La demande \u00e9crite sign\u00e9e doit \u00eatre aussi d\u00e9taill\u00e9e que possible afin que nous puissions trouver les dossiers corrects. \u00a0Toutes les informations fournies au cours de la proc\u00e9dure de divulgation seront envoy\u00e9es par courrier \u00e0 l&rsquo;adresse figurant dans le dossier.\u00a0 Si vous avez chang\u00e9 d&rsquo;adresse depuis la fin de la v\u00e9rification de vos ant\u00e9c\u00e9dents, veuillez nous communiquer votre nouvelle adresse et confirmer l&rsquo;adresse pr\u00e9c\u00e9dente que nous avons dans nos dossiers.<\/p>\n<p>Vous pouvez envoyer la demande par le biais d&rsquo;une pi\u00e8ce jointe \u00e0 un courriel, par t\u00e9l\u00e9copie ou par Postes Canada.\u00a0\u00a0 Veuillez l&rsquo;envoyer \u00e0 l&rsquo;attention du responsable de la protection de la vie priv\u00e9e \u00e0 l&rsquo;adresse compliance@mintzglobal.com (courriel) ou \u00e0 l&rsquo;adresse suivante (courrier) :<\/p>\n<p>&nbsp;<\/p>\n<p><strong>Responsable de la protection de la vie priv\u00e9e <\/strong><\/p>\n<p><strong>V\u00e9rifications mondiales Mintz<\/strong><\/p>\n<p>700, boulevard Ren\u00e9-L\u00e9vesque Ouest<\/p>\n<p>Bureau 201<\/p>\n<p>Montr\u00e9al, QC, H3B 1X8<\/p>\n<p>&nbsp;<\/p>\n<p><strong>Droits relatifs \u00e0 la protection de la vie priv\u00e9e<\/strong> &#8211; Outre les droits \u00e9nonc\u00e9s dans la pr\u00e9sente politique, V\u00e9rifications mondiales Mintz reconna\u00eet qu&rsquo;en fonction du lieu o\u00f9 se trouvent les personnes concern\u00e9es, vous pourriez b\u00e9n\u00e9ficier de certains droits fond\u00e9s sur l&rsquo;autorit\u00e9 l\u00e9gislative :<\/p>\n<p>&nbsp;<\/p>\n<ul>\n<li><strong>Droit de contestation\/rectification<\/strong> &#8211; vous avez le droit de contester l&rsquo;exactitude des informations que nous recueillons ou des r\u00e9sultats que nous avons fournis \u00e0 un client.<\/li>\n<li><strong>Droit \u00e0 l&rsquo;oubli \/ \u00e0 l&rsquo;effacement<\/strong> &#8211; Sous r\u00e9serve des contraintes l\u00e9gales, vous avez le droit de faire supprimer vos informations de nos syst\u00e8mes et de les effacer.<\/li>\n<li><strong>Droit de retirer son consentement<\/strong> &#8211; vous avez le droit de retirer votre consentement \u00e0 tout moment et V\u00e9rifications mondiales Mintz cessera tout traitement.<\/li>\n<li><strong>Droit de restreindre le traitement<\/strong> &#8211; Sous r\u00e9serve des contraintes l\u00e9gales, vous avez le droit de restreindre le traitement de vos informations \u00e0 tout moment.<\/li>\n<li><strong>Droit \u00e0 la portabilit\u00e9 des donn\u00e9es<\/strong> &#8211; vous pourriez avoir le droit de demander une copie des informations que nous d\u00e9tenons sur vous dans nos syst\u00e8mes et de les recevoir dans un format \u00e9lectronique portable.<\/li>\n<\/ul>\n<p><strong>\u00a0<\/strong><\/p>\n<p><strong>Contestation de la conformit\u00e9<\/strong> &#8211; Un individu doit \u00eatre en mesure d&rsquo;adresser une contestation concernant la conformit\u00e9 avec les principes ci-dessus \u00e0 notre responsable de la protection de la vie priv\u00e9e au <strong>1- 877 &#8211; 359 &#8211; 8130, poste 3772 (anglais)<\/strong> ou <strong>poste 2388 (fran\u00e7ais)<\/strong>, ou par courriel \u00e0 compliance@mintzglobal.com.<\/p>\n<p>&nbsp;<\/p>\n\n","protected":false},"excerpt":{"rendered":"<p>Politique de V\u00e9rifications mondiales Mintz et ses filiales sur la vie priv\u00e9e &nbsp; &nbsp; Objectif &nbsp; La confidentialit\u00e9 et la protection des informations personnelles sont des aspects qui sont extr\u00eamement importants pour V\u00e9rifications mondiales Mintz (MINTZ). \u00c9tant donn\u00e9 que nous offrons des services d&rsquo;information, notre principale pr\u00e9occupation est la collecte, le stockage et l&rsquo;utilisation d&rsquo;informations personnelles concernant nos clients et les personnes dont nous rendons compte dans le cadre de&#8230;<\/p>\n","protected":false},"author":2,"featured_media":752,"parent":831,"menu_order":83,"comment_status":"closed","ping_status":"closed","template":"","meta":{"_acf_changed":false,"content-type":"","footnotes":""},"class_list":["post-817","page","type-page","status-publish","has-post-thumbnail","hentry"],"acf":[],"yoast_head":"<!-- This site is optimized with the Yoast SEO plugin v25.0 - https:\/\/yoast.com\/wordpress\/plugins\/seo\/ -->\n<title>V\u00e9rification d&#039;ant\u00e9c\u00e9dents | Politique de confidentialit\u00e9 | V\u00e9rifications mondiales Mintz<\/title>\n<meta name=\"description\" content=\"Depuis 90 ans, V\u00e9rifications mondiales Mintz est un chef de file en v\u00e9rification d&#039;ant\u00e9c\u00e9dents. D\u00e9couvrez notre politique de confidentialit\u00e9 !\" \/>\n<meta name=\"robots\" content=\"index, follow, max-snippet:-1, max-image-preview:large, max-video-preview:-1\" \/>\n<link rel=\"canonical\" href=\"https:\/\/www.mintzglobalscreening.com\/fr\/mention-legale\/politique-de-confidentialite\/\" \/>\n<meta property=\"og:locale\" content=\"fr_FR\" \/>\n<meta property=\"og:type\" content=\"article\" \/>\n<meta property=\"og:title\" content=\"V\u00e9rification d&#039;ant\u00e9c\u00e9dents | Politique de confidentialit\u00e9 | V\u00e9rifications mondiales Mintz\" \/>\n<meta property=\"og:description\" content=\"Depuis 90 ans, V\u00e9rifications mondiales Mintz est un chef de file en v\u00e9rification d&#039;ant\u00e9c\u00e9dents. D\u00e9couvrez notre politique de confidentialit\u00e9 !\" \/>\n<meta property=\"og:url\" content=\"https:\/\/www.mintzglobalscreening.com\/fr\/mention-legale\/politique-de-confidentialite\/\" \/>\n<meta property=\"og:site_name\" content=\"Mintz Global Screening\" \/>\n<meta property=\"article:publisher\" content=\"https:\/\/www.facebook.com\/Mintzglobal\" \/>\n<meta property=\"article:modified_time\" content=\"2025-07-21T19:28:32+00:00\" \/>\n<meta property=\"og:image\" content=\"https:\/\/www.mintzglobalscreening.com\/wp-content\/uploads\/2016\/03\/img_header_00_home.jpg\" \/>\n\t<meta property=\"og:image:width\" content=\"2000\" \/>\n\t<meta property=\"og:image:height\" content=\"500\" \/>\n\t<meta property=\"og:image:type\" content=\"image\/jpeg\" \/>\n<meta name=\"twitter:card\" content=\"summary_large_image\" \/>\n<meta name=\"twitter:site\" content=\"@MintzGlobal\" \/>\n<meta name=\"twitter:label1\" content=\"Dur\u00e9e de lecture estim\u00e9e\" \/>\n\t<meta name=\"twitter:data1\" content=\"7 minutes\" \/>\n<script type=\"application\/ld+json\" class=\"yoast-schema-graph\">{\"@context\":\"https:\/\/schema.org\",\"@graph\":[{\"@type\":\"WebPage\",\"@id\":\"https:\/\/www.mintzglobalscreening.com\/fr\/mention-legale\/politique-de-confidentialite\/\",\"url\":\"https:\/\/www.mintzglobalscreening.com\/fr\/mention-legale\/politique-de-confidentialite\/\",\"name\":\"V\u00e9rification d'ant\u00e9c\u00e9dents | Politique de confidentialit\u00e9 | V\u00e9rifications mondiales Mintz\",\"isPartOf\":{\"@id\":\"https:\/\/www.mintzglobalscreening.com\/fr\/#website\"},\"primaryImageOfPage\":{\"@id\":\"https:\/\/www.mintzglobalscreening.com\/fr\/mention-legale\/politique-de-confidentialite\/#primaryimage\"},\"image\":{\"@id\":\"https:\/\/www.mintzglobalscreening.com\/fr\/mention-legale\/politique-de-confidentialite\/#primaryimage\"},\"thumbnailUrl\":\"https:\/\/www.mintzglobalscreening.com\/wp-content\/uploads\/2016\/03\/img_header_00_home.jpg\",\"datePublished\":\"2016-03-23T15:38:55+00:00\",\"dateModified\":\"2025-07-21T19:28:32+00:00\",\"description\":\"Depuis 90 ans, V\u00e9rifications mondiales Mintz est un chef de file en v\u00e9rification d'ant\u00e9c\u00e9dents. D\u00e9couvrez notre politique de confidentialit\u00e9 !\",\"breadcrumb\":{\"@id\":\"https:\/\/www.mintzglobalscreening.com\/fr\/mention-legale\/politique-de-confidentialite\/#breadcrumb\"},\"inLanguage\":\"fr-FR\",\"potentialAction\":[{\"@type\":\"ReadAction\",\"target\":[\"https:\/\/www.mintzglobalscreening.com\/fr\/mention-legale\/politique-de-confidentialite\/\"]}]},{\"@type\":\"ImageObject\",\"inLanguage\":\"fr-FR\",\"@id\":\"https:\/\/www.mintzglobalscreening.com\/fr\/mention-legale\/politique-de-confidentialite\/#primaryimage\",\"url\":\"https:\/\/www.mintzglobalscreening.com\/wp-content\/uploads\/2016\/03\/img_header_00_home.jpg\",\"contentUrl\":\"https:\/\/www.mintzglobalscreening.com\/wp-content\/uploads\/2016\/03\/img_header_00_home.jpg\",\"width\":2000,\"height\":500},{\"@type\":\"BreadcrumbList\",\"@id\":\"https:\/\/www.mintzglobalscreening.com\/fr\/mention-legale\/politique-de-confidentialite\/#breadcrumb\",\"itemListElement\":[{\"@type\":\"ListItem\",\"position\":1,\"name\":\"Home\",\"item\":\"https:\/\/www.mintzglobalscreening.com\/fr\/\"},{\"@type\":\"ListItem\",\"position\":2,\"name\":\"Mention l\u00e9gale\",\"item\":\"https:\/\/www.mintzglobalscreening.com\/fr\/mention-legale\/\"},{\"@type\":\"ListItem\",\"position\":3,\"name\":\"POLITIQUE DE CONFIDENTIALIT\u00c9\"}]},{\"@type\":\"WebSite\",\"@id\":\"https:\/\/www.mintzglobalscreening.com\/fr\/#website\",\"url\":\"https:\/\/www.mintzglobalscreening.com\/fr\/\",\"name\":\"Mintz Global Screening\",\"description\":\"Mintz Global Screening\",\"potentialAction\":[{\"@type\":\"SearchAction\",\"target\":{\"@type\":\"EntryPoint\",\"urlTemplate\":\"https:\/\/www.mintzglobalscreening.com\/fr\/?s={search_term_string}\"},\"query-input\":{\"@type\":\"PropertyValueSpecification\",\"valueRequired\":true,\"valueName\":\"search_term_string\"}}],\"inLanguage\":\"fr-FR\"}]}<\/script>\n<!-- \/ Yoast SEO plugin. -->","yoast_head_json":{"title":"V\u00e9rification d'ant\u00e9c\u00e9dents | Politique de confidentialit\u00e9 | V\u00e9rifications mondiales Mintz","description":"Depuis 90 ans, V\u00e9rifications mondiales Mintz est un chef de file en v\u00e9rification d'ant\u00e9c\u00e9dents. D\u00e9couvrez notre politique de confidentialit\u00e9 !","robots":{"index":"index","follow":"follow","max-snippet":"max-snippet:-1","max-image-preview":"max-image-preview:large","max-video-preview":"max-video-preview:-1"},"canonical":"https:\/\/www.mintzglobalscreening.com\/fr\/mention-legale\/politique-de-confidentialite\/","og_locale":"fr_FR","og_type":"article","og_title":"V\u00e9rification d'ant\u00e9c\u00e9dents | Politique de confidentialit\u00e9 | V\u00e9rifications mondiales Mintz","og_description":"Depuis 90 ans, V\u00e9rifications mondiales Mintz est un chef de file en v\u00e9rification d'ant\u00e9c\u00e9dents. D\u00e9couvrez notre politique de confidentialit\u00e9 !","og_url":"https:\/\/www.mintzglobalscreening.com\/fr\/mention-legale\/politique-de-confidentialite\/","og_site_name":"Mintz Global Screening","article_publisher":"https:\/\/www.facebook.com\/Mintzglobal","article_modified_time":"2025-07-21T19:28:32+00:00","og_image":[{"width":2000,"height":500,"url":"https:\/\/www.mintzglobalscreening.com\/wp-content\/uploads\/2016\/03\/img_header_00_home.jpg","type":"image\/jpeg"}],"twitter_card":"summary_large_image","twitter_site":"@MintzGlobal","twitter_misc":{"Dur\u00e9e de lecture estim\u00e9e":"7 minutes"},"schema":{"@context":"https:\/\/schema.org","@graph":[{"@type":"WebPage","@id":"https:\/\/www.mintzglobalscreening.com\/fr\/mention-legale\/politique-de-confidentialite\/","url":"https:\/\/www.mintzglobalscreening.com\/fr\/mention-legale\/politique-de-confidentialite\/","name":"V\u00e9rification d'ant\u00e9c\u00e9dents | Politique de confidentialit\u00e9 | V\u00e9rifications mondiales Mintz","isPartOf":{"@id":"https:\/\/www.mintzglobalscreening.com\/fr\/#website"},"primaryImageOfPage":{"@id":"https:\/\/www.mintzglobalscreening.com\/fr\/mention-legale\/politique-de-confidentialite\/#primaryimage"},"image":{"@id":"https:\/\/www.mintzglobalscreening.com\/fr\/mention-legale\/politique-de-confidentialite\/#primaryimage"},"thumbnailUrl":"https:\/\/www.mintzglobalscreening.com\/wp-content\/uploads\/2016\/03\/img_header_00_home.jpg","datePublished":"2016-03-23T15:38:55+00:00","dateModified":"2025-07-21T19:28:32+00:00","description":"Depuis 90 ans, V\u00e9rifications mondiales Mintz est un chef de file en v\u00e9rification d'ant\u00e9c\u00e9dents. D\u00e9couvrez notre politique de confidentialit\u00e9 !","breadcrumb":{"@id":"https:\/\/www.mintzglobalscreening.com\/fr\/mention-legale\/politique-de-confidentialite\/#breadcrumb"},"inLanguage":"fr-FR","potentialAction":[{"@type":"ReadAction","target":["https:\/\/www.mintzglobalscreening.com\/fr\/mention-legale\/politique-de-confidentialite\/"]}]},{"@type":"ImageObject","inLanguage":"fr-FR","@id":"https:\/\/www.mintzglobalscreening.com\/fr\/mention-legale\/politique-de-confidentialite\/#primaryimage","url":"https:\/\/www.mintzglobalscreening.com\/wp-content\/uploads\/2016\/03\/img_header_00_home.jpg","contentUrl":"https:\/\/www.mintzglobalscreening.com\/wp-content\/uploads\/2016\/03\/img_header_00_home.jpg","width":2000,"height":500},{"@type":"BreadcrumbList","@id":"https:\/\/www.mintzglobalscreening.com\/fr\/mention-legale\/politique-de-confidentialite\/#breadcrumb","itemListElement":[{"@type":"ListItem","position":1,"name":"Home","item":"https:\/\/www.mintzglobalscreening.com\/fr\/"},{"@type":"ListItem","position":2,"name":"Mention l\u00e9gale","item":"https:\/\/www.mintzglobalscreening.com\/fr\/mention-legale\/"},{"@type":"ListItem","position":3,"name":"POLITIQUE DE CONFIDENTIALIT\u00c9"}]},{"@type":"WebSite","@id":"https:\/\/www.mintzglobalscreening.com\/fr\/#website","url":"https:\/\/www.mintzglobalscreening.com\/fr\/","name":"Mintz Global Screening","description":"Mintz Global Screening","potentialAction":[{"@type":"SearchAction","target":{"@type":"EntryPoint","urlTemplate":"https:\/\/www.mintzglobalscreening.com\/fr\/?s={search_term_string}"},"query-input":{"@type":"PropertyValueSpecification","valueRequired":true,"valueName":"search_term_string"}}],"inLanguage":"fr-FR"}]}},"_links":{"self":[{"href":"https:\/\/www.mintzglobalscreening.com\/fr\/wp-json\/wp\/v2\/pages\/817","targetHints":{"allow":["GET"]}}],"collection":[{"href":"https:\/\/www.mintzglobalscreening.com\/fr\/wp-json\/wp\/v2\/pages"}],"about":[{"href":"https:\/\/www.mintzglobalscreening.com\/fr\/wp-json\/wp\/v2\/types\/page"}],"author":[{"embeddable":true,"href":"https:\/\/www.mintzglobalscreening.com\/fr\/wp-json\/wp\/v2\/users\/2"}],"replies":[{"embeddable":true,"href":"https:\/\/www.mintzglobalscreening.com\/fr\/wp-json\/wp\/v2\/comments?post=817"}],"version-history":[{"count":20,"href":"https:\/\/www.mintzglobalscreening.com\/fr\/wp-json\/wp\/v2\/pages\/817\/revisions"}],"predecessor-version":[{"id":5255,"href":"https:\/\/www.mintzglobalscreening.com\/fr\/wp-json\/wp\/v2\/pages\/817\/revisions\/5255"}],"up":[{"embeddable":true,"href":"https:\/\/www.mintzglobalscreening.com\/fr\/wp-json\/wp\/v2\/pages\/831"}],"wp:featuredmedia":[{"embeddable":true,"href":"https:\/\/www.mintzglobalscreening.com\/fr\/wp-json\/wp\/v2\/media\/752"}],"wp:attachment":[{"href":"https:\/\/www.mintzglobalscreening.com\/fr\/wp-json\/wp\/v2\/media?parent=817"}],"curies":[{"name":"wp","href":"https:\/\/api.w.org\/{rel}","templated":true}]}}